{"id":1071,"date":"2024-07-04T12:04:52","date_gmt":"2024-07-04T10:04:52","guid":{"rendered":"https:\/\/99cubes.de\/?page_id=1071"},"modified":"2024-07-11T17:48:04","modified_gmt":"2024-07-11T15:48:04","slug":"contact-confirmation","status":"publish","type":"page","link":"https:\/\/99cubes.de\/en\/contact-confirmation\/","title":{"rendered":"Thank you"},"content":{"rendered":"<div style=\"height:50px\" aria-hidden=\"true\" class=\"wp-block-spacer\"><\/div>\n\n\n\n<h2 class=\"wp-block-heading has-text-align-center\">Thank you very much for contacting us!<\/h2>\n\n\n\n<p class=\"has-text-align-center\">You'll hear from us! We'll hurry, we promise!<\/p>\n\n\n\n<div style=\"height:50px\" aria-hidden=\"true\" class=\"wp-block-spacer\"><\/div>\n\n\n\n<p class=\"has-text-align-center\">The following articles may be of interest to you:<\/p>\n\n\n\n\t\t\t<div class=\"wp-block-uagb-post-grid uagb-post-grid  uagb-post__image-position-top uagb-post__image-enabled uagb-block-4ef81c8e     uagb-post__items uagb-post__columns-3 is-grid uagb-post__columns-tablet-2 uagb-post__columns-mobile-1 uagb-post__equal-height\" data-total=\"7\" style=\"\">\n\n\t\t\t\t\t\t\t\t\t\t\t\t<article class=\"uagb-post__inner-wrap\">\t\t\t\t\t\t\t\t<div class='uagb-post__image'>\n\t\t\t\t\t\t\t\t\t<a href=\"https:\/\/99cubes.de\/en\/anzahl-personen\/\" target=\"_self\" rel=\"bookmark noopener noreferrer\" class='uagb-image-ratio-inherit'><img loading=\"lazy\" decoding=\"async\" width=\"1024\" height=\"576\" src=\"https:\/\/99cubes.de\/wp-content\/uploads\/2024\/07\/Auswahlkriterium-Anzahl-Personen-quer.jpg\" class=\"attachment-large size-large\" alt=\"\" srcset=\"https:\/\/99cubes.de\/wp-content\/uploads\/2024\/07\/Auswahlkriterium-Anzahl-Personen-quer.jpg 1024w, https:\/\/99cubes.de\/wp-content\/uploads\/2024\/07\/Auswahlkriterium-Anzahl-Personen-quer-450x253.jpg 450w, https:\/\/99cubes.de\/wp-content\/uploads\/2024\/07\/Auswahlkriterium-Anzahl-Personen-quer-768x432.jpg 768w, https:\/\/99cubes.de\/wp-content\/uploads\/2024\/07\/Auswahlkriterium-Anzahl-Personen-quer-920x518.jpg 920w, https:\/\/99cubes.de\/wp-content\/uploads\/2024\/07\/Auswahlkriterium-Anzahl-Personen-quer-575x323.jpg 575w, https:\/\/99cubes.de\/wp-content\/uploads\/2024\/07\/Auswahlkriterium-Anzahl-Personen-quer-380x214.jpg 380w, https:\/\/99cubes.de\/wp-content\/uploads\/2024\/07\/Auswahlkriterium-Anzahl-Personen-quer-800x450.jpg 800w\" sizes=\"auto, (max-width: 1024px) 100vw, 1024px\" \/>\t\t\t\t\t<\/a>\n\t\t\t\t\t\t\t<\/div>\n\t\t\t\t\t\t<h4 class=\"uagb-post__title uagb-post__text\">\n\t\t\t\t<a href=\"https:\/\/99cubes.de\/en\/anzahl-personen\/\" target=\"_self\" rel=\"bookmark noopener noreferrer\">Number of persons<\/a>\n\t\t\t<\/h4>\n\t\t\t\t\t\t<div class='uagb-post__text uagb-post-grid-byline'>\n\t\t\t\t\t\t\t<\/div>\n\t\t\t\t\t\t<div class=\"uagb-post__text uagb-post__cta wp-block-button\">\n\t\t\t\t<a class=\"wp-block-button__link uagb-text-link\" style=\"\" href=\"https:\/\/99cubes.de\/en\/anzahl-personen\/\" target=\"_self\" rel=\"bookmark noopener noreferrer\">Read more<\/a>\n\t\t\t<\/div>\n\t\t\t\n\t\t\t\t\t\t\t\t\t<\/article>\n\t\t\t\t\t\t\t\t\t\t\t\t\t\t\t\t<article class=\"uagb-post__inner-wrap\">\t\t\t\t\t\t\t\t<div class='uagb-post__image'>\n\t\t\t\t\t\t\t\t\t<a href=\"https:\/\/99cubes.de\/en\/schalldaemmung\/\" target=\"_self\" rel=\"bookmark noopener noreferrer\" class='uagb-image-ratio-inherit'><img loading=\"lazy\" decoding=\"async\" width=\"1024\" height=\"576\" src=\"https:\/\/99cubes.de\/wp-content\/uploads\/2024\/07\/Auswahlkriterium-Schalldaemmung-quer.jpg\" class=\"attachment-large size-large\" alt=\"\" srcset=\"https:\/\/99cubes.de\/wp-content\/uploads\/2024\/07\/Auswahlkriterium-Schalldaemmung-quer.jpg 1024w, https:\/\/99cubes.de\/wp-content\/uploads\/2024\/07\/Auswahlkriterium-Schalldaemmung-quer-450x253.jpg 450w, https:\/\/99cubes.de\/wp-content\/uploads\/2024\/07\/Auswahlkriterium-Schalldaemmung-quer-768x432.jpg 768w, https:\/\/99cubes.de\/wp-content\/uploads\/2024\/07\/Auswahlkriterium-Schalldaemmung-quer-920x518.jpg 920w, https:\/\/99cubes.de\/wp-content\/uploads\/2024\/07\/Auswahlkriterium-Schalldaemmung-quer-575x323.jpg 575w, https:\/\/99cubes.de\/wp-content\/uploads\/2024\/07\/Auswahlkriterium-Schalldaemmung-quer-380x214.jpg 380w, https:\/\/99cubes.de\/wp-content\/uploads\/2024\/07\/Auswahlkriterium-Schalldaemmung-quer-800x450.jpg 800w\" sizes=\"auto, (max-width: 1024px) 100vw, 1024px\" \/>\t\t\t\t\t<\/a>\n\t\t\t\t\t\t\t<\/div>\n\t\t\t\t\t\t<h4 class=\"uagb-post__title uagb-post__text\">\n\t\t\t\t<a href=\"https:\/\/99cubes.de\/en\/schalldaemmung\/\" target=\"_self\" rel=\"bookmark noopener noreferrer\">Sound insulation<\/a>\n\t\t\t<\/h4>\n\t\t\t\t\t\t<div class='uagb-post__text uagb-post-grid-byline'>\n\t\t\t\t\t\t\t<\/div>\n\t\t\t\t\t\t<div class=\"uagb-post__text uagb-post__cta wp-block-button\">\n\t\t\t\t<a class=\"wp-block-button__link uagb-text-link\" style=\"\" href=\"https:\/\/99cubes.de\/en\/schalldaemmung\/\" target=\"_self\" rel=\"bookmark noopener noreferrer\">Read more<\/a>\n\t\t\t<\/div>\n\t\t\t\n\t\t\t\t\t\t\t\t\t<\/article>\n\t\t\t\t\t\t\t\t\t\t\t\t\t\t\t\t<article class=\"uagb-post__inner-wrap\">\t\t\t\t\t\t\t\t<div class='uagb-post__image'>\n\t\t\t\t\t\t\t\t\t<a href=\"https:\/\/99cubes.de\/en\/verwendung\/\" target=\"_self\" rel=\"bookmark noopener noreferrer\" class='uagb-image-ratio-inherit'><img loading=\"lazy\" decoding=\"async\" width=\"1140\" height=\"641\" src=\"https:\/\/99cubes.de\/wp-content\/uploads\/2024\/07\/Auswahlkriterium-Verwendung2-1200x675.jpg\" class=\"attachment-large size-large\" alt=\"\" srcset=\"https:\/\/99cubes.de\/wp-content\/uploads\/2024\/07\/Auswahlkriterium-Verwendung2-1200x675.jpg 1200w, https:\/\/99cubes.de\/wp-content\/uploads\/2024\/07\/Auswahlkriterium-Verwendung2-450x253.jpg 450w, https:\/\/99cubes.de\/wp-content\/uploads\/2024\/07\/Auswahlkriterium-Verwendung2-768x432.jpg 768w, https:\/\/99cubes.de\/wp-content\/uploads\/2024\/07\/Auswahlkriterium-Verwendung2-1140x641.jpg 1140w, https:\/\/99cubes.de\/wp-content\/uploads\/2024\/07\/Auswahlkriterium-Verwendung2-920x517.jpg 920w, https:\/\/99cubes.de\/wp-content\/uploads\/2024\/07\/Auswahlkriterium-Verwendung2-575x323.jpg 575w, https:\/\/99cubes.de\/wp-content\/uploads\/2024\/07\/Auswahlkriterium-Verwendung2-380x214.jpg 380w, https:\/\/99cubes.de\/wp-content\/uploads\/2024\/07\/Auswahlkriterium-Verwendung2-800x450.jpg 800w, https:\/\/99cubes.de\/wp-content\/uploads\/2024\/07\/Auswahlkriterium-Verwendung2.jpg 1272w\" sizes=\"auto, (max-width: 1140px) 100vw, 1140px\" \/>\t\t\t\t\t<\/a>\n\t\t\t\t\t\t\t<\/div>\n\t\t\t\t\t\t<h4 class=\"uagb-post__title uagb-post__text\">\n\t\t\t\t<a href=\"https:\/\/99cubes.de\/en\/verwendung\/\" target=\"_self\" rel=\"bookmark noopener noreferrer\">Utilisation<\/a>\n\t\t\t<\/h4>\n\t\t\t\t\t\t<div class='uagb-post__text uagb-post-grid-byline'>\n\t\t\t\t\t\t\t<\/div>\n\t\t\t\t\t\t<div class=\"uagb-post__text uagb-post__cta wp-block-button\">\n\t\t\t\t<a class=\"wp-block-button__link uagb-text-link\" style=\"\" href=\"https:\/\/99cubes.de\/en\/verwendung\/\" target=\"_self\" rel=\"bookmark noopener noreferrer\">Read more<\/a>\n\t\t\t<\/div>\n\t\t\t\n\t\t\t\t\t\t\t\t\t<\/article>\n\t\t\t\t\t\t\t\t\t\t\t<\/div>","protected":false},"excerpt":{"rendered":"<p>Vielen Dank f\u00fcr deine Kontaktaufnahme! Du h\u00f6rst von uns! Wir beeilen uns, versprochen! Die folgenden Artikel k\u00f6nnten f\u00fcr [&hellip;]<\/p>\n","protected":false},"author":1,"featured_media":0,"parent":0,"menu_order":0,"comment_status":"closed","ping_status":"closed","template":"","meta":{"content-type":"","_uag_custom_page_level_css":"","footnotes":""},"class_list":["post-1071","page","type-page","status-publish","hentry"],"uagb_featured_image_src":{"full":false,"thumbnail":false,"medium":false,"medium_large":false,"large":false,"1536x1536":false,"2048x2048":false,"trp-custom-language-flag":false,"botiga-extra-large":false,"botiga-large":false,"botiga-big":false,"botiga-medium":false,"botiga-header-icons":false,"botiga-product-swatch-image":false,"woocommerce_thumbnail":false,"woocommerce_single":false,"woocommerce_gallery_thumbnail":false,"wpvr_mobile":false},"uagb_author_info":{"display_name":"frank","author_link":"https:\/\/99cubes.de\/en\/author\/frank\/"},"uagb_comment_info":0,"uagb_excerpt":"Vielen Dank f\u00fcr deine Kontaktaufnahme! Du h\u00f6rst von uns! Wir beeilen uns, versprochen! Die folgenden Artikel k\u00f6nnten f\u00fcr [&hellip;]","_links":{"self":[{"href":"https:\/\/99cubes.de\/en\/wp-json\/wp\/v2\/pages\/1071","targetHints":{"allow":["GET"]}}],"collection":[{"href":"https:\/\/99cubes.de\/en\/wp-json\/wp\/v2\/pages"}],"about":[{"href":"https:\/\/99cubes.de\/en\/wp-json\/wp\/v2\/types\/page"}],"author":[{"embeddable":true,"href":"https:\/\/99cubes.de\/en\/wp-json\/wp\/v2\/users\/1"}],"replies":[{"embeddable":true,"href":"https:\/\/99cubes.de\/en\/wp-json\/wp\/v2\/comments?post=1071"}],"version-history":[{"count":1,"href":"https:\/\/99cubes.de\/en\/wp-json\/wp\/v2\/pages\/1071\/revisions"}],"predecessor-version":[{"id":4606,"href":"https:\/\/99cubes.de\/en\/wp-json\/wp\/v2\/pages\/1071\/revisions\/4606"}],"wp:attachment":[{"href":"https:\/\/99cubes.de\/en\/wp-json\/wp\/v2\/media?parent=1071"}],"curies":[{"name":"wp","href":"https:\/\/api.w.org\/{rel}","templated":true}]}}