{"id":4347,"date":"2025-10-31T19:22:45","date_gmt":"2025-10-31T18:22:45","guid":{"rendered":"https:\/\/99cubes.de\/?page_id=4347"},"modified":"2025-11-12T16:46:34","modified_gmt":"2025-11-12T15:46:34","slug":"telephone-boxes-for-self-assembly-assemble-meeting-boxes-yourself","status":"publish","type":"page","link":"https:\/\/99cubes.de\/en\/telefonboxen-zur-selbstmontage-meetingboxen-selber-montieren\/","title":{"rendered":"Telephone boxes for self-assembly - Assemble meeting boxes yourself"},"content":{"rendered":"\n<p>Wir werden relativ oft danach gefragt, ob wir auch Telefonboxen zur Selbstmontage anbieten. Die kurze Antwort lautet: ja! Alle f\u00fcr die Selbstmontage geeigneten Telefon- und Meetingboxen aus unserem Sortiment findet ihr <a href=\"#produkte\">unten<\/a>.<\/p>\n\n\n\n<p>Gerade die g\u00fcnstigeren Akustik-Cubes aus unserem Sortiment sind in der Regel so konstruiert, dass sie mit etwas handwerklichem Geschick selbst aufgebaut werden k\u00f6nnen. Damit spart man nicht nur etwas Geld, sondern profitiert auch von etwas schnelleren Lieferzeiten (unsere Montage-Teams sind meistens ganz gut ausgelastet). Einige unserer Kunden haben die Boxen-Montage im eigenen B\u00fcro sogar schon zum Team-Building-Event umgewidmet und schlagen damit zwei Fliegen mit einer Klappe \ud83d\ude42<\/p>\n\n\n\n<h3 class=\"wp-block-heading\">Was muss man bei Telefonboxen zur Selbstmontage beachten?<\/h3>\n\n\n\n<p>Die folgenden Punkte solltet ihr ber\u00fccksichtigen, wenn ihr plant, eine Telefonbox mit Selbstmontage zu bestellen:<\/p>\n\n\n\n<ul class=\"wp-block-list\">\n<li>Die Lieferung von Telefonboxen erfolgt bei Bestellung mit Selbstmontage per Spedition frei Bordsteinkante und auf einer Einwegpalette. <\/li>\n\n\n\n<li>Das sogenannte &#8222;Vertragen&#8220; &#8211; also das Tragen der Bauteile zum Aufstellort im Geb\u00e4ude &#8211; m\u00fcsst ihr damit selbst organisieren. Plant daf\u00fcr also extra Zeit ein &#8211; insbesondere falls euer B\u00fcro im 5. Stock ohne (ausreichend ger\u00e4umigen) Aufzug untergebracht ist.<\/li>\n\n\n\n<li>F\u00fcr den Aufbau ben\u00f6tigt ihr zwei Personen und ca. 1,5 bis 2 Stunden f\u00fcr die reine Montage (zumindest beim ersten Mal). Lest euch vorab am besten die Montageanleitung vollst\u00e4ndig durch oder schaut euch &#8211; falls vorhanden &#8211; das Montage-Video an.<\/li>\n\n\n\n<li>Entsorgung der Transport-Verpackung: Leider wird zum Schutz der Bauteile (Glast\u00fcr!) recht viel Verpackungsmaterial ben\u00f6tigt, das ihr anschlie\u00dfend inklusive der Einweg-Palette fachgerecht entsorgen m\u00fcsst.<\/li>\n\n\n\n<li>Folgendes Werkzeug ist hilfreich (von Produkt zu Produkt unterschiedlich):\n<ul class=\"wp-block-list\">\n<li>Ein Teppichmesser zum (vorsichtigen) \u00d6ffnen der Umverpackung, sowie zum Zerkleinern der Kartons<\/li>\n\n\n\n<li>Ein Schraubendreher und\/oder einen Akkuschrauber mit verschiedenen Eins\u00e4tzen<\/li>\n\n\n\n<li>Eine Wasserwaage (ist teilweise in einfacher Ausfertigung im Lieferumfang enthalten)<\/li>\n\n\n\n<li>Einen Meterstab zum Abmessen<\/li>\n\n\n\n<li>Einen Hammer (f\u00fcr Verbindungsstifte &amp; Co)<\/li>\n\n\n\n<li>Ein stabiler Hocker oder Tritt, um an die Schraubverbindungen o.\u00e4. am Deckel der Telefonbox zu kommen.<\/li>\n\n\n\n<li>Eine S\u00e4ge, um die Einwegpalette ggf. zerkleinern zu k\u00f6nnen<\/li>\n\n\n\n<li>Reinigungsmittel &amp; Putzzeug: Ein Staubsauger hilft, den Boden von Kartonr\u00fcckst\u00e4nden etc. zu s\u00e4ubern, ein feuchter Lappen entfernt Fingerabdr\u00fccke auf Glasfl\u00e4chen.<\/li>\n<\/ul>\n<\/li>\n<\/ul>\n\n\n\n<p>Damit &#8222;Feuer frei&#8220; und sucht euch eine passende Telefonbox mit Selbstmontage-Option aus!<\/p>\n\n\n\n<h3 class=\"wp-block-heading\" id=\"produkte\">Die folgenden Telefonboxen bzw. Meetingboxen sind f\u00fcr eine Selbstmontage geeignet<\/h3>\n\n\n\n<p>Bei diesen Akustik-Cubes ist selbst montieren gut m\u00f6glich bzw. vom Hersteller sogar explizit vorgesehen:<\/p>\n\n\n<div data-attributes=\"[{&quot;id&quot;:271,&quot;attr_slug&quot;:&quot;pa_spezial-features&quot;}]\" data-block-name=\"woocommerce\/products-by-attribute\" data-columns=\"4\" data-content-visibility=\"{&quot;image&quot;:true,&quot;title&quot;:true,&quot;price&quot;:false,&quot;rating&quot;:false,&quot;button&quot;:false}\" data-orderby=\"price_asc\" data-rows=\"2\" class=\"wc-block-grid wp-block-products-by-attribute wp-block-woocommerce-products-by-attribute wc-block-products-by-attribute has-4-columns has-multiple-rows\"><ul class=\"wc-block-grid__products\"><li class=\"wc-block-grid__product merchant_product-labels-grid_item_html\">\n\t\t\t\t<a href=\"https:\/\/99cubes.de\/en\/produkt\/diy-bausatz-telefonbox-zur-selbstmontage\/\" class=\"wc-block-grid__product-link\">\n\t\t\t\t\t<div class=\"wc-block-grid__product-image\"><img loading=\"lazy\" decoding=\"async\" width=\"420\" height=\"420\" src=\"https:\/\/99cubes.de\/wp-content\/uploads\/2025\/11\/Bausatz-fuer-DIY-Telefonbox-Exposionszeichnung-420x420.jpg\" class=\"attachment-woocommerce_thumbnail size-woocommerce_thumbnail\" alt=\"DIY-Bausatz: Telefonbox zur Selbstmontage\" srcset=\"https:\/\/99cubes.de\/wp-content\/uploads\/2025\/11\/Bausatz-fuer-DIY-Telefonbox-Exposionszeichnung-420x420.jpg 420w, https:\/\/99cubes.de\/wp-content\/uploads\/2025\/11\/Bausatz-fuer-DIY-Telefonbox-Exposionszeichnung-450x450.jpg 450w, https:\/\/99cubes.de\/wp-content\/uploads\/2025\/11\/Bausatz-fuer-DIY-Telefonbox-Exposionszeichnung.jpg 1200w, https:\/\/99cubes.de\/wp-content\/uploads\/2025\/11\/Bausatz-fuer-DIY-Telefonbox-Exposionszeichnung-200x200.jpg 200w, https:\/\/99cubes.de\/wp-content\/uploads\/2025\/11\/Bausatz-fuer-DIY-Telefonbox-Exposionszeichnung-768x768.jpg 768w, https:\/\/99cubes.de\/wp-content\/uploads\/2025\/11\/Bausatz-fuer-DIY-Telefonbox-Exposionszeichnung-12x12.jpg 12w, https:\/\/99cubes.de\/wp-content\/uploads\/2025\/11\/Bausatz-fuer-DIY-Telefonbox-Exposionszeichnung-1140x1140.jpg 1140w, https:\/\/99cubes.de\/wp-content\/uploads\/2025\/11\/Bausatz-fuer-DIY-Telefonbox-Exposionszeichnung-920x920.jpg 920w, https:\/\/99cubes.de\/wp-content\/uploads\/2025\/11\/Bausatz-fuer-DIY-Telefonbox-Exposionszeichnung-575x575.jpg 575w, https:\/\/99cubes.de\/wp-content\/uploads\/2025\/11\/Bausatz-fuer-DIY-Telefonbox-Exposionszeichnung-380x380.jpg 380w, https:\/\/99cubes.de\/wp-content\/uploads\/2025\/11\/Bausatz-fuer-DIY-Telefonbox-Exposionszeichnung-50x50.jpg 50w, https:\/\/99cubes.de\/wp-content\/uploads\/2025\/11\/Bausatz-fuer-DIY-Telefonbox-Exposionszeichnung-26x26.jpg 26w, https:\/\/99cubes.de\/wp-content\/uploads\/2025\/11\/Bausatz-fuer-DIY-Telefonbox-Exposionszeichnung-800x800.jpg 800w, https:\/\/99cubes.de\/wp-content\/uploads\/2025\/11\/Bausatz-fuer-DIY-Telefonbox-Exposionszeichnung-100x100.jpg 100w\" sizes=\"auto, (max-width: 420px) 100vw, 420px\" \/><\/div>\n\t\t\t\t\t<div class=\"wc-block-grid__product-title\">DIY-Bausatz: Telefonbox zur Selbstmontage<\/div>\n\t\t\t\t\t\n\t\t\t\t<\/a>\n\t\t\t\t\n\t\t\t\t\n\t\t\t\t\n\t\t\t<\/li><li class=\"wc-block-grid__product merchant_product-labels-grid_item_html\">\n\t\t\t\t<a href=\"https:\/\/99cubes.de\/en\/produkt\/telefonbox-bosselino-uno-bosse\/\" class=\"wc-block-grid__product-link\">\n\t\t\t\t\t<div class=\"wc-block-grid__product-image\"><img loading=\"lazy\" decoding=\"async\" width=\"420\" height=\"420\" src=\"https:\/\/99cubes.de\/wp-content\/uploads\/2024\/10\/99cubes-bosselino-uno-ambiente-1-quad-420x420.jpg\" class=\"attachment-woocommerce_thumbnail size-woocommerce_thumbnail\" alt=\"Telefonbox Bosselino Uno | Bosse\" srcset=\"https:\/\/99cubes.de\/wp-content\/uploads\/2024\/10\/99cubes-bosselino-uno-ambiente-1-quad-420x420.jpg 420w, https:\/\/99cubes.de\/wp-content\/uploads\/2024\/10\/99cubes-bosselino-uno-ambiente-1-quad-450x450.jpg 450w, https:\/\/99cubes.de\/wp-content\/uploads\/2024\/10\/99cubes-bosselino-uno-ambiente-1-quad-200x200.jpg 200w, https:\/\/99cubes.de\/wp-content\/uploads\/2024\/10\/99cubes-bosselino-uno-ambiente-1-quad-768x768.jpg 768w, https:\/\/99cubes.de\/wp-content\/uploads\/2024\/10\/99cubes-bosselino-uno-ambiente-1-quad-12x12.jpg 12w, https:\/\/99cubes.de\/wp-content\/uploads\/2024\/10\/99cubes-bosselino-uno-ambiente-1-quad-575x575.jpg 575w, https:\/\/99cubes.de\/wp-content\/uploads\/2024\/10\/99cubes-bosselino-uno-ambiente-1-quad-380x380.jpg 380w, https:\/\/99cubes.de\/wp-content\/uploads\/2024\/10\/99cubes-bosselino-uno-ambiente-1-quad-50x50.jpg 50w, https:\/\/99cubes.de\/wp-content\/uploads\/2024\/10\/99cubes-bosselino-uno-ambiente-1-quad-26x26.jpg 26w, https:\/\/99cubes.de\/wp-content\/uploads\/2024\/10\/99cubes-bosselino-uno-ambiente-1-quad-800x800.jpg 800w, https:\/\/99cubes.de\/wp-content\/uploads\/2024\/10\/99cubes-bosselino-uno-ambiente-1-quad-100x100.jpg 100w, https:\/\/99cubes.de\/wp-content\/uploads\/2024\/10\/99cubes-bosselino-uno-ambiente-1-quad.jpg 902w\" sizes=\"auto, (max-width: 420px) 100vw, 420px\" \/><\/div>\n\t\t\t\t\t<div class=\"wc-block-grid__product-title\">Telefonbox Bosselino Uno | Bosse<\/div>\n\t\t\t\t\t<div class=\"merchant-product-labels merchant-product-labels__regular merchant-product-labels--multiple show-on-desktop show-on-mobile\"><div class=\"merchant-product-labels__label-wrapper merchant-product-labels__text merchant-product-labels__text-shape-1 position-top-left\" style=\"margin:0;padding:0;width:125px;height:32px;font-size:14px;background-color:#212121;color:#ffffff;border-radius:5px;top:10px;left:10px;\"><span class=\"merchant-label merchant-label-top-left\" style=\"\">klimaneutral hergestellt<\/span><\/div><\/div>\n\t\t\t\t<\/a>\n\t\t\t\t\n\t\t\t\t\n\t\t\t\t\n\t\t\t<\/li><li class=\"wc-block-grid__product merchant_product-labels-grid_item_html\">\n\t\t\t\t<a href=\"https:\/\/99cubes.de\/en\/produkt\/2er-meetingbox-bosselino-duo-bosse\/\" class=\"wc-block-grid__product-link\">\n\t\t\t\t\t<div class=\"wc-block-grid__product-image\"><img loading=\"lazy\" decoding=\"async\" width=\"420\" height=\"420\" src=\"https:\/\/99cubes.de\/wp-content\/uploads\/2024\/11\/Meetingbox-Bosselino-Duo-weiss-zwei-Personen-09-420x420.jpg\" class=\"attachment-woocommerce_thumbnail size-woocommerce_thumbnail\" alt=\"2er-Meetingbox Bosselino Duo | Bosse\" srcset=\"https:\/\/99cubes.de\/wp-content\/uploads\/2024\/11\/Meetingbox-Bosselino-Duo-weiss-zwei-Personen-09-420x420.jpg 420w, https:\/\/99cubes.de\/wp-content\/uploads\/2024\/11\/Meetingbox-Bosselino-Duo-weiss-zwei-Personen-09-200x200.jpg 200w, https:\/\/99cubes.de\/wp-content\/uploads\/2024\/11\/Meetingbox-Bosselino-Duo-weiss-zwei-Personen-09-50x50.jpg 50w, https:\/\/99cubes.de\/wp-content\/uploads\/2024\/11\/Meetingbox-Bosselino-Duo-weiss-zwei-Personen-09-26x26.jpg 26w, https:\/\/99cubes.de\/wp-content\/uploads\/2024\/11\/Meetingbox-Bosselino-Duo-weiss-zwei-Personen-09-100x100.jpg 100w\" sizes=\"auto, (max-width: 420px) 100vw, 420px\" \/><\/div>\n\t\t\t\t\t<div class=\"wc-block-grid__product-title\">2er-Meetingbox Bosselino Duo | Bosse<\/div>\n\t\t\t\t\t<div class=\"merchant-product-labels merchant-product-labels__regular merchant-product-labels--multiple show-on-desktop show-on-mobile\"><div class=\"merchant-product-labels__label-wrapper merchant-product-labels__text merchant-product-labels__text-shape-1 position-top-left\" style=\"margin:0;padding:0;width:125px;height:32px;font-size:14px;background-color:#212121;color:#ffffff;border-radius:5px;top:10px;left:10px;\"><span class=\"merchant-label merchant-label-top-left\" style=\"\">klimaneutral hergestellt<\/span><\/div><\/div>\n\t\t\t\t<\/a>\n\t\t\t\t\n\t\t\t\t\n\t\t\t\t\n\t\t\t<\/li><\/ul><\/div>\n\n\n<div class=\"wp-block-group is-content-justification-center is-nowrap is-layout-flex wp-container-core-group-is-layout-23441af8 wp-block-group-is-layout-flex\">\n<div class=\"wp-block-uagb-container uagb-block-3efe96b8 alignwide uagb-is-root-container\">\n<br \/><div class=\"wp-block-button\"><a class=\"wp-block-button__link wp-element-button popmake-anfrage-produkt\" href=\"\">Preise anfragen<\/a><\/div>\n<\/div>\n<\/div>\n\n\n\n<div class=\"wp-block-group\"><div class=\"wp-block-group__inner-container is-layout-constrained wp-block-group-is-layout-constrained\">\n<div style=\"height:25px\" aria-hidden=\"true\" class=\"wp-block-spacer\"><\/div>\n\n\n\n<h4 class=\"wp-block-heading\">Fragen, Kommentare &amp; pers\u00f6nliche Beratung<\/h4>\n\n\n\n<p>Fehlt dir eine Info oder hast du Fragen? <a href=\"#respond\">Dann hinterlasse weiter unten gerne einen Kommentar<\/a>! Au\u00dferdem kannst du dich kostenfrei von uns beraten lassen:<\/p>\n\n\n\n<div class=\"wp-block-buttons is-content-justification-center is-layout-flex wp-container-core-buttons-is-layout-a89b3969 wp-block-buttons-is-layout-flex\">\n<div class=\"wp-block-button\"><a class=\"wp-block-button__link wp-element-button\" href=\"https:\/\/99cubes.de\/termin\/\">Beratungstermin buchen<\/a><\/div>\n<\/div>\n\n\n\n<div style=\"height:50px\" aria-hidden=\"true\" class=\"wp-block-spacer\"><\/div>\n<\/div><\/div>\n","protected":false},"excerpt":{"rendered":"<p>Wir werden relativ oft danach gefragt, ob wir auch Telefonboxen zur Selbstmontage anbieten. Die kurze Antwort lautet: ja! [&hellip;]<\/p>\n","protected":false},"author":1,"featured_media":0,"parent":0,"menu_order":0,"comment_status":"closed","ping_status":"closed","template":"","meta":{"content-type":"","_uag_custom_page_level_css":"","footnotes":""},"class_list":["post-4347","page","type-page","status-publish","hentry"],"uagb_featured_image_src":{"full":false,"thumbnail":false,"medium":false,"medium_large":false,"large":false,"1536x1536":false,"2048x2048":false,"trp-custom-language-flag":false,"botiga-extra-large":false,"botiga-large":false,"botiga-big":false,"botiga-medium":false,"botiga-header-icons":false,"botiga-product-swatch-image":false,"woocommerce_thumbnail":false,"woocommerce_single":false,"woocommerce_gallery_thumbnail":false,"wpvr_mobile":false},"uagb_author_info":{"display_name":"frank","author_link":"https:\/\/99cubes.de\/en\/author\/frank\/"},"uagb_comment_info":0,"uagb_excerpt":"Wir werden relativ oft danach gefragt, ob wir auch Telefonboxen zur Selbstmontage anbieten. Die kurze Antwort lautet: ja! [&hellip;]","_links":{"self":[{"href":"https:\/\/99cubes.de\/en\/wp-json\/wp\/v2\/pages\/4347","targetHints":{"allow":["GET"]}}],"collection":[{"href":"https:\/\/99cubes.de\/en\/wp-json\/wp\/v2\/pages"}],"about":[{"href":"https:\/\/99cubes.de\/en\/wp-json\/wp\/v2\/types\/page"}],"author":[{"embeddable":true,"href":"https:\/\/99cubes.de\/en\/wp-json\/wp\/v2\/users\/1"}],"replies":[{"embeddable":true,"href":"https:\/\/99cubes.de\/en\/wp-json\/wp\/v2\/comments?post=4347"}],"version-history":[{"count":5,"href":"https:\/\/99cubes.de\/en\/wp-json\/wp\/v2\/pages\/4347\/revisions"}],"predecessor-version":[{"id":4382,"href":"https:\/\/99cubes.de\/en\/wp-json\/wp\/v2\/pages\/4347\/revisions\/4382"}],"wp:attachment":[{"href":"https:\/\/99cubes.de\/en\/wp-json\/wp\/v2\/media?parent=4347"}],"curies":[{"name":"wp","href":"https:\/\/api.w.org\/{rel}","templated":true}]}}