{"id":2354,"date":"2024-08-30T10:30:58","date_gmt":"2024-08-30T08:30:58","guid":{"rendered":"https:\/\/99cubes.de\/?post_type=product&#038;p=2354"},"modified":"2025-02-04T10:31:38","modified_gmt":"2025-02-04T09:31:38","slug":"conference-room-team-up-different-sizes-studiobricks","status":"publish","type":"product","link":"https:\/\/99cubes.de\/en\/produkt\/konferenzraum-team-up-verschiedene-groessen-studiobricks\/","title":{"rendered":"Conference room TEAM-UP (various sizes) | Studiobricks"},"content":{"rendered":"<div class=\"su-accordion su-u-trim\">\n<div class=\"su-spoiler su-spoiler-style-default su-spoiler-icon-plus\" data-scroll-offset=\"0\" data-anchor-in-url=\"no\"><div class=\"su-spoiler-title\" tabindex=\"0\" role=\"button\"><span class=\"su-spoiler-icon\"><\/span><strong>About the TEAM-UP conference rooms<\/strong><\/div><div class=\"su-spoiler-content su-u-clearfix su-u-trim\">\n<p>The TEAM-UP model series from Studiobricks are meeting boxes the size of a conference room. The TEAM-UP models are available in three different sizes and in three different equipment variants.<\/p>\n<p><strong>Sizes:<\/strong><\/p>\n<ul>\n<li>TEAM-UP: approx. 8 square metres<\/li>\n<li>TEAM-UP Plus: approx. 13 square metres<\/li>\n<li>TEAM-UP XXL: approx. 30 square metres<\/li>\n<\/ul>\n<p><strong>Equipment variants:<\/strong><\/p>\n<ul>\n<li>Standard: Interior walls with flat PET felt absorber<\/li>\n<li>3D Wall: Interior walls with particularly sound-absorbing 3D absorbers of the Eco45 type (developed in-house by Studiobricks)<\/li>\n<li>Presentation: Interior walls with fabric-covered, upholstered wall elements (various fabrics and colours possible), height-adjustable VESA mount included in the standard scope of delivery<\/li>\n<\/ul>\n<p><strong>Design:<\/strong><\/p>\n<p>The appearance and colour scheme of the TEAM-UP conference rooms can be individually customised:<\/p>\n<ul>\n<li>Walls in lacquer or laminate finish, large selection of colours<\/li>\n<li>Door and window frames configurable in different colours<\/li>\n<li>Sound absorbers made of PET, as a 3D wall or fabric-covered - each in different colours<\/li>\n<li>Optional windows or additional doors on the rear wall and\/or another side<\/li>\n<li>Optional frosted glass effect on door \/ side \/ rear window (if available)<\/li>\n<li>Optionally with \"On Air\" sign, which indicates whether the box is currently occupied.<\/li>\n<\/ul>\n<\/div><\/div>\n<div class=\"su-spoiler su-spoiler-style-default su-spoiler-icon-plus su-spoiler-closed\" data-scroll-offset=\"0\" data-anchor-in-url=\"no\"><div class=\"su-spoiler-title\" tabindex=\"0\" role=\"button\"><span class=\"su-spoiler-icon\"><\/span><strong>Equipment:<\/strong><\/div><div class=\"su-spoiler-content su-u-clearfix su-u-trim\">\n<p>The interior is individually configurable and can be customised to suit many different application scenarios and requirements:<\/p>\n<ul>\n<li>Downlights dimmable, with motion sensor (between 6 and 10 depending on model variant)<\/li>\n<li>Antistatic carpet (anthracite)<\/li>\n<li>Sockets<\/li>\n<li>Additional sockets and\/or LAN available at an extra charge<\/li>\n<li>Height-adjustable VESA monitor mount available at an extra charge<\/li>\n<li>Optionally available with matching table (low or manually height-adjustable)<\/li>\n<li>Door with or without lock, optional electronic NFC lock available.<\/li>\n<li>Further interior fittings depending on the model variant selected<\/li>\n<li>TEAM-UP XXL: optionally available with matching sideboard on the rear wall for an extra charge<\/li>\n<\/ul>\n<\/div><\/div>\n<div class=\"su-spoiler su-spoiler-style-default su-spoiler-icon-plus su-spoiler-closed\" data-scroll-offset=\"0\" data-anchor-in-url=\"no\"><div class=\"su-spoiler-title\" tabindex=\"0\" role=\"button\"><span class=\"su-spoiler-icon\"><\/span><strong>Dimensions and weight:<\/strong><\/div><div class=\"su-spoiler-content su-u-clearfix su-u-trim\">\n<p>The TEAM-UP conference rooms are available in three different sizes (TEAM-UP, TEAM-UP Plus and TEAM-UP XXL):<\/p>\n<p>TEAM-UP (approx. 8 square metres):<\/p>\n<ul>\n<li>External dimensions 318 x 288 x 226 cm<\/li>\n<li>Internal dimensions 300 x 270 x 210 cm<\/li>\n<li>Minimum ceiling height 245 cm<\/li>\n<li>Weight approx. 1,473 kg<\/li>\n<\/ul>\n<p>TEAM-UP Plus (approx. 13 square metres):<\/p>\n<ul>\n<li>External dimensions 408 x 348 x 256 cm<\/li>\n<li>Internal dimensions 390 x 330 x 240 cm<\/li>\n<li>Minimum ceiling height 286 cm<\/li>\n<li>Weight approx. 2,123 kg<\/li>\n<\/ul>\n<p>TEAM-UP XXL (approx. 30 square metres):<\/p>\n<ul>\n<li>External dimensions 468 x 678 x 307 cm<\/li>\n<li>Internal dimensions 450 x 660 x 270 cm<\/li>\n<li>Minimum ceiling height 316 cm<\/li>\n<li>Weight approx. 4,223 kg<\/li>\n<\/ul>\n<\/div><\/div>\n<div class=\"su-spoiler su-spoiler-style-default su-spoiler-icon-plus su-spoiler-closed\" data-scroll-offset=\"0\" data-anchor-in-url=\"no\"><div class=\"su-spoiler-title\" tabindex=\"0\" role=\"button\"><span class=\"su-spoiler-icon\"><\/span><strong>Acoustic data and ventilation:<\/strong><\/div><div class=\"su-spoiler-content su-u-clearfix su-u-trim\">\n<p>The acoustic insulation values of Studiobricks are something like the gold standard in the industry. Studiobricks soundproof booths achieve 45 dB in the test - averaged over all sound frequencies and measured from the inside to the outside (the insulation is slightly less pronounced from the outside to the inside). See also our notes on the selection criterion\u00a0<a href=\"https:\/\/99cubes.de\/en\/sound-insulation\/\">Sound insulation<\/a>. The high sound insulation of Studiobricks is achieved by the following components:<\/p>\n<ul>\n<li>8 cm thick wall panels made of several layers and pressed acoustic material<\/li>\n<li>Acoustic absorber inside<\/li>\n<li>Acoustic glass door with soundproof locking by lifting the door handle<\/li>\n<li>Soundproofed ventilation:\n<ul>\n<li>TEAM-UP and TEAM-UP Plus: 12 or 20 integrated, extremely quiet double fans.<\/li>\n<li>TEAM-UP XXL: Ventilation system on the roof, consisting of triple sound-insulating ventilator for supply air + triple sound-insulating ventilator for exhaust air<\/li>\n<\/ul>\n<\/li>\n<li>Nominal air exchange 1,416 m\u00b3\/h, 1,770 m\u00b3\/h or 2,200 m\u00b3\/h depending on the model variant, see also selection criterion <a href=\"https:\/\/99cubes.de\/en\/air-exchange\/\">Air exchange<\/a><\/li>\n<\/ul>\n<\/div><\/div>\n<\/div>","protected":false},"excerpt":{"rendered":"<p>The Spanish manufacturer Studiobricks has made a name for itself with highly specialised solutions for the audio and music industry. The company's roots lie in a sector where acoustic perfection is a top priority and the requirements for sound insulation and sound quality go far beyond what is required in ordinary office environments. This expertise is also reflected in the Studiobricks office product line, which boasts outstanding sound insulation values and satisfies even the most demanding customers. It is therefore not surprising that Studiobricks' soundproof booths set new standards in terms of acoustics and clearly stand out from conventional solutions. Incidentally, the office product line from Studiobricks is not only suitable for use in offices: Studiobricks also offers perfect solutions for soundproof retreats, especially for production and logistics halls with increased noise levels!<\/p>\n<p>The TEAM-UP model series from Studiobricks are meeting boxes the size of a conference room. The TEAM-UP models are available in three different sizes and in three different equipment variants.<\/p>\n<p><strong>Sizes:<\/strong><\/p>\n<ul>\n<li>TEAM-UP: approx. 8 square metres<\/li>\n<li>TEAM-UP Plus: approx. 13 square metres<\/li>\n<li>TEAM-UP XXL: approx. 30 square metres<\/li>\n<\/ul>\n<p><strong>Equipment variants:<\/strong><\/p>\n<ul>\n<li>Standard: Interior walls with flat PET felt absorber<\/li>\n<li>3D Wall: Interior walls with particularly sound-absorbing 3D absorbers of the Eco45 type (developed in-house by Studiobricks)<\/li>\n<li>Presentation: Interior walls with fabric-covered, upholstered wall elements (various fabrics and colours possible), height-adjustable VESA mount included in the standard scope of delivery<\/li>\n<\/ul>\n<p>The TEAM-UP conference rooms from Studiobricks can be individually configured. Other colours, other materials, the distinctive \"On-Air\" sign and various options for additional windows and doors are available for an additional charge. We will be happy to advise you on the options that are relevant to you!<\/p>","protected":false},"featured_media":2375,"comment_status":"open","ping_status":"closed","template":"","meta":{"content-type":"","_uag_custom_page_level_css":""},"product_brand":[],"product_cat":[238,60],"product_tag":[],"class_list":{"0":"post-2354","1":"product","2":"type-product","3":"status-publish","4":"has-post-thumbnail","6":"product_cat-konferenzraeume","7":"product_cat-meetingboxen","8":"pa_anzahl-personen-10-personen","9":"pa_anzahl-personen-8-personen","10":"pa_anzahl-personen-mehr-als-10-personen","11":"pa_belueftungssteuerung-vollautomatisch","12":"pa_breite-318-m","13":"pa_breite-408-m","14":"pa_breite-468-m","15":"pa_buchungstool-display-goconut-ready","16":"pa_einsatz-szenarien-buero","17":"pa_einsatz-szenarien-flughafen-bahnhof","18":"pa_einsatz-szenarien-hotel","19":"pa_einsatz-szenarien-logistik","20":"pa_einsatz-szenarien-produktion","21":"pa_einsatz-szenarien-schule-universitaet","22":"pa_farbe-konfigurierbar","23":"pa_farbe-schwarz","24":"pa_farbe-weiss","25":"pa_flex-miete-verfuegbar-auf-anfrage","26":"pa_gewicht-1-473-kg","27":"pa_gewicht-2-123-kg","28":"pa_gewicht-4-223-kg","29":"pa_hoehe-226-m","30":"pa_hoehe-256-m","31":"pa_hoehe-307-m","32":"pa_lan-kein-lan-anschluss","33":"pa_lan-lan-anschluss-als-sonderausstattung","34":"pa_lieferzeit-8-bis-12-wochen-lieferzeit","35":"pa_luftaustausch-1416-m-h-nominell","36":"pa_luftaustausch-1770-m-h-nominell","37":"pa_luftaustausch-2200-m-h-nominell","38":"pa_marke-studiobricks","39":"pa_mobilitaet-keine","40":"pa_monitorhalterung-monitorhalterung-als-sonderausstattung","41":"pa_monitorhalterung-ohne-monitorhalterung","42":"pa_preissegment-vier","43":"pa_schalldaemmung-fuenf-sterne","44":"pa_sitzen-oder-stehen-im-stehen","45":"pa_spezial-features-feuchtigkeitsbestaendig","46":"pa_spezial-features-klimaanlage","47":"pa_spezial-features-led-leuchtstreifen-on-air-signal","48":"pa_spezial-features-zertifikat-erdbebensicher","49":"pa_tiefe-288-m","50":"pa_tiefe-348-m","51":"pa_tiefe-678-m","52":"pa_verfuegbare-tisch-optionen-fixe-tischhoehe-sitzen","53":"pa_verfuegbare-tisch-optionen-ohne-tisch","54":"pa_verfuegbare-tisch-optionen-variable-tischhoehe-manuell-verstellbar","55":"pa_verwendung-konzentriertes-arbeiten","56":"pa_verwendung-meeting","57":"pa_verwendung-zusammenarbeiten","59":"first","60":"instock","61":"taxable","62":"shipping-taxable","63":"purchasable","64":"product-type-simple"},"uagb_featured_image_src":{"full":["https:\/\/99cubes.de\/wp-content\/uploads\/2024\/08\/Meetingbox-Studiobricks-TEAM-UP-Plus-clean-quad.jpg",1202,1200,false],"thumbnail":["https:\/\/99cubes.de\/wp-content\/uploads\/2024\/08\/Meetingbox-Studiobricks-TEAM-UP-Plus-clean-quad-200x200.jpg",200,200,true],"medium":["https:\/\/99cubes.de\/wp-content\/uploads\/2024\/08\/Meetingbox-Studiobricks-TEAM-UP-Plus-clean-quad-450x450.jpg",450,450,true],"medium_large":["https:\/\/99cubes.de\/wp-content\/uploads\/2024\/08\/Meetingbox-Studiobricks-TEAM-UP-Plus-clean-quad-768x767.jpg",768,767,true],"large":["https:\/\/99cubes.de\/wp-content\/uploads\/2024\/08\/Meetingbox-Studiobricks-TEAM-UP-Plus-clean-quad-1200x1198.jpg",1140,1138,true],"1536x1536":["https:\/\/99cubes.de\/wp-content\/uploads\/2024\/08\/Meetingbox-Studiobricks-TEAM-UP-Plus-clean-quad-1536x1534.jpg",1202,1200,true],"2048x2048":["https:\/\/99cubes.de\/wp-content\/uploads\/2024\/08\/Meetingbox-Studiobricks-TEAM-UP-Plus-clean-quad.jpg",1202,1200,false],"trp-custom-language-flag":["https:\/\/99cubes.de\/wp-content\/uploads\/2024\/08\/Meetingbox-Studiobricks-TEAM-UP-Plus-clean-quad-12x12.jpg",12,12,true],"botiga-extra-large":["https:\/\/99cubes.de\/wp-content\/uploads\/2024\/08\/Meetingbox-Studiobricks-TEAM-UP-Plus-clean-quad-1140x1139.jpg",1140,1139,true],"botiga-large":["https:\/\/99cubes.de\/wp-content\/uploads\/2024\/08\/Meetingbox-Studiobricks-TEAM-UP-Plus-clean-quad-920x919.jpg",920,919,true],"botiga-big":["https:\/\/99cubes.de\/wp-content\/uploads\/2024\/08\/Meetingbox-Studiobricks-TEAM-UP-Plus-clean-quad-575x574.jpg",575,574,true],"botiga-medium":["https:\/\/99cubes.de\/wp-content\/uploads\/2024\/08\/Meetingbox-Studiobricks-TEAM-UP-Plus-clean-quad-380x380.jpg",380,380,true],"botiga-header-icons":["https:\/\/99cubes.de\/wp-content\/uploads\/2024\/08\/Meetingbox-Studiobricks-TEAM-UP-Plus-clean-quad-50x50.jpg",50,50,true],"botiga-product-swatch-image":["https:\/\/99cubes.de\/wp-content\/uploads\/2024\/08\/Meetingbox-Studiobricks-TEAM-UP-Plus-clean-quad-26x26.jpg",26,26,true],"woocommerce_thumbnail":["https:\/\/99cubes.de\/wp-content\/uploads\/2024\/08\/Meetingbox-Studiobricks-TEAM-UP-Plus-clean-quad-420x420.jpg",420,420,true],"woocommerce_single":["https:\/\/99cubes.de\/wp-content\/uploads\/2024\/08\/Meetingbox-Studiobricks-TEAM-UP-Plus-clean-quad-800x799.jpg",800,799,true],"woocommerce_gallery_thumbnail":["https:\/\/99cubes.de\/wp-content\/uploads\/2024\/08\/Meetingbox-Studiobricks-TEAM-UP-Plus-clean-quad-100x100.jpg",100,100,true],"wpvr_mobile":["https:\/\/99cubes.de\/wp-content\/uploads\/2024\/08\/Meetingbox-Studiobricks-TEAM-UP-Plus-clean-quad.jpg",1202,1200,false]},"uagb_author_info":{"display_name":"frank","author_link":"https:\/\/99cubes.de\/en\/author\/"},"uagb_comment_info":0,"uagb_excerpt":"Der spanische Hersteller Studiobricks hat sich einen Namen mit hochspezialisierten L\u00f6sungen f\u00fcr die Audio- und Musikbranche gemacht. Die Wurzeln des Unternehmens liegen in einem Sektor, in dem akustische Perfektion oberste Priorit\u00e4t genie\u00dft und die Anforderungen an Schallschutz sowie Klangqualit\u00e4t weit \u00fcber das hinausgehen, was in gew\u00f6hnlichen B\u00fcroumgebungen erforderlich ist. Diese Expertise spiegelt sich auch in&hellip;","_links":{"self":[{"href":"https:\/\/99cubes.de\/en\/wp-json\/wp\/v2\/product\/2354","targetHints":{"allow":["GET"]}}],"collection":[{"href":"https:\/\/99cubes.de\/en\/wp-json\/wp\/v2\/product"}],"about":[{"href":"https:\/\/99cubes.de\/en\/wp-json\/wp\/v2\/types\/product"}],"replies":[{"embeddable":true,"href":"https:\/\/99cubes.de\/en\/wp-json\/wp\/v2\/comments?post=2354"}],"wp:featuredmedia":[{"embeddable":true,"href":"https:\/\/99cubes.de\/en\/wp-json\/wp\/v2\/media\/2375"}],"wp:attachment":[{"href":"https:\/\/99cubes.de\/en\/wp-json\/wp\/v2\/media?parent=2354"}],"wp:term":[{"taxonomy":"product_brand","embeddable":true,"href":"https:\/\/99cubes.de\/en\/wp-json\/wp\/v2\/product_brand?post=2354"},{"taxonomy":"product_cat","embeddable":true,"href":"https:\/\/99cubes.de\/en\/wp-json\/wp\/v2\/product_cat?post=2354"},{"taxonomy":"product_tag","embeddable":true,"href":"https:\/\/99cubes.de\/en\/wp-json\/wp\/v2\/product_tag?post=2354"}],"curies":[{"name":"wp","href":"https:\/\/api.w.org\/{rel}","templated":true}]}}