{"id":2471,"date":"2024-09-12T16:58:35","date_gmt":"2024-09-12T14:58:35","guid":{"rendered":"https:\/\/99cubes.de\/?post_type=product&#038;p=2471"},"modified":"2025-08-07T14:47:50","modified_gmt":"2025-08-07T12:47:50","slug":"2er-meetingbox-jetson-l2-black-mute","status":"publish","type":"product","link":"https:\/\/99cubes.de\/en\/produkt\/2er-meetingbox-jetson-l2-schwarz-mute\/","title":{"rendered":"2-seater meeting booth Jetson L2, black | MUTE"},"content":{"rendered":"<div class=\"su-accordion su-u-trim\">\n<div class=\"su-spoiler su-spoiler-style-default su-spoiler-icon-plus\" data-scroll-offset=\"0\" data-anchor-in-url=\"no\"><div class=\"su-spoiler-title\" tabindex=\"0\" role=\"button\"><span class=\"su-spoiler-icon\"><\/span><strong>Information on the Jetson series:<\/strong><\/div><div class=\"su-spoiler-content su-u-clearfix su-u-trim\">\n<p>The telephone and meeting boxes in the Jetson series are among our absolute bestsellers - and rightly so! High-quality materials, durable components and a well thought-out interior meet favourable prices. Behind the Jetson series is the Polish acoustics specialist MUTE, which uses its concentrated product design and production expertise for the four models in the Jetson series. Thanks to the reduction to two colours (black and white) and many common design components, the acoustic speakers in the Jetson series can be pre-produced in large quantities and are therefore always in stock.<\/p>\n<p>The structure of the Jetson L2 meeting box is made of extruded aluminium and is therefore much more durable and lighter than models based on wooden panels. Combined with a unique, tool-free wall connection system, the boxes in the Jetson series can be assembled and disassembled more quickly than any other telephone or meeting box on the market.<\/p>\n<p>Jetson L2 is available in black or white, and the outer walls can optionally be fitted with additional bookshelves or whiteboards. The meeting box can also be fitted with a monitor holder on the table.<\/p>\n<p>More info: <a href=\"https:\/\/99cubes.de\/en\/the-acoustic-cubes-of-the-jetson-product-series\/\">The acoustic cubes of the Jetson series<\/a>.<\/div><\/div>\n<div class=\"su-spoiler su-spoiler-style-default su-spoiler-icon-plus su-spoiler-closed\" data-scroll-offset=\"0\" data-anchor-in-url=\"no\"><div class=\"su-spoiler-title\" tabindex=\"0\" role=\"button\"><span class=\"su-spoiler-icon\"><\/span><strong>Equipment:<\/strong><\/div><div class=\"su-spoiler-content su-u-clearfix su-u-trim\">\n<ul>\n<li>Ventilation system<\/li>\n<li>LED light<\/li>\n<li>Presence detector for fans and light<\/li>\n<li>Strip with 2 sockets and 2 USB ports<\/li>\n<li>Melamine table top<\/li>\n<li>2x sofa with height-adjustable backrest<\/li>\n<li>Flat shelf with display rail and magnet, 2 hooks<\/li>\n<li>Power cable 3 m<\/li>\n<\/ul>\n<\/div><\/div>\n<div class=\"su-spoiler su-spoiler-style-default su-spoiler-icon-plus su-spoiler-closed\" data-scroll-offset=\"0\" data-anchor-in-url=\"no\"><div class=\"su-spoiler-title\" tabindex=\"0\" role=\"button\"><span class=\"su-spoiler-icon\"><\/span><strong>Dimensions &amp; weight:<\/strong><\/div><div class=\"su-spoiler-content su-u-clearfix su-u-trim\">\n<ul>\n<li>Width (outside \/ inside): 2150 mm \/ 2010 mm<\/li>\n<li>Depth (outside \/ inside): 1000 mm \/ 860 mm + 800 mm with door open<\/li>\n<li>Height (outside \/ inside): 2264 mm \/ 2102 mm<\/li>\n<li class=\"tech-specs__field\">Table top (W x D x H): 950 x 504 x 745<\/li>\n<li>Weight: 373 kg<\/li>\n<\/ul>\n<\/div><\/div>\n<div class=\"su-spoiler su-spoiler-style-default su-spoiler-icon-plus su-spoiler-closed\" data-scroll-offset=\"0\" data-anchor-in-url=\"no\"><div class=\"su-spoiler-title\" tabindex=\"0\" role=\"button\"><span class=\"su-spoiler-icon\"><\/span><strong>Acoustic data and ventilation:<\/strong><\/div><div class=\"su-spoiler-content su-u-clearfix su-u-trim\">\n<ul>\n<li>Speech attenuation up to 44.7 dB<\/li>\n<li>Air flow: 365 m\u00b3\/h (nominal)<\/li>\n<li>Ventilation noise outside \/ inside: \u226436 dB \/ \u226438 dB<\/li>\n<\/ul>\n<\/div><\/div>\n<div class=\"su-spoiler su-spoiler-style-default su-spoiler-icon-plus su-spoiler-closed\" data-scroll-offset=\"0\" data-anchor-in-url=\"no\"><div class=\"su-spoiler-title\" tabindex=\"0\" role=\"button\"><span class=\"su-spoiler-icon\"><\/span><strong>Lighting:<\/strong><\/div><div class=\"su-spoiler-content su-u-clearfix su-u-trim\">\n<ul>\n<li>Brightness: 300 lux<\/li>\n<li>Colour temperature: 4,000 K<\/li>\n<\/ul>\n<\/div><\/div>\n<div class=\"su-spoiler su-spoiler-style-default su-spoiler-icon-plus su-spoiler-closed\" data-scroll-offset=\"0\" data-anchor-in-url=\"no\"><div class=\"su-spoiler-title\" tabindex=\"0\" role=\"button\"><span class=\"su-spoiler-icon\"><\/span><strong>Multiple socket outlet:<\/strong><\/div><div class=\"su-spoiler-content su-u-clearfix su-u-trim\">\n<ul>\n<li>Supply voltage: 220-240 \/ 100-120 VAC, 50-60 Hz<\/li>\n<li>Sockets: 2<\/li>\n<li>USB quick charger: TUF A+C 25 W, 5 V DC<\/li>\n<li>Colour: Black<\/li>\n<\/ul>\n<\/div><\/div>\n<\/div>","protected":false},"excerpt":{"rendered":"<p>The Jetson L2 2-seater meeting box was designed by acoustic specialist and premium manufacturer MUTE and fills a previous gap in the Jetson product family. With a depth of exactly one metre, the Jetson L2 is narrower than its larger brother, the Jetson L4, but is otherwise almost identically equipped. An ideal solution for anyone looking for a meeting box but with limited space available. The favourable prices are made possible by the clever design: the Jetson L2 is the same depth as the Jetson S1 and the same width as the Jetson L4 - accordingly, many components are identical and can be pre-produced cost-effectively in large quantities.<\/p>\n<p>The particularly practical features included in the standard scope of delivery include<\/p>\n<ul>\n<li>Comfortable, upholstered sofa on both sides with height-adjustable backrest<\/li>\n<li>Interior fittings with narrow wall shelf, magnetic strip and coat hooks<\/li>\n<li>Power connection and USB charger (type A + C) directly under the tabletop<\/li>\n<\/ul>\n<p>The Jetson L2 scores with an outstanding price-performance ratio, which characterises the entire Jetson product family!<\/p>","protected":false},"featured_media":2474,"comment_status":"open","ping_status":"closed","template":"","meta":{"content-type":"","_uag_custom_page_level_css":""},"product_brand":[],"product_cat":[60],"product_tag":[],"class_list":{"0":"post-2471","1":"product","2":"type-product","3":"status-publish","4":"has-post-thumbnail","6":"product_cat-meetingboxen","7":"pa_anzahl-personen-2-personen","8":"pa_belueftungssteuerung-individuell-steuerbar","9":"pa_belueftungssteuerung-vollautomatisch","10":"pa_breite-215-m","11":"pa_buchungstool-display-goconut-ready","12":"pa_einsatz-szenarien-buero","13":"pa_einsatz-szenarien-einzelhandel","14":"pa_einsatz-szenarien-hotel","15":"pa_einsatz-szenarien-schule-universitaet","16":"pa_farbe-schwarz","17":"pa_flex-miete-verfuegbar-ja","18":"pa_gewicht-373-kg","19":"pa_hoehe-227-m","20":"pa_lan-kein-lan-anschluss","21":"pa_lan-lan-anschluss-als-sonderausstattung","22":"pa_lieferzeit-2-wochen-lieferzeit","23":"pa_luftaustausch-365-m-h-nominell","24":"pa_marke-mute","25":"pa_mobilitaet-keine","26":"pa_mobilitaet-mit-integrierten-bodenrollen","27":"pa_monitorhalterung-monitorhalterung-als-sonderausstattung","28":"pa_monitorhalterung-ohne-monitorhalterung","29":"pa_preissegment-zwei","30":"pa_schalldaemmung-drei-sterne","31":"pa_sitzen-oder-stehen-im-sitzen-niedrig-mit-stuhl-oder-bank","32":"pa_spezial-features-buecherregal-option","33":"pa_spezial-features-white-board-option","34":"pa_tiefe-100-m","35":"pa_verfuegbare-tisch-optionen-fixe-tischhoehe-sitzen","36":"pa_verwendung-konzentriertes-arbeiten","37":"pa_verwendung-meeting","38":"pa_verwendung-telefonieren","39":"pa_verwendung-video-call","41":"first","42":"instock","43":"taxable","44":"shipping-taxable","45":"purchasable","46":"product-type-simple"},"uagb_featured_image_src":{"full":["https:\/\/99cubes.de\/wp-content\/uploads\/2024\/09\/99cubes-MUTE-Jetson-L2-2.jpg",1200,1200,false],"thumbnail":["https:\/\/99cubes.de\/wp-content\/uploads\/2024\/09\/99cubes-MUTE-Jetson-L2-2-200x200.jpg",200,200,true],"medium":["https:\/\/99cubes.de\/wp-content\/uploads\/2024\/09\/99cubes-MUTE-Jetson-L2-2-450x450.jpg",450,450,true],"medium_large":["https:\/\/99cubes.de\/wp-content\/uploads\/2024\/09\/99cubes-MUTE-Jetson-L2-2-768x768.jpg",768,768,true],"large":["https:\/\/99cubes.de\/wp-content\/uploads\/2024\/09\/99cubes-MUTE-Jetson-L2-2-1200x1200.jpg",1140,1140,true],"1536x1536":["https:\/\/99cubes.de\/wp-content\/uploads\/2024\/09\/99cubes-MUTE-Jetson-L2-2-1536x1536.jpg",1200,1200,true],"2048x2048":["https:\/\/99cubes.de\/wp-content\/uploads\/2024\/09\/99cubes-MUTE-Jetson-L2-2-2048x2048.jpg",1200,1200,true],"trp-custom-language-flag":["https:\/\/99cubes.de\/wp-content\/uploads\/2024\/09\/99cubes-MUTE-Jetson-L2-2-12x12.jpg",12,12,true],"botiga-extra-large":["https:\/\/99cubes.de\/wp-content\/uploads\/2024\/09\/99cubes-MUTE-Jetson-L2-2-1140x1140.jpg",1140,1140,true],"botiga-large":["https:\/\/99cubes.de\/wp-content\/uploads\/2024\/09\/99cubes-MUTE-Jetson-L2-2-920x920.jpg",920,920,true],"botiga-big":["https:\/\/99cubes.de\/wp-content\/uploads\/2024\/09\/99cubes-MUTE-Jetson-L2-2-575x575.jpg",575,575,true],"botiga-medium":["https:\/\/99cubes.de\/wp-content\/uploads\/2024\/09\/99cubes-MUTE-Jetson-L2-2-380x380.jpg",380,380,true],"botiga-header-icons":["https:\/\/99cubes.de\/wp-content\/uploads\/2024\/09\/99cubes-MUTE-Jetson-L2-2-50x50.jpg",50,50,true],"botiga-product-swatch-image":["https:\/\/99cubes.de\/wp-content\/uploads\/2024\/09\/99cubes-MUTE-Jetson-L2-2-26x26.jpg",26,26,true],"woocommerce_thumbnail":["https:\/\/99cubes.de\/wp-content\/uploads\/2024\/09\/99cubes-MUTE-Jetson-L2-2-420x420.jpg",420,420,true],"woocommerce_single":["https:\/\/99cubes.de\/wp-content\/uploads\/2024\/09\/99cubes-MUTE-Jetson-L2-2-800x800.jpg",800,800,true],"woocommerce_gallery_thumbnail":["https:\/\/99cubes.de\/wp-content\/uploads\/2024\/09\/99cubes-MUTE-Jetson-L2-2-100x100.jpg",100,100,true],"wpvr_mobile":["https:\/\/99cubes.de\/wp-content\/uploads\/2024\/09\/99cubes-MUTE-Jetson-L2-2-2048x2048.jpg",2048,2048,true]},"uagb_author_info":{"display_name":"frank","author_link":"https:\/\/99cubes.de\/en\/author\/"},"uagb_comment_info":0,"uagb_excerpt":"Die 2er-Meetingbox Jetson L2 wurde vom Akustik-Spezialisten und Premium-Hersteller MUTE designt und f\u00fcllt eine bisherige L\u00fccke in der Jetson-Produktfamilie. Mit exakt einem Meter Tiefe ist die Jetson L2 schmaler als ihr gr\u00f6\u00dferer Bruder Jetson L4, ansonsten aber nahezu identisch ausgestattet. Eine ideale L\u00f6sung f\u00fcr alle, die auf der Suche nach einer\u00a0 Meetingbox sind, aber wenig&hellip;","_links":{"self":[{"href":"https:\/\/99cubes.de\/en\/wp-json\/wp\/v2\/product\/2471","targetHints":{"allow":["GET"]}}],"collection":[{"href":"https:\/\/99cubes.de\/en\/wp-json\/wp\/v2\/product"}],"about":[{"href":"https:\/\/99cubes.de\/en\/wp-json\/wp\/v2\/types\/product"}],"replies":[{"embeddable":true,"href":"https:\/\/99cubes.de\/en\/wp-json\/wp\/v2\/comments?post=2471"}],"wp:featuredmedia":[{"embeddable":true,"href":"https:\/\/99cubes.de\/en\/wp-json\/wp\/v2\/media\/2474"}],"wp:attachment":[{"href":"https:\/\/99cubes.de\/en\/wp-json\/wp\/v2\/media?parent=2471"}],"wp:term":[{"taxonomy":"product_brand","embeddable":true,"href":"https:\/\/99cubes.de\/en\/wp-json\/wp\/v2\/product_brand?post=2471"},{"taxonomy":"product_cat","embeddable":true,"href":"https:\/\/99cubes.de\/en\/wp-json\/wp\/v2\/product_cat?post=2471"},{"taxonomy":"product_tag","embeddable":true,"href":"https:\/\/99cubes.de\/en\/wp-json\/wp\/v2\/product_tag?post=2471"}],"curies":[{"name":"wp","href":"https:\/\/api.w.org\/{rel}","templated":true}]}}