{"id":3443,"date":"2025-01-19T10:09:24","date_gmt":"2025-01-19T09:09:24","guid":{"rendered":"https:\/\/99cubes.de\/?post_type=product&#038;p=3443"},"modified":"2026-03-27T15:07:33","modified_gmt":"2026-03-27T14:07:33","slug":"silen-space-2-meetingbox-silen","status":"publish","type":"product","link":"https:\/\/99cubes.de\/en\/produkt\/silen-space-2-meetingbox-silen\/","title":{"rendered":"Silen Space 2 Meetingbox | Silen"},"content":{"rendered":"<div class=\"su-accordion su-u-trim\">\n<div class=\"su-spoiler su-spoiler-style-default su-spoiler-icon-plus\" data-scroll-offset=\"0\" data-anchor-in-url=\"no\"><div class=\"su-spoiler-title\" tabindex=\"0\" role=\"button\"><span class=\"su-spoiler-icon\"><\/span><strong>About the Silen Space acoustic cubes<\/strong><\/div><div class=\"su-spoiler-content su-u-clearfix su-u-trim\">\n<p class=\"cvGsUA direction-ltr align-justify para-style-body\"><span class=\"OYPEnA font-feature-liga-off font-feature-clig-off font-feature-calt-off text-decoration-none text-strikethrough-none\">The Silen Space series sets new standards in the field of premium acoustic cubes. As the flagship of the Estonian manufacturer Silen, one of the world's leading innovators in acoustic solutions, the product line inspires customers in over 60 countries. The Silen Space Cubes impress with their outstanding sound insulation and interior air quality, which has been awarded the \u201eGold Level\u201c.<\/span><\/p>\n<p class=\"cvGsUA direction-ltr align-justify para-style-body\"><span class=\"OYPEnA font-feature-liga-off font-feature-clig-off font-feature-calt-off text-decoration-none text-strikethrough-none\">The diverse design options are particularly impressive: From elegant real wood veneers to intelligent glass that can be darkened at the touch of a button, every detail emphasises the exclusive character of this range. Sustainability is the focus at Silen: the Space acoustic cubes are designed to last. High-quality materials and a well thought-out, modular design enable simple repairs and guarantee a long service life.<\/span><\/p>\n<\/div><\/div>\n<div class=\"su-spoiler su-spoiler-style-default su-spoiler-icon-plus\" data-scroll-offset=\"0\" data-anchor-in-url=\"no\"><div class=\"su-spoiler-title\" tabindex=\"0\" role=\"button\"><span class=\"su-spoiler-icon\"><\/span><strong>Product configurator:<\/strong><\/div><div class=\"su-spoiler-content su-u-clearfix su-u-trim\">\n<p>You can find all options and design possibilities in our interactive product configurator:<\/p>\n<div class=\"wp-block-button\"><a class=\"wp-block-button__link wp-element-button\" href=\"https:\/\/configurator.silen.com\/?site=6364&amp;code=113917\" target=\"_blank\" rel=\"noopener\">To the product configurator<\/a><\/div>\n<\/div><\/div>\n<div class=\"su-spoiler su-spoiler-style-default su-spoiler-icon-plus su-spoiler-closed\" data-scroll-offset=\"0\" data-anchor-in-url=\"no\"><div class=\"su-spoiler-title\" tabindex=\"0\" role=\"button\"><span class=\"su-spoiler-icon\"><\/span><strong>Equipment options:<\/strong><\/div><div class=\"su-spoiler-content su-u-clearfix su-u-trim\">\n<p><strong>Main features:<\/strong><\/p>\n<ul>\n<li><span class=\"animate-in fade-in-25 duration-700\">Comf<\/span><span class=\"animate-in fade-in-25 duration-700\">ortable for 2 pers<\/span><span class=\"animate-in fade-in-25 duration-700\">ons, suitable for<\/span><span class=\"animate-in fade-in-25 duration-700\">\u00a0up to 4 pers<\/span><span class=\"animate-in fade-in-25 duration-700\">for shorter meetings<\/span><span class=\"animate-in fade-in-25 duration-700\">ings.<\/span><\/li>\n<li>With automatic LED lighting (4,000 K)<\/li>\n<li>Automatic ventilation system with presence sensor with low energy consumption<\/li>\n<li>Mobile thanks to castors concealed in the base<\/li>\n<li>Customisable in colours and features<\/li>\n<li>Sustainable with a service life of over 20 years<\/li>\n<li>Sound-insulating safety glass<\/li>\n<li>Including 2x 230V socket outlet in the floor<\/li>\n<li>Choice of door opening to the left or right (table is always mounted on the side of the door hinge)<\/li>\n<li>Door frame optionally black, white or grey anodised<\/li>\n<li>Three different standard colours to choose from for the outer shell: White, black or silver grey<\/li>\n<li>Interior design:\n<ul>\n<li>Carpet optionally in light grey, dark grey or black<\/li>\n<li>Interior walls optionally in light grey felt, dark grey felt, black felt or sand-coloured felt<\/li>\n<\/ul>\n<\/li>\n<\/ul>\n<p><strong>Customisation options (some at extra cost):<\/strong><\/p>\n<ul>\n<li>Additional colour options for inside and outside in various materials (including fabric-covered side panels or real wood veneer finish) - see image below.<\/li>\n<li>Self-closing door hinges<\/li>\n<li>LAN connection or USB(A+C) charging sockets in the base<\/li>\n<li>Control panel with lighting and ventilation dimmer<\/li>\n<li>Furnishing options (fabric selection analogue to the selection for the side walls):\n<ul>\n<li>Empty<\/li>\n<li>\u201eSolar Eclipse\u201c: two sofas with high backrests + two flexible \u201eGaia\u201c laptop tables\u201c<\/li>\n<li>\u201eLunar Eclipse\u201c: two sofas with low backrests + fixed table<\/li>\n<\/ul>\n<\/li>\n<li>Optional monitor holder on the rear glass wall<\/li>\n<li>Sprinkler preparation<\/li>\n<li>Permanent foiling on the glass (inside front and\/or inside rear panel)<\/li>\n<li>Intelligent glass version that transforms into frosted glass at the touch of a button.<\/li>\n<\/ul>\n<figure id=\"attachment_3471\" aria-describedby=\"caption-attachment-3471\" style=\"width: 338px\" class=\"wp-caption alignnone\"><a href=\"https:\/\/99cubes.de\/wp-content\/uploads\/2025\/01\/Silen-Space-Farbauswahl-aussen-und-innen.jpg\"><img loading=\"lazy\" decoding=\"async\" class=\"wp-image-3471 size-medium\" src=\"https:\/\/99cubes.de\/wp-content\/uploads\/2025\/01\/Silen-Space-Farbauswahl-aussen-und-innen-338x450.jpg\" alt=\"\" width=\"338\" height=\"450\" srcset=\"https:\/\/99cubes.de\/wp-content\/uploads\/2025\/01\/Silen-Space-Farbauswahl-aussen-und-innen-338x450.jpg 338w, https:\/\/99cubes.de\/wp-content\/uploads\/2025\/01\/Silen-Space-Farbauswahl-aussen-und-innen-900x1200.jpg 900w, https:\/\/99cubes.de\/wp-content\/uploads\/2025\/01\/Silen-Space-Farbauswahl-aussen-und-innen-768x1024.jpg 768w, https:\/\/99cubes.de\/wp-content\/uploads\/2025\/01\/Silen-Space-Farbauswahl-aussen-und-innen-1152x1536.jpg 1152w, https:\/\/99cubes.de\/wp-content\/uploads\/2025\/01\/Silen-Space-Farbauswahl-aussen-und-innen-9x12.jpg 9w, https:\/\/99cubes.de\/wp-content\/uploads\/2025\/01\/Silen-Space-Farbauswahl-aussen-und-innen-1140x1520.jpg 1140w, https:\/\/99cubes.de\/wp-content\/uploads\/2025\/01\/Silen-Space-Farbauswahl-aussen-und-innen-920x1227.jpg 920w, https:\/\/99cubes.de\/wp-content\/uploads\/2025\/01\/Silen-Space-Farbauswahl-aussen-und-innen-575x767.jpg 575w, https:\/\/99cubes.de\/wp-content\/uploads\/2025\/01\/Silen-Space-Farbauswahl-aussen-und-innen-380x507.jpg 380w, https:\/\/99cubes.de\/wp-content\/uploads\/2025\/01\/Silen-Space-Farbauswahl-aussen-und-innen-800x1067.jpg 800w, https:\/\/99cubes.de\/wp-content\/uploads\/2025\/01\/Silen-Space-Farbauswahl-aussen-und-innen.jpg 1164w\" sizes=\"auto, (max-width: 338px) 100vw, 338px\" \/><\/a><figcaption id=\"caption-attachment-3471\" class=\"wp-caption-text\">Colour and material options for the Silen-Space series<\/figcaption><\/figure>\n<\/div><\/div>\n<div class=\"su-spoiler su-spoiler-style-default su-spoiler-icon-plus su-spoiler-closed\" data-scroll-offset=\"0\" data-anchor-in-url=\"no\"><div class=\"su-spoiler-title\" tabindex=\"0\" role=\"button\"><span class=\"su-spoiler-icon\"><\/span><strong>Dimensions and weight:<\/strong><\/div><div class=\"su-spoiler-content su-u-clearfix su-u-trim\">\n<ul>\n<li>Width (outside \/ inside): 2400 mm \/ 2200 mm<\/li>\n<li>Depth (outside \/ inside): 1220 mm \/ 1160 mm<\/li>\n<li>Height (outside \/ inside): 2290 mm \/ 2050 mm<\/li>\n<li>Weight: 670 kg<\/li>\n<\/ul>\n<\/div><\/div>\n<div class=\"su-spoiler su-spoiler-style-default su-spoiler-icon-plus su-spoiler-closed\" data-scroll-offset=\"0\" data-anchor-in-url=\"no\"><div class=\"su-spoiler-title\" tabindex=\"0\" role=\"button\"><span class=\"su-spoiler-icon\"><\/span><strong>Acoustic data and ventilation:<\/strong><\/div><div class=\"su-spoiler-content su-u-clearfix su-u-trim\">\n<p><strong>Sound insulation:<\/strong> 30.4 dB (corresponds to class a according to ISO 23351-1)<\/p>\n<p><strong>Air exchange:\u00a0<\/strong>306 m\u00b3\/h (system air flow)<\/p>\n<p><strong>Special features:<\/strong> Certified indoor air quality: tested for VOC emissions, i.e. vapours of volatile organic compounds.<\/p>\n<\/div><\/div>\n<\/div>","protected":false},"excerpt":{"rendered":"<p>The \u201eSilen Space 2\u201c meeting box meets the highest standards in terms of sound insulation, air exchange and customisation options. As a premium meeting box with certified sound insulation class A (ISO 23351-1), the Silen Space 2 is demonstrably in the top league. This is achieved through extra-thick walls, high-quality soundproof glazing and the use of ecological foam and acoustic felt. With a floor area of 2.40 x 1.22 metres, the \u201eSilen Space 2\u201c is also significantly more spacious than normal 2-seater meeting boxes and can accommodate up to 4 people for a short meeting (1.16 metres deep in the internal dimensions). If this is too cramped for you, you can opt for the Plus version, which is approx. 50% deeper:\u00a0<a href=\"https:\/\/99cubes.de\/en\/products\/silen-space-2-plus-meetingbox-silen\/\">Silen Space 2 Plus meeting box | Silen<\/a>.<\/p>\n<p>Like all acoustic cubes in the Silen-Space series, there are extensive colour design options, including real wood veneer panelling.<\/p>\n<p><strong>Note:<\/strong> This meeting box belongs to the so-called 1st generation of the Silen-Space product series (<a href=\"https:\/\/99cubes.de\/en\/acoustic-cubes-silen-space\/\" target=\"_blank\" rel=\"noopener\">more info<\/a>). In March 2026, the 2nd generation of Silen Space was launched on the market - <a href=\"https:\/\/99cubes.de\/en\/the-silen-space-product-family-2-generation\/\" target=\"_blank\" rel=\"noopener\">All information on the revised Silen Space product series (2nd generation)<\/a>.<\/p>","protected":false},"featured_media":3444,"comment_status":"open","ping_status":"closed","template":"","meta":{"content-type":"","_uag_custom_page_level_css":""},"product_brand":[],"product_cat":[60],"product_tag":[],"class_list":{"0":"post-3443","1":"product","2":"type-product","3":"status-publish","4":"has-post-thumbnail","6":"product_cat-meetingboxen","7":"pa_anzahl-personen-2-personen","8":"pa_anzahl-personen-4-personen","9":"pa_belueftungssteuerung-individuell-steuerbar","10":"pa_belueftungssteuerung-vollautomatisch","11":"pa_breite-240-m","12":"pa_buchungstool-display-goconut-ready","13":"pa_einsatz-szenarien-buero","14":"pa_einsatz-szenarien-einzelhandel","15":"pa_einsatz-szenarien-flughafen-bahnhof","16":"pa_einsatz-szenarien-hotel","17":"pa_einsatz-szenarien-logistik","18":"pa_einsatz-szenarien-produktion","19":"pa_einsatz-szenarien-schule-universitaet","20":"pa_farbe-konfigurierbar","21":"pa_farbe-schwarz","22":"pa_farbe-weiss","23":"pa_flex-miete-verfuegbar-ja","24":"pa_gewicht-670-kg","25":"pa_hoehe-229-m","26":"pa_lan-kein-lan-anschluss","27":"pa_lan-lan-anschluss-als-sonderausstattung","28":"pa_lieferzeit-2-wochen-lieferzeit","29":"pa_luftaustausch-306-m-h-systemluftstrom","30":"pa_marke-silen","31":"pa_mobilitaet-mit-integrierten-bodenrollen","32":"pa_monitorhalterung-monitorhalterung-als-sonderausstattung","33":"pa_monitorhalterung-ohne-monitorhalterung","34":"pa_nachhaltigkeit-klimaneutral-hergestellt","35":"pa_preissegment-vier","36":"pa_schalldaemmung-vier-sterne","37":"pa_sitzen-oder-stehen-im-sitzen-niedrig-mit-stuhl-oder-bank","38":"pa_spezial-features-aussenwandfarbe-nachtraeglich-austauschbar","39":"pa_spezial-features-gs-tuev-zertifiziert","40":"pa_spezial-features-modular-verkettbar-aufteilbar","41":"pa_spezial-features-zertifizierte-innenraum-luftqualitaet","42":"pa_tiefe-122-m","43":"pa_verfuegbare-tisch-optionen-fixe-tischhoehe-sitzen","44":"pa_verwendung-meeting","45":"pa_verwendung-telefonieren","46":"pa_verwendung-video-call","48":"first","49":"instock","50":"taxable","51":"shipping-taxable","52":"purchasable","53":"product-type-simple"},"uagb_featured_image_src":{"full":["https:\/\/99cubes.de\/wp-content\/uploads\/2025\/01\/Premium-Meetingbox-Silen-Space-2-99cubes-3.jpg",1800,1200,false],"thumbnail":["https:\/\/99cubes.de\/wp-content\/uploads\/2025\/01\/Premium-Meetingbox-Silen-Space-2-99cubes-3-200x200.jpg",200,200,true],"medium":["https:\/\/99cubes.de\/wp-content\/uploads\/2025\/01\/Premium-Meetingbox-Silen-Space-2-99cubes-3-450x300.jpg",450,300,true],"medium_large":["https:\/\/99cubes.de\/wp-content\/uploads\/2025\/01\/Premium-Meetingbox-Silen-Space-2-99cubes-3-768x512.jpg",768,512,true],"large":["https:\/\/99cubes.de\/wp-content\/uploads\/2025\/01\/Premium-Meetingbox-Silen-Space-2-99cubes-3-1200x800.jpg",1140,760,true],"1536x1536":["https:\/\/99cubes.de\/wp-content\/uploads\/2025\/01\/Premium-Meetingbox-Silen-Space-2-99cubes-3-1536x1024.jpg",1536,1024,true],"2048x2048":["https:\/\/99cubes.de\/wp-content\/uploads\/2025\/01\/Premium-Meetingbox-Silen-Space-2-99cubes-3-2048x1366.jpg",1799,1200,true],"trp-custom-language-flag":["https:\/\/99cubes.de\/wp-content\/uploads\/2025\/01\/Premium-Meetingbox-Silen-Space-2-99cubes-3-18x12.jpg",18,12,true],"botiga-extra-large":["https:\/\/99cubes.de\/wp-content\/uploads\/2025\/01\/Premium-Meetingbox-Silen-Space-2-99cubes-3-1140x760.jpg",1140,760,true],"botiga-large":["https:\/\/99cubes.de\/wp-content\/uploads\/2025\/01\/Premium-Meetingbox-Silen-Space-2-99cubes-3-920x613.jpg",920,613,true],"botiga-big":["https:\/\/99cubes.de\/wp-content\/uploads\/2025\/01\/Premium-Meetingbox-Silen-Space-2-99cubes-3-575x383.jpg",575,383,true],"botiga-medium":["https:\/\/99cubes.de\/wp-content\/uploads\/2025\/01\/Premium-Meetingbox-Silen-Space-2-99cubes-3-380x253.jpg",380,253,true],"botiga-header-icons":["https:\/\/99cubes.de\/wp-content\/uploads\/2025\/01\/Premium-Meetingbox-Silen-Space-2-99cubes-3-50x50.jpg",50,50,true],"botiga-product-swatch-image":["https:\/\/99cubes.de\/wp-content\/uploads\/2025\/01\/Premium-Meetingbox-Silen-Space-2-99cubes-3-26x26.jpg",26,26,true],"woocommerce_thumbnail":["https:\/\/99cubes.de\/wp-content\/uploads\/2025\/01\/Premium-Meetingbox-Silen-Space-2-99cubes-3-420x420.jpg",420,420,true],"woocommerce_single":["https:\/\/99cubes.de\/wp-content\/uploads\/2025\/01\/Premium-Meetingbox-Silen-Space-2-99cubes-3-800x533.jpg",800,533,true],"woocommerce_gallery_thumbnail":["https:\/\/99cubes.de\/wp-content\/uploads\/2025\/01\/Premium-Meetingbox-Silen-Space-2-99cubes-3-100x100.jpg",100,100,true],"wpvr_mobile":["https:\/\/99cubes.de\/wp-content\/uploads\/2025\/01\/Premium-Meetingbox-Silen-Space-2-99cubes-3.jpg",1800,1200,false]},"uagb_author_info":{"display_name":"frank","author_link":"https:\/\/99cubes.de\/en\/author\/"},"uagb_comment_info":0,"uagb_excerpt":"Die Meetingbox \"Silen Space 2\" gen\u00fcgt h\u00f6chsten Anspr\u00fcchen, was Schalld\u00e4mmung, Luftaustausch und Individualisierungsm\u00f6glichkeiten angeht. Als Premium-Meetingbox mit der zertifizierten Schallschutzklasse A (ISO 23351-1) geh\u00f6rt die Silen Space 2 nachweislich zur Oberliga. Dies wird durch extra-dicke W\u00e4nde, hochwertige Schallschutz-Verglasung und die Verwendung von \u00f6kologischem Schaumstoff und Akustikfilz erreicht. Mit 2,40 x 1,22 Metern Grundfl\u00e4che ist die&hellip;","_links":{"self":[{"href":"https:\/\/99cubes.de\/en\/wp-json\/wp\/v2\/product\/3443","targetHints":{"allow":["GET"]}}],"collection":[{"href":"https:\/\/99cubes.de\/en\/wp-json\/wp\/v2\/product"}],"about":[{"href":"https:\/\/99cubes.de\/en\/wp-json\/wp\/v2\/types\/product"}],"replies":[{"embeddable":true,"href":"https:\/\/99cubes.de\/en\/wp-json\/wp\/v2\/comments?post=3443"}],"wp:featuredmedia":[{"embeddable":true,"href":"https:\/\/99cubes.de\/en\/wp-json\/wp\/v2\/media\/3444"}],"wp:attachment":[{"href":"https:\/\/99cubes.de\/en\/wp-json\/wp\/v2\/media?parent=3443"}],"wp:term":[{"taxonomy":"product_brand","embeddable":true,"href":"https:\/\/99cubes.de\/en\/wp-json\/wp\/v2\/product_brand?post=3443"},{"taxonomy":"product_cat","embeddable":true,"href":"https:\/\/99cubes.de\/en\/wp-json\/wp\/v2\/product_cat?post=3443"},{"taxonomy":"product_tag","embeddable":true,"href":"https:\/\/99cubes.de\/en\/wp-json\/wp\/v2\/product_tag?post=3443"}],"curies":[{"name":"wp","href":"https:\/\/api.w.org\/{rel}","templated":true}]}}