{"id":4031,"date":"2025-06-23T16:12:23","date_gmt":"2025-06-23T14:12:23","guid":{"rendered":"https:\/\/99cubes.de\/?post_type=product&#038;p=4031"},"modified":"2025-06-23T18:37:42","modified_gmt":"2025-06-23T16:37:42","slug":"telephone-box-work-box-aloha-studiobricks","status":"publish","type":"product","link":"https:\/\/99cubes.de\/en\/produkt\/telefonbox-arbeitsbox-aloha-studiobricks\/","title":{"rendered":"Telephone box\/work box ALOHA | Studiobricks"},"content":{"rendered":"<div class=\"su-accordion su-u-trim\">\n<div class=\"su-spoiler su-spoiler-style-default su-spoiler-icon-plus\" data-scroll-offset=\"0\" data-anchor-in-url=\"no\"><div class=\"su-spoiler-title\" tabindex=\"0\" role=\"button\"><span class=\"su-spoiler-icon\"><\/span><strong>About the ALOHA telephone boxes:<\/strong><\/div><div class=\"su-spoiler-content su-u-clearfix su-u-trim\">\n<p>The ALOHA soundproof booth from Studiobricks has a footprint of 1.06 x 1.38 metres and can be used either as a telephone box or as a work box, depending on the interior fittings selected. The following versions are available from us:<\/p>\n<ul>\n<li>ALOHA Standard: with closed rear panel<\/li>\n<li>ALOHA View: with glazed rear panel<\/li>\n<li>ALOHA Forklift: mounted on a steel frame \/ suitable for forklift trucks<\/li>\n<li>ALOHA Media: with recording setup - consisting of BassTrap (PET), monitor mount, monitor arm, copy stand, wall mount, mast adapter and microphone arm<\/li>\n<li>ALOHA Videocall: with height-adjustable monitor mount and monitor with touchscreen<\/li>\n<\/ul>\n<p>The appearance and colour design of the ALOHA telephone box can be customised:<\/p>\n<ul>\n<li>Walls in lacquer or laminate finish, large selection of colours<\/li>\n<li>Door and window frames configurable in different colours<\/li>\n<li>Sound absorbers made of PET or fabric - each in different colours<\/li>\n<li>Optional frosted glass effect on door \/ rear window (if available)<\/li>\n<li>Additional window on the right-hand side panel (availability dependent on configuration)<\/li>\n<li>Optionally with \"On Air\" sign, which indicates whether the box is currently occupied.<\/li>\n<\/ul>\n<\/div><\/div>\n<div class=\"su-spoiler su-spoiler-style-default su-spoiler-icon-plus su-spoiler-closed\" data-scroll-offset=\"0\" data-anchor-in-url=\"no\"><div class=\"su-spoiler-title\" tabindex=\"0\" role=\"button\"><span class=\"su-spoiler-icon\"><\/span><strong>Equipment:<\/strong><\/div><div class=\"su-spoiler-content su-u-clearfix su-u-trim\">\n<p>The interior is individually configurable and can be customised to suit many different application scenarios and requirements:<\/p>\n<ul>\n<li>Table optionally available in standing height, sitting height or electrically height-adjustable<\/li>\n<li>Integrated LED lighting LED with sensor<\/li>\n<li>Antistatic carpet (anthracite)<\/li>\n<li>Socket<\/li>\n<li>Additional connections for LAN, HDMI, USB-A\/C available at an extra charge<\/li>\n<li>VESA monitor mount available at an extra charge<\/li>\n<li>Matching soft or matching seat\/stool available at an extra charge (one or two stools available)<\/li>\n<li>Door with or without lock, optional electronic NFC lock available.<\/li>\n<li>Further interior fittings depending on the model variant selected<\/li>\n<\/ul>\n<\/div><\/div>\n<div class=\"su-spoiler su-spoiler-style-default su-spoiler-icon-plus su-spoiler-closed\" data-scroll-offset=\"0\" data-anchor-in-url=\"no\"><div class=\"su-spoiler-title\" tabindex=\"0\" role=\"button\"><span class=\"su-spoiler-icon\"><\/span><strong>Dimensions and weight:<\/strong><\/div><div class=\"su-spoiler-content su-u-clearfix su-u-trim\">\n<ul>\n<li>External dimensions 106 x 138 x 226 cm<\/li>\n<li>Internal dimensions 90 x 120 x 210 cm<\/li>\n<li>Minimum ceiling height 240 cm<\/li>\n<li>Weight 435 kg<\/li>\n<\/ul>\n<\/div><\/div>\n<div class=\"su-spoiler su-spoiler-style-default su-spoiler-icon-plus su-spoiler-closed\" data-scroll-offset=\"0\" data-anchor-in-url=\"no\"><div class=\"su-spoiler-title\" tabindex=\"0\" role=\"button\"><span class=\"su-spoiler-icon\"><\/span><strong>Acoustic data and ventilation:<\/strong><\/div><div class=\"su-spoiler-content su-u-clearfix su-u-trim\">\n<p>The acoustic insulation values of Studiobricks are something like the gold standard in the industry. Studiobricks soundproof booths achieve 45 dB in the test - averaged over all sound frequencies and measured from the inside to the outside (the insulation is slightly less pronounced from the outside to the inside). See also our notes on the selection criterion <a href=\"https:\/\/99cubes.de\/en\/sound-insulation\/\">Sound insulation<\/a>. The high sound insulation of Studiobricks is achieved by the following components:<\/p>\n<ul>\n<li>8 cm thick wall panels made of several layers and pressed acoustic material<\/li>\n<li>Acoustic absorber inside<\/li>\n<li>Acoustic glass door with soundproof locking by lifting the door handle<\/li>\n<li>Soundproofed ventilation: Integrated, extremely quiet fan in double design (fan only, no air conditioning)<\/li>\n<li>Nominal air exchange 177 m\u00b3\/h, see also selection criterion <a href=\"https:\/\/99cubes.de\/en\/air-exchange\/\">Air exchange<\/a><\/li>\n<\/ul>\n<\/div><\/div>\n<\/div>","protected":false},"excerpt":{"rendered":"<p>The Spanish manufacturer Studiobricks has made a name for itself with highly specialised solutions for the audio and music industry. The company's roots lie in a sector in which acoustic perfection is a top priority and the requirements for sound insulation and sound quality go far beyond what is required in normal office environments. This expertise is also reflected in the Studiobricks office product line, which boasts outstanding sound insulation values and satisfies even the most demanding customers. It is therefore not surprising that Studiobricks' soundproof booths set new standards in terms of acoustics and clearly stand out from conventional solutions. Incidentally, the office product line from Studiobricks is not only suitable for use in offices: Studiobricks also offers perfect solutions for soundproofed retreats, especially for production and logistics halls with increased noise levels - even in a version that can be moved using a forklift truck if required!<\/p>\n<p>The ALOHA soundproof booth from Studiobricks has a footprint of 1.06 x 1.38 metres and can be used either as a telephone box or as a work box, depending on the interior fittings selected. The following versions are available from us:<\/p>\n<ul>\n<li>ALOHA Standard: with closed rear panel<\/li>\n<li>ALOHA View: with glazed rear panel<\/li>\n<li>ALOHA Forklift: mounted on a steel frame \/ suitable for forklift trucks<\/li>\n<li>ALOHA Media: with recording setup - consisting of BassTrap (PET), monitor mount, monitor arm, copy stand, wall mount, mast adapter and microphone arm<\/li>\n<li>ALOHA Videocall: with height-adjustable monitor mount and monitor with touchscreen<\/li>\n<\/ul>\n<p>The ALOHA telephone box can be individually configured; other colours, other materials and furniture (stool\/sofa) are available for an additional charge. We will be happy to advise you on the options relevant to you!<\/p>","protected":false},"featured_media":4032,"comment_status":"open","ping_status":"closed","template":"","meta":{"content-type":"","_uag_custom_page_level_css":""},"product_brand":[],"product_cat":[180,61],"product_tag":[],"class_list":{"0":"post-4031","1":"product","2":"type-product","3":"status-publish","4":"has-post-thumbnail","6":"product_cat-arbeitsbox","7":"product_cat-telefonbox","8":"pa_anzahl-personen-1-person","9":"pa_belueftungssteuerung-vollautomatisch","10":"pa_breite-138-m","11":"pa_buchungstool-display-goconut-ready","12":"pa_einsatz-szenarien-buero","13":"pa_einsatz-szenarien-flughafen-bahnhof","14":"pa_einsatz-szenarien-logistik","15":"pa_einsatz-szenarien-podcasts","16":"pa_einsatz-szenarien-produktion","17":"pa_farbe-konfigurierbar","18":"pa_farbe-schwarz","19":"pa_farbe-weiss","20":"pa_flex-miete-verfuegbar-auf-anfrage","21":"pa_gewicht-435-kg","22":"pa_hoehe-226-m","23":"pa_lan-kein-lan-anschluss","24":"pa_lan-lan-anschluss-als-sonderausstattung","25":"pa_lieferzeit-8-bis-12-wochen-lieferzeit","26":"pa_luftaustausch-177-m-h-nominell","27":"pa_marke-studiobricks","28":"pa_mobilitaet-gabelstapler-konfiguration-als-sonderausstattung","29":"pa_mobilitaet-keine","30":"pa_monitorhalterung-monitorhalterung-als-sonderausstattung","31":"pa_monitorhalterung-ohne-monitorhalterung","32":"pa_preissegment-vier","33":"pa_schalldaemmung-fuenf-sterne","34":"pa_sitzen-oder-stehen-im-sitzen-hoch-mit-hocker","35":"pa_sitzen-oder-stehen-im-sitzen-niedrig-mit-stuhl-oder-bank","36":"pa_sitzen-oder-stehen-im-stehen","37":"pa_spezial-features-feuchtigkeitsbestaendig","38":"pa_spezial-features-gabelstapler-tauglich","39":"pa_spezial-features-klimaanlage","40":"pa_spezial-features-media-innenausstattung","41":"pa_spezial-features-video-call-ausstattung","42":"pa_spezial-features-zertifikat-erdbebensicher","43":"pa_tiefe-106-m","44":"pa_verfuegbare-tisch-optionen-fixe-tischhoehe-sitzen","45":"pa_verfuegbare-tisch-optionen-fixe-tischhoehe-stehen","46":"pa_verfuegbare-tisch-optionen-variable-tischhoehe-elektrisch-verstellbar","47":"pa_verwendung-konzentriertes-arbeiten","48":"pa_verwendung-telefonieren","49":"pa_verwendung-tonaufnahme","50":"pa_verwendung-video-call","52":"first","53":"instock","54":"taxable","55":"shipping-taxable","56":"purchasable","57":"product-type-simple"},"uagb_featured_image_src":{"full":["https:\/\/99cubes.de\/wp-content\/uploads\/2025\/06\/Arbeitsbox-Studiobricks-ALOHA-white-edition-ambiente.jpg",1200,1200,false],"thumbnail":["https:\/\/99cubes.de\/wp-content\/uploads\/2025\/06\/Arbeitsbox-Studiobricks-ALOHA-white-edition-ambiente-200x200.jpg",200,200,true],"medium":["https:\/\/99cubes.de\/wp-content\/uploads\/2025\/06\/Arbeitsbox-Studiobricks-ALOHA-white-edition-ambiente-450x450.jpg",450,450,true],"medium_large":["https:\/\/99cubes.de\/wp-content\/uploads\/2025\/06\/Arbeitsbox-Studiobricks-ALOHA-white-edition-ambiente-768x768.jpg",768,768,true],"large":["https:\/\/99cubes.de\/wp-content\/uploads\/2025\/06\/Arbeitsbox-Studiobricks-ALOHA-white-edition-ambiente-1200x1200.jpg",1140,1140,true],"1536x1536":["https:\/\/99cubes.de\/wp-content\/uploads\/2025\/06\/Arbeitsbox-Studiobricks-ALOHA-white-edition-ambiente-1536x1536.jpg",1200,1200,true],"2048x2048":["https:\/\/99cubes.de\/wp-content\/uploads\/2025\/06\/Arbeitsbox-Studiobricks-ALOHA-white-edition-ambiente-2048x2048.jpg",1200,1200,true],"trp-custom-language-flag":["https:\/\/99cubes.de\/wp-content\/uploads\/2025\/06\/Arbeitsbox-Studiobricks-ALOHA-white-edition-ambiente-12x12.jpg",12,12,true],"botiga-extra-large":["https:\/\/99cubes.de\/wp-content\/uploads\/2025\/06\/Arbeitsbox-Studiobricks-ALOHA-white-edition-ambiente-1140x1140.jpg",1140,1140,true],"botiga-large":["https:\/\/99cubes.de\/wp-content\/uploads\/2025\/06\/Arbeitsbox-Studiobricks-ALOHA-white-edition-ambiente-920x920.jpg",920,920,true],"botiga-big":["https:\/\/99cubes.de\/wp-content\/uploads\/2025\/06\/Arbeitsbox-Studiobricks-ALOHA-white-edition-ambiente-575x575.jpg",575,575,true],"botiga-medium":["https:\/\/99cubes.de\/wp-content\/uploads\/2025\/06\/Arbeitsbox-Studiobricks-ALOHA-white-edition-ambiente-380x380.jpg",380,380,true],"botiga-header-icons":["https:\/\/99cubes.de\/wp-content\/uploads\/2025\/06\/Arbeitsbox-Studiobricks-ALOHA-white-edition-ambiente-50x50.jpg",50,50,true],"botiga-product-swatch-image":["https:\/\/99cubes.de\/wp-content\/uploads\/2025\/06\/Arbeitsbox-Studiobricks-ALOHA-white-edition-ambiente-26x26.jpg",26,26,true],"woocommerce_thumbnail":["https:\/\/99cubes.de\/wp-content\/uploads\/2025\/06\/Arbeitsbox-Studiobricks-ALOHA-white-edition-ambiente-420x420.jpg",420,420,true],"woocommerce_single":["https:\/\/99cubes.de\/wp-content\/uploads\/2025\/06\/Arbeitsbox-Studiobricks-ALOHA-white-edition-ambiente-800x800.jpg",800,800,true],"woocommerce_gallery_thumbnail":["https:\/\/99cubes.de\/wp-content\/uploads\/2025\/06\/Arbeitsbox-Studiobricks-ALOHA-white-edition-ambiente-100x100.jpg",100,100,true],"wpvr_mobile":["https:\/\/99cubes.de\/wp-content\/uploads\/2025\/06\/Arbeitsbox-Studiobricks-ALOHA-white-edition-ambiente-2048x2048.jpg",2048,2048,true]},"uagb_author_info":{"display_name":"frank","author_link":"https:\/\/99cubes.de\/en\/author\/"},"uagb_comment_info":0,"uagb_excerpt":"Der spanische Hersteller Studiobricks hat sich einen Namen mit hochspezialisierten L\u00f6sungen f\u00fcr die Audio- und Musikbranche gemacht. Die Wurzeln des Unternehmens liegen in einem Sektor, in dem akustische Perfektion oberste Priorit\u00e4t genie\u00dft und die Anforderungen an Schallschutz sowie Klangqualit\u00e4t weit \u00fcber das hinausgehen, was in gew\u00f6hnlichen B\u00fcroumgebungen erforderlich ist. Diese Expertise spiegelt sich auch in&hellip;","_links":{"self":[{"href":"https:\/\/99cubes.de\/en\/wp-json\/wp\/v2\/product\/4031","targetHints":{"allow":["GET"]}}],"collection":[{"href":"https:\/\/99cubes.de\/en\/wp-json\/wp\/v2\/product"}],"about":[{"href":"https:\/\/99cubes.de\/en\/wp-json\/wp\/v2\/types\/product"}],"replies":[{"embeddable":true,"href":"https:\/\/99cubes.de\/en\/wp-json\/wp\/v2\/comments?post=4031"}],"wp:featuredmedia":[{"embeddable":true,"href":"https:\/\/99cubes.de\/en\/wp-json\/wp\/v2\/media\/4032"}],"wp:attachment":[{"href":"https:\/\/99cubes.de\/en\/wp-json\/wp\/v2\/media?parent=4031"}],"wp:term":[{"taxonomy":"product_brand","embeddable":true,"href":"https:\/\/99cubes.de\/en\/wp-json\/wp\/v2\/product_brand?post=4031"},{"taxonomy":"product_cat","embeddable":true,"href":"https:\/\/99cubes.de\/en\/wp-json\/wp\/v2\/product_cat?post=4031"},{"taxonomy":"product_tag","embeddable":true,"href":"https:\/\/99cubes.de\/en\/wp-json\/wp\/v2\/product_tag?post=4031"}],"curies":[{"name":"wp","href":"https:\/\/api.w.org\/{rel}","templated":true}]}}