{"id":4305,"date":"2025-09-17T11:01:08","date_gmt":"2025-09-17T09:01:08","guid":{"rendered":"https:\/\/99cubes.de\/?post_type=product&#038;p=4305"},"modified":"2025-11-21T09:04:43","modified_gmt":"2025-11-21T08:04:43","slug":"control-panel-control-panel-silen","status":"publish","type":"product","link":"https:\/\/99cubes.de\/en\/produkt\/control-panel-steuerungspanel-silen\/","title":{"rendered":"Control Panel | Silen"},"content":{"rendered":"<div class=\"su-accordion su-u-trim\">\n<div class=\"su-spoiler su-spoiler-style-default su-spoiler-icon-plus\" data-scroll-offset=\"0\" data-anchor-in-url=\"no\"><div class=\"su-spoiler-title\" tabindex=\"0\" role=\"button\"><span class=\"su-spoiler-icon\"><\/span><strong>Properties<\/strong><\/div><div class=\"su-spoiler-content su-u-clearfix su-u-trim\">\n<p><img loading=\"lazy\" decoding=\"async\" class=\"alignright wp-image-3488 size-medium\" src=\"https:\/\/99cubes.de\/wp-content\/uploads\/2025\/01\/Premium-Meetingbox-Silen-Space-Serie-Control-450x366.jpg\" alt=\"\" width=\"450\" height=\"366\" srcset=\"https:\/\/99cubes.de\/wp-content\/uploads\/2025\/01\/Premium-Meetingbox-Silen-Space-Serie-Control-450x366.jpg 450w, https:\/\/99cubes.de\/wp-content\/uploads\/2025\/01\/Premium-Meetingbox-Silen-Space-Serie-Control-1200x977.jpg 1200w, https:\/\/99cubes.de\/wp-content\/uploads\/2025\/01\/Premium-Meetingbox-Silen-Space-Serie-Control-768x625.jpg 768w, https:\/\/99cubes.de\/wp-content\/uploads\/2025\/01\/Premium-Meetingbox-Silen-Space-Serie-Control-15x12.jpg 15w, https:\/\/99cubes.de\/wp-content\/uploads\/2025\/01\/Premium-Meetingbox-Silen-Space-Serie-Control-1140x928.jpg 1140w, https:\/\/99cubes.de\/wp-content\/uploads\/2025\/01\/Premium-Meetingbox-Silen-Space-Serie-Control-920x749.jpg 920w, https:\/\/99cubes.de\/wp-content\/uploads\/2025\/01\/Premium-Meetingbox-Silen-Space-Serie-Control-575x468.jpg 575w, https:\/\/99cubes.de\/wp-content\/uploads\/2025\/01\/Premium-Meetingbox-Silen-Space-Serie-Control-380x309.jpg 380w, https:\/\/99cubes.de\/wp-content\/uploads\/2025\/01\/Premium-Meetingbox-Silen-Space-Serie-Control-800x651.jpg 800w, https:\/\/99cubes.de\/wp-content\/uploads\/2025\/01\/Premium-Meetingbox-Silen-Space-Serie-Control.jpg 1278w\" sizes=\"auto, (max-width: 450px) 100vw, 450px\" \/><\/p>\n<ul>\n<li>Convenient and easy-to-use touchscreen.<\/li>\n<li>Adjustable fan settings for more airflow or maximum quietness. In larger pods, the automatic ventilation is optimised for full occupancy, but if only one person is using the pod, the airflow can be reduced via the control panel to minimise ventilation noise.<\/li>\n<li>Lighting settings, including brightness control and light temperature, to create the perfect atmosphere.<\/li>\n<li>Dimensions approx. 120 x 80 mm<\/li>\n<\/ul>\n<\/div><\/div>\n<div class=\"su-spoiler su-spoiler-style-default su-spoiler-icon-plus su-spoiler-closed\" data-scroll-offset=\"0\" data-anchor-in-url=\"no\"><div class=\"su-spoiler-title\" tabindex=\"0\" role=\"button\"><span class=\"su-spoiler-icon\"><\/span><strong>Other options (availability depends on the model selected)<\/strong><\/div><div class=\"su-spoiler-content su-u-clearfix su-u-trim\">\n<ul>\n<li>Video conference mode for one-touch lighting adjustment, ideal for online meetings (availability depends on model selected).<\/li>\n<li>Option to adjust the face and ceiling lighting for personalised lighting (availability depends on the model selected).<\/li>\n<li>The optional ZEN functionality is also available separately - it includes ambient lighting, private smart glass and immersive soundscapes such as meditative music, rainforest sounds or ocean sounds (availability depends on the model selected).<\/li>\n<\/ul>\n<\/div><\/div>\n<\/div>","protected":false},"excerpt":{"rendered":"<p>The intuitive control panel from Silen gives you full control over the comfort and efficiency of your acoustic cube. Available in the product series <a href=\"https:\/\/99cubes.de\/en\/the-chatbox-acoustic-cubes-from-silen\/\">Silen Chatbox<\/a> and <a href=\"https:\/\/99cubes.de\/en\/acoustic-cubes-silen-space\/\">Silen Space<\/a>.<\/p>\n<ul>\n<li>Improves the user experience - A comfortable pod promotes longer and more productive use.<\/li>\n<li>Energy efficiency - automation reduces unnecessary power consumption and lowers operating costs.<\/li>\n<li>Customisable to the needs of the user - flexible for different office cultures and working styles.<\/li>\n<\/ul>\n<p><strong>Note:<\/strong> The control panel is usually already included in the Silen acoustic cubes we offer! Retrofitting may be technically possible and we will be happy to check this for you.<\/p>","protected":false},"featured_media":4306,"comment_status":"open","ping_status":"closed","template":"","meta":{"content-type":"","_uag_custom_page_level_css":""},"product_brand":[],"product_cat":[67],"product_tag":[],"class_list":{"0":"post-4305","1":"product","2":"type-product","3":"status-publish","4":"has-post-thumbnail","6":"product_cat-zubehoer","7":"pa_belueftungssteuerung-individuell-steuerbar","8":"pa_farbe-schwarz","9":"pa_marke-silen","11":"first","12":"instock","13":"taxable","14":"shipping-taxable","15":"purchasable","16":"product-type-simple"},"uagb_featured_image_src":{"full":["https:\/\/99cubes.de\/wp-content\/uploads\/2025\/09\/Silen-Control-Panel-Main-Screen.jpg",1201,1200,false],"thumbnail":["https:\/\/99cubes.de\/wp-content\/uploads\/2025\/09\/Silen-Control-Panel-Main-Screen-200x200.jpg",200,200,true],"medium":["https:\/\/99cubes.de\/wp-content\/uploads\/2025\/09\/Silen-Control-Panel-Main-Screen-450x450.jpg",450,450,true],"medium_large":["https:\/\/99cubes.de\/wp-content\/uploads\/2025\/09\/Silen-Control-Panel-Main-Screen-768x767.jpg",768,767,true],"large":["https:\/\/99cubes.de\/wp-content\/uploads\/2025\/09\/Silen-Control-Panel-Main-Screen-1200x1200.jpg",1140,1140,true],"1536x1536":["https:\/\/99cubes.de\/wp-content\/uploads\/2025\/09\/Silen-Control-Panel-Main-Screen.jpg",1201,1200,false],"2048x2048":["https:\/\/99cubes.de\/wp-content\/uploads\/2025\/09\/Silen-Control-Panel-Main-Screen.jpg",1201,1200,false],"trp-custom-language-flag":["https:\/\/99cubes.de\/wp-content\/uploads\/2025\/09\/Silen-Control-Panel-Main-Screen-12x12.jpg",12,12,true],"botiga-extra-large":["https:\/\/99cubes.de\/wp-content\/uploads\/2025\/09\/Silen-Control-Panel-Main-Screen-1140x1139.jpg",1140,1139,true],"botiga-large":["https:\/\/99cubes.de\/wp-content\/uploads\/2025\/09\/Silen-Control-Panel-Main-Screen-920x919.jpg",920,919,true],"botiga-big":["https:\/\/99cubes.de\/wp-content\/uploads\/2025\/09\/Silen-Control-Panel-Main-Screen-575x575.jpg",575,575,true],"botiga-medium":["https:\/\/99cubes.de\/wp-content\/uploads\/2025\/09\/Silen-Control-Panel-Main-Screen-380x380.jpg",380,380,true],"botiga-header-icons":["https:\/\/99cubes.de\/wp-content\/uploads\/2025\/09\/Silen-Control-Panel-Main-Screen-50x50.jpg",50,50,true],"botiga-product-swatch-image":["https:\/\/99cubes.de\/wp-content\/uploads\/2025\/09\/Silen-Control-Panel-Main-Screen-26x26.jpg",26,26,true],"woocommerce_thumbnail":["https:\/\/99cubes.de\/wp-content\/uploads\/2025\/09\/Silen-Control-Panel-Main-Screen-420x420.jpg",420,420,true],"woocommerce_single":["https:\/\/99cubes.de\/wp-content\/uploads\/2025\/09\/Silen-Control-Panel-Main-Screen-800x799.jpg",800,799,true],"woocommerce_gallery_thumbnail":["https:\/\/99cubes.de\/wp-content\/uploads\/2025\/09\/Silen-Control-Panel-Main-Screen-100x100.jpg",100,100,true],"wpvr_mobile":["https:\/\/99cubes.de\/wp-content\/uploads\/2025\/09\/Silen-Control-Panel-Main-Screen.jpg",1201,1200,false]},"uagb_author_info":{"display_name":"frank","author_link":"https:\/\/99cubes.de\/en\/author\/"},"uagb_comment_info":0,"uagb_excerpt":"Mit dem intuitiv bedienbaren Control Panel von Silen erh\u00e4ltst du volle Kontrolle \u00fcber Komfort und Effizienz in deinem Akustik-Cube. Verf\u00fcgbar in den Produktserien Silen Chatbox und Silen Space. Verbessert die Benutzererfahrung \u2013 Ein komfortabler Pod f\u00f6rdert eine l\u00e4ngere und produktivere Nutzung. Energieeffizienz \u2013 Automatisierungen reduzieren unn\u00f6tigen Stromverbrauch und senken die Betriebskosten. An die Bed\u00fcrfnisse der&hellip;","_links":{"self":[{"href":"https:\/\/99cubes.de\/en\/wp-json\/wp\/v2\/product\/4305","targetHints":{"allow":["GET"]}}],"collection":[{"href":"https:\/\/99cubes.de\/en\/wp-json\/wp\/v2\/product"}],"about":[{"href":"https:\/\/99cubes.de\/en\/wp-json\/wp\/v2\/types\/product"}],"replies":[{"embeddable":true,"href":"https:\/\/99cubes.de\/en\/wp-json\/wp\/v2\/comments?post=4305"}],"wp:featuredmedia":[{"embeddable":true,"href":"https:\/\/99cubes.de\/en\/wp-json\/wp\/v2\/media\/4306"}],"wp:attachment":[{"href":"https:\/\/99cubes.de\/en\/wp-json\/wp\/v2\/media?parent=4305"}],"wp:term":[{"taxonomy":"product_brand","embeddable":true,"href":"https:\/\/99cubes.de\/en\/wp-json\/wp\/v2\/product_brand?post=4305"},{"taxonomy":"product_cat","embeddable":true,"href":"https:\/\/99cubes.de\/en\/wp-json\/wp\/v2\/product_cat?post=4305"},{"taxonomy":"product_tag","embeddable":true,"href":"https:\/\/99cubes.de\/en\/wp-json\/wp\/v2\/product_tag?post=4305"}],"curies":[{"name":"wp","href":"https:\/\/api.w.org\/{rel}","templated":true}]}}