{"id":4312,"date":"2025-09-17T12:18:53","date_gmt":"2025-09-17T10:18:53","guid":{"rendered":"https:\/\/99cubes.de\/?post_type=product&#038;p=4312"},"modified":"2025-11-21T09:04:35","modified_gmt":"2025-11-21T08:04:35","slug":"sprinkler-preparation-silen","status":"publish","type":"product","link":"https:\/\/99cubes.de\/en\/produkt\/sprinkler-vorbereitung-silen\/","title":{"rendered":"Sprinkler preparation | Silen"},"content":{"rendered":"<div class=\"su-accordion su-u-trim\">\n<div class=\"su-spoiler su-spoiler-style-default su-spoiler-icon-plus\" data-scroll-offset=\"0\" data-anchor-in-url=\"no\"><div class=\"su-spoiler-title\" tabindex=\"0\" role=\"button\"><span class=\"su-spoiler-icon\"><\/span><strong>Properties<\/strong><\/div><div class=\"su-spoiler-content su-u-clearfix su-u-trim\">\n<ul>\n<li>Recess with internal pipework in the ceiling module, designed to accommodate a sprinkler<\/li>\n<li>Inner diameter of the opening: 42 mm; diameter of the opening at the top: 60 mm<\/li>\n<li>Sprinkler head not included - must be installed by a certified local fire protection provider<\/li>\n<li>No possibility of retrofitting<\/li>\n<\/ul>\n<\/div><\/div>\n<\/div>","protected":false},"excerpt":{"rendered":"<p>In some cases, building regulations or fire protection requirements mean that telephone and meeting boxes have to be connected to the sprinkler systems in the building (listed buildings, etc.). This is not a problem with Silen acoustic cubes - they can be prepared at the factory by drilling holes in the ceiling.<\/p>\n<p>Optionally available for the product series <a href=\"https:\/\/99cubes.de\/en\/the-chatbox-acoustic-cubes-from-silen\/\">Silen Chatbox<\/a> and <a href=\"https:\/\/99cubes.de\/en\/acoustic-cubes-silen-space\/\">Silen Space<\/a>.<\/p>\n<p>The \"Sprinkler Prep\" option includes all the preparatory work required for a certified fire protection specialist to connect a sprinkler head to the ceiling of the pod.<br \/>\nThis feature ensures smoother coordination with the building's fire safety requirements and supports seamless integration into regulated environments.<\/p>\n<p><strong>Note:<\/strong> Retrofitting is not technically possible.<\/p>","protected":false},"featured_media":4313,"comment_status":"open","ping_status":"closed","template":"","meta":{"content-type":"","_uag_custom_page_level_css":""},"product_brand":[],"product_cat":[67],"product_tag":[],"class_list":{"0":"post-4312","1":"product","2":"type-product","3":"status-publish","4":"has-post-thumbnail","6":"product_cat-zubehoer","7":"pa_marke-silen","9":"first","10":"instock","11":"taxable","12":"shipping-taxable","13":"purchasable","14":"product-type-simple"},"uagb_featured_image_src":{"full":["https:\/\/99cubes.de\/wp-content\/uploads\/2025\/09\/Silen-Sprinkler-Prep-2.jpg",937,938,false],"thumbnail":["https:\/\/99cubes.de\/wp-content\/uploads\/2025\/09\/Silen-Sprinkler-Prep-2-200x200.jpg",200,200,true],"medium":["https:\/\/99cubes.de\/wp-content\/uploads\/2025\/09\/Silen-Sprinkler-Prep-2-450x450.jpg",450,450,true],"medium_large":["https:\/\/99cubes.de\/wp-content\/uploads\/2025\/09\/Silen-Sprinkler-Prep-2-768x769.jpg",768,769,true],"large":["https:\/\/99cubes.de\/wp-content\/uploads\/2025\/09\/Silen-Sprinkler-Prep-2.jpg",937,938,false],"1536x1536":["https:\/\/99cubes.de\/wp-content\/uploads\/2025\/09\/Silen-Sprinkler-Prep-2.jpg",937,938,false],"2048x2048":["https:\/\/99cubes.de\/wp-content\/uploads\/2025\/09\/Silen-Sprinkler-Prep-2.jpg",937,938,false],"trp-custom-language-flag":["https:\/\/99cubes.de\/wp-content\/uploads\/2025\/09\/Silen-Sprinkler-Prep-2-12x12.jpg",12,12,true],"botiga-extra-large":["https:\/\/99cubes.de\/wp-content\/uploads\/2025\/09\/Silen-Sprinkler-Prep-2.jpg",937,938,false],"botiga-large":["https:\/\/99cubes.de\/wp-content\/uploads\/2025\/09\/Silen-Sprinkler-Prep-2-920x921.jpg",920,921,true],"botiga-big":["https:\/\/99cubes.de\/wp-content\/uploads\/2025\/09\/Silen-Sprinkler-Prep-2-575x576.jpg",575,576,true],"botiga-medium":["https:\/\/99cubes.de\/wp-content\/uploads\/2025\/09\/Silen-Sprinkler-Prep-2-380x380.jpg",380,380,true],"botiga-header-icons":["https:\/\/99cubes.de\/wp-content\/uploads\/2025\/09\/Silen-Sprinkler-Prep-2-50x50.jpg",50,50,true],"botiga-product-swatch-image":["https:\/\/99cubes.de\/wp-content\/uploads\/2025\/09\/Silen-Sprinkler-Prep-2-26x26.jpg",26,26,true],"woocommerce_thumbnail":["https:\/\/99cubes.de\/wp-content\/uploads\/2025\/09\/Silen-Sprinkler-Prep-2-420x420.jpg",420,420,true],"woocommerce_single":["https:\/\/99cubes.de\/wp-content\/uploads\/2025\/09\/Silen-Sprinkler-Prep-2-800x801.jpg",800,801,true],"woocommerce_gallery_thumbnail":["https:\/\/99cubes.de\/wp-content\/uploads\/2025\/09\/Silen-Sprinkler-Prep-2-100x100.jpg",100,100,true],"wpvr_mobile":["https:\/\/99cubes.de\/wp-content\/uploads\/2025\/09\/Silen-Sprinkler-Prep-2.jpg",937,938,false]},"uagb_author_info":{"display_name":"frank","author_link":"https:\/\/99cubes.de\/en\/author\/"},"uagb_comment_info":0,"uagb_excerpt":"In einigen F\u00e4llen sorgen bauliche Vorschriften bzw. Vorgaben aus dem Feuerschutz daf\u00fcr, dass Telefon- und Meetingboxen an die im Geb\u00e4ude vorhandenen Sprinkler-Anlagen angeschlossen werden m\u00fcssen (Denkmalschutz etc.). Bei Akustik-Cubes von Silen ist dies kein Problem - diese k\u00f6nnen werksseitig durch Bohrungen in der Decke entsprechend vorbereitet werden. Optional erh\u00e4ltlich bei den Produktserien Silen Chatbox und&hellip;","_links":{"self":[{"href":"https:\/\/99cubes.de\/en\/wp-json\/wp\/v2\/product\/4312","targetHints":{"allow":["GET"]}}],"collection":[{"href":"https:\/\/99cubes.de\/en\/wp-json\/wp\/v2\/product"}],"about":[{"href":"https:\/\/99cubes.de\/en\/wp-json\/wp\/v2\/types\/product"}],"replies":[{"embeddable":true,"href":"https:\/\/99cubes.de\/en\/wp-json\/wp\/v2\/comments?post=4312"}],"wp:featuredmedia":[{"embeddable":true,"href":"https:\/\/99cubes.de\/en\/wp-json\/wp\/v2\/media\/4313"}],"wp:attachment":[{"href":"https:\/\/99cubes.de\/en\/wp-json\/wp\/v2\/media?parent=4312"}],"wp:term":[{"taxonomy":"product_brand","embeddable":true,"href":"https:\/\/99cubes.de\/en\/wp-json\/wp\/v2\/product_brand?post=4312"},{"taxonomy":"product_cat","embeddable":true,"href":"https:\/\/99cubes.de\/en\/wp-json\/wp\/v2\/product_cat?post=4312"},{"taxonomy":"product_tag","embeddable":true,"href":"https:\/\/99cubes.de\/en\/wp-json\/wp\/v2\/product_tag?post=4312"}],"curies":[{"name":"wp","href":"https:\/\/api.w.org\/{rel}","templated":true}]}}