{"id":4830,"date":"2026-04-30T15:04:24","date_gmt":"2026-04-30T13:04:24","guid":{"rendered":"https:\/\/99cubes.de\/?post_type=product&#038;p=4830"},"modified":"2026-05-13T11:52:58","modified_gmt":"2026-05-13T09:52:58","slug":"arbeitsbox-bosselino-work-bosse","status":"publish","type":"product","link":"https:\/\/99cubes.de\/en\/produkt\/arbeitsbox-bosselino-work-bosse\/","title":{"rendered":"Arbeitsbox Bosselino Work | Bosse"},"content":{"rendered":"<div class=\"su-accordion su-u-trim\">\n<div class=\"su-spoiler su-spoiler-style-default su-spoiler-icon-plus\" data-scroll-offset=\"0\" data-anchor-in-url=\"no\"><div class=\"su-spoiler-title\" tabindex=\"0\" role=\"button\"><span class=\"su-spoiler-icon\"><\/span><strong>Info on the Bosselino series<\/strong><\/div><div class=\"su-spoiler-content su-u-clearfix su-u-trim\">\n<p>Bosse geh\u00f6rt schon seit den 1990ern zu den Pionieren im Bereich der Raum-in-Raum-Systeme und hat daher mittlerweile jahrzehntelange Erfahrung bei der Strukturierung von Gro\u00dfraumb\u00fcros. Nach dem Erfolg der (schwarzen) Telefonbox Bosselino hat Bosse dieses Produkt zun\u00e4chst in helleren Farben neu aufgelegt, seit Mitte 2026 ist die Bosselino-Serie aber auch als &#8222;Black Edition&#8220; erh\u00e4ltlich. Die Produktserie besteht aktuell aus der Telefonbox &#8222;Bosselino Uno&#8220;, der auf zwei Personen ausgelegten Meetingbox &#8222;Bosselino Duo&#8220; sowie der Arbeitsbox &#8222;Bosselino Work&#8220;.<\/p>\n<p><strong>Climate-neutral production:<\/strong> The Bosselino product range is produced climate-neutrally in Germany!<\/p>\n<\/div><\/div>\n<div class=\"su-spoiler su-spoiler-style-default su-spoiler-icon-plus su-spoiler-closed\" data-scroll-offset=\"0\" data-anchor-in-url=\"no\"><div class=\"su-spoiler-title\" tabindex=\"0\" role=\"button\"><span class=\"su-spoiler-icon\"><\/span><strong>Equipment:<\/strong><\/div><div class=\"su-spoiler-content su-u-clearfix su-u-trim\">\n<ul>\n<li>Electrical installation via Plug &amp; Play system<\/li>\n<li>Integrated ventilation with 3 low-noise fans<\/li>\n<li>Energieeffiziente LED-Beleuchtung \u00fcber dem Arbeitsplatz<\/li>\n<li>Moderne Elektro-Power: 1x USB-Laden A+C mit 65 Watt Leistung, die eine herk\u00f6mmliche Schuko-Steckdose \u00fcberfl\u00fcssig machen (geeignetes Laptop vorausgesetzt)<\/li>\n<li>Vollverglaste Front, bestehend aus Fenster + Glast\u00fcr aus 8 mm ESG<\/li>\n<li>mechanisch h\u00f6henverstellbarer Tisch in Melamin Holzdekor &#8222;Lindberg Eiche&#8220;<\/li>\n<li>Sturdy base plate with acoustically effective felt carpet<\/li>\n<li>Suspended ceiling<\/li>\n<li>Height levelling for uneven floors up to 15 mm<\/li>\n<li>Colour scheme: Exterior walls white, interior walls PET felt \u201elight khaki\u201c, carpet anthracite<\/li>\n<\/ul>\n<p>For an extra charge:<\/p>\n<ul>\n<li>B\u00fcrodrehstuhl mit Netzr\u00fccken, Typ &#8222;Sequel Mesh&#8220; in grau oder schwarz<\/li>\n<\/ul>\n<\/div><\/div>\n<div class=\"su-spoiler su-spoiler-style-default su-spoiler-icon-plus su-spoiler-closed\" data-scroll-offset=\"0\" data-anchor-in-url=\"no\"><div class=\"su-spoiler-title\" tabindex=\"0\" role=\"button\"><span class=\"su-spoiler-icon\"><\/span><strong>Dimensions and weight:<\/strong><\/div><div class=\"su-spoiler-content su-u-clearfix su-u-trim\">\n<div class=\"item-603 readonly-607 indent-604\">\n<ul>\n<li>Width outside \/ inside:<span class=\"secondary-text\"> 1909 mm \/ 1795 mm<\/span><\/li>\n<li>Depth Outside Inside:<span class=\"secondary-text\"> 994 mm \/ 912 mm<\/span><\/li>\n<li>Height outside \/ inside :<span class=\"secondary-text\"> 2155 mm \/2018 mm<\/span><\/li>\n<li>min. room height:<span class=\"secondary-text\"> 2320 mm<\/span><\/li>\n<li>Weight: approx. 380 kg<\/li>\n<\/ul>\n<\/div>\n<\/div><\/div>\n<div class=\"su-spoiler su-spoiler-style-default su-spoiler-icon-plus su-spoiler-closed\" data-scroll-offset=\"0\" data-anchor-in-url=\"no\"><div class=\"su-spoiler-title\" tabindex=\"0\" role=\"button\"><span class=\"su-spoiler-icon\"><\/span><strong>Acoustic data and ventilation:<\/strong><\/div><div class=\"su-spoiler-content su-u-clearfix su-u-trim\">\n<ul>\n<li>Good sound insulation: sound-absorbing side and rear wall with acoustic panels made of 100 % recycled PET felt, acoustically effective felt carpet, glass door with all-round sealing profiles<\/li>\n<li>Low-noise, high-performance ventilation thanks to three silent fans - Nominal air exchange of 80 m\u00b3\/h per fan, i.e. 240 m\u00b3\/h in total (see also selection criterion) <a href=\"https:\/\/99cubes.de\/en\/air-exchange\/\">Air exchange<\/a>)<\/li>\n<\/ul>\n<\/div><\/div>\n<\/div>","protected":false},"excerpt":{"rendered":"<p>Die Arbeitsbox &#8222;Bosselino Work&#8220; ist die smarte Arbeitsbox aus der Bosselino-Serie.<\/p>\n<p>Die &#8222;Bosselino Work&#8220; ist konstruktiv weitestgehend identisch aufgebaut wie die Meetingbox\u00a0 <a href=\"https:\/\/99cubes.de\/en\/products\/2-seater-meeting-box-bosselino-duo-bosse\/\">&#8222;Bosselino Duo&#8220;<\/a>, sie verf\u00fcgt aber \u00fcber eine andere Innenausstattung und einige zus\u00e4tzliche\u00a0 Features: So ist sie beispielsweise mit einem mechanisch h\u00f6henverstellbaren Tisch ausgestattet. Mit der in die Decke integrierten, auf den Tisch ausgerichteten LED-Beleuchtung wird sie damit zu einem vollwertigen Arbeitsplatz auf kleinem Raum.<\/p>\n<p><strong>Durable &amp; sustainable materials | Made in Germany | real wood multiplex | incl. acoustically effective carpet<\/strong><\/p>","protected":false},"featured_media":4851,"comment_status":"open","ping_status":"closed","template":"","meta":{"content-type":"","_uag_custom_page_level_css":""},"product_brand":[],"product_cat":[180],"product_tag":[],"class_list":{"0":"post-4830","1":"product","2":"type-product","3":"status-publish","4":"has-post-thumbnail","6":"product_cat-arbeitsbox","7":"pa_anzahl-personen-1-person","8":"pa_belueftungssteuerung-vollautomatisch","9":"pa_breite-191-m","10":"pa_buchungstool-display-goconut-ready","11":"pa_einsatz-szenarien-buero","12":"pa_einsatz-szenarien-hotel","13":"pa_einsatz-szenarien-schule-universitaet","14":"pa_farbe-weiss","15":"pa_flex-miete-verfuegbar-ja","16":"pa_gewicht-450-kg","17":"pa_hoehe-216-m","18":"pa_lan-kein-lan-anschluss","19":"pa_lieferzeit-4-bis-6-wochen-lieferzeit","20":"pa_luftaustausch-240-m-h-nominell","21":"pa_marke-bosse","22":"pa_mobilitaet-keine","23":"pa_monitorhalterung-ohne-monitorhalterung","24":"pa_nachhaltigkeit-klimaneutral-hergestellt","25":"pa_preissegment-eins","26":"pa_schalldaemmung-zwei-sterne","27":"pa_sitzen-oder-stehen-im-sitzen-niedrig-mit-stuhl-oder-bank","28":"pa_sitzen-oder-stehen-im-stehen","29":"pa_spezial-features-fuer-selbstmontage-geeignet","30":"pa_tiefe-0994-m","31":"pa_verfuegbare-tisch-optionen-variable-tischhoehe-manuell-verstellbar","32":"pa_verwendung-konzentriertes-arbeiten","33":"pa_verwendung-telefonieren","34":"pa_verwendung-video-call","36":"first","37":"instock","38":"taxable","39":"shipping-taxable","40":"purchasable","41":"product-type-simple"},"uagb_featured_image_src":{"full":["https:\/\/99cubes.de\/wp-content\/uploads\/2026\/04\/Arbeitsbox-Bosselino-Work-black-edition-quAD.jpg",1200,1200,false],"thumbnail":["https:\/\/99cubes.de\/wp-content\/uploads\/2026\/04\/Arbeitsbox-Bosselino-Work-black-edition-quAD-200x200.jpg",200,200,true],"medium":["https:\/\/99cubes.de\/wp-content\/uploads\/2026\/04\/Arbeitsbox-Bosselino-Work-black-edition-quAD-450x450.jpg",450,450,true],"medium_large":["https:\/\/99cubes.de\/wp-content\/uploads\/2026\/04\/Arbeitsbox-Bosselino-Work-black-edition-quAD-768x768.jpg",768,768,true],"large":["https:\/\/99cubes.de\/wp-content\/uploads\/2026\/04\/Arbeitsbox-Bosselino-Work-black-edition-quAD-1200x1200.jpg",1140,1140,true],"1536x1536":["https:\/\/99cubes.de\/wp-content\/uploads\/2026\/04\/Arbeitsbox-Bosselino-Work-black-edition-quAD.jpg",1200,1200,false],"2048x2048":["https:\/\/99cubes.de\/wp-content\/uploads\/2026\/04\/Arbeitsbox-Bosselino-Work-black-edition-quAD.jpg",1200,1200,false],"trp-custom-language-flag":["https:\/\/99cubes.de\/wp-content\/uploads\/2026\/04\/Arbeitsbox-Bosselino-Work-black-edition-quAD-12x12.jpg",12,12,true],"botiga-extra-large":["https:\/\/99cubes.de\/wp-content\/uploads\/2026\/04\/Arbeitsbox-Bosselino-Work-black-edition-quAD-1140x1140.jpg",1140,1140,true],"botiga-large":["https:\/\/99cubes.de\/wp-content\/uploads\/2026\/04\/Arbeitsbox-Bosselino-Work-black-edition-quAD-920x920.jpg",920,920,true],"botiga-big":["https:\/\/99cubes.de\/wp-content\/uploads\/2026\/04\/Arbeitsbox-Bosselino-Work-black-edition-quAD-575x575.jpg",575,575,true],"botiga-medium":["https:\/\/99cubes.de\/wp-content\/uploads\/2026\/04\/Arbeitsbox-Bosselino-Work-black-edition-quAD-380x380.jpg",380,380,true],"botiga-header-icons":["https:\/\/99cubes.de\/wp-content\/uploads\/2026\/04\/Arbeitsbox-Bosselino-Work-black-edition-quAD-50x50.jpg",50,50,true],"botiga-product-swatch-image":["https:\/\/99cubes.de\/wp-content\/uploads\/2026\/04\/Arbeitsbox-Bosselino-Work-black-edition-quAD-26x26.jpg",26,26,true],"woocommerce_thumbnail":["https:\/\/99cubes.de\/wp-content\/uploads\/2026\/04\/Arbeitsbox-Bosselino-Work-black-edition-quAD-420x420.jpg",420,420,true],"woocommerce_single":["https:\/\/99cubes.de\/wp-content\/uploads\/2026\/04\/Arbeitsbox-Bosselino-Work-black-edition-quAD-800x800.jpg",800,800,true],"woocommerce_gallery_thumbnail":["https:\/\/99cubes.de\/wp-content\/uploads\/2026\/04\/Arbeitsbox-Bosselino-Work-black-edition-quAD-100x100.jpg",100,100,true],"wpvr_mobile":["https:\/\/99cubes.de\/wp-content\/uploads\/2026\/04\/Arbeitsbox-Bosselino-Work-black-edition-quAD.jpg",1200,1200,false]},"uagb_author_info":{"display_name":"frank","author_link":"https:\/\/99cubes.de\/en\/author\/"},"uagb_comment_info":0,"uagb_excerpt":"Die Arbeitsbox \"Bosselino Work\" ist die smarte Arbeitsbox aus der Bosselino-Serie. Die \"Bosselino Work\" ist konstruktiv weitestgehend identisch aufgebaut wie die Meetingbox\u00a0 \"Bosselino Duo\", sie verf\u00fcgt aber \u00fcber eine andere Innenausstattung und einige zus\u00e4tzliche\u00a0 Features: So ist sie beispielsweise mit einem mechanisch h\u00f6henverstellbaren Tisch ausgestattet. Mit der in die Decke integrierten, auf den Tisch ausgerichteten&hellip;","_links":{"self":[{"href":"https:\/\/99cubes.de\/en\/wp-json\/wp\/v2\/product\/4830","targetHints":{"allow":["GET"]}}],"collection":[{"href":"https:\/\/99cubes.de\/en\/wp-json\/wp\/v2\/product"}],"about":[{"href":"https:\/\/99cubes.de\/en\/wp-json\/wp\/v2\/types\/product"}],"replies":[{"embeddable":true,"href":"https:\/\/99cubes.de\/en\/wp-json\/wp\/v2\/comments?post=4830"}],"wp:featuredmedia":[{"embeddable":true,"href":"https:\/\/99cubes.de\/en\/wp-json\/wp\/v2\/media\/4851"}],"wp:attachment":[{"href":"https:\/\/99cubes.de\/en\/wp-json\/wp\/v2\/media?parent=4830"}],"wp:term":[{"taxonomy":"product_brand","embeddable":true,"href":"https:\/\/99cubes.de\/en\/wp-json\/wp\/v2\/product_brand?post=4830"},{"taxonomy":"product_cat","embeddable":true,"href":"https:\/\/99cubes.de\/en\/wp-json\/wp\/v2\/product_cat?post=4830"},{"taxonomy":"product_tag","embeddable":true,"href":"https:\/\/99cubes.de\/en\/wp-json\/wp\/v2\/product_tag?post=4830"}],"curies":[{"name":"wp","href":"https:\/\/api.w.org\/{rel}","templated":true}]}}