{"id":2073,"date":"2024-07-31T15:13:19","date_gmt":"2024-07-31T13:13:19","guid":{"rendered":"https:\/\/99cubes.de\/?page_id=2073"},"modified":"2025-04-03T18:31:18","modified_gmt":"2025-04-03T16:31:18","slug":"referencias","status":"publish","type":"page","link":"https:\/\/99cubes.de\/es\/referenzen\/","title":{"rendered":"Referencias"},"content":{"rendered":"<figure class=\"wp-block-video\"><video height=\"720\" style=\"aspect-ratio: 1280 \/ 720;\" width=\"1280\" controls src=\"https:\/\/99cubes.de\/wp-content\/uploads\/2024\/07\/Jameda-Showcase-720-comp.mp4\"><\/video><\/figure>\n\n\n\n<div style=\"height:50px\" aria-hidden=\"true\" class=\"wp-block-spacer\"><\/div>\n\n\n\n<p>Estamos orgullosos de trabajar con una serie de empresas inspiradoras que comparten nuestra pasi\u00f3n por los cubos ac\u00fasticos de alta calidad.<\/p>\n\n\n\n<div style=\"height:50px\" aria-hidden=\"true\" class=\"wp-block-spacer\"><\/div>\n\n\n\n<figure class=\"wp-block-gallery has-nested-images columns-4 wp-block-gallery-2 is-layout-flex wp-block-gallery-is-layout-flex\" style=\"border-style:none;border-width:0px\">\n<figure class=\"wp-block-image size-full\"><img loading=\"lazy\" decoding=\"async\" width=\"403\" height=\"177\" data-id=\"2079\" src=\"https:\/\/99cubes.de\/wp-content\/uploads\/2024\/07\/jameda.jpg\" alt=\"\" class=\"wp-image-2079\" srcset=\"https:\/\/99cubes.de\/wp-content\/uploads\/2024\/07\/jameda.jpg 403w, https:\/\/99cubes.de\/wp-content\/uploads\/2024\/07\/jameda-380x167.jpg 380w\" sizes=\"auto, (max-width: 403px) 100vw, 403px\" \/><\/figure>\n\n\n\n<figure class=\"wp-block-image size-full\"><img loading=\"lazy\" decoding=\"async\" width=\"505\" height=\"229\" data-id=\"2078\" src=\"https:\/\/99cubes.de\/wp-content\/uploads\/2024\/07\/edf-renewables.jpg\" alt=\"\" class=\"wp-image-2078\" srcset=\"https:\/\/99cubes.de\/wp-content\/uploads\/2024\/07\/edf-renewables.jpg 505w, https:\/\/99cubes.de\/wp-content\/uploads\/2024\/07\/edf-renewables-450x204.jpg 450w, https:\/\/99cubes.de\/wp-content\/uploads\/2024\/07\/edf-renewables-380x172.jpg 380w\" sizes=\"auto, (max-width: 505px) 100vw, 505px\" \/><\/figure>\n\n\n\n<figure class=\"wp-block-image size-full\"><img loading=\"lazy\" decoding=\"async\" width=\"250\" height=\"130\" data-id=\"2108\" src=\"https:\/\/99cubes.de\/wp-content\/uploads\/2024\/08\/igefa.jpg\" alt=\"\" class=\"wp-image-2108\"\/><\/figure>\n\n\n\n<figure class=\"wp-block-image size-full\"><img loading=\"lazy\" decoding=\"async\" width=\"249\" height=\"105\" data-id=\"2077\" src=\"https:\/\/99cubes.de\/wp-content\/uploads\/2024\/07\/Shore.jpg\" alt=\"\" class=\"wp-image-2077\"\/><\/figure>\n\n\n\n<figure class=\"wp-block-image size-full\"><img loading=\"lazy\" decoding=\"async\" width=\"500\" height=\"113\" data-id=\"2076\" src=\"https:\/\/99cubes.de\/wp-content\/uploads\/2024\/07\/neocarbon.png\" alt=\"\" class=\"wp-image-2076\" srcset=\"https:\/\/99cubes.de\/wp-content\/uploads\/2024\/07\/neocarbon.png 500w, https:\/\/99cubes.de\/wp-content\/uploads\/2024\/07\/neocarbon-450x102.png 450w, https:\/\/99cubes.de\/wp-content\/uploads\/2024\/07\/neocarbon-380x86.png 380w\" sizes=\"auto, (max-width: 500px) 100vw, 500px\" \/><\/figure>\n\n\n\n<figure class=\"wp-block-image size-full\"><img loading=\"lazy\" decoding=\"async\" width=\"537\" height=\"124\" data-id=\"2074\" src=\"https:\/\/99cubes.de\/wp-content\/uploads\/2024\/07\/Quadriga.jpg\" alt=\"\" class=\"wp-image-2074\" srcset=\"https:\/\/99cubes.de\/wp-content\/uploads\/2024\/07\/Quadriga.jpg 537w, https:\/\/99cubes.de\/wp-content\/uploads\/2024\/07\/Quadriga-450x104.jpg 450w, https:\/\/99cubes.de\/wp-content\/uploads\/2024\/07\/Quadriga-380x88.jpg 380w\" sizes=\"auto, (max-width: 537px) 100vw, 537px\" \/><\/figure>\n\n\n\n<figure class=\"wp-block-image size-full\"><img loading=\"lazy\" decoding=\"async\" width=\"334\" height=\"102\" data-id=\"2080\" src=\"https:\/\/99cubes.de\/wp-content\/uploads\/2024\/07\/WorkGenius.jpg\" alt=\"\" class=\"wp-image-2080\"\/><\/figure>\n\n\n\n<figure class=\"wp-block-image size-full\"><img loading=\"lazy\" decoding=\"async\" width=\"426\" height=\"154\" data-id=\"2075\" src=\"https:\/\/99cubes.de\/wp-content\/uploads\/2024\/07\/skeleton.jpg\" alt=\"\" class=\"wp-image-2075\" srcset=\"https:\/\/99cubes.de\/wp-content\/uploads\/2024\/07\/skeleton.jpg 426w, https:\/\/99cubes.de\/wp-content\/uploads\/2024\/07\/skeleton-380x137.jpg 380w\" sizes=\"auto, (max-width: 426px) 100vw, 426px\" \/><\/figure>\n\n\n\n<figure class=\"wp-block-image size-full\"><img loading=\"lazy\" decoding=\"async\" width=\"284\" height=\"102\" data-id=\"3077\" src=\"https:\/\/99cubes.de\/wp-content\/uploads\/2024\/11\/readly.png\" alt=\"\" class=\"wp-image-3077\" srcset=\"https:\/\/99cubes.de\/wp-content\/uploads\/2024\/11\/readly.png 284w, https:\/\/99cubes.de\/wp-content\/uploads\/2024\/11\/readly-18x6.png 18w\" sizes=\"auto, (max-width: 284px) 100vw, 284px\" \/><\/figure>\n\n\n\n<figure class=\"wp-block-image size-full\"><img loading=\"lazy\" decoding=\"async\" width=\"708\" height=\"328\" data-id=\"3080\" src=\"https:\/\/99cubes.de\/wp-content\/uploads\/2024\/11\/ruhrHUB.png\" alt=\"\" class=\"wp-image-3080\" srcset=\"https:\/\/99cubes.de\/wp-content\/uploads\/2024\/11\/ruhrHUB.png 708w, https:\/\/99cubes.de\/wp-content\/uploads\/2024\/11\/ruhrHUB-450x208.png 450w, https:\/\/99cubes.de\/wp-content\/uploads\/2024\/11\/ruhrHUB-18x8.png 18w, https:\/\/99cubes.de\/wp-content\/uploads\/2024\/11\/ruhrHUB-575x266.png 575w, https:\/\/99cubes.de\/wp-content\/uploads\/2024\/11\/ruhrHUB-380x176.png 380w\" sizes=\"auto, (max-width: 708px) 100vw, 708px\" \/><\/figure>\n\n\n\n<figure class=\"wp-block-image size-full\"><img loading=\"lazy\" decoding=\"async\" width=\"538\" height=\"157\" data-id=\"3081\" src=\"https:\/\/99cubes.de\/wp-content\/uploads\/2024\/11\/reflex_aerospace.jpg\" alt=\"\" class=\"wp-image-3081\" srcset=\"https:\/\/99cubes.de\/wp-content\/uploads\/2024\/11\/reflex_aerospace.jpg 538w, https:\/\/99cubes.de\/wp-content\/uploads\/2024\/11\/reflex_aerospace-450x131.jpg 450w, https:\/\/99cubes.de\/wp-content\/uploads\/2024\/11\/reflex_aerospace-18x5.jpg 18w, https:\/\/99cubes.de\/wp-content\/uploads\/2024\/11\/reflex_aerospace-380x111.jpg 380w\" sizes=\"auto, (max-width: 538px) 100vw, 538px\" \/><\/figure>\n\n\n\n<figure class=\"wp-block-image size-full\"><img loading=\"lazy\" decoding=\"async\" width=\"3505\" height=\"1180\" data-id=\"3078\" src=\"https:\/\/99cubes.de\/wp-content\/uploads\/2024\/11\/fides.webp\" alt=\"\" class=\"wp-image-3078\" srcset=\"https:\/\/99cubes.de\/wp-content\/uploads\/2024\/11\/fides.webp 3505w, https:\/\/99cubes.de\/wp-content\/uploads\/2024\/11\/fides-450x151.webp 450w, https:\/\/99cubes.de\/wp-content\/uploads\/2024\/11\/fides-1200x404.webp 1200w, https:\/\/99cubes.de\/wp-content\/uploads\/2024\/11\/fides-768x259.webp 768w, https:\/\/99cubes.de\/wp-content\/uploads\/2024\/11\/fides-1536x517.webp 1536w, https:\/\/99cubes.de\/wp-content\/uploads\/2024\/11\/fides-2048x689.webp 2048w, https:\/\/99cubes.de\/wp-content\/uploads\/2024\/11\/fides-18x6.webp 18w, https:\/\/99cubes.de\/wp-content\/uploads\/2024\/11\/fides-1140x384.webp 1140w, https:\/\/99cubes.de\/wp-content\/uploads\/2024\/11\/fides-920x310.webp 920w, https:\/\/99cubes.de\/wp-content\/uploads\/2024\/11\/fides-575x194.webp 575w, https:\/\/99cubes.de\/wp-content\/uploads\/2024\/11\/fides-380x128.webp 380w, https:\/\/99cubes.de\/wp-content\/uploads\/2024\/11\/fides-800x269.webp 800w\" sizes=\"auto, (max-width: 3505px) 100vw, 3505px\" \/><\/figure>\n<\/figure>\n\n\n\n<div style=\"height:50px\" aria-hidden=\"true\" class=\"wp-block-spacer\"><\/div>\n\n\n\n<h3 class=\"wp-block-heading\">Una selecci\u00f3n de proyectos de clientes<\/h3>\n\n\n\n<div style=\"height:25px\" aria-hidden=\"true\" class=\"wp-block-spacer\"><\/div>\n\n\n\n\t\t\t<div class=\"wp-block-uagb-post-grid uagb-post-grid  uagb-post__image-position-top uagb-post__image-enabled uagb-block-8f4cdb6e     uagb-post__items uagb-post__columns-3 is-grid uagb-post__columns-tablet-2 uagb-post__columns-mobile-1 uagb-post__equal-height\" data-total=\"3\" style=\"\">\n\n\t\t\t\t\t\t\t\t\t\t\t\t<article class=\"uagb-post__inner-wrap\">\t\t\t\t\t\t\t\t<div class='uagb-post__image'>\n\t\t\t\t\t\t\t\t\t<a href=\"https:\/\/99cubes.de\/es\/kundenprojekte\/bayern-telefon-und-meetingbox-fuer-ein-software-startup\/\" target=\"_self\" rel=\"bookmark noopener noreferrer\" class='uagb-image-ratio-inherit'><img loading=\"lazy\" decoding=\"async\" width=\"1140\" height=\"641\" src=\"https:\/\/99cubes.de\/wp-content\/uploads\/2025\/04\/MUTE-Software-Startup-Bayern-1200x675.jpg\" class=\"attachment-large size-large\" alt=\"\" srcset=\"https:\/\/99cubes.de\/wp-content\/uploads\/2025\/04\/MUTE-Software-Startup-Bayern-1200x675.jpg 1200w, https:\/\/99cubes.de\/wp-content\/uploads\/2025\/04\/MUTE-Software-Startup-Bayern-450x253.jpg 450w, https:\/\/99cubes.de\/wp-content\/uploads\/2025\/04\/MUTE-Software-Startup-Bayern-768x432.jpg 768w, https:\/\/99cubes.de\/wp-content\/uploads\/2025\/04\/MUTE-Software-Startup-Bayern-1536x864.jpg 1536w, https:\/\/99cubes.de\/wp-content\/uploads\/2025\/04\/MUTE-Software-Startup-Bayern-2048x1152.jpg 2048w, https:\/\/99cubes.de\/wp-content\/uploads\/2025\/04\/MUTE-Software-Startup-Bayern-18x10.jpg 18w, https:\/\/99cubes.de\/wp-content\/uploads\/2025\/04\/MUTE-Software-Startup-Bayern-1140x641.jpg 1140w, https:\/\/99cubes.de\/wp-content\/uploads\/2025\/04\/MUTE-Software-Startup-Bayern-920x518.jpg 920w, https:\/\/99cubes.de\/wp-content\/uploads\/2025\/04\/MUTE-Software-Startup-Bayern-575x323.jpg 575w, https:\/\/99cubes.de\/wp-content\/uploads\/2025\/04\/MUTE-Software-Startup-Bayern-380x214.jpg 380w, https:\/\/99cubes.de\/wp-content\/uploads\/2025\/04\/MUTE-Software-Startup-Bayern-800x450.jpg 800w\" sizes=\"auto, (max-width: 1140px) 100vw, 1140px\" \/>\t\t\t\t\t<\/a>\n\t\t\t\t\t\t\t<\/div>\n\t\t\t\t\t\t<h5 class=\"uagb-post__title uagb-post__text\">\n\t\t\t\t<a href=\"https:\/\/99cubes.de\/es\/kundenprojekte\/bayern-telefon-und-meetingbox-fuer-ein-software-startup\/\" target=\"_self\" rel=\"bookmark noopener noreferrer\">Baviera: Tel\u00e9fono y caja de reuniones para una empresa de software de nueva creaci\u00f3n<\/a>\n\t\t\t<\/h5>\n\t\t\t\t\t\t<div class='uagb-post__text uagb-post-grid-byline'>\n\t\t\t\t\t\t\t<\/div>\n\t\t\t\t\t\t<div class=\"uagb-post__text uagb-post__cta wp-block-button\">\n\t\t\t\t<a class=\"wp-block-button__link uagb-text-link\" style=\"\" href=\"https:\/\/99cubes.de\/es\/kundenprojekte\/bayern-telefon-und-meetingbox-fuer-ein-software-startup\/\" target=\"_self\" rel=\"bookmark noopener noreferrer\">Leer m\u00e1s<\/a>\n\t\t\t<\/div>\n\t\t\t\n\t\t\t\t\t\t\t\t\t<\/article>\n\t\t\t\t\t\t\t\t\t\t\t\t\t\t\t\t<article class=\"uagb-post__inner-wrap\">\t\t\t\t\t\t\t\t<div class='uagb-post__image'>\n\t\t\t\t\t\t\t\t\t<a href=\"https:\/\/99cubes.de\/es\/kundenprojekte\/baden-wuerttemberg-raum-in-raum-system-im-buero\/\" target=\"_self\" rel=\"bookmark noopener noreferrer\" class='uagb-image-ratio-inherit'><img loading=\"lazy\" decoding=\"async\" width=\"1140\" height=\"641\" src=\"https:\/\/99cubes.de\/wp-content\/uploads\/2025\/04\/Kundenprojekt-BaWue-MUTE-Modular-oeffentliche-Hand-red-1-1200x675.jpg\" class=\"attachment-large size-large\" alt=\"\" srcset=\"https:\/\/99cubes.de\/wp-content\/uploads\/2025\/04\/Kundenprojekt-BaWue-MUTE-Modular-oeffentliche-Hand-red-1-1200x675.jpg 1200w, https:\/\/99cubes.de\/wp-content\/uploads\/2025\/04\/Kundenprojekt-BaWue-MUTE-Modular-oeffentliche-Hand-red-1-450x253.jpg 450w, https:\/\/99cubes.de\/wp-content\/uploads\/2025\/04\/Kundenprojekt-BaWue-MUTE-Modular-oeffentliche-Hand-red-1-768x432.jpg 768w, https:\/\/99cubes.de\/wp-content\/uploads\/2025\/04\/Kundenprojekt-BaWue-MUTE-Modular-oeffentliche-Hand-red-1-1536x864.jpg 1536w, https:\/\/99cubes.de\/wp-content\/uploads\/2025\/04\/Kundenprojekt-BaWue-MUTE-Modular-oeffentliche-Hand-red-1-2048x1152.jpg 2048w, https:\/\/99cubes.de\/wp-content\/uploads\/2025\/04\/Kundenprojekt-BaWue-MUTE-Modular-oeffentliche-Hand-red-1-18x10.jpg 18w, https:\/\/99cubes.de\/wp-content\/uploads\/2025\/04\/Kundenprojekt-BaWue-MUTE-Modular-oeffentliche-Hand-red-1-1140x641.jpg 1140w, https:\/\/99cubes.de\/wp-content\/uploads\/2025\/04\/Kundenprojekt-BaWue-MUTE-Modular-oeffentliche-Hand-red-1-920x518.jpg 920w, https:\/\/99cubes.de\/wp-content\/uploads\/2025\/04\/Kundenprojekt-BaWue-MUTE-Modular-oeffentliche-Hand-red-1-575x323.jpg 575w, https:\/\/99cubes.de\/wp-content\/uploads\/2025\/04\/Kundenprojekt-BaWue-MUTE-Modular-oeffentliche-Hand-red-1-380x214.jpg 380w, https:\/\/99cubes.de\/wp-content\/uploads\/2025\/04\/Kundenprojekt-BaWue-MUTE-Modular-oeffentliche-Hand-red-1-800x450.jpg 800w\" sizes=\"auto, (max-width: 1140px) 100vw, 1140px\" \/>\t\t\t\t\t<\/a>\n\t\t\t\t\t\t\t<\/div>\n\t\t\t\t\t\t<h5 class=\"uagb-post__title uagb-post__text\">\n\t\t\t\t<a href=\"https:\/\/99cubes.de\/es\/kundenprojekte\/baden-wuerttemberg-raum-in-raum-system-im-buero\/\" target=\"_self\" rel=\"bookmark noopener noreferrer\">Baden-W\u00fcrttemberg: sistema \"habitaci\u00f3n por habitaci\u00f3n\" en la oficina<\/a>\n\t\t\t<\/h5>\n\t\t\t\t\t\t<div class='uagb-post__text uagb-post-grid-byline'>\n\t\t\t\t\t\t\t<\/div>\n\t\t\t\t\t\t<div class=\"uagb-post__text uagb-post__cta wp-block-button\">\n\t\t\t\t<a class=\"wp-block-button__link uagb-text-link\" style=\"\" href=\"https:\/\/99cubes.de\/es\/kundenprojekte\/baden-wuerttemberg-raum-in-raum-system-im-buero\/\" target=\"_self\" rel=\"bookmark noopener noreferrer\">Leer m\u00e1s<\/a>\n\t\t\t<\/div>\n\t\t\t\n\t\t\t\t\t\t\t\t\t<\/article>\n\t\t\t\t\t\t\t\t\t\t\t\t\t\t\t\t<article class=\"uagb-post__inner-wrap\">\t\t\t\t\t\t\t\t<div class='uagb-post__image'>\n\t\t\t\t\t\t\t\t\t<a href=\"https:\/\/99cubes.de\/es\/kundenprojekte\/bayern-telefon-und-meetingboxen-fuer-ein-medizin-startup\/\" target=\"_self\" rel=\"bookmark noopener noreferrer\" class='uagb-image-ratio-inherit'><img loading=\"lazy\" decoding=\"async\" width=\"1140\" height=\"641\" src=\"https:\/\/99cubes.de\/wp-content\/uploads\/2025\/03\/MUTE-Medizin-Space-S-Jetson-L4-Startup-Bayern-1200x675.jpg\" class=\"attachment-large size-large\" alt=\"\" srcset=\"https:\/\/99cubes.de\/wp-content\/uploads\/2025\/03\/MUTE-Medizin-Space-S-Jetson-L4-Startup-Bayern-1200x675.jpg 1200w, https:\/\/99cubes.de\/wp-content\/uploads\/2025\/03\/MUTE-Medizin-Space-S-Jetson-L4-Startup-Bayern-450x253.jpg 450w, https:\/\/99cubes.de\/wp-content\/uploads\/2025\/03\/MUTE-Medizin-Space-S-Jetson-L4-Startup-Bayern-768x432.jpg 768w, https:\/\/99cubes.de\/wp-content\/uploads\/2025\/03\/MUTE-Medizin-Space-S-Jetson-L4-Startup-Bayern-1536x864.jpg 1536w, https:\/\/99cubes.de\/wp-content\/uploads\/2025\/03\/MUTE-Medizin-Space-S-Jetson-L4-Startup-Bayern-2048x1152.jpg 2048w, https:\/\/99cubes.de\/wp-content\/uploads\/2025\/03\/MUTE-Medizin-Space-S-Jetson-L4-Startup-Bayern-18x10.jpg 18w, https:\/\/99cubes.de\/wp-content\/uploads\/2025\/03\/MUTE-Medizin-Space-S-Jetson-L4-Startup-Bayern-1140x641.jpg 1140w, https:\/\/99cubes.de\/wp-content\/uploads\/2025\/03\/MUTE-Medizin-Space-S-Jetson-L4-Startup-Bayern-920x518.jpg 920w, https:\/\/99cubes.de\/wp-content\/uploads\/2025\/03\/MUTE-Medizin-Space-S-Jetson-L4-Startup-Bayern-575x323.jpg 575w, https:\/\/99cubes.de\/wp-content\/uploads\/2025\/03\/MUTE-Medizin-Space-S-Jetson-L4-Startup-Bayern-380x214.jpg 380w, https:\/\/99cubes.de\/wp-content\/uploads\/2025\/03\/MUTE-Medizin-Space-S-Jetson-L4-Startup-Bayern-800x450.jpg 800w\" sizes=\"auto, (max-width: 1140px) 100vw, 1140px\" \/>\t\t\t\t\t<\/a>\n\t\t\t\t\t\t\t<\/div>\n\t\t\t\t\t\t<h5 class=\"uagb-post__title uagb-post__text\">\n\t\t\t\t<a href=\"https:\/\/99cubes.de\/es\/kundenprojekte\/bayern-telefon-und-meetingboxen-fuer-ein-medizin-startup\/\" target=\"_self\" rel=\"bookmark noopener noreferrer\">Baviera: Cabinas telef\u00f3nicas y de reuniones para una empresa m\u00e9dica de nueva creaci\u00f3n<\/a>\n\t\t\t<\/h5>\n\t\t\t\t\t\t<div class='uagb-post__text uagb-post-grid-byline'>\n\t\t\t\t\t\t\t<\/div>\n\t\t\t\t\t\t<div class=\"uagb-post__text uagb-post__cta wp-block-button\">\n\t\t\t\t<a class=\"wp-block-button__link uagb-text-link\" style=\"\" href=\"https:\/\/99cubes.de\/es\/kundenprojekte\/bayern-telefon-und-meetingboxen-fuer-ein-medizin-startup\/\" target=\"_self\" rel=\"bookmark noopener noreferrer\">Leer m\u00e1s<\/a>\n\t\t\t<\/div>\n\t\t\t\n\t\t\t\t\t\t\t\t\t<\/article>\n\t\t\t\t\t\t\t\t\t\t\t<\/div>\n\t\t\t\n\n\n<div style=\"height:50px\" aria-hidden=\"true\" class=\"wp-block-spacer\"><\/div>\n\n\n\n<div class=\"wp-block-buttons is-content-justification-center is-layout-flex wp-container-core-buttons-is-layout-a89b3969 wp-block-buttons-is-layout-flex\">\n<div class=\"wp-block-button\"><a class=\"wp-block-button__link wp-element-button\" href=\"https:\/\/99cubes.de\/es\/ejemplos-de-proyectos-de-clientes\/\">Mostrar todos los proyectos de clientes<\/a><\/div>\n<\/div>\n\n\n\n<div style=\"height:50px\" aria-hidden=\"true\" class=\"wp-block-spacer\"><\/div>","protected":false},"excerpt":{"rendered":"<p>Wir sind stolz darauf, mit einer Vielzahl von inspirierenden Unternehmen zusammenzuarbeiten zu d\u00fcrfen, die unsere Leidenschaft f\u00fcr hochwertige [&hellip;]<\/p>\n","protected":false},"author":1,"featured_media":0,"parent":0,"menu_order":0,"comment_status":"closed","ping_status":"closed","template":"","meta":{"content-type":"","_uag_custom_page_level_css":"","footnotes":""},"class_list":["post-2073","page","type-page","status-publish","hentry"],"uagb_featured_image_src":{"full":false,"thumbnail":false,"medium":false,"medium_large":false,"large":false,"1536x1536":false,"2048x2048":false,"trp-custom-language-flag":false,"botiga-extra-large":false,"botiga-large":false,"botiga-big":false,"botiga-medium":false,"botiga-header-icons":false,"botiga-product-swatch-image":false,"woocommerce_thumbnail":false,"woocommerce_single":false,"woocommerce_gallery_thumbnail":false,"wpvr_mobile":false},"uagb_author_info":{"display_name":"frank","author_link":"https:\/\/99cubes.de\/es\/author\/frank\/"},"uagb_comment_info":0,"uagb_excerpt":"Wir sind stolz darauf, mit einer Vielzahl von inspirierenden Unternehmen zusammenzuarbeiten zu d\u00fcrfen, die unsere Leidenschaft f\u00fcr hochwertige [&hellip;]","_links":{"self":[{"href":"https:\/\/99cubes.de\/es\/wp-json\/wp\/v2\/pages\/2073","targetHints":{"allow":["GET"]}}],"collection":[{"href":"https:\/\/99cubes.de\/es\/wp-json\/wp\/v2\/pages"}],"about":[{"href":"https:\/\/99cubes.de\/es\/wp-json\/wp\/v2\/types\/page"}],"author":[{"embeddable":true,"href":"https:\/\/99cubes.de\/es\/wp-json\/wp\/v2\/users\/1"}],"replies":[{"embeddable":true,"href":"https:\/\/99cubes.de\/es\/wp-json\/wp\/v2\/comments?post=2073"}],"version-history":[{"count":7,"href":"https:\/\/99cubes.de\/es\/wp-json\/wp\/v2\/pages\/2073\/revisions"}],"predecessor-version":[{"id":3877,"href":"https:\/\/99cubes.de\/es\/wp-json\/wp\/v2\/pages\/2073\/revisions\/3877"}],"wp:attachment":[{"href":"https:\/\/99cubes.de\/es\/wp-json\/wp\/v2\/media?parent=2073"}],"curies":[{"name":"wp","href":"https:\/\/api.w.org\/{rel}","templated":true}]}}