{"id":3741,"date":"2025-03-18T19:02:39","date_gmt":"2025-03-18T18:02:39","guid":{"rendered":"https:\/\/99cubes.de\/?page_id=3741"},"modified":"2025-03-18T19:04:25","modified_gmt":"2025-03-18T18:04:25","slug":"ejemplos-de-proyectos-de-clientes","status":"publish","type":"page","link":"https:\/\/99cubes.de\/es\/beispiele-kundenprojekte\/","title":{"rendered":"Proyectos de clientes en 99cubes"},"content":{"rendered":"<p>A continuaci\u00f3n presentamos algunos de nuestros proyectos para clientes en orden suelto con breves perfiles:<\/p>\n\n\n\n\t\t\t<div class=\"wp-block-uagb-post-grid uagb-post-grid  uagb-post__image-position-top uagb-post__image-enabled uagb-block-ec819027     uagb-post__items uagb-post__columns-3 is-grid uagb-post__columns-tablet-2 uagb-post__columns-mobile-1 uagb-post__equal-height\" data-total=\"1\" style=\"\">\n\n\t\t\t\t\t\t\t\t\t\t\t\t<article class=\"uagb-post__inner-wrap\">\t\t\t\t\t\t\t\t<div class='uagb-post__image'>\n\t\t\t\t\t\t\t\t\t<a href=\"https:\/\/99cubes.de\/es\/kundenprojekte\/bayern-telefon-und-meetingbox-fuer-ein-software-startup\/\" target=\"_self\" rel=\"bookmark noopener noreferrer\" class='uagb-image-ratio-inherit'><img loading=\"lazy\" decoding=\"async\" width=\"1140\" height=\"641\" src=\"https:\/\/99cubes.de\/wp-content\/uploads\/2025\/04\/MUTE-Software-Startup-Bayern-1200x675.jpg\" class=\"attachment-large size-large\" alt=\"\" srcset=\"https:\/\/99cubes.de\/wp-content\/uploads\/2025\/04\/MUTE-Software-Startup-Bayern-1200x675.jpg 1200w, https:\/\/99cubes.de\/wp-content\/uploads\/2025\/04\/MUTE-Software-Startup-Bayern-450x253.jpg 450w, https:\/\/99cubes.de\/wp-content\/uploads\/2025\/04\/MUTE-Software-Startup-Bayern-768x432.jpg 768w, https:\/\/99cubes.de\/wp-content\/uploads\/2025\/04\/MUTE-Software-Startup-Bayern-1536x864.jpg 1536w, https:\/\/99cubes.de\/wp-content\/uploads\/2025\/04\/MUTE-Software-Startup-Bayern-2048x1152.jpg 2048w, https:\/\/99cubes.de\/wp-content\/uploads\/2025\/04\/MUTE-Software-Startup-Bayern-18x10.jpg 18w, https:\/\/99cubes.de\/wp-content\/uploads\/2025\/04\/MUTE-Software-Startup-Bayern-1140x641.jpg 1140w, https:\/\/99cubes.de\/wp-content\/uploads\/2025\/04\/MUTE-Software-Startup-Bayern-920x518.jpg 920w, https:\/\/99cubes.de\/wp-content\/uploads\/2025\/04\/MUTE-Software-Startup-Bayern-575x323.jpg 575w, https:\/\/99cubes.de\/wp-content\/uploads\/2025\/04\/MUTE-Software-Startup-Bayern-380x214.jpg 380w, https:\/\/99cubes.de\/wp-content\/uploads\/2025\/04\/MUTE-Software-Startup-Bayern-800x450.jpg 800w\" sizes=\"auto, (max-width: 1140px) 100vw, 1140px\" \/>\t\t\t\t\t<\/a>\n\t\t\t\t\t\t\t<\/div>\n\t\t\t\t\t\t<h5 class=\"uagb-post__title uagb-post__text\">\n\t\t\t\t<a href=\"https:\/\/99cubes.de\/es\/kundenprojekte\/bayern-telefon-und-meetingbox-fuer-ein-software-startup\/\" target=\"_self\" rel=\"bookmark noopener noreferrer\">Baviera: Tel\u00e9fono y caja de reuniones para una empresa de software de nueva creaci\u00f3n<\/a>\n\t\t\t<\/h5>\n\t\t\t\t\t\t<div class='uagb-post__text uagb-post-grid-byline'>\n\t\t\t\t\t\t\t<\/div>\n\t\t\t\t\t\t<div class=\"uagb-post__text uagb-post__cta wp-block-button\">\n\t\t\t\t<a class=\"wp-block-button__link uagb-text-link\" style=\"\" href=\"https:\/\/99cubes.de\/es\/kundenprojekte\/bayern-telefon-und-meetingbox-fuer-ein-software-startup\/\" target=\"_self\" rel=\"bookmark noopener noreferrer\">Leer m\u00e1s<\/a>\n\t\t\t<\/div>\n\t\t\t\n\t\t\t\t\t\t\t\t\t<\/article>\n\t\t\t\t\t\t\t\t\t\t\t\t\t\t\t\t<article class=\"uagb-post__inner-wrap\">\t\t\t\t\t\t\t\t<div class='uagb-post__image'>\n\t\t\t\t\t\t\t\t\t<a href=\"https:\/\/99cubes.de\/es\/kundenprojekte\/baden-wuerttemberg-raum-in-raum-system-im-buero\/\" target=\"_self\" rel=\"bookmark noopener noreferrer\" class='uagb-image-ratio-inherit'><img loading=\"lazy\" decoding=\"async\" width=\"1140\" height=\"641\" src=\"https:\/\/99cubes.de\/wp-content\/uploads\/2025\/04\/Kundenprojekt-BaWue-MUTE-Modular-oeffentliche-Hand-red-1-1200x675.jpg\" class=\"attachment-large size-large\" alt=\"\" srcset=\"https:\/\/99cubes.de\/wp-content\/uploads\/2025\/04\/Kundenprojekt-BaWue-MUTE-Modular-oeffentliche-Hand-red-1-1200x675.jpg 1200w, https:\/\/99cubes.de\/wp-content\/uploads\/2025\/04\/Kundenprojekt-BaWue-MUTE-Modular-oeffentliche-Hand-red-1-450x253.jpg 450w, https:\/\/99cubes.de\/wp-content\/uploads\/2025\/04\/Kundenprojekt-BaWue-MUTE-Modular-oeffentliche-Hand-red-1-768x432.jpg 768w, https:\/\/99cubes.de\/wp-content\/uploads\/2025\/04\/Kundenprojekt-BaWue-MUTE-Modular-oeffentliche-Hand-red-1-1536x864.jpg 1536w, https:\/\/99cubes.de\/wp-content\/uploads\/2025\/04\/Kundenprojekt-BaWue-MUTE-Modular-oeffentliche-Hand-red-1-2048x1152.jpg 2048w, https:\/\/99cubes.de\/wp-content\/uploads\/2025\/04\/Kundenprojekt-BaWue-MUTE-Modular-oeffentliche-Hand-red-1-18x10.jpg 18w, https:\/\/99cubes.de\/wp-content\/uploads\/2025\/04\/Kundenprojekt-BaWue-MUTE-Modular-oeffentliche-Hand-red-1-1140x641.jpg 1140w, https:\/\/99cubes.de\/wp-content\/uploads\/2025\/04\/Kundenprojekt-BaWue-MUTE-Modular-oeffentliche-Hand-red-1-920x518.jpg 920w, https:\/\/99cubes.de\/wp-content\/uploads\/2025\/04\/Kundenprojekt-BaWue-MUTE-Modular-oeffentliche-Hand-red-1-575x323.jpg 575w, https:\/\/99cubes.de\/wp-content\/uploads\/2025\/04\/Kundenprojekt-BaWue-MUTE-Modular-oeffentliche-Hand-red-1-380x214.jpg 380w, https:\/\/99cubes.de\/wp-content\/uploads\/2025\/04\/Kundenprojekt-BaWue-MUTE-Modular-oeffentliche-Hand-red-1-800x450.jpg 800w\" sizes=\"auto, (max-width: 1140px) 100vw, 1140px\" \/>\t\t\t\t\t<\/a>\n\t\t\t\t\t\t\t<\/div>\n\t\t\t\t\t\t<h5 class=\"uagb-post__title uagb-post__text\">\n\t\t\t\t<a href=\"https:\/\/99cubes.de\/es\/kundenprojekte\/baden-wuerttemberg-raum-in-raum-system-im-buero\/\" target=\"_self\" rel=\"bookmark noopener noreferrer\">Baden-W\u00fcrttemberg: sistema \"habitaci\u00f3n por habitaci\u00f3n\" en la oficina<\/a>\n\t\t\t<\/h5>\n\t\t\t\t\t\t<div class='uagb-post__text uagb-post-grid-byline'>\n\t\t\t\t\t\t\t<\/div>\n\t\t\t\t\t\t<div class=\"uagb-post__text uagb-post__cta wp-block-button\">\n\t\t\t\t<a class=\"wp-block-button__link uagb-text-link\" style=\"\" href=\"https:\/\/99cubes.de\/es\/kundenprojekte\/baden-wuerttemberg-raum-in-raum-system-im-buero\/\" target=\"_self\" rel=\"bookmark noopener noreferrer\">Leer m\u00e1s<\/a>\n\t\t\t<\/div>\n\t\t\t\n\t\t\t\t\t\t\t\t\t<\/article>\n\t\t\t\t\t\t\t\t\t\t\t\t\t\t\t\t<article class=\"uagb-post__inner-wrap\">\t\t\t\t\t\t\t\t<div class='uagb-post__image'>\n\t\t\t\t\t\t\t\t\t<a href=\"https:\/\/99cubes.de\/es\/kundenprojekte\/bayern-telefon-und-meetingboxen-fuer-ein-medizin-startup\/\" target=\"_self\" rel=\"bookmark noopener noreferrer\" class='uagb-image-ratio-inherit'><img loading=\"lazy\" decoding=\"async\" width=\"1140\" height=\"641\" src=\"https:\/\/99cubes.de\/wp-content\/uploads\/2025\/03\/MUTE-Medizin-Space-S-Jetson-L4-Startup-Bayern-1200x675.jpg\" class=\"attachment-large size-large\" alt=\"\" srcset=\"https:\/\/99cubes.de\/wp-content\/uploads\/2025\/03\/MUTE-Medizin-Space-S-Jetson-L4-Startup-Bayern-1200x675.jpg 1200w, https:\/\/99cubes.de\/wp-content\/uploads\/2025\/03\/MUTE-Medizin-Space-S-Jetson-L4-Startup-Bayern-450x253.jpg 450w, https:\/\/99cubes.de\/wp-content\/uploads\/2025\/03\/MUTE-Medizin-Space-S-Jetson-L4-Startup-Bayern-768x432.jpg 768w, https:\/\/99cubes.de\/wp-content\/uploads\/2025\/03\/MUTE-Medizin-Space-S-Jetson-L4-Startup-Bayern-1536x864.jpg 1536w, https:\/\/99cubes.de\/wp-content\/uploads\/2025\/03\/MUTE-Medizin-Space-S-Jetson-L4-Startup-Bayern-2048x1152.jpg 2048w, https:\/\/99cubes.de\/wp-content\/uploads\/2025\/03\/MUTE-Medizin-Space-S-Jetson-L4-Startup-Bayern-18x10.jpg 18w, https:\/\/99cubes.de\/wp-content\/uploads\/2025\/03\/MUTE-Medizin-Space-S-Jetson-L4-Startup-Bayern-1140x641.jpg 1140w, https:\/\/99cubes.de\/wp-content\/uploads\/2025\/03\/MUTE-Medizin-Space-S-Jetson-L4-Startup-Bayern-920x518.jpg 920w, https:\/\/99cubes.de\/wp-content\/uploads\/2025\/03\/MUTE-Medizin-Space-S-Jetson-L4-Startup-Bayern-575x323.jpg 575w, https:\/\/99cubes.de\/wp-content\/uploads\/2025\/03\/MUTE-Medizin-Space-S-Jetson-L4-Startup-Bayern-380x214.jpg 380w, https:\/\/99cubes.de\/wp-content\/uploads\/2025\/03\/MUTE-Medizin-Space-S-Jetson-L4-Startup-Bayern-800x450.jpg 800w\" sizes=\"auto, (max-width: 1140px) 100vw, 1140px\" \/>\t\t\t\t\t<\/a>\n\t\t\t\t\t\t\t<\/div>\n\t\t\t\t\t\t<h5 class=\"uagb-post__title uagb-post__text\">\n\t\t\t\t<a href=\"https:\/\/99cubes.de\/es\/kundenprojekte\/bayern-telefon-und-meetingboxen-fuer-ein-medizin-startup\/\" target=\"_self\" rel=\"bookmark noopener noreferrer\">Baviera: Cabinas telef\u00f3nicas y de reuniones para una empresa m\u00e9dica de nueva creaci\u00f3n<\/a>\n\t\t\t<\/h5>\n\t\t\t\t\t\t<div class='uagb-post__text uagb-post-grid-byline'>\n\t\t\t\t\t\t\t<\/div>\n\t\t\t\t\t\t<div class=\"uagb-post__text uagb-post__cta wp-block-button\">\n\t\t\t\t<a class=\"wp-block-button__link uagb-text-link\" style=\"\" href=\"https:\/\/99cubes.de\/es\/kundenprojekte\/bayern-telefon-und-meetingboxen-fuer-ein-medizin-startup\/\" target=\"_self\" rel=\"bookmark noopener noreferrer\">Leer m\u00e1s<\/a>\n\t\t\t<\/div>\n\t\t\t\n\t\t\t\t\t\t\t\t\t<\/article>\n\t\t\t\t\t\t\t\t\t\t\t\t\t\t\t\t<article class=\"uagb-post__inner-wrap\">\t\t\t\t\t\t\t\t<div class='uagb-post__image'>\n\t\t\t\t\t\t\t\t\t<a href=\"https:\/\/99cubes.de\/es\/kundenprojekte\/nordrhein-westfalen-raum-in-raum-system-in-der-produktion\/\" target=\"_self\" rel=\"bookmark noopener noreferrer\" class='uagb-image-ratio-inherit'><img loading=\"lazy\" decoding=\"async\" width=\"1140\" height=\"641\" src=\"https:\/\/99cubes.de\/wp-content\/uploads\/2025\/03\/MUTE-Modular-Produktion-Startup-1-1200x675.jpg\" class=\"attachment-large size-large\" alt=\"\" srcset=\"https:\/\/99cubes.de\/wp-content\/uploads\/2025\/03\/MUTE-Modular-Produktion-Startup-1-1200x675.jpg 1200w, https:\/\/99cubes.de\/wp-content\/uploads\/2025\/03\/MUTE-Modular-Produktion-Startup-1-450x253.jpg 450w, https:\/\/99cubes.de\/wp-content\/uploads\/2025\/03\/MUTE-Modular-Produktion-Startup-1-768x432.jpg 768w, https:\/\/99cubes.de\/wp-content\/uploads\/2025\/03\/MUTE-Modular-Produktion-Startup-1-1536x864.jpg 1536w, https:\/\/99cubes.de\/wp-content\/uploads\/2025\/03\/MUTE-Modular-Produktion-Startup-1-2048x1152.jpg 2048w, https:\/\/99cubes.de\/wp-content\/uploads\/2025\/03\/MUTE-Modular-Produktion-Startup-1-18x10.jpg 18w, https:\/\/99cubes.de\/wp-content\/uploads\/2025\/03\/MUTE-Modular-Produktion-Startup-1-1140x641.jpg 1140w, https:\/\/99cubes.de\/wp-content\/uploads\/2025\/03\/MUTE-Modular-Produktion-Startup-1-920x518.jpg 920w, https:\/\/99cubes.de\/wp-content\/uploads\/2025\/03\/MUTE-Modular-Produktion-Startup-1-575x323.jpg 575w, https:\/\/99cubes.de\/wp-content\/uploads\/2025\/03\/MUTE-Modular-Produktion-Startup-1-380x214.jpg 380w, https:\/\/99cubes.de\/wp-content\/uploads\/2025\/03\/MUTE-Modular-Produktion-Startup-1-800x450.jpg 800w\" sizes=\"auto, (max-width: 1140px) 100vw, 1140px\" \/>\t\t\t\t\t<\/a>\n\t\t\t\t\t\t\t<\/div>\n\t\t\t\t\t\t<h5 class=\"uagb-post__title uagb-post__text\">\n\t\t\t\t<a href=\"https:\/\/99cubes.de\/es\/kundenprojekte\/nordrhein-westfalen-raum-in-raum-system-in-der-produktion\/\" target=\"_self\" rel=\"bookmark noopener noreferrer\">Renania del Norte-Westfalia: sistema de habitaci\u00f3n en habitaci\u00f3n en producci\u00f3n<\/a>\n\t\t\t<\/h5>\n\t\t\t\t\t\t<div class='uagb-post__text uagb-post-grid-byline'>\n\t\t\t\t\t\t\t<\/div>\n\t\t\t\t\t\t<div class=\"uagb-post__text uagb-post__cta wp-block-button\">\n\t\t\t\t<a class=\"wp-block-button__link uagb-text-link\" style=\"\" href=\"https:\/\/99cubes.de\/es\/kundenprojekte\/nordrhein-westfalen-raum-in-raum-system-in-der-produktion\/\" target=\"_self\" rel=\"bookmark noopener noreferrer\">Leer m\u00e1s<\/a>\n\t\t\t<\/div>\n\t\t\t\n\t\t\t\t\t\t\t\t\t<\/article>\n\t\t\t\t\t\t\t\t\t\t\t\t\t\t\t\t<article class=\"uagb-post__inner-wrap\">\t\t\t\t\t\t\t\t<div class='uagb-post__image'>\n\t\t\t\t\t\t\t\t\t<a href=\"https:\/\/99cubes.de\/es\/kundenprojekte\/sachsen-meetingbox-fuer-ein-hightech-scale-up\/\" target=\"_self\" rel=\"bookmark noopener noreferrer\" class='uagb-image-ratio-inherit'><img loading=\"lazy\" decoding=\"async\" width=\"1140\" height=\"641\" src=\"https:\/\/99cubes.de\/wp-content\/uploads\/2025\/03\/MUTE-Jetson-L4-HighTech-Startup-Sachsen-1200x675.jpg\" class=\"attachment-large size-large\" alt=\"\" srcset=\"https:\/\/99cubes.de\/wp-content\/uploads\/2025\/03\/MUTE-Jetson-L4-HighTech-Startup-Sachsen-1200x675.jpg 1200w, https:\/\/99cubes.de\/wp-content\/uploads\/2025\/03\/MUTE-Jetson-L4-HighTech-Startup-Sachsen-450x253.jpg 450w, https:\/\/99cubes.de\/wp-content\/uploads\/2025\/03\/MUTE-Jetson-L4-HighTech-Startup-Sachsen-768x432.jpg 768w, https:\/\/99cubes.de\/wp-content\/uploads\/2025\/03\/MUTE-Jetson-L4-HighTech-Startup-Sachsen-1536x864.jpg 1536w, https:\/\/99cubes.de\/wp-content\/uploads\/2025\/03\/MUTE-Jetson-L4-HighTech-Startup-Sachsen-2048x1152.jpg 2048w, https:\/\/99cubes.de\/wp-content\/uploads\/2025\/03\/MUTE-Jetson-L4-HighTech-Startup-Sachsen-18x10.jpg 18w, https:\/\/99cubes.de\/wp-content\/uploads\/2025\/03\/MUTE-Jetson-L4-HighTech-Startup-Sachsen-1140x641.jpg 1140w, https:\/\/99cubes.de\/wp-content\/uploads\/2025\/03\/MUTE-Jetson-L4-HighTech-Startup-Sachsen-920x518.jpg 920w, https:\/\/99cubes.de\/wp-content\/uploads\/2025\/03\/MUTE-Jetson-L4-HighTech-Startup-Sachsen-575x323.jpg 575w, https:\/\/99cubes.de\/wp-content\/uploads\/2025\/03\/MUTE-Jetson-L4-HighTech-Startup-Sachsen-380x214.jpg 380w, https:\/\/99cubes.de\/wp-content\/uploads\/2025\/03\/MUTE-Jetson-L4-HighTech-Startup-Sachsen-800x450.jpg 800w\" sizes=\"auto, (max-width: 1140px) 100vw, 1140px\" \/>\t\t\t\t\t<\/a>\n\t\t\t\t\t\t\t<\/div>\n\t\t\t\t\t\t<h5 class=\"uagb-post__title uagb-post__text\">\n\t\t\t\t<a href=\"https:\/\/99cubes.de\/es\/kundenprojekte\/sachsen-meetingbox-fuer-ein-hightech-scale-up\/\" target=\"_self\" rel=\"bookmark noopener noreferrer\">Sajonia: Caja de reuniones para una ampliaci\u00f3n de alta tecnolog\u00eda<\/a>\n\t\t\t<\/h5>\n\t\t\t\t\t\t<div class='uagb-post__text uagb-post-grid-byline'>\n\t\t\t\t\t\t\t<\/div>\n\t\t\t\t\t\t<div class=\"uagb-post__text uagb-post__cta wp-block-button\">\n\t\t\t\t<a class=\"wp-block-button__link uagb-text-link\" style=\"\" href=\"https:\/\/99cubes.de\/es\/kundenprojekte\/sachsen-meetingbox-fuer-ein-hightech-scale-up\/\" target=\"_self\" rel=\"bookmark noopener noreferrer\">Leer m\u00e1s<\/a>\n\t\t\t<\/div>\n\t\t\t\n\t\t\t\t\t\t\t\t\t<\/article>\n\t\t\t\t\t\t\t\t\t\t\t\t\t\t\t\t<article class=\"uagb-post__inner-wrap\">\t\t\t\t\t\t\t\t<div class='uagb-post__image'>\n\t\t\t\t\t\t\t\t\t<a href=\"https:\/\/99cubes.de\/es\/kundenprojekte\/hamburg-telefonboxen-fuer-ein-consulting-startup\/\" target=\"_self\" rel=\"bookmark noopener noreferrer\" class='uagb-image-ratio-inherit'><img loading=\"lazy\" decoding=\"async\" width=\"1140\" height=\"641\" src=\"https:\/\/99cubes.de\/wp-content\/uploads\/2025\/03\/Bosse-Bosselino-Consulting-Startup-Hamburg-1200x675.jpg\" class=\"attachment-large size-large\" alt=\"\" srcset=\"https:\/\/99cubes.de\/wp-content\/uploads\/2025\/03\/Bosse-Bosselino-Consulting-Startup-Hamburg-1200x675.jpg 1200w, https:\/\/99cubes.de\/wp-content\/uploads\/2025\/03\/Bosse-Bosselino-Consulting-Startup-Hamburg-450x253.jpg 450w, https:\/\/99cubes.de\/wp-content\/uploads\/2025\/03\/Bosse-Bosselino-Consulting-Startup-Hamburg-768x432.jpg 768w, https:\/\/99cubes.de\/wp-content\/uploads\/2025\/03\/Bosse-Bosselino-Consulting-Startup-Hamburg-1536x864.jpg 1536w, https:\/\/99cubes.de\/wp-content\/uploads\/2025\/03\/Bosse-Bosselino-Consulting-Startup-Hamburg-2048x1152.jpg 2048w, https:\/\/99cubes.de\/wp-content\/uploads\/2025\/03\/Bosse-Bosselino-Consulting-Startup-Hamburg-18x10.jpg 18w, https:\/\/99cubes.de\/wp-content\/uploads\/2025\/03\/Bosse-Bosselino-Consulting-Startup-Hamburg-1140x641.jpg 1140w, https:\/\/99cubes.de\/wp-content\/uploads\/2025\/03\/Bosse-Bosselino-Consulting-Startup-Hamburg-920x518.jpg 920w, https:\/\/99cubes.de\/wp-content\/uploads\/2025\/03\/Bosse-Bosselino-Consulting-Startup-Hamburg-575x323.jpg 575w, https:\/\/99cubes.de\/wp-content\/uploads\/2025\/03\/Bosse-Bosselino-Consulting-Startup-Hamburg-380x214.jpg 380w, https:\/\/99cubes.de\/wp-content\/uploads\/2025\/03\/Bosse-Bosselino-Consulting-Startup-Hamburg-800x450.jpg 800w\" sizes=\"auto, (max-width: 1140px) 100vw, 1140px\" \/>\t\t\t\t\t<\/a>\n\t\t\t\t\t\t\t<\/div>\n\t\t\t\t\t\t<h5 class=\"uagb-post__title uagb-post__text\">\n\t\t\t\t<a href=\"https:\/\/99cubes.de\/es\/kundenprojekte\/hamburg-telefonboxen-fuer-ein-consulting-startup\/\" target=\"_self\" rel=\"bookmark noopener noreferrer\">Hamburgo: Cabinas telef\u00f3nicas para una empresa de consultor\u00eda<\/a>\n\t\t\t<\/h5>\n\t\t\t\t\t\t<div class='uagb-post__text uagb-post-grid-byline'>\n\t\t\t\t\t\t\t<\/div>\n\t\t\t\t\t\t<div class=\"uagb-post__text uagb-post__cta wp-block-button\">\n\t\t\t\t<a class=\"wp-block-button__link uagb-text-link\" style=\"\" href=\"https:\/\/99cubes.de\/es\/kundenprojekte\/hamburg-telefonboxen-fuer-ein-consulting-startup\/\" target=\"_self\" rel=\"bookmark noopener noreferrer\">Leer m\u00e1s<\/a>\n\t\t\t<\/div>\n\t\t\t\n\t\t\t\t\t\t\t\t\t<\/article>\n\t\t\t\t\t\t\t\t\t\t\t\t\t\t\t\t<article class=\"uagb-post__inner-wrap\">\t\t\t\t\t\t\t\t<div class='uagb-post__image'>\n\t\t\t\t\t\t\t\t\t<a href=\"https:\/\/99cubes.de\/es\/kundenprojekte\/berlin-telefonboxen-fuer-ein-software-startup\/\" target=\"_self\" rel=\"bookmark noopener noreferrer\" class='uagb-image-ratio-inherit'><img loading=\"lazy\" decoding=\"async\" width=\"1140\" height=\"641\" src=\"https:\/\/99cubes.de\/wp-content\/uploads\/2025\/03\/Bosse-Bosselino-Software-Startup-Berlin-1200x675.jpg\" class=\"attachment-large size-large\" alt=\"\" srcset=\"https:\/\/99cubes.de\/wp-content\/uploads\/2025\/03\/Bosse-Bosselino-Software-Startup-Berlin-1200x675.jpg 1200w, https:\/\/99cubes.de\/wp-content\/uploads\/2025\/03\/Bosse-Bosselino-Software-Startup-Berlin-450x253.jpg 450w, https:\/\/99cubes.de\/wp-content\/uploads\/2025\/03\/Bosse-Bosselino-Software-Startup-Berlin-768x432.jpg 768w, https:\/\/99cubes.de\/wp-content\/uploads\/2025\/03\/Bosse-Bosselino-Software-Startup-Berlin-1536x864.jpg 1536w, https:\/\/99cubes.de\/wp-content\/uploads\/2025\/03\/Bosse-Bosselino-Software-Startup-Berlin-2048x1152.jpg 2048w, https:\/\/99cubes.de\/wp-content\/uploads\/2025\/03\/Bosse-Bosselino-Software-Startup-Berlin-18x10.jpg 18w, https:\/\/99cubes.de\/wp-content\/uploads\/2025\/03\/Bosse-Bosselino-Software-Startup-Berlin-1140x641.jpg 1140w, https:\/\/99cubes.de\/wp-content\/uploads\/2025\/03\/Bosse-Bosselino-Software-Startup-Berlin-920x518.jpg 920w, https:\/\/99cubes.de\/wp-content\/uploads\/2025\/03\/Bosse-Bosselino-Software-Startup-Berlin-575x323.jpg 575w, https:\/\/99cubes.de\/wp-content\/uploads\/2025\/03\/Bosse-Bosselino-Software-Startup-Berlin-380x214.jpg 380w, https:\/\/99cubes.de\/wp-content\/uploads\/2025\/03\/Bosse-Bosselino-Software-Startup-Berlin-800x450.jpg 800w\" sizes=\"auto, (max-width: 1140px) 100vw, 1140px\" \/>\t\t\t\t\t<\/a>\n\t\t\t\t\t\t\t<\/div>\n\t\t\t\t\t\t<h5 class=\"uagb-post__title uagb-post__text\">\n\t\t\t\t<a href=\"https:\/\/99cubes.de\/es\/kundenprojekte\/berlin-telefonboxen-fuer-ein-software-startup\/\" target=\"_self\" rel=\"bookmark noopener noreferrer\">Berl\u00edn: cabinas telef\u00f3nicas para una empresa de software<\/a>\n\t\t\t<\/h5>\n\t\t\t\t\t\t<div class='uagb-post__text uagb-post-grid-byline'>\n\t\t\t\t\t\t\t<\/div>\n\t\t\t\t\t\t<div class=\"uagb-post__text uagb-post__cta wp-block-button\">\n\t\t\t\t<a class=\"wp-block-button__link uagb-text-link\" style=\"\" href=\"https:\/\/99cubes.de\/es\/kundenprojekte\/berlin-telefonboxen-fuer-ein-software-startup\/\" target=\"_self\" rel=\"bookmark noopener noreferrer\">Leer m\u00e1s<\/a>\n\t\t\t<\/div>\n\t\t\t\n\t\t\t\t\t\t\t\t\t<\/article>\n\t\t\t\t\t\t\t\t\t\t\t\t\t\t\t\t<article class=\"uagb-post__inner-wrap\">\t\t\t\t\t\t\t\t<div class='uagb-post__image'>\n\t\t\t\t\t\t\t\t\t<a href=\"https:\/\/99cubes.de\/es\/kundenprojekte\/nordrhein-westfalen-telefonbox-fuer-eine-schule\/\" target=\"_self\" rel=\"bookmark noopener noreferrer\" class='uagb-image-ratio-inherit'><img loading=\"lazy\" decoding=\"async\" width=\"1140\" height=\"641\" src=\"https:\/\/99cubes.de\/wp-content\/uploads\/2025\/03\/MUTE-Bildung-Jetson-S1-Nordrhein-Westfalen-1200x675.jpg\" class=\"attachment-large size-large\" alt=\"\" srcset=\"https:\/\/99cubes.de\/wp-content\/uploads\/2025\/03\/MUTE-Bildung-Jetson-S1-Nordrhein-Westfalen-1200x675.jpg 1200w, https:\/\/99cubes.de\/wp-content\/uploads\/2025\/03\/MUTE-Bildung-Jetson-S1-Nordrhein-Westfalen-450x253.jpg 450w, https:\/\/99cubes.de\/wp-content\/uploads\/2025\/03\/MUTE-Bildung-Jetson-S1-Nordrhein-Westfalen-768x432.jpg 768w, https:\/\/99cubes.de\/wp-content\/uploads\/2025\/03\/MUTE-Bildung-Jetson-S1-Nordrhein-Westfalen-1536x864.jpg 1536w, https:\/\/99cubes.de\/wp-content\/uploads\/2025\/03\/MUTE-Bildung-Jetson-S1-Nordrhein-Westfalen-2048x1152.jpg 2048w, https:\/\/99cubes.de\/wp-content\/uploads\/2025\/03\/MUTE-Bildung-Jetson-S1-Nordrhein-Westfalen-18x10.jpg 18w, https:\/\/99cubes.de\/wp-content\/uploads\/2025\/03\/MUTE-Bildung-Jetson-S1-Nordrhein-Westfalen-1140x641.jpg 1140w, https:\/\/99cubes.de\/wp-content\/uploads\/2025\/03\/MUTE-Bildung-Jetson-S1-Nordrhein-Westfalen-920x518.jpg 920w, https:\/\/99cubes.de\/wp-content\/uploads\/2025\/03\/MUTE-Bildung-Jetson-S1-Nordrhein-Westfalen-575x323.jpg 575w, https:\/\/99cubes.de\/wp-content\/uploads\/2025\/03\/MUTE-Bildung-Jetson-S1-Nordrhein-Westfalen-380x214.jpg 380w, https:\/\/99cubes.de\/wp-content\/uploads\/2025\/03\/MUTE-Bildung-Jetson-S1-Nordrhein-Westfalen-800x450.jpg 800w\" sizes=\"auto, (max-width: 1140px) 100vw, 1140px\" \/>\t\t\t\t\t<\/a>\n\t\t\t\t\t\t\t<\/div>\n\t\t\t\t\t\t<h5 class=\"uagb-post__title uagb-post__text\">\n\t\t\t\t<a href=\"https:\/\/99cubes.de\/es\/kundenprojekte\/nordrhein-westfalen-telefonbox-fuer-eine-schule\/\" target=\"_self\" rel=\"bookmark noopener noreferrer\">Renania del Norte-Westfalia: cabina telef\u00f3nica para una escuela<\/a>\n\t\t\t<\/h5>\n\t\t\t\t\t\t<div class='uagb-post__text uagb-post-grid-byline'>\n\t\t\t\t\t\t\t<\/div>\n\t\t\t\t\t\t<div class=\"uagb-post__text uagb-post__cta wp-block-button\">\n\t\t\t\t<a class=\"wp-block-button__link uagb-text-link\" style=\"\" href=\"https:\/\/99cubes.de\/es\/kundenprojekte\/nordrhein-westfalen-telefonbox-fuer-eine-schule\/\" target=\"_self\" rel=\"bookmark noopener noreferrer\">Leer m\u00e1s<\/a>\n\t\t\t<\/div>\n\t\t\t\n\t\t\t\t\t\t\t\t\t<\/article>\n\t\t\t\t\t\t\t\t\t\t\t\t\t\t\t\t<article class=\"uagb-post__inner-wrap\">\t\t\t\t\t\t\t\t<div class='uagb-post__image'>\n\t\t\t\t\t\t\t\t\t<a href=\"https:\/\/99cubes.de\/es\/kundenprojekte\/berlin-raum-in-raum-system-im-architekturbuero\/\" target=\"_self\" rel=\"bookmark noopener noreferrer\" class='uagb-image-ratio-inherit'><img loading=\"lazy\" decoding=\"async\" width=\"1140\" height=\"641\" src=\"https:\/\/99cubes.de\/wp-content\/uploads\/2025\/04\/MUTE-Modular-Buero-Architekt-1b-1200x675.jpg\" class=\"attachment-large size-large\" alt=\"\" srcset=\"https:\/\/99cubes.de\/wp-content\/uploads\/2025\/04\/MUTE-Modular-Buero-Architekt-1b-1200x675.jpg 1200w, https:\/\/99cubes.de\/wp-content\/uploads\/2025\/04\/MUTE-Modular-Buero-Architekt-1b-450x253.jpg 450w, https:\/\/99cubes.de\/wp-content\/uploads\/2025\/04\/MUTE-Modular-Buero-Architekt-1b-768x432.jpg 768w, https:\/\/99cubes.de\/wp-content\/uploads\/2025\/04\/MUTE-Modular-Buero-Architekt-1b-1536x864.jpg 1536w, https:\/\/99cubes.de\/wp-content\/uploads\/2025\/04\/MUTE-Modular-Buero-Architekt-1b-2048x1152.jpg 2048w, https:\/\/99cubes.de\/wp-content\/uploads\/2025\/04\/MUTE-Modular-Buero-Architekt-1b-18x10.jpg 18w, https:\/\/99cubes.de\/wp-content\/uploads\/2025\/04\/MUTE-Modular-Buero-Architekt-1b-1140x641.jpg 1140w, https:\/\/99cubes.de\/wp-content\/uploads\/2025\/04\/MUTE-Modular-Buero-Architekt-1b-920x518.jpg 920w, https:\/\/99cubes.de\/wp-content\/uploads\/2025\/04\/MUTE-Modular-Buero-Architekt-1b-575x323.jpg 575w, https:\/\/99cubes.de\/wp-content\/uploads\/2025\/04\/MUTE-Modular-Buero-Architekt-1b-380x214.jpg 380w, https:\/\/99cubes.de\/wp-content\/uploads\/2025\/04\/MUTE-Modular-Buero-Architekt-1b-800x450.jpg 800w\" sizes=\"auto, (max-width: 1140px) 100vw, 1140px\" \/>\t\t\t\t\t<\/a>\n\t\t\t\t\t\t\t<\/div>\n\t\t\t\t\t\t<h5 class=\"uagb-post__title uagb-post__text\">\n\t\t\t\t<a href=\"https:\/\/99cubes.de\/es\/kundenprojekte\/berlin-raum-in-raum-system-im-architekturbuero\/\" target=\"_self\" rel=\"bookmark noopener noreferrer\">Berl\u00edn: Sistema \"habitaci\u00f3n en habitaci\u00f3n\" en el estudio de arquitectura<\/a>\n\t\t\t<\/h5>\n\t\t\t\t\t\t<div class='uagb-post__text uagb-post-grid-byline'>\n\t\t\t\t\t\t\t<\/div>\n\t\t\t\t\t\t<div class=\"uagb-post__text uagb-post__cta wp-block-button\">\n\t\t\t\t<a class=\"wp-block-button__link uagb-text-link\" style=\"\" href=\"https:\/\/99cubes.de\/es\/kundenprojekte\/berlin-raum-in-raum-system-im-architekturbuero\/\" target=\"_self\" rel=\"bookmark noopener noreferrer\">Leer m\u00e1s<\/a>\n\t\t\t<\/div>\n\t\t\t\n\t\t\t\t\t\t\t\t\t<\/article>\n\t\t\t\t\t\t\t\t\t\t\t<\/div>","protected":false},"excerpt":{"rendered":"<p>A continuaci\u00f3n presentamos algunos de nuestros proyectos para clientes en orden suelto con breves perfiles:<\/p>","protected":false},"author":1,"featured_media":0,"parent":0,"menu_order":0,"comment_status":"closed","ping_status":"closed","template":"","meta":{"content-type":"","_uag_custom_page_level_css":"","footnotes":""},"class_list":["post-3741","page","type-page","status-publish","hentry"],"uagb_featured_image_src":{"full":false,"thumbnail":false,"medium":false,"medium_large":false,"large":false,"1536x1536":false,"2048x2048":false,"trp-custom-language-flag":false,"botiga-extra-large":false,"botiga-large":false,"botiga-big":false,"botiga-medium":false,"botiga-header-icons":false,"botiga-product-swatch-image":false,"woocommerce_thumbnail":false,"woocommerce_single":false,"woocommerce_gallery_thumbnail":false,"wpvr_mobile":false},"uagb_author_info":{"display_name":"frank","author_link":"https:\/\/99cubes.de\/es\/author\/frank\/"},"uagb_comment_info":0,"uagb_excerpt":"In loser Reihenfolge pr\u00e4sentieren wir hier einige unserer Kundenprojekte mit kurzen Steckbriefen:","_links":{"self":[{"href":"https:\/\/99cubes.de\/es\/wp-json\/wp\/v2\/pages\/3741","targetHints":{"allow":["GET"]}}],"collection":[{"href":"https:\/\/99cubes.de\/es\/wp-json\/wp\/v2\/pages"}],"about":[{"href":"https:\/\/99cubes.de\/es\/wp-json\/wp\/v2\/types\/page"}],"author":[{"embeddable":true,"href":"https:\/\/99cubes.de\/es\/wp-json\/wp\/v2\/users\/1"}],"replies":[{"embeddable":true,"href":"https:\/\/99cubes.de\/es\/wp-json\/wp\/v2\/comments?post=3741"}],"version-history":[{"count":1,"href":"https:\/\/99cubes.de\/es\/wp-json\/wp\/v2\/pages\/3741\/revisions"}],"predecessor-version":[{"id":3744,"href":"https:\/\/99cubes.de\/es\/wp-json\/wp\/v2\/pages\/3741\/revisions\/3744"}],"wp:attachment":[{"href":"https:\/\/99cubes.de\/es\/wp-json\/wp\/v2\/media?parent=3741"}],"curies":[{"name":"wp","href":"https:\/\/api.w.org\/{rel}","templated":true}]}}