{"id":4207,"date":"2025-08-15T15:58:19","date_gmt":"2025-08-15T13:58:19","guid":{"rendered":"https:\/\/99cubes.de\/?page_id=4207"},"modified":"2025-12-12T17:22:39","modified_gmt":"2025-12-12T16:22:39","slug":"politica-de-privacidad-de-los-perfiles-en-las-redes-sociales","status":"publish","type":"page","link":"https:\/\/99cubes.de\/es\/datenschutzerklaerung-fuer-social-media-profile\/","title":{"rendered":"Pol\u00edtica de privacidad de los perfiles en las redes sociales"},"content":{"rendered":"<p id=\"block-0ffbd238-e939-4939-9143-c912de4f2842\">Con esta informaci\u00f3n sobre protecci\u00f3n de datos le informamos sobre el tratamiento de sus datos personales y sobre sus derechos como persona afectada en el marco de nuestra presencia en las redes sociales. La siguiente informaci\u00f3n se refiere exclusivamente al tratamiento de datos personales en el marco de nuestros perfiles en las redes sociales. En nuestro sitio web se utilizan tecnolog\u00edas de seguimiento, como Meta-Pixel, que se describen en nuestra declaraci\u00f3n general de protecci\u00f3n de datos.<\/p>\n\n\n\n<p>Para cualquier otro tratamiento de datos personales, as\u00ed como, en particular, para obtener informaci\u00f3n sobre el uso del metap\u00edxel y la API de conversi\u00f3n en nuestro sitio web (incluidos los fines, los tipos de datos, el consentimiento\/exclusi\u00f3n voluntaria, la gesti\u00f3n de cookies y las transferencias a terceros pa\u00edses), consulte nuestra pol\u00edtica de privacidad general en <a href=\"https:\/\/99cubes.de\/es\/proteccion-de-datos\/\">https:\/\/99cubes.de\/datenschutz\/<\/a>.<\/p>\n\n\n\n<p>Fecha: 12\/12\/2025<\/p>\n\n\n\n<h2 class=\"wp-block-heading\" id=\"block-c78009c9-d3b4-4502-b4c3-6aeab77a15cb\">1. persona responsable<\/h2>\n\n\n\n<p id=\"block-391378ff-c11d-4293-bacd-302b7c07ec80\">Nuestras redes sociales est\u00e1n gestionadas por<\/p>\n\n\n\n<p id=\"block-69dd66fc-526d-4596-86bd-4b0883645b97\"><strong>XOROS Home GmbH<\/strong><br>Glockengie\u00dferwall 2<br>20095 Hamburgo<br>Alemania<br><a href=\"mailto:info@xoros-home.de\">info@xoros-home.de<\/a><br>+49 40 853 77 201<br>representado por: Niels Gundermann, Frank Ehlers<\/p>\n\n\n\n<p id=\"block-a1cee127-937f-43e7-a2f5-d4b191616eae\">Responsable de protecci\u00f3n de datos:<br>Puede ponerse en contacto con la persona responsable de la protecci\u00f3n de datos en nuestra organizaci\u00f3n a trav\u00e9s de <a href=\"mailto:info@xoros-home.de\">info@xoros-home.de<\/a> bajo la palabra clave \"Protecci\u00f3n de datos\".<\/p>\n\n\n\n<h2 class=\"wp-block-heading\" id=\"block-d21bc18a-3dd1-4a21-af13-e239d04257d3\">2. \u00e1mbito de aplicaci\u00f3n<\/h2>\n\n\n\n<p>Esta pol\u00edtica de privacidad le informa sobre el tipo, el alcance y la finalidad del tratamiento de los datos personales al utilizar los siguientes perfiles de medios sociales de nuestra empresa:<\/p>\n\n\n\n<ul class=\"wp-block-list\">\n<li><strong>Cuenta de empresa en Facebook:<\/strong>&nbsp;Tenemos una cuenta de empresa en Facebook. No escribimos nuestras propias publicaciones a trav\u00e9s de nuestra cuenta de empresa de Facebook y no interactuamos con otros usuarios de Facebook. No obstante, publicamos anuncios en Facebook y utilizamos formularios de captaci\u00f3n de clientes potenciales para atraer a usuarios interesados en nuestra oferta. Utilizamos Facebook Ad Manager para la gesti\u00f3n t\u00e9cnica de la publicidad.<\/li>\n\n\n\n<li><strong>Cuenta Instagram<\/strong>: Llevamos las dos cuentas de Instagram <a href=\"https:\/\/www.instagram.com\/99cubes.de\/\" target=\"_blank\" rel=\"noreferrer noopener\">instagram.com\/99cubes.com\/<\/a> y <a href=\"https:\/\/www.instagram.com\/xoros_home_de\/\" target=\"_blank\" rel=\"noreferrer noopener\">instagram.com\/xoros_home_es\/<\/a> y los utilizamos activamente para publicaciones, relatos, bobinas y anuncios, interactuamos con otros usuarios y utilizamos formularios de captaci\u00f3n de clientes potenciales para atraer a usuarios interesados a nuestra oferta.<\/li>\n\n\n\n<li><strong>Canal Youtube:<\/strong> Gestionamos el canal YouTube <a href=\"https:\/\/www.youtube.com\/@99cubes-de\" target=\"_blank\" rel=\"noreferrer noopener\">youtube.com\/@99cubes-es<\/a> y la utilizamos para publicar v\u00eddeos con el fin de informar sobre nuestros servicios y proporcionar informaci\u00f3n general a trav\u00e9s del v\u00eddeo.<\/li>\n\n\n\n<li><strong>LinkedIn:<\/strong> Estamos presentes en LinkedIn en <a href=\"https:\/\/www.linkedin.com\/company\/xoros-home\/\" target=\"_blank\" rel=\"noreferrer noopener\">linkedin.com\/empresa\/xoros-home\/<\/a> y utilizarlo para presentar la empresa, para realizar aportaciones y para interactuar con otros usuarios.<\/li>\n<\/ul>\n\n\n\n<p>Somos corresponsables del funcionamiento de nuestras cuentas de Facebook e Instagram con Meta Platforms Ireland Limited (Block J, Serpentine Avenue, Dubl\u00edn 4, Irlanda, en adelante: \"Meta\") en el sentido del art. 26 del GDPR. Puede encontrar m\u00e1s informaci\u00f3n sobre el tratamiento de datos por parte de Meta y los datos de contacto de las personas responsables en Meta en la pol\u00edtica de privacidad de Meta en&nbsp;<a href=\"https:\/\/www.facebook.com\/about\/privacy\" target=\"_blank\" rel=\"noreferrer noopener\">facebook.com\/about\/privacy<\/a>.<\/p>\n\n\n\n<p>El proveedor de YouTube es Google Ireland Limited, Gordon House, Barrow Street, Dubl\u00edn 4, Irlanda. Puede encontrar informaci\u00f3n sobre el tratamiento de datos personales por parte del proveedor en la pol\u00edtica de privacidad en el siguiente enlace:&nbsp;<a href=\"https:\/\/policies.google.com\/privacy\" target=\"_blank\" rel=\"noopener\">https:\/\/policies.google.com\/privacy<\/a>.<\/p>\n\n\n\n<p>El proveedor de LinkedIn es LinkedIn Ireland Unlimited Company, Wilton Place, Dubl\u00edn 2, Irlanda. Puede encontrar informaci\u00f3n sobre el tratamiento de datos personales por parte de LinkedIn en la pol\u00edtica de privacidad en el siguiente enlace:&nbsp;<a href=\"https:\/\/www.linkedin.com\/legal\/privacy-policy\" target=\"_blank\" rel=\"noopener\">https:\/\/www.linkedin.com\/legal\/privacy-policy<\/a>.<\/p>\n\n\n\n<h2 class=\"wp-block-heading\" id=\"block-c902c210-e58f-4823-b380-71ba9986153c\">3. responsabilidad conjunta con Meta<\/h2>\n\n\n\n<p id=\"block-a40ac206-f240-4752-988d-8ddd1a139f67\">Meta proporciona las plataformas Facebook e Instagram y procesa los datos personales de los usuarios. Hay corresponsabilidad en determinados tratamientos (page insights, lead forms, etc.).<br>El acuerdo de corresponsabilidad (\"Page Insights Controller Addendum\") puede consultarse aqu\u00ed:<br><a href=\"https:\/\/www.facebook.com\/legal\/terms\/page_controller_addendum\" target=\"_blank\" rel=\"noreferrer noopener\">https:\/\/www.facebook.com\/legal\/terms\/page_controller_addendum<\/a><\/p>\n\n\n\n<p id=\"block-a40ac206-f240-4752-988d-8ddd1a139f67\">Meta asume la responsabilidad principal del tratamiento de datos personales en relaci\u00f3n con los servicios de la plataforma; recibimos estad\u00edsticas anonimizadas sobre el acceso a nuestras p\u00e1ginas.<\/p>\n\n\n\n<h2 class=\"wp-block-heading\" id=\"block-cc21a419-4638-4614-a1b9-b8d7c6aadc59\">4. tratamiento de datos en Facebook<\/h2>\n\n\n\n<p id=\"block-4b51d7a0-a43c-48ba-a929-2400d730e6b2\">Utilizamos nuestra cuenta de empresa de Facebook para la publicaci\u00f3n y gesti\u00f3n de anuncios. Aparte de los anuncios, no publicamos ning\u00fan post, comentario, imagen o v\u00eddeo en Facebook. Nosotros o Meta procesamos los siguientes datos en particular::<\/p>\n\n\n\n<ul class=\"wp-block-list\">\n<li><strong>Interacciones:<\/strong>&nbsp;Comentarios, \"me gusta\", mensajes directos en el contexto de nuestros anuncios<\/li>\n\n\n\n<li><strong>Contenido:<\/strong>&nbsp;Im\u00e1genes, relatos, bobinas, textos publicados por nosotros en el contexto de anuncios publicitarios<\/li>\n\n\n\n<li><strong>Datos de uso:<\/strong>&nbsp;Estad\u00edsticas de llamadas de los anuncios<\/li>\n\n\n\n<li><strong>Formas de plomo:<\/strong>&nbsp;Si rellena un formulario a trav\u00e9s de los anuncios correspondientes o de nuestro perfil, recibiremos los datos all\u00ed facilitados (nombre, direcci\u00f3n de correo electr\u00f3nico, n\u00famero de tel\u00e9fono y, posiblemente, otra informaci\u00f3n voluntaria).<\/li>\n<\/ul>\n\n\n\n<p><strong>Fines del tratamiento:<\/strong><\/p>\n\n\n\n<ul class=\"wp-block-list\">\n<li>Responder a las consultas<\/li>\n\n\n\n<li>Realizaci\u00f3n de medidas publicitarias<\/li>\n\n\n\n<li>An\u00e1lisis de la gama<\/li>\n\n\n\n<li>Captaci\u00f3n de interesados (leads)<\/li>\n<\/ul>\n\n\n\n<p><br><strong>Bases jur\u00eddicas:<\/strong>&nbsp;<\/p>\n\n\n\n<ul class=\"wp-block-list\">\n<li>Art. 6 apdo. 1 lit. f GDPR (relaciones p\u00fablicas, marketing)<\/li>\n\n\n\n<li>Art. 6 apdo. 1 lit. a GDPR (consentimiento para formularios de solicitud)<\/li>\n\n\n\n<li>Art. 6 apdo. 1 lit. b GDPR (consultas precontractuales)<\/li>\n<\/ul>\n\n\n\n<h2 class=\"wp-block-heading\" id=\"block-6a662701-81b4-47f8-a084-7ca20bd0061a\">5. tratamiento de datos en Instagram<\/h2>\n\n\n\n<p>Operamos nuestras cuentas de Instagram para la presentaci\u00f3n de la empresa, la comunicaci\u00f3n con los clientes y la publicidad. Nosotros o Meta procesamos los siguientes datos en particular:<\/p>\n\n\n\n<ul class=\"wp-block-list\">\n<li><strong>Interacciones:<\/strong>&nbsp;Comentarios, \"me gusta\", mensajes directos<\/li>\n\n\n\n<li><strong>Contenido:<\/strong>&nbsp;im\u00e1genes, relatos, bobinas, textos publicados por nosotros<\/li>\n\n\n\n<li><strong>Datos de uso:<\/strong>&nbsp;Estad\u00edsticas de llamadas (\"Instagram Insights\")<\/li>\n\n\n\n<li><strong>Formas de plomo:<\/strong>&nbsp;Si rellena un formulario a trav\u00e9s de los anuncios correspondientes o de nuestro perfil, recibiremos los datos all\u00ed facilitados (nombre, direcci\u00f3n de correo electr\u00f3nico, n\u00famero de tel\u00e9fono y, posiblemente, otra informaci\u00f3n voluntaria).<\/li>\n<\/ul>\n\n\n\n<p><strong>Fines del tratamiento:<\/strong><\/p>\n\n\n\n<ul class=\"wp-block-list\">\n<li>Responder a las consultas<\/li>\n\n\n\n<li>Realizaci\u00f3n de medidas publicitarias<\/li>\n\n\n\n<li>An\u00e1lisis de la gama<\/li>\n\n\n\n<li>Captaci\u00f3n de interesados (leads)<\/li>\n<\/ul>\n\n\n\n<p><strong>Bases jur\u00eddicas:<\/strong><\/p>\n\n\n\n<ul class=\"wp-block-list\">\n<li>Art. 6 apdo. 1 lit. a GDPR (consentimiento para formularios de solicitud)<\/li>\n\n\n\n<li>Art. 6 apdo. 1 lit. b GDPR (consultas precontractuales)<\/li>\n\n\n\n<li>Art. 6 apdo. 1 lit. f GDPR (relaciones p\u00fablicas, marketing)<\/li>\n<\/ul>\n\n\n\n<h2 class=\"wp-block-heading\" id=\"block-99bc2922-39ed-4856-8072-d3fdd7f005aa\">6. notas sobre las formas de plomo<\/h2>\n\n\n\n<p id=\"block-df302ea9-60df-4454-987a-8258b191a9fe\">Si rellena un formulario de captaci\u00f3n de clientes potenciales a trav\u00e9s de Facebook o Instagram, sus datos solo se nos transmitir\u00e1n despu\u00e9s de que haya dado su consentimiento activo para el uso de sus datos.<br>Utilizamos los datos exclusivamente para los fines indicados en el formulario (por ejemplo, env\u00edo de ofertas, folletos y listas de precios).<\/p>\n\n\n\n<h2 class=\"wp-block-heading\" id=\"block-c5c25fc8-e28d-4757-a6e9-3f2d35daa5c7\">7. uso de Hubspot como sistema CRM<\/h2>\n\n\n\n<p>Utilizamos el sistema CRM de Hubspot para gestionar y procesar los datos de contacto recopilados a trav\u00e9s de formularios de captaci\u00f3n de clientes potenciales. HubSpot es una empresa de software de EE.UU. con una sucursal en Irlanda como sede europea. Contacto: Dubl\u00edn (sede europea) 1 Sir John Rogerson's Quay, Dubl\u00edn 2, Irlanda, Tel\u00e9fono: +353 1 518 7500. <\/p>\n\n\n\n<p>Los datos introducidos en los formularios de captaci\u00f3n de clientes potenciales se transfieren a Hubspot y se almacenan y procesan all\u00ed con el fin de establecer contacto, procesar su consulta y llevar a cabo actividades de marketing y ventas. <\/p>\n\n\n\n<p>Puedes encontrar m\u00e1s informaci\u00f3n en la pol\u00edtica de privacidad de Hubspot:&nbsp;<a rel=\"noreferrer noopener\" target=\"_blank\" href=\"https:\/\/legal.hubspot.com\/de\/privacy-policy\">https:\/\/legal.hubspot.com\/de\/privacy-policy<\/a><\/p>\n\n\n\n<p><strong>Bases jur\u00eddicas: <\/strong><\/p>\n\n\n\n<ul class=\"wp-block-list\">\n<li>Art. 6 apdo. 1 lit. a GDPR (consentimiento)<\/li>\n\n\n\n<li>Art\u00edculo 6, apartado 1, letra b) (medidas precontractuales)<\/li>\n\n\n\n<li>Art\u00edculo 6, apartado 1, letra f) (inter\u00e9s leg\u00edtimo en la gesti\u00f3n eficaz de los clientes y el marketing).<\/li>\n<\/ul>\n\n\n\n<h2 class=\"wp-block-heading\">8. transferencia de datos a terceros pa\u00edses<\/h2>\n\n\n\n<p id=\"block-8c8d49cf-2612-48d3-aa4e-2213273ff093\">Algunos de los servicios y proveedores de redes sociales que utilizamos tambi\u00e9n procesan datos fuera de la UE, en particular en Estados Unidos. A estas transferencias se aplican las cl\u00e1usulas contractuales tipo de la Comisi\u00f3n de la UE como garant\u00eda adecuada del cumplimiento del nivel de protecci\u00f3n de datos.<\/p>\n\n\n\n<h2 class=\"wp-block-heading\" id=\"block-846b9975-41be-4f5e-9210-bcd2d019d395\">9. sus derechos como interesado<\/h2>\n\n\n\n<p id=\"block-a39434ca-ccd4-4eba-9751-28f962232a68\">Usted tiene los siguientes derechos frente a nosotros:<\/p>\n\n\n\n<ul id=\"block-c45ecc00-8f45-4982-a220-310c33ec701c\" class=\"wp-block-list\">\n<li>Informaci\u00f3n sobre sus datos almacenados (Art. 15 GDPR)<\/li>\n\n\n\n<li>Rectificaci\u00f3n (Art. 16 GDPR)<\/li>\n\n\n\n<li>Supresi\u00f3n (Art. 17 GDPR)<\/li>\n\n\n\n<li>Restricci\u00f3n del tratamiento (Art. 18 GDPR)<\/li>\n\n\n\n<li>Portabilidad de datos (Art. 20 GDPR)<\/li>\n\n\n\n<li>Objeci\u00f3n a las operaciones de tratamiento (Art. 21 GDPR)<\/li>\n\n\n\n<li>Derecho a presentar una reclamaci\u00f3n ante una autoridad de control<\/li>\n<\/ul>\n\n\n\n<p id=\"block-bdc6d365-a0c9-4c54-9404-4e7c026743be\">Nota: La mayor parte del tratamiento de datos lo realizan los propios proveedores que utilizamos. Por tanto, puede hacer valer sus derechos directamente ante los proveedores que utilizamos.<\/p>\n\n\n\n<p id=\"block-b233603e-d099-4b12-b6a8-2e7ac6288d74\"><strong>Ponte de pie:<\/strong>&nbsp;20.08.2025<\/p>","protected":false},"excerpt":{"rendered":"<p>Mit diesen Datenschutzhinweisen informieren wir Sie \u00fcber die Verarbeitung Ihrer personenbezogenen Daten und \u00fcber Ihre Rechte als betroffene [&hellip;]<\/p>\n","protected":false},"author":1,"featured_media":0,"parent":0,"menu_order":0,"comment_status":"closed","ping_status":"closed","template":"","meta":{"content-type":"","_uag_custom_page_level_css":"","footnotes":""},"class_list":["post-4207","page","type-page","status-publish","hentry"],"uagb_featured_image_src":{"full":false,"thumbnail":false,"medium":false,"medium_large":false,"large":false,"1536x1536":false,"2048x2048":false,"trp-custom-language-flag":false,"botiga-extra-large":false,"botiga-large":false,"botiga-big":false,"botiga-medium":false,"botiga-header-icons":false,"botiga-product-swatch-image":false,"woocommerce_thumbnail":false,"woocommerce_single":false,"woocommerce_gallery_thumbnail":false,"wpvr_mobile":false},"uagb_author_info":{"display_name":"frank","author_link":"https:\/\/99cubes.de\/es\/author\/frank\/"},"uagb_comment_info":0,"uagb_excerpt":"Mit diesen Datenschutzhinweisen informieren wir Sie \u00fcber die Verarbeitung Ihrer personenbezogenen Daten und \u00fcber Ihre Rechte als betroffene [&hellip;]","_links":{"self":[{"href":"https:\/\/99cubes.de\/es\/wp-json\/wp\/v2\/pages\/4207","targetHints":{"allow":["GET"]}}],"collection":[{"href":"https:\/\/99cubes.de\/es\/wp-json\/wp\/v2\/pages"}],"about":[{"href":"https:\/\/99cubes.de\/es\/wp-json\/wp\/v2\/types\/page"}],"author":[{"embeddable":true,"href":"https:\/\/99cubes.de\/es\/wp-json\/wp\/v2\/users\/1"}],"replies":[{"embeddable":true,"href":"https:\/\/99cubes.de\/es\/wp-json\/wp\/v2\/comments?post=4207"}],"version-history":[{"count":6,"href":"https:\/\/99cubes.de\/es\/wp-json\/wp\/v2\/pages\/4207\/revisions"}],"predecessor-version":[{"id":4399,"href":"https:\/\/99cubes.de\/es\/wp-json\/wp\/v2\/pages\/4207\/revisions\/4399"}],"wp:attachment":[{"href":"https:\/\/99cubes.de\/es\/wp-json\/wp\/v2\/media?parent=4207"}],"curies":[{"name":"wp","href":"https:\/\/api.w.org\/{rel}","templated":true}]}}