{"id":836,"date":"2024-06-25T12:23:57","date_gmt":"2024-06-25T10:23:57","guid":{"rendered":"https:\/\/99cubes.de\/?page_id=836"},"modified":"2024-11-01T19:41:21","modified_gmt":"2024-11-01T18:41:21","slug":"acerca-de-nosotros","status":"publish","type":"page","link":"https:\/\/99cubes.de\/es\/ueber-uns\/","title":{"rendered":"Qui\u00e9nes somos"},"content":{"rendered":"<div style=\"height:100px\" aria-hidden=\"true\" class=\"wp-block-spacer\"><\/div>\n\n\n\n<div class=\"wp-block-columns alignfull is-layout-flex wp-container-core-columns-is-layout-62a63864 wp-block-columns-is-layout-flex\" style=\"margin-top:0px;margin-bottom:80px\">\n<div class=\"wp-block-column is-layout-flow wp-block-column-is-layout-flow\">\n<div class=\"wp-block-cover\" style=\"min-height:800px;aspect-ratio:unset;\"><span aria-hidden=\"true\" class=\"wp-block-cover__background has-background-dim-0 has-background-dim\" style=\"background-color:#857268\"><\/span><img loading=\"lazy\" decoding=\"async\" width=\"900\" height=\"1200\" class=\"wp-block-cover__image-background wp-image-1917\" alt=\"\" src=\"https:\/\/99cubes.de\/wp-content\/uploads\/2024\/07\/Niels-Gundermann-Frank-Ehlers-99cubes.de-Team-hoch.jpg\" style=\"object-position:52% 32%\" data-object-fit=\"cover\" data-object-position=\"52% 32%\" srcset=\"https:\/\/99cubes.de\/wp-content\/uploads\/2024\/07\/Niels-Gundermann-Frank-Ehlers-99cubes.de-Team-hoch.jpg 900w, https:\/\/99cubes.de\/wp-content\/uploads\/2024\/07\/Niels-Gundermann-Frank-Ehlers-99cubes.de-Team-hoch-338x450.jpg 338w, https:\/\/99cubes.de\/wp-content\/uploads\/2024\/07\/Niels-Gundermann-Frank-Ehlers-99cubes.de-Team-hoch-768x1024.jpg 768w, https:\/\/99cubes.de\/wp-content\/uploads\/2024\/07\/Niels-Gundermann-Frank-Ehlers-99cubes.de-Team-hoch-575x767.jpg 575w, https:\/\/99cubes.de\/wp-content\/uploads\/2024\/07\/Niels-Gundermann-Frank-Ehlers-99cubes.de-Team-hoch-380x507.jpg 380w, https:\/\/99cubes.de\/wp-content\/uploads\/2024\/07\/Niels-Gundermann-Frank-Ehlers-99cubes.de-Team-hoch-800x1067.jpg 800w\" sizes=\"auto, (max-width: 900px) 100vw, 900px\" \/><div class=\"wp-block-cover__inner-container is-layout-constrained wp-block-cover-is-layout-constrained\">\n<p class=\"has-text-align-center has-large-font-size\"><\/p>\n<\/div><\/div>\n<\/div>\n\n\n\n<div class=\"wp-block-column is-vertically-aligned-center is-layout-flow wp-block-column-is-layout-flow\">\n<div class=\"wp-block-group\" style=\"margin-top:0;margin-bottom:0;padding-top:20px;padding-right:50px;padding-bottom:20px;padding-left:50px\"><div class=\"wp-block-group__inner-container is-layout-constrained wp-container-core-group-is-layout-4a5aaad9 wp-block-group-is-layout-constrained\">\n<h3 class=\"wp-block-heading\">Noventa y nueve cubos - <br>\u00a1El punto de contacto n\u00ba 1 para cubos ac\u00fasticos!<\/h3>\n\n\n\n<div class=\"wp-block-group\"><div class=\"wp-block-group__inner-container is-layout-constrained wp-container-core-group-is-layout-cc91c3e3 wp-block-group-is-layout-constrained\">\n<div class=\"wp-block-group\"><div class=\"wp-block-group__inner-container is-layout-constrained wp-container-core-group-is-layout-e415b0de wp-block-group-is-layout-constrained\">\n<h5 class=\"wp-block-heading\" style=\"text-transform:none\">\u00bfQui\u00e9n est\u00e1 detr\u00e1s de Noventa y Nueve Cubos?<\/h5>\n\n\n\n<p>Detr\u00e1s de Ninety-Nine Cubes estamos Frank y Niels, los dos fundadores de XOROS Home GmbH y operadores de una plataforma de alquiler de mobiliario de oficina &amp; Co.<\/p>\n<\/div><\/div>\n\n\n\n<hr class=\"wp-block-separator has-alpha-channel-opacity is-style-wide\"\/>\n\n\n\n<div class=\"wp-block-group\"><div class=\"wp-block-group__inner-container is-layout-constrained wp-container-core-group-is-layout-e415b0de wp-block-group-is-layout-constrained\">\n<h5 class=\"wp-block-heading\" style=\"text-transform:none\">\u00bfPor qu\u00e9 creamos Noventa y Nueve Cubos?<\/h5>\n\n\n\n<p>Las cabinas telef\u00f3nicas y de reuniones son muebles complejos que requieren muchas explicaciones. Sin embargo, muchos clientes se sienten abrumados por la oferta del mercado y les resulta dif\u00edcil clasificar las diferencias de calidad. Con Ninety-Nine Cubes, intentamos ofrecer mejor informaci\u00f3n y posicionarnos como el punto de contacto n\u00ba 1 para cubos ac\u00fasticos.<\/p>\n<\/div><\/div>\n\n\n\n<hr class=\"wp-block-separator has-alpha-channel-opacity is-style-wide\"\/>\n\n\n\n<div class=\"wp-block-group\"><div class=\"wp-block-group__inner-container is-layout-constrained wp-container-core-group-is-layout-e415b0de wp-block-group-is-layout-constrained\">\n<h5 class=\"wp-block-heading\" style=\"text-transform:none\">\u00bfQu\u00e9 significa el 99 de nuestro nombre?<\/h5>\n\n\n\n<p>Ten\u00edamos unos 99 cubos con XOROS Home en nuestro programa de alquiler cuando se nos ocurri\u00f3 la idea de 99cubes.de. Al mismo tiempo, el 99 simboliza una gran selecci\u00f3n de cubos.  <\/p>\n<\/div><\/div>\n<\/div><\/div>\n<\/div><\/div>\n<\/div>\n<\/div>\n\n\n\n<div style=\"height:100px\" aria-hidden=\"true\" class=\"wp-block-spacer\"><\/div>\n\n\n\n<h2 class=\"wp-block-heading has-text-align-center\">Los dos fundadores<\/h2>\n\n\n\n<div style=\"height:50px\" aria-hidden=\"true\" class=\"wp-block-spacer\"><\/div>\n\n\n\n<div class=\"wp-block-columns is-layout-flex wp-container-core-columns-is-layout-28f84493 wp-block-columns-is-layout-flex\">\n<div class=\"wp-block-column is-layout-flow wp-block-column-is-layout-flow\">\n<div data-aos= \"slide-right\" data-aos-duration=\"400\" data-aos-delay=\"0\" data-aos-easing=\"ease\" data-aos-once=\"true\" class=\"wp-block-uagb-team uagb-team__image-position-above uagb-team__align-center uagb-team__stack-tablet uagb-block-6097d77f\"><div class=\"uagb-team__content\"><h3 class=\"uagb-team__title\">Niels Gundermann<\/h3><span class=\"uagb-team__prefix\">Cofundador<\/span><p class=\"uagb-team__desc\">\u00a1Me encanta Francia y la buena vida! <br>Preferencias t\u00edpicas: Flat white, cinturones elegantes, vino blanco, jazz.<br>Cubo favorito:<a href=\"https:\/\/99cubes.de\/es\/productos\/work-box-space-m-mute\/\" data-type=\"product\" data-id=\"1163\"> Space M con escritorio de altura regulable el\u00e9ctricamente<\/a><\/p><\/div><\/div>\n<\/div>\n\n\n\n<div class=\"wp-block-column is-layout-flow wp-block-column-is-layout-flow\">\n<div data-aos= \"slide-left\" data-aos-duration=\"400\" data-aos-delay=\"0\" data-aos-easing=\"ease\" data-aos-once=\"true\" class=\"wp-block-uagb-team uagb-team__image-position-above uagb-team__align-center uagb-team__stack-tablet uagb-block-e94352f5\"><div class=\"uagb-team__content\"><h3 class=\"uagb-team__title\">Frank Ehlers<\/h3><span class=\"uagb-team__prefix\">Cofundador<\/span><p class=\"uagb-team__desc\">Pizzero apasionado. <br>T\u00edpicos favoritos: sauna, senderismo, cerveza artesanal, Red Hot Chili Peppers. <br>Cubo favorito: <a href=\"https:\/\/99cubes.de\/es\/productos\/meetingbox-jetson-l4-black-mute\/\" data-type=\"product\" data-id=\"874\">Jetson L4<\/a><br><\/p><\/div><\/div>\n<\/div>\n<\/div>\n\n\n\n<div class=\"wp-block-columns is-layout-flex wp-container-core-columns-is-layout-28f84493 wp-block-columns-is-layout-flex\">\n<div class=\"wp-block-column is-layout-flow wp-block-column-is-layout-flow\">\n<div class=\"image-container\">\n  <img decoding=\"async\" src=\"https:\/\/99cubes.de\/wp-content\/uploads\/2024\/07\/Niels-1-99cubes.de_.jpg\" class=\"front-image\" alt=\"Portada\">\n  <img decoding=\"async\" src=\"https:\/\/99cubes.de\/wp-content\/uploads\/2024\/07\/Niels-2-99cubes.de_.jpg\" class=\"back-image\" alt=\"Volver\">\n<\/div>\n\n<style>\n  .image-container {\n    position: relative;\n    width: 300px; \n    height: 300px;\n      display: block;\n  margin-left: auto;\n  margin-right: auto;\n  }\n  .front-image, .back-image {\n    position: absolute;\n    top: 0;\n    left: 0;\n    width: 100%;\n    height: 100%;\n    transition: opacity 0.3s ease-in-out;\n  }\n  .back-image {\n    opacity: 0;\n  }\n  .image-container:hover .front-image {\n    opacity: 0;\n  }\n  .image-container:hover .back-image {\n    opacity: 1;\n  }\n<\/style>\n<\/div>\n\n\n\n<div class=\"wp-block-column is-layout-flow wp-block-column-is-layout-flow\">\n<div class=\"image-container\">\n  <img decoding=\"async\" src=\"https:\/\/99cubes.de\/wp-content\/uploads\/2024\/07\/Frank-1-99cubes.de_.jpg\" class=\"front-image\" alt=\"Portada\">\n  <img decoding=\"async\" src=\"https:\/\/99cubes.de\/wp-content\/uploads\/2024\/07\/Frank-2-99cubes.de_.jpg\" class=\"back-image\" alt=\"Volver\">\n<\/div>\n<\/div>\n<\/div>","protected":false},"excerpt":{"rendered":"<p>Ninety-Nine Cubes &#8211; Die Anlaufstelle Nr. 1 f\u00fcr Akustik-Cubes! Wer steckt hinter Ninety-Nine Cubes? Hinter Ninety-Nine Cubes stecken [&hellip;]<\/p>\n","protected":false},"author":1,"featured_media":0,"parent":0,"menu_order":0,"comment_status":"closed","ping_status":"closed","template":"","meta":{"content-type":"","_uag_custom_page_level_css":"","footnotes":""},"class_list":["post-836","page","type-page","status-publish","hentry"],"uagb_featured_image_src":{"full":false,"thumbnail":false,"medium":false,"medium_large":false,"large":false,"1536x1536":false,"2048x2048":false,"trp-custom-language-flag":false,"botiga-extra-large":false,"botiga-large":false,"botiga-big":false,"botiga-medium":false,"botiga-header-icons":false,"botiga-product-swatch-image":false,"woocommerce_thumbnail":false,"woocommerce_single":false,"woocommerce_gallery_thumbnail":false,"wpvr_mobile":false},"uagb_author_info":{"display_name":"frank","author_link":"https:\/\/99cubes.de\/es\/author\/frank\/"},"uagb_comment_info":0,"uagb_excerpt":"Ninety-Nine Cubes &#8211; Die Anlaufstelle Nr. 1 f\u00fcr Akustik-Cubes! Wer steckt hinter Ninety-Nine Cubes? Hinter Ninety-Nine Cubes stecken [&hellip;]","_links":{"self":[{"href":"https:\/\/99cubes.de\/es\/wp-json\/wp\/v2\/pages\/836","targetHints":{"allow":["GET"]}}],"collection":[{"href":"https:\/\/99cubes.de\/es\/wp-json\/wp\/v2\/pages"}],"about":[{"href":"https:\/\/99cubes.de\/es\/wp-json\/wp\/v2\/types\/page"}],"author":[{"embeddable":true,"href":"https:\/\/99cubes.de\/es\/wp-json\/wp\/v2\/users\/1"}],"replies":[{"embeddable":true,"href":"https:\/\/99cubes.de\/es\/wp-json\/wp\/v2\/comments?post=836"}],"version-history":[{"count":0,"href":"https:\/\/99cubes.de\/es\/wp-json\/wp\/v2\/pages\/836\/revisions"}],"wp:attachment":[{"href":"https:\/\/99cubes.de\/es\/wp-json\/wp\/v2\/media?parent=836"}],"curies":[{"name":"wp","href":"https:\/\/api.w.org\/{rel}","templated":true}]}}