{"id":1016,"date":"2024-07-03T13:42:03","date_gmt":"2024-07-03T11:42:03","guid":{"rendered":"https:\/\/99cubes.de\/?post_type=product&#038;p=1016"},"modified":"2025-03-30T16:09:10","modified_gmt":"2025-03-30T14:09:10","slug":"workbox-focus-ladrillos-de-estudio","status":"publish","type":"product","link":"https:\/\/99cubes.de\/es\/produkt\/arbeitsbox-focus-studiobricks\/","title":{"rendered":"Workbox FOCUS | Studiobricks"},"content":{"rendered":"<div class=\"su-accordion su-u-trim\">\n<div class=\"su-spoiler su-spoiler-style-default su-spoiler-icon-plus\" data-scroll-offset=\"0\" data-anchor-in-url=\"no\"><div class=\"su-spoiler-title\" tabindex=\"0\" role=\"button\"><span class=\"su-spoiler-icon\"><\/span><strong>Acerca de los buzones de trabajo FOCUS:<\/strong><\/div><div class=\"su-spoiler-content su-u-clearfix su-u-trim\">\n<p>La serie de modelos FOCUS de Studiobricks est\u00e1 disponible en muchas versiones diferentes:<\/p>\n<ul>\n<li>FOCUS Est\u00e1ndar: Puesto de trabajo individual con escritorio incorporado a una altura fija y espacio suficiente para una silla giratoria o dos taburetes; con panel trasero cerrado.<\/li>\n<li>FOCUS Ergon\u00f3mico: Puesto de trabajo individual con escritorio regulable en altura. Espacio suficiente para una silla giratoria o dos taburetes o reuniones con dos personas de pie; con panel trasero cerrado.<\/li>\n<li>FOCUS View: caracter\u00edsticas similares a la versi\u00f3n FOCUS Ergonomic, pero con panel trasero acristalado<\/li>\n<li>Carretilla elevadora FOCUS: montada sobre un bastidor de acero \/ apta para carretillas elevadoras<\/li>\n<li>FOCUS Media: con configuraci\u00f3n de grabaci\u00f3n - compuesto por BassTrap (PET), soporte de monitor, brazo de monitor, soporte de copia, soporte de pared, adaptador de m\u00e1stil y brazo de micr\u00f3fono<\/li>\n<li>Videollamada FOCUS: con soporte de monitor ajustable en altura y monitor con pantalla t\u00e1ctil<\/li>\n<\/ul>\n<p>El aspecto y el dise\u00f1o crom\u00e1tico de la caja ac\u00fastica FOCUS pueden personalizarse:<\/p>\n<ul>\n<li>Paredes en acabado lacado o laminado, amplia selecci\u00f3n de colores<\/li>\n<li>Marcos de puertas y ventanas configurables en varios colores<\/li>\n<li>Absorbentes ac\u00fasticos de PET o tela, en distintos colores<\/li>\n<li>Efecto de cristal esmerilado opcional en la puerta \/ luneta trasera (si est\u00e1 disponible)<\/li>\n<li>Opcionalmente con el signo \u201eEn el aire\u201c, que indica si la casilla est\u00e1 ocupada en ese momento.<\/li>\n<\/ul>\n<\/div><\/div>\n<div class=\"su-spoiler su-spoiler-style-default su-spoiler-icon-plus su-spoiler-closed\" data-scroll-offset=\"0\" data-anchor-in-url=\"no\"><div class=\"su-spoiler-title\" tabindex=\"0\" role=\"button\"><span class=\"su-spoiler-icon\"><\/span><strong>Equipamiento:<\/strong><\/div><div class=\"su-spoiler-content su-u-clearfix su-u-trim\">\n<p>El interior es configurable individualmente y puede adaptarse a muchos escenarios de aplicaci\u00f3n y requisitos diferentes:<\/p>\n<ul>\n<li>Iluminaci\u00f3n LED integrada LED con sensor<\/li>\n<li>Moqueta antiest\u00e1tica (antracita)<\/li>\n<li>Enchufe<\/li>\n<li>Conexiones adicionales para LAN, HDMI, USB-A\/C disponibles por un suplemento<\/li>\n<li>Soporte para monitor VESA disponible por un suplemento<\/li>\n<li>Taburete con asiento a juego disponible por un suplemento (una o dos piezas)<\/li>\n<li>Puerta con o sin cerradura, cerradura electr\u00f3nica NFC opcional disponible.<\/li>\n<li>Otros equipamientos interiores en funci\u00f3n de la variante de modelo elegida<\/li>\n<\/ul>\n<\/div><\/div>\n<div class=\"su-spoiler su-spoiler-style-default su-spoiler-icon-plus su-spoiler-closed\" data-scroll-offset=\"0\" data-anchor-in-url=\"no\"><div class=\"su-spoiler-title\" tabindex=\"0\" role=\"button\"><span class=\"su-spoiler-icon\"><\/span><strong>Dimensiones y peso:<\/strong><\/div><div class=\"su-spoiler-content su-u-clearfix su-u-trim\">\n<ul>\n<li>Dimensiones exteriores 168 x 121 x 226 cm (opcionalmente 20 cm menos de altura)<\/li>\n<li>Dimensiones interiores 105 x 150 x 210 cm (opcionalmente 20 cm menos de altura)<\/li>\n<li>Altura m\u00ednima del techo 240 cm (opcionalmente 20 cm menos de altura)<\/li>\n<li>Peso 631 kg<\/li>\n<\/ul>\n<\/div><\/div>\n<div class=\"su-spoiler su-spoiler-style-default su-spoiler-icon-plus su-spoiler-closed\" data-scroll-offset=\"0\" data-anchor-in-url=\"no\"><div class=\"su-spoiler-title\" tabindex=\"0\" role=\"button\"><span class=\"su-spoiler-icon\"><\/span><strong>Datos ac\u00fasticos y ventilaci\u00f3n:<\/strong><\/div><div class=\"su-spoiler-content su-u-clearfix su-u-trim\">\n<p>Los valores de aislamiento ac\u00fastico de los Studiobricks son algo as\u00ed como el patr\u00f3n oro del sector. Las cabinas insonorizadas Studiobricks alcanzan 45 dB en la prueba - promediados en todas las frecuencias sonoras y medidos desde el interior hacia el exterior (el aislamiento es ligeramente menos pronunciado desde el exterior hacia el interior). Vea tambi\u00e9n nuestras notas sobre el criterio de selecci\u00f3n <a href=\"https:\/\/99cubes.de\/es\/aislamiento-acustico\/\">Aislamiento ac\u00fastico<\/a>. El elevado aislamiento ac\u00fastico de los ladrillos Studiobricks se consigue gracias a los siguientes componentes:<\/p>\n<ul>\n<li>Paneles de pared de 8 cm de grosor de varias capas y material ac\u00fastico prensado<\/li>\n<li>Absorbedor ac\u00fastico interior<\/li>\n<li>Puerta de cristal ac\u00fastica con cierre insonorizado al levantar la manilla de la puerta<\/li>\n<li>Ventilaci\u00f3n insonorizada: Ventilador integrado extremadamente silencioso de dise\u00f1o doble (s\u00f3lo ventilador, sin aire acondicionado)<\/li>\n<li>Intercambio de aire nominal 354m\u00b3\/h, v\u00e9ase tambi\u00e9n el criterio de selecci\u00f3n <a href=\"https:\/\/99cubes.de\/es\/intercambio-de-aire\/\">Intercambio de aire<\/a><\/li>\n<\/ul>\n<\/div><\/div>\n<\/div>","protected":false},"excerpt":{"rendered":"<p>El fabricante espa\u00f1ol Studiobricks se ha hecho un nombre con soluciones altamente especializadas para la industria del audio y la m\u00fasica. La empresa tiene sus ra\u00edces en un sector en el que la perfecci\u00f3n ac\u00fastica es una prioridad absoluta y los requisitos de aislamiento ac\u00fastico y calidad del sonido van mucho m\u00e1s all\u00e1 de lo que se exige en los entornos de oficina ordinarios. Esta experiencia tambi\u00e9n se refleja en la l\u00ednea de productos de oficina de Studiobricks, que cuenta con unos valores de aislamiento ac\u00fastico extraordinarios y satisface incluso a los clientes m\u00e1s exigentes. Por tanto, no es de extra\u00f1ar que las cabinas insonorizadas de Studiobricks establezcan nuevos est\u00e1ndares en t\u00e9rminos de ac\u00fastica y se distingan claramente de las soluciones convencionales. Por cierto, la l\u00ednea de productos de oficina de Studiobricks no s\u00f3lo es adecuada para su uso en oficinas: Studiobricks tambi\u00e9n ofrece soluciones perfectas para retiros insonorizados, especialmente para naves de producci\u00f3n y log\u00edstica con niveles de ruido elevados, \u00a1incluso en una versi\u00f3n que puede trasladarse con la ayuda de una carretilla elevadora si es necesario!<\/p>\n<p>La gama de modelos FOCUS de Studiobricks ofrece diversas opciones de equipamiento para el trabajo concentrado en solitario o para reuniones breves para dos personas en una superficie de 1,21 x 1,68 metros. Disponemos de las siguientes versiones:<\/p>\n<ul>\n<li>FOCUS Est\u00e1ndar: Puesto de trabajo individual con escritorio incorporado a una altura fija y espacio suficiente para una silla giratoria o dos taburetes; con panel trasero cerrado.<\/li>\n<li>FOCUS Ergon\u00f3mico: Puesto de trabajo individual con escritorio regulable en altura. Espacio suficiente para una silla giratoria o dos taburetes o reuniones con dos personas de pie; con panel trasero cerrado.<\/li>\n<li>FOCUS View: caracter\u00edsticas similares a la versi\u00f3n FOCUS Ergonomic, pero con panel trasero acristalado<\/li>\n<li>Carretilla elevadora FOCUS: montada sobre un bastidor de acero \/ apta para carretillas elevadoras<\/li>\n<li>FOCUS Media: con configuraci\u00f3n de grabaci\u00f3n - compuesto por BassTrap (PET), soporte de monitor, brazo de monitor, soporte de copia, soporte de pared, adaptador de m\u00e1stil y brazo de micr\u00f3fono<\/li>\n<li>Videollamada FOCUS: con soporte de monitor ajustable en altura y monitor con pantalla t\u00e1ctil<\/li>\n<\/ul>\n<p>La cabina insonorizada FOCUS puede configurarse individualmente; otros colores, otros materiales, el llamativo r\u00f3tulo \"On-Air\" y el mobiliario (sof\u00e1, taburete) est\u00e1n disponibles por un cargo adicional. Estaremos encantados de asesorarle sobre las opciones que m\u00e1s le convengan.<\/p>","protected":false},"featured_media":1017,"comment_status":"open","ping_status":"closed","template":"","meta":{"content-type":"","_uag_custom_page_level_css":""},"product_brand":[],"product_cat":[180],"product_tag":[],"class_list":{"0":"post-1016","1":"product","2":"type-product","3":"status-publish","4":"has-post-thumbnail","6":"product_cat-arbeitsbox","7":"pa_anzahl-personen-1-person","8":"pa_anzahl-personen-2-personen","9":"pa_belueftungssteuerung-vollautomatisch","10":"pa_breite-168-m","11":"pa_buchungstool-display-goconut-ready","12":"pa_einsatz-szenarien-buero","13":"pa_einsatz-szenarien-flughafen-bahnhof","14":"pa_einsatz-szenarien-logistik","15":"pa_einsatz-szenarien-podcasts","16":"pa_einsatz-szenarien-produktion","17":"pa_farbe-konfigurierbar","18":"pa_farbe-schwarz","19":"pa_farbe-weiss","20":"pa_flex-miete-verfuegbar-auf-anfrage","21":"pa_gewicht-631-kg","22":"pa_hoehe-206-m","23":"pa_hoehe-226-m","24":"pa_lan-kein-lan-anschluss","25":"pa_lan-lan-anschluss-als-sonderausstattung","26":"pa_lieferzeit-8-bis-12-wochen-lieferzeit","27":"pa_luftaustausch-354m-h-nominell","28":"pa_marke-studiobricks","29":"pa_mobilitaet-gabelstapler-konfiguration-als-sonderausstattung","30":"pa_mobilitaet-keine","31":"pa_monitorhalterung-monitorhalterung-als-sonderausstattung","32":"pa_monitorhalterung-ohne-monitorhalterung","33":"pa_preissegment-vier","34":"pa_schalldaemmung-fuenf-sterne","35":"pa_sitzen-oder-stehen-im-sitzen-hoch-mit-hocker","36":"pa_sitzen-oder-stehen-im-sitzen-niedrig-mit-stuhl-oder-bank","37":"pa_sitzen-oder-stehen-im-stehen","38":"pa_spezial-features-feuchtigkeitsbestaendig","39":"pa_spezial-features-gabelstapler-tauglich","40":"pa_spezial-features-klimaanlage","41":"pa_spezial-features-led-leuchtstreifen-on-air-signal","42":"pa_spezial-features-media-innenausstattung","43":"pa_spezial-features-video-call-ausstattung","44":"pa_spezial-features-zertifikat-erdbebensicher","45":"pa_tiefe-121-m","46":"pa_verfuegbare-tisch-optionen-fixe-tischhoehe-sitzen","47":"pa_verfuegbare-tisch-optionen-fixe-tischhoehe-stehen","48":"pa_verfuegbare-tisch-optionen-variable-tischhoehe-elektrisch-verstellbar","49":"pa_verwendung-konzentriertes-arbeiten","50":"pa_verwendung-telefonieren","51":"pa_verwendung-tonaufnahme","52":"pa_verwendung-video-call","53":"pa_verwendung-zusammenarbeiten","55":"first","56":"instock","57":"taxable","58":"shipping-taxable","59":"purchasable","60":"product-type-simple"},"uagb_featured_image_src":{"full":["https:\/\/99cubes.de\/wp-content\/uploads\/2024\/07\/Schallschutzkabine-von-Studiobricks-Focus-Work-_-Oak-OnAir-Sofa_Right.png",1200,1200,false],"thumbnail":["https:\/\/99cubes.de\/wp-content\/uploads\/2024\/07\/Schallschutzkabine-von-Studiobricks-Focus-Work-_-Oak-OnAir-Sofa_Right-200x200.png",200,200,true],"medium":["https:\/\/99cubes.de\/wp-content\/uploads\/2024\/07\/Schallschutzkabine-von-Studiobricks-Focus-Work-_-Oak-OnAir-Sofa_Right-450x450.png",450,450,true],"medium_large":["https:\/\/99cubes.de\/wp-content\/uploads\/2024\/07\/Schallschutzkabine-von-Studiobricks-Focus-Work-_-Oak-OnAir-Sofa_Right-768x768.png",768,768,true],"large":["https:\/\/99cubes.de\/wp-content\/uploads\/2024\/07\/Schallschutzkabine-von-Studiobricks-Focus-Work-_-Oak-OnAir-Sofa_Right-1200x1200.png",1140,1140,true],"1536x1536":["https:\/\/99cubes.de\/wp-content\/uploads\/2024\/07\/Schallschutzkabine-von-Studiobricks-Focus-Work-_-Oak-OnAir-Sofa_Right-1536x1536.png",1200,1200,true],"2048x2048":["https:\/\/99cubes.de\/wp-content\/uploads\/2024\/07\/Schallschutzkabine-von-Studiobricks-Focus-Work-_-Oak-OnAir-Sofa_Right-2048x2048.png",1200,1200,true],"trp-custom-language-flag":["https:\/\/99cubes.de\/wp-content\/uploads\/2024\/07\/Schallschutzkabine-von-Studiobricks-Focus-Work-_-Oak-OnAir-Sofa_Right.png",12,12,false],"botiga-extra-large":["https:\/\/99cubes.de\/wp-content\/uploads\/2024\/07\/Schallschutzkabine-von-Studiobricks-Focus-Work-_-Oak-OnAir-Sofa_Right-1140x1140.png",1140,1140,true],"botiga-large":["https:\/\/99cubes.de\/wp-content\/uploads\/2024\/07\/Schallschutzkabine-von-Studiobricks-Focus-Work-_-Oak-OnAir-Sofa_Right-920x920.png",920,920,true],"botiga-big":["https:\/\/99cubes.de\/wp-content\/uploads\/2024\/07\/Schallschutzkabine-von-Studiobricks-Focus-Work-_-Oak-OnAir-Sofa_Right-575x575.png",575,575,true],"botiga-medium":["https:\/\/99cubes.de\/wp-content\/uploads\/2024\/07\/Schallschutzkabine-von-Studiobricks-Focus-Work-_-Oak-OnAir-Sofa_Right-380x380.png",380,380,true],"botiga-header-icons":["https:\/\/99cubes.de\/wp-content\/uploads\/2024\/07\/Schallschutzkabine-von-Studiobricks-Focus-Work-_-Oak-OnAir-Sofa_Right-50x50.png",50,50,true],"botiga-product-swatch-image":["https:\/\/99cubes.de\/wp-content\/uploads\/2024\/07\/Schallschutzkabine-von-Studiobricks-Focus-Work-_-Oak-OnAir-Sofa_Right-26x26.png",26,26,true],"woocommerce_thumbnail":["https:\/\/99cubes.de\/wp-content\/uploads\/2024\/07\/Schallschutzkabine-von-Studiobricks-Focus-Work-_-Oak-OnAir-Sofa_Right-420x420.png",420,420,true],"woocommerce_single":["https:\/\/99cubes.de\/wp-content\/uploads\/2024\/07\/Schallschutzkabine-von-Studiobricks-Focus-Work-_-Oak-OnAir-Sofa_Right-800x800.png",800,800,true],"woocommerce_gallery_thumbnail":["https:\/\/99cubes.de\/wp-content\/uploads\/2024\/07\/Schallschutzkabine-von-Studiobricks-Focus-Work-_-Oak-OnAir-Sofa_Right-100x100.png",100,100,true],"wpvr_mobile":["https:\/\/99cubes.de\/wp-content\/uploads\/2024\/07\/Schallschutzkabine-von-Studiobricks-Focus-Work-_-Oak-OnAir-Sofa_Right-2048x2048.png",2048,2048,true]},"uagb_author_info":{"display_name":"frank","author_link":"https:\/\/99cubes.de\/es\/author\/"},"uagb_comment_info":0,"uagb_excerpt":"Der spanische Hersteller Studiobricks hat sich einen Namen mit hochspezialisierten L\u00f6sungen f\u00fcr die Audio- und Musikbranche gemacht. Die Wurzeln des Unternehmens liegen in einem Sektor, in dem akustische Perfektion oberste Priorit\u00e4t genie\u00dft und die Anforderungen an Schallschutz sowie Klangqualit\u00e4t weit \u00fcber das hinausgehen, was in gew\u00f6hnlichen B\u00fcroumgebungen erforderlich ist. Diese Expertise spiegelt sich auch in&hellip;","_links":{"self":[{"href":"https:\/\/99cubes.de\/es\/wp-json\/wp\/v2\/product\/1016","targetHints":{"allow":["GET"]}}],"collection":[{"href":"https:\/\/99cubes.de\/es\/wp-json\/wp\/v2\/product"}],"about":[{"href":"https:\/\/99cubes.de\/es\/wp-json\/wp\/v2\/types\/product"}],"replies":[{"embeddable":true,"href":"https:\/\/99cubes.de\/es\/wp-json\/wp\/v2\/comments?post=1016"}],"wp:featuredmedia":[{"embeddable":true,"href":"https:\/\/99cubes.de\/es\/wp-json\/wp\/v2\/media\/1017"}],"wp:attachment":[{"href":"https:\/\/99cubes.de\/es\/wp-json\/wp\/v2\/media?parent=1016"}],"wp:term":[{"taxonomy":"product_brand","embeddable":true,"href":"https:\/\/99cubes.de\/es\/wp-json\/wp\/v2\/product_brand?post=1016"},{"taxonomy":"product_cat","embeddable":true,"href":"https:\/\/99cubes.de\/es\/wp-json\/wp\/v2\/product_cat?post=1016"},{"taxonomy":"product_tag","embeddable":true,"href":"https:\/\/99cubes.de\/es\/wp-json\/wp\/v2\/product_tag?post=1016"}],"curies":[{"name":"wp","href":"https:\/\/api.w.org\/{rel}","templated":true}]}}