{"id":1027,"date":"2024-07-03T16:27:55","date_gmt":"2024-07-03T14:27:55","guid":{"rendered":"https:\/\/99cubes.de\/?post_type=product&#038;p=1027"},"modified":"2025-10-16T16:54:27","modified_gmt":"2025-10-16T14:54:27","slug":"meetbox-meet-up-plus-studiobricks","status":"publish","type":"product","link":"https:\/\/99cubes.de\/es\/produkt\/meetingbox-meet-up-plus-studiobricks\/","title":{"rendered":"Caja de reuniones MEET-UP Plus | Studiobricks"},"content":{"rendered":"<div class=\"su-accordion su-u-trim\">\n<div class=\"su-spoiler su-spoiler-style-default su-spoiler-icon-plus\" data-scroll-offset=\"0\" data-anchor-in-url=\"no\"><div class=\"su-spoiler-title\" tabindex=\"0\" role=\"button\"><span class=\"su-spoiler-icon\"><\/span><strong>Acerca de las cabinas telef\u00f3nicas MEET-UP-Plus:<\/strong><\/div><div class=\"su-spoiler-content su-u-clearfix su-u-trim\">\n<p>La gama de modelos MEET-UP-Plus de Studiobricks est\u00e1 disponible en muchas versiones diferentes:<\/p>\n<ul>\n<li>MEET-UP-Plus Stand: Puesto de trabajo doble con mostrador a una altura fija para que dos personas trabajen codo con codo de pie.<\/li>\n<li>MEET-UP-Plus Ergon\u00f3mico: con escritorio regulable en altura y espacio para hasta cuatro taburetes o reuniones de pie.<\/li>\n<li>MEET-UP-Plus Sit: equipado con dos sof\u00e1s y mesa para reuniones sentadas de hasta 4 personas<\/li>\n<li>MEET-UP-Plus Video Call: con mostrador a altura fija, fijaci\u00f3n para monitor e incluye monitor con pantalla t\u00e1ctil y c\u00e1mara.<\/li>\n<\/ul>\n<p>El aspecto y la combinaci\u00f3n de colores de la caja de reuniones MEET-UP-Plus pueden personalizarse:<\/p>\n<ul>\n<li>Paredes en acabado lacado o laminado, amplia selecci\u00f3n de colores<\/li>\n<li>Marcos de puertas y ventanas configurables en varios colores<\/li>\n<li>Amortiguadores ac\u00fasticos de tela, de distintos colores<\/li>\n<li>Efecto de cristal esmerilado opcional en la puerta \/ luneta trasera (si est\u00e1 disponible)<\/li>\n<\/ul>\n<\/div><\/div>\n<div class=\"su-spoiler su-spoiler-style-default su-spoiler-icon-plus su-spoiler-closed\" data-scroll-offset=\"0\" data-anchor-in-url=\"no\"><div class=\"su-spoiler-title\" tabindex=\"0\" role=\"button\"><span class=\"su-spoiler-icon\"><\/span><strong>Equipamiento:<\/strong><\/div><div class=\"su-spoiler-content su-u-clearfix su-u-trim\">\n<p>El interior es configurable individualmente y puede adaptarse a muchos escenarios de aplicaci\u00f3n y requisitos diferentes:<\/p>\n<ul>\n<li>Iluminaci\u00f3n LED integrada LED con sensor<\/li>\n<li>Moqueta antiest\u00e1tica (antracita)<\/li>\n<li>Enchufe<\/li>\n<li>Conexiones adicionales para LAN, USB-A\/C disponibles por un suplemento<\/li>\n<li>Soporte para monitor VESA disponible por un suplemento<\/li>\n<li>Taburete con asiento a juego disponible por un suplemento (una o dos piezas)<\/li>\n<li>Puerta con o sin cerradura, cerradura electr\u00f3nica NFC opcional disponible.<\/li>\n<li>Otros equipamientos interiores en funci\u00f3n de la variante de modelo elegida<\/li>\n<\/ul>\n<\/div><\/div>\n<div class=\"su-spoiler su-spoiler-style-default su-spoiler-icon-plus su-spoiler-closed\" data-scroll-offset=\"0\" data-anchor-in-url=\"no\"><div class=\"su-spoiler-title\" tabindex=\"0\" role=\"button\"><span class=\"su-spoiler-icon\"><\/span><strong>Dimensiones y peso:<\/strong><\/div><div class=\"su-spoiler-content su-u-clearfix su-u-trim\">\n<ul>\n<li>Dimensiones exteriores 198 x 121 x 226 cm<\/li>\n<li>Dimensiones interiores 170 x 105 x 210 cm<\/li>\n<li>Altura m\u00ednima del techo 242 cm<\/li>\n<li>Peso 797 kg<\/li>\n<\/ul>\n<\/div><\/div>\n<div class=\"su-spoiler su-spoiler-style-default su-spoiler-icon-plus su-spoiler-closed\" data-scroll-offset=\"0\" data-anchor-in-url=\"no\"><div class=\"su-spoiler-title\" tabindex=\"0\" role=\"button\"><span class=\"su-spoiler-icon\"><\/span><strong>Datos ac\u00fasticos y ventilaci\u00f3n:<\/strong><\/div><div class=\"su-spoiler-content su-u-clearfix su-u-trim\">\n<p>Los valores de aislamiento ac\u00fastico de los Studiobricks son algo as\u00ed como el patr\u00f3n oro del sector. Las cabinas insonorizadas Studiobricks alcanzan 45 dB en la prueba - promediados en todas las frecuencias sonoras y medidos desde el interior hacia el exterior (el aislamiento es ligeramente menos pronunciado desde el exterior hacia el interior). Vea tambi\u00e9n nuestras notas sobre el criterio de selecci\u00f3n <a href=\"https:\/\/99cubes.de\/es\/aislamiento-acustico\/\">Aislamiento ac\u00fastico<\/a>. El elevado aislamiento ac\u00fastico de los ladrillos Studiobricks se consigue gracias a los siguientes componentes:<\/p>\n<ul>\n<li>Paneles de pared de 8 cm de grosor de varias capas y material ac\u00fastico prensado<\/li>\n<li>Absorbedor ac\u00fastico interior<\/li>\n<li>Puerta de cristal ac\u00fastica con cierre insonorizado al levantar la manilla de la puerta<\/li>\n<li>Ventilaci\u00f3n insonorizada: ventilador integrado extremadamente silencioso en cuatro versiones (s\u00f3lo ventilador, sin aire acondicionado)<\/li>\n<li>Caudal de aire nominal 708 m\u00b3\/h, v\u00e9ase tambi\u00e9n el criterio de selecci\u00f3n <a href=\"https:\/\/99cubes.de\/es\/intercambio-de-aire\/\">Intercambio de aire<\/a><\/li>\n<\/ul>\n<\/div><\/div>\n<\/div>","protected":false},"excerpt":{"rendered":"<p>El fabricante espa\u00f1ol Studiobricks se ha hecho un nombre con soluciones altamente especializadas para la industria del audio y la m\u00fasica. La empresa tiene sus ra\u00edces en un sector en el que la perfecci\u00f3n ac\u00fastica es una prioridad absoluta y los requisitos de aislamiento ac\u00fastico y calidad del sonido van mucho m\u00e1s all\u00e1 de lo que se exige en los entornos de oficina ordinarios. Esta experiencia tambi\u00e9n se refleja en la l\u00ednea de productos de oficina de Studiobricks, que cuenta con unos valores de aislamiento ac\u00fastico extraordinarios y satisface incluso a los clientes m\u00e1s exigentes. Por tanto, no es de extra\u00f1ar que las cabinas insonorizadas de Studiobricks establezcan nuevos est\u00e1ndares en t\u00e9rminos de ac\u00fastica y se distingan claramente de las soluciones convencionales. Por cierto, la l\u00ednea de productos de oficina de Studiobricks no s\u00f3lo es adecuada para su uso en oficinas: Studiobricks tambi\u00e9n ofrece soluciones perfectas para retiros insonorizados, especialmente para naves de producci\u00f3n y log\u00edstica con niveles de ruido elevados, \u00a1incluso en una versi\u00f3n que puede trasladarse con la ayuda de una carretilla elevadora si es necesario!<\/p>\n<p>La gama de modelos MEET-UP-Plus de Studiobricks ofrece diversas opciones de equipamiento para el trabajo concentrado en parejas o para reuniones breves de hasta cuatro personas en una superficie de 1,21 x 1,98 metros. Disponemos de las siguientes versiones:<\/p>\n<ul>\n<li>MEET-UP-Plus Stand: Puesto de trabajo doble con mostrador a una altura fija para que dos personas trabajen codo con codo de pie (o con un taburete).<\/li>\n<li>MEET-UP-Plus Ergon\u00f3mico: con escritorio regulable en altura y espacio para hasta cuatro taburetes o reuniones de pie.<\/li>\n<li>MEET-UP-Plus Sit: equipado con dos sof\u00e1s y mesa para reuniones sentadas de hasta 4 personas<\/li>\n<li>MEET-UP-Plus Video Call: con mostrador a altura fija, fijaci\u00f3n para monitor e incluye monitor con pantalla t\u00e1ctil y c\u00e1mara.<\/li>\n<\/ul>\n<p>La cabina insonorizada MEET-UP-Plus puede configurarse individualmente; otros colores, materiales y mobiliario (sof\u00e1, taburete) est\u00e1n disponibles por un cargo adicional. Estaremos encantados de asesorarle sobre las opciones que m\u00e1s le convengan.<\/p>","protected":false},"featured_media":1028,"comment_status":"open","ping_status":"closed","template":"","meta":{"content-type":"","_uag_custom_page_level_css":""},"product_brand":[],"product_cat":[60],"product_tag":[],"class_list":{"0":"post-1027","1":"product","2":"type-product","3":"status-publish","4":"has-post-thumbnail","6":"product_cat-meetingboxen","7":"pa_anzahl-personen-2-personen","8":"pa_anzahl-personen-4-personen","9":"pa_belueftungssteuerung-vollautomatisch","10":"pa_breite-198-m","11":"pa_buchungstool-display-goconut-ready","12":"pa_einsatz-szenarien-buero","13":"pa_einsatz-szenarien-flughafen-bahnhof","14":"pa_einsatz-szenarien-logistik","15":"pa_einsatz-szenarien-produktion","16":"pa_farbe-konfigurierbar","17":"pa_farbe-schwarz","18":"pa_farbe-weiss","19":"pa_flex-miete-verfuegbar-auf-anfrage","20":"pa_gewicht-797-kg","21":"pa_hoehe-226-m","22":"pa_lan-kein-lan-anschluss","23":"pa_lan-lan-anschluss-als-sonderausstattung","24":"pa_lieferzeit-8-bis-12-wochen-lieferzeit","25":"pa_luftaustausch-708-m-h-nominell","26":"pa_marke-studiobricks","27":"pa_mobilitaet-keine","28":"pa_monitorhalterung-monitorhalterung-als-sonderausstattung","29":"pa_monitorhalterung-ohne-monitorhalterung","30":"pa_preissegment-vier","31":"pa_schalldaemmung-fuenf-sterne","32":"pa_sitzen-oder-stehen-im-sitzen-hoch-mit-hocker","33":"pa_sitzen-oder-stehen-im-sitzen-niedrig-mit-stuhl-oder-bank","34":"pa_sitzen-oder-stehen-im-stehen","35":"pa_spezial-features-feuchtigkeitsbestaendig","36":"pa_spezial-features-klimaanlage","37":"pa_spezial-features-video-call-ausstattung","38":"pa_spezial-features-zertifikat-erdbebensicher","39":"pa_tiefe-121-m","40":"pa_verfuegbare-tisch-optionen-fixe-tischhoehe-sitzen","41":"pa_verfuegbare-tisch-optionen-fixe-tischhoehe-stehen","42":"pa_verfuegbare-tisch-optionen-variable-tischhoehe-elektrisch-verstellbar","43":"pa_verwendung-konzentriertes-arbeiten","44":"pa_verwendung-meeting","45":"pa_verwendung-telefonieren","46":"pa_verwendung-video-call","47":"pa_verwendung-zusammenarbeiten","49":"first","50":"instock","51":"taxable","52":"shipping-taxable","53":"purchasable","54":"product-type-simple"},"uagb_featured_image_src":{"full":["https:\/\/99cubes.de\/wp-content\/uploads\/2024\/07\/Studiobricks-Schallschutzkabine-Meet-Up-Plus-Sit-Extras-Oak_Right.png",1200,1200,false],"thumbnail":["https:\/\/99cubes.de\/wp-content\/uploads\/2024\/07\/Studiobricks-Schallschutzkabine-Meet-Up-Plus-Sit-Extras-Oak_Right-200x200.png",200,200,true],"medium":["https:\/\/99cubes.de\/wp-content\/uploads\/2024\/07\/Studiobricks-Schallschutzkabine-Meet-Up-Plus-Sit-Extras-Oak_Right-450x450.png",450,450,true],"medium_large":["https:\/\/99cubes.de\/wp-content\/uploads\/2024\/07\/Studiobricks-Schallschutzkabine-Meet-Up-Plus-Sit-Extras-Oak_Right-768x768.png",768,768,true],"large":["https:\/\/99cubes.de\/wp-content\/uploads\/2024\/07\/Studiobricks-Schallschutzkabine-Meet-Up-Plus-Sit-Extras-Oak_Right-1200x1200.png",1140,1140,true],"1536x1536":["https:\/\/99cubes.de\/wp-content\/uploads\/2024\/07\/Studiobricks-Schallschutzkabine-Meet-Up-Plus-Sit-Extras-Oak_Right-1536x1536.png",1200,1200,true],"2048x2048":["https:\/\/99cubes.de\/wp-content\/uploads\/2024\/07\/Studiobricks-Schallschutzkabine-Meet-Up-Plus-Sit-Extras-Oak_Right-2048x2048.png",1200,1200,true],"trp-custom-language-flag":["https:\/\/99cubes.de\/wp-content\/uploads\/2024\/07\/Studiobricks-Schallschutzkabine-Meet-Up-Plus-Sit-Extras-Oak_Right.png",12,12,false],"botiga-extra-large":["https:\/\/99cubes.de\/wp-content\/uploads\/2024\/07\/Studiobricks-Schallschutzkabine-Meet-Up-Plus-Sit-Extras-Oak_Right-1140x1140.png",1140,1140,true],"botiga-large":["https:\/\/99cubes.de\/wp-content\/uploads\/2024\/07\/Studiobricks-Schallschutzkabine-Meet-Up-Plus-Sit-Extras-Oak_Right-920x920.png",920,920,true],"botiga-big":["https:\/\/99cubes.de\/wp-content\/uploads\/2024\/07\/Studiobricks-Schallschutzkabine-Meet-Up-Plus-Sit-Extras-Oak_Right-575x575.png",575,575,true],"botiga-medium":["https:\/\/99cubes.de\/wp-content\/uploads\/2024\/07\/Studiobricks-Schallschutzkabine-Meet-Up-Plus-Sit-Extras-Oak_Right-380x380.png",380,380,true],"botiga-header-icons":["https:\/\/99cubes.de\/wp-content\/uploads\/2024\/07\/Studiobricks-Schallschutzkabine-Meet-Up-Plus-Sit-Extras-Oak_Right-50x50.png",50,50,true],"botiga-product-swatch-image":["https:\/\/99cubes.de\/wp-content\/uploads\/2024\/07\/Studiobricks-Schallschutzkabine-Meet-Up-Plus-Sit-Extras-Oak_Right-26x26.png",26,26,true],"woocommerce_thumbnail":["https:\/\/99cubes.de\/wp-content\/uploads\/2024\/07\/Studiobricks-Schallschutzkabine-Meet-Up-Plus-Sit-Extras-Oak_Right-420x420.png",420,420,true],"woocommerce_single":["https:\/\/99cubes.de\/wp-content\/uploads\/2024\/07\/Studiobricks-Schallschutzkabine-Meet-Up-Plus-Sit-Extras-Oak_Right-800x800.png",800,800,true],"woocommerce_gallery_thumbnail":["https:\/\/99cubes.de\/wp-content\/uploads\/2024\/07\/Studiobricks-Schallschutzkabine-Meet-Up-Plus-Sit-Extras-Oak_Right-100x100.png",100,100,true],"wpvr_mobile":["https:\/\/99cubes.de\/wp-content\/uploads\/2024\/07\/Studiobricks-Schallschutzkabine-Meet-Up-Plus-Sit-Extras-Oak_Right-2048x2048.png",2048,2048,true]},"uagb_author_info":{"display_name":"frank","author_link":"https:\/\/99cubes.de\/es\/author\/"},"uagb_comment_info":0,"uagb_excerpt":"Der spanische Hersteller Studiobricks hat sich einen Namen mit hochspezialisierten L\u00f6sungen f\u00fcr die Audio- und Musikbranche gemacht. Die Wurzeln des Unternehmens liegen in einem Sektor, in dem akustische Perfektion oberste Priorit\u00e4t genie\u00dft und die Anforderungen an Schallschutz sowie Klangqualit\u00e4t weit \u00fcber das hinausgehen, was in gew\u00f6hnlichen B\u00fcroumgebungen erforderlich ist. Diese Expertise spiegelt sich auch in&hellip;","_links":{"self":[{"href":"https:\/\/99cubes.de\/es\/wp-json\/wp\/v2\/product\/1027","targetHints":{"allow":["GET"]}}],"collection":[{"href":"https:\/\/99cubes.de\/es\/wp-json\/wp\/v2\/product"}],"about":[{"href":"https:\/\/99cubes.de\/es\/wp-json\/wp\/v2\/types\/product"}],"replies":[{"embeddable":true,"href":"https:\/\/99cubes.de\/es\/wp-json\/wp\/v2\/comments?post=1027"}],"wp:featuredmedia":[{"embeddable":true,"href":"https:\/\/99cubes.de\/es\/wp-json\/wp\/v2\/media\/1028"}],"wp:attachment":[{"href":"https:\/\/99cubes.de\/es\/wp-json\/wp\/v2\/media?parent=1027"}],"wp:term":[{"taxonomy":"product_brand","embeddable":true,"href":"https:\/\/99cubes.de\/es\/wp-json\/wp\/v2\/product_brand?post=1027"},{"taxonomy":"product_cat","embeddable":true,"href":"https:\/\/99cubes.de\/es\/wp-json\/wp\/v2\/product_cat?post=1027"},{"taxonomy":"product_tag","embeddable":true,"href":"https:\/\/99cubes.de\/es\/wp-json\/wp\/v2\/product_tag?post=1027"}],"curies":[{"name":"wp","href":"https:\/\/api.w.org\/{rel}","templated":true}]}}