{"id":1100,"date":"2024-07-05T10:50:00","date_gmt":"2024-07-05T08:50:00","guid":{"rendered":"https:\/\/99cubes.de\/?post_type=product&#038;p=1100"},"modified":"2026-02-11T09:39:32","modified_gmt":"2026-02-11T08:39:32","slug":"caja-de-reuniones-cube-m-sedus-2","status":"publish","type":"product","link":"https:\/\/99cubes.de\/es\/produkt\/meeting-box-cube-m-sedus-2\/","title":{"rendered":"Meeting Box Cube M | SEDUS"},"content":{"rendered":"<div class=\"su-accordion su-u-trim\">\n<div class=\"su-spoiler su-spoiler-style-default su-spoiler-icon-plus\" data-scroll-offset=\"0\" data-anchor-in-url=\"no\"><div class=\"su-spoiler-title\" tabindex=\"0\" role=\"button\"><span class=\"su-spoiler-icon\"><\/span><strong>Acerca de la serie se:cube de Sedus<\/strong><\/div><div class=\"su-spoiler-content su-u-clearfix su-u-trim\">\n<p>Sedus es uno de los fabricantes de mobiliario de oficina con m\u00e1s renombre y \u00e9xito de Alemania. Con se:cube, Sedus ha lanzado al mercado una innovadora serie de cabinas telef\u00f3nicas y de reuni\u00f3n que ha entusiasmado a numerosos clientes. El dise\u00f1o de los cubos de Sedus se caracteriza por una forma sencilla y directa, interrumpida por esquinas suavemente redondeadas. De este modo, los modelos se:cube se integran perfectamente en los m\u00e1s diversos entornos de oficina. Una caracter\u00edstica especial de la gama es la tira LED opcional que rodea toda la superficie. Sirve como se\u00f1al visual de ocupaci\u00f3n y se ilumina en cuanto se utiliza la caja.<\/p>\n<p>Otras caracter\u00edsticas especiales de la serie se:cube son<\/p>\n<ul>\n<li>Seguridad probada por T\u00dcV (\u201eGS\u201c)<\/li>\n<li>Control inteligente de la iluminaci\u00f3n y la ventilaci\u00f3n con tecnolog\u00eda de triple sensor: sensor de movimiento, sensor de temperatura y sensor de CO\u00b2 opcional<\/li>\n<li>Opcional con elemento de mando para el control manual de la ventilaci\u00f3n, la luminosidad y la temperatura de color de los LED.<\/li>\n<li>Tambi\u00e9n disponible en versi\u00f3n de protecci\u00f3n contra incendios y con orificio para la integraci\u00f3n de rociadores, con cargo adicional.<\/li>\n<\/ul>\n<p>El aspecto y el dise\u00f1o crom\u00e1tico de los Sedus Cubes pueden adaptarse individualmente:<\/p>\n<ul>\n<li>Acabado de pintura exterior en 10 colores diferentes (est\u00e1ndar: blanco, otros colores disponibles con coste adicional)<\/li>\n<li>Las paredes exteriores pueden acabarse con un revestimiento de pizarra blanca: un Cube tambi\u00e9n puede utilizarse con sentido desde el exterior, especialmente en entornos de oficina de planta abierta.<\/li>\n<li>El panel trasero puede estar cerrado o acristalado<\/li>\n<li>Puerta opcionalmente abatible a izquierda o derecha<\/li>\n<\/ul>\n<\/div><\/div>\n<div class=\"su-spoiler su-spoiler-style-default su-spoiler-icon-plus su-spoiler-closed\" data-scroll-offset=\"0\" data-anchor-in-url=\"no\"><div class=\"su-spoiler-title\" tabindex=\"0\" role=\"button\"><span class=\"su-spoiler-icon\"><\/span><strong>Equipamiento:<\/strong><\/div><div class=\"su-spoiler-content su-u-clearfix su-u-trim\">\n<p>El interior es configurable individualmente y puede adaptarse a muchos escenarios de aplicaci\u00f3n y requisitos diferentes:<\/p>\n<ul>\n<li>Paredes interiores izquierda y derecha como panel ac\u00fastico, compuesto de marco HDF con relleno de vell\u00f3n ac\u00fastico de poli\u00e9ster y recubierto de tejido laminado (alternativamente en versi\u00f3n de fieltro PET).<\/li>\n<li>Suelos de varios colores (moqueta en losetas de la marca de calidad Interface)<\/li>\n<li>Interior en funci\u00f3n de la variante de modelo seleccionada: cada uno configurable en diferentes colores y decoraciones.<\/li>\n<li>Toma de corriente a la altura adecuada de serie, seg\u00fan la variante de modelo elegida<\/li>\n<li>Conexi\u00f3n LAN y\/o toma de carga USB A\/C opcionales<\/li>\n<li>Dependiendo de la variante del modelo, se puede montar un monitor en los paneles laterales o en la mesa mediante un brazo de monitor; SEDUS suministra entonces la caja con la preparaci\u00f3n correspondiente; el soporte de monitor propiamente dicho debe pedirse por separado como accesorio.<\/li>\n<\/ul>\n<\/div><\/div>\n<div class=\"su-spoiler su-spoiler-style-default su-spoiler-icon-plus su-spoiler-closed\" data-scroll-offset=\"0\" data-anchor-in-url=\"no\"><div class=\"su-spoiler-title\" tabindex=\"0\" role=\"button\"><span class=\"su-spoiler-icon\"><\/span><strong>Dimensiones y peso:<\/strong><\/div><div class=\"su-spoiler-content su-u-clearfix su-u-trim\">\n<ul>\n<li>Anchura: 2,00 m<\/li>\n<li>Profundidad: 1,50 m<\/li>\n<li>Altura: 2,32 m<\/li>\n<li>Altura libre necesaria para la instalaci\u00f3n y la circulaci\u00f3n del aire: 2,50 m<\/li>\n<li>Peso: 640 kg (sin interior)<\/li>\n<\/ul>\n<\/div><\/div>\n<div class=\"su-spoiler su-spoiler-style-default su-spoiler-icon-plus su-spoiler-closed\" data-scroll-offset=\"0\" data-anchor-in-url=\"no\"><div class=\"su-spoiler-title\" tabindex=\"0\" role=\"button\"><span class=\"su-spoiler-icon\"><\/span><strong>Datos ac\u00fasticos y ventilaci\u00f3n:<\/strong><\/div><div class=\"su-spoiler-content su-u-clearfix su-u-trim\">\n<ul>\n<li>28 dB de reducci\u00f3n del nivel de presi\u00f3n sonora seg\u00fan DIN EN ISO 11957 (2010)<\/li>\n<li>Construcci\u00f3n de pared de varias piezas con material integrado ac\u00fasticamente eficaz<\/li>\n<li>Elementos de cristal de 10,76 mm VSG-SI (cristal de seguridad laminado con pel\u00edcula ac\u00fastica intermedia)<\/li>\n<li>Puerta de cristal con junta inferior abatible, opcionalmente con dispositivo de sujeci\u00f3n magn\u00e9tica adicional para una estanqueidad a\u00fan mayor<\/li>\n<li>Moqueta en losetas ac\u00fasticamente eficaz<\/li>\n<li>Unidad de ventilaci\u00f3n con un caudal nominal de 608 m\u00b3\/h, tiempo de funcionamiento de 5 minutos tras la salida de los cubos<\/li>\n<\/ul>\n<\/div><\/div>\n<\/div>","protected":false},"excerpt":{"rendered":"<p>La caja de reuniones Cube M ofrece un espacio de trabajo o reuni\u00f3n insonorizado en aproximadamente 3 metros cuadrados, para un m\u00e1ximo de cuatro personas, seg\u00fan la configuraci\u00f3n. Gracias a sus esquinas redondeadas, esta caja se integra armoniosamente en diversos entornos. Llama la atenci\u00f3n la tira de LED que la rodea, que se ilumina cuando est\u00e1 ocupada.<\/p>\n<p>Los Cubes de Sedus son sin\u00f3nimo de calidad absoluta made in Germany y son la primera gama de altavoces ac\u00fasticos del mundo certificada por T\u00dcV Rheinland (sello GS = seguridad probada).<\/p>\n<p>Dependiendo de la variante del modelo, el Cube M dispone de los siguientes equipamientos interiores:<\/p>\n<ul>\n<li><strong>Recomendaci\u00f3n:<\/strong> Comedor (3-4 personas) con mesa empotrada y dos sof\u00e1s<\/li>\n<li>Reuni\u00f3n (2-4 personas) incluida mesa incorporada (asientos disponibles por separado)<\/li>\n<li>Video lounge (1-2 personas) que incluye una mesa empotrada, un sof\u00e1 y preparaci\u00f3n para el montaje de un monitor en la pared opuesta<\/li>\n<li>Focus Work (1 persona) con mesa incorporada (asientos disponibles por separado)<\/li>\n<li>Duo Work (2 personas) de pie o sentado, incluida mesa incorporada en forma de V (asientos disponibles por separado)<\/li>\n<li>vac\u00edo \/ sin interior<\/li>\n<\/ul>\n<p>Estaremos encantados de asesorarle sobre las opciones que m\u00e1s le interesen.<\/p>","protected":false},"featured_media":1110,"comment_status":"open","ping_status":"closed","template":"","meta":{"content-type":"","_uag_custom_page_level_css":""},"product_brand":[],"product_cat":[60],"product_tag":[],"class_list":{"0":"post-1100","1":"product","2":"type-product","3":"status-publish","4":"has-post-thumbnail","6":"product_cat-meetingboxen","7":"pa_anzahl-personen-2-personen","8":"pa_anzahl-personen-4-personen","9":"pa_belueftungssteuerung-individuell-steuerbar","10":"pa_belueftungssteuerung-vollautomatisch","11":"pa_breite-200-m","12":"pa_buchungstool-display-goconut-ready","13":"pa_einsatz-szenarien-buero","14":"pa_einsatz-szenarien-einzelhandel","15":"pa_einsatz-szenarien-hotel","16":"pa_einsatz-szenarien-logistik","17":"pa_einsatz-szenarien-produktion","18":"pa_einsatz-szenarien-schule-universitaet","19":"pa_farbe-konfigurierbar","20":"pa_farbe-schwarz","21":"pa_farbe-weiss","22":"pa_flex-miete-verfuegbar-ja","23":"pa_gewicht-640-kg","24":"pa_hoehe-232-m","25":"pa_lan-kein-lan-anschluss","26":"pa_lan-lan-anschluss-als-sonderausstattung","27":"pa_lieferzeit-8-bis-12-wochen-lieferzeit","28":"pa_luftaustausch-608-m-nominell","29":"pa_marke-sedus","30":"pa_mobilitaet-keine","31":"pa_monitorhalterung-monitorhalterung-als-sonderausstattung","32":"pa_monitorhalterung-ohne-monitorhalterung","33":"pa_preissegment-drei","34":"pa_schalldaemmung-drei-sterne","35":"pa_sitzen-oder-stehen-im-sitzen-hoch-mit-hocker","36":"pa_sitzen-oder-stehen-im-sitzen-niedrig-mit-stuhl-oder-bank","37":"pa_sitzen-oder-stehen-im-stehen","38":"pa_spezial-features-brandschutz-ausfuehrung-verfuegbar","39":"pa_spezial-features-gs-tuev-zertifiziert","40":"pa_spezial-features-led-leuchtstreifen-on-air-signal","41":"pa_spezial-features-video-call-ausstattung","42":"pa_spezial-features-white-board-option","43":"pa_tiefe-150-m","44":"pa_verfuegbare-tisch-optionen-fixe-tischhoehe-sitzen","45":"pa_verfuegbare-tisch-optionen-fixe-tischhoehe-stehen","46":"pa_verfuegbare-tisch-optionen-ohne-tisch","47":"pa_verwendung-konzentriertes-arbeiten","48":"pa_verwendung-meeting","49":"pa_verwendung-telefonieren","50":"pa_verwendung-video-call","51":"pa_verwendung-zusammenarbeiten","53":"first","54":"instock","55":"taxable","56":"shipping-taxable","57":"purchasable","58":"product-type-simple"},"uagb_featured_image_src":{"full":["https:\/\/99cubes.de\/wp-content\/uploads\/2024\/07\/SEDUS-Cube-M-schwarz-transparent-e1720174357658.jpg",1208,1200,false],"thumbnail":["https:\/\/99cubes.de\/wp-content\/uploads\/2024\/07\/SEDUS-Cube-M-schwarz-transparent-e1720174357658-200x200.jpg",200,200,true],"medium":["https:\/\/99cubes.de\/wp-content\/uploads\/2024\/07\/SEDUS-Cube-M-schwarz-transparent-e1720174357658-450x447.jpg",450,447,true],"medium_large":["https:\/\/99cubes.de\/wp-content\/uploads\/2024\/07\/SEDUS-Cube-M-schwarz-transparent-e1720174357658-768x763.jpg",768,763,true],"large":["https:\/\/99cubes.de\/wp-content\/uploads\/2024\/07\/SEDUS-Cube-M-schwarz-transparent-e1720174357658-1200x1192.jpg",1140,1132,true],"1536x1536":["https:\/\/99cubes.de\/wp-content\/uploads\/2024\/07\/SEDUS-Cube-M-schwarz-transparent-1536x864.jpg",1536,864,true],"2048x2048":["https:\/\/99cubes.de\/wp-content\/uploads\/2024\/07\/SEDUS-Cube-M-schwarz-transparent-2048x1152.jpg",2048,1152,true],"trp-custom-language-flag":["https:\/\/99cubes.de\/wp-content\/uploads\/2024\/07\/SEDUS-Cube-M-schwarz-transparent-e1720174357658.jpg",12,12,false],"botiga-extra-large":["https:\/\/99cubes.de\/wp-content\/uploads\/2024\/07\/SEDUS-Cube-M-schwarz-transparent-e1720174357658-1140x1132.jpg",1140,1132,true],"botiga-large":["https:\/\/99cubes.de\/wp-content\/uploads\/2024\/07\/SEDUS-Cube-M-schwarz-transparent-e1720174357658-920x914.jpg",920,914,true],"botiga-big":["https:\/\/99cubes.de\/wp-content\/uploads\/2024\/07\/SEDUS-Cube-M-schwarz-transparent-e1720174357658-575x571.jpg",575,571,true],"botiga-medium":["https:\/\/99cubes.de\/wp-content\/uploads\/2024\/07\/SEDUS-Cube-M-schwarz-transparent-e1720174357658-380x377.jpg",380,377,true],"botiga-header-icons":["https:\/\/99cubes.de\/wp-content\/uploads\/2024\/07\/SEDUS-Cube-M-schwarz-transparent-e1720174357658-50x50.jpg",50,50,true],"botiga-product-swatch-image":["https:\/\/99cubes.de\/wp-content\/uploads\/2024\/07\/SEDUS-Cube-M-schwarz-transparent-e1720174357658-26x26.jpg",26,26,true],"woocommerce_thumbnail":["https:\/\/99cubes.de\/wp-content\/uploads\/2024\/07\/SEDUS-Cube-M-schwarz-transparent-e1720174357658-420x420.jpg",420,420,true],"woocommerce_single":["https:\/\/99cubes.de\/wp-content\/uploads\/2024\/07\/SEDUS-Cube-M-schwarz-transparent-e1720174357658-800x795.jpg",800,795,true],"woocommerce_gallery_thumbnail":["https:\/\/99cubes.de\/wp-content\/uploads\/2024\/07\/SEDUS-Cube-M-schwarz-transparent-e1720174357658-100x100.jpg",100,100,true],"wpvr_mobile":["https:\/\/99cubes.de\/wp-content\/uploads\/2024\/07\/SEDUS-Cube-M-schwarz-transparent-e1720174357658.jpg",1208,1200,false]},"uagb_author_info":{"display_name":"frank","author_link":"https:\/\/99cubes.de\/es\/author\/"},"uagb_comment_info":0,"uagb_excerpt":"Die Meeting-Box Cube M ist bietet auf ca. 3 Quadratmetern einen schallgesch\u00fctzten Meeting- oder Arbeitsraum \u2013 je nach Ausstattungsvariante f\u00fcr bis zu vier Personen. Durch die abgerundeten Ecken passt sich diese Box harmonisch in verschiedene Umgebungen ein. Ein Hingucker ist der umlaufende LED-Streifen, der bei Belegung aufleuchtet. Die Cubes von Sedus stehen f\u00fcr absolute Qualit\u00e4t&hellip;","_links":{"self":[{"href":"https:\/\/99cubes.de\/es\/wp-json\/wp\/v2\/product\/1100","targetHints":{"allow":["GET"]}}],"collection":[{"href":"https:\/\/99cubes.de\/es\/wp-json\/wp\/v2\/product"}],"about":[{"href":"https:\/\/99cubes.de\/es\/wp-json\/wp\/v2\/types\/product"}],"replies":[{"embeddable":true,"href":"https:\/\/99cubes.de\/es\/wp-json\/wp\/v2\/comments?post=1100"}],"wp:featuredmedia":[{"embeddable":true,"href":"https:\/\/99cubes.de\/es\/wp-json\/wp\/v2\/media\/1110"}],"wp:attachment":[{"href":"https:\/\/99cubes.de\/es\/wp-json\/wp\/v2\/media?parent=1100"}],"wp:term":[{"taxonomy":"product_brand","embeddable":true,"href":"https:\/\/99cubes.de\/es\/wp-json\/wp\/v2\/product_brand?post=1100"},{"taxonomy":"product_cat","embeddable":true,"href":"https:\/\/99cubes.de\/es\/wp-json\/wp\/v2\/product_cat?post=1100"},{"taxonomy":"product_tag","embeddable":true,"href":"https:\/\/99cubes.de\/es\/wp-json\/wp\/v2\/product_tag?post=1100"}],"curies":[{"name":"wp","href":"https:\/\/api.w.org\/{rel}","templated":true}]}}