{"id":1126,"date":"2024-07-05T15:57:16","date_gmt":"2024-07-05T13:57:16","guid":{"rendered":"https:\/\/99cubes.de\/?post_type=product&#038;p=1126"},"modified":"2025-12-03T16:56:49","modified_gmt":"2025-12-03T15:56:49","slug":"cabina-telefonica-espacio-s-mute","status":"publish","type":"product","link":"https:\/\/99cubes.de\/es\/produkt\/telefonbox-space-s-mute\/","title":{"rendered":"Cabina telef\u00f3nica Espacio S | MUTE"},"content":{"rendered":"<div class=\"su-accordion su-u-trim\">\n<div class=\"su-spoiler su-spoiler-style-default su-spoiler-icon-plus\" data-scroll-offset=\"0\" data-anchor-in-url=\"no\"><div class=\"su-spoiler-title\" tabindex=\"0\" role=\"button\"><span class=\"su-spoiler-icon\"><\/span><strong>Informaci\u00f3n sobre la serie Space<\/strong><\/div><div class=\"su-spoiler-content su-u-clearfix su-u-trim\">\n<p><strong>La serie Space: soluciones ac\u00fasticas innovadoras para conceptos de puestos de trabajo contempor\u00e1neos.<\/strong><\/p>\n<p>La serie Space es la l\u00ednea de productos de gama alta de MUTE y ofrece refugios personalizados para el trabajo concentrado y la comunicaci\u00f3n eficaz al m\u00e1s alto nivel de calidad. Las cajas ac\u00fasticas Space (\u201eSpace Pods\u201c) est\u00e1n disponibles en los tama\u00f1os S, M, L y XL y abarcan toda la gama, desde cabinas telef\u00f3nicas (individuales) hasta espaciosas cajas para reuniones.<\/p>\n<p>Las cabinas telef\u00f3nicas y de reuniones de la serie Space no s\u00f3lo pueden adaptarse a distintos fines y tama\u00f1os de equipo, sino que tambi\u00e9n pueden configurarse en una amplia gama de colores y materiales para garantizar su perfecta integraci\u00f3n en cualquier entorno de oficina.<\/p>\n<p>Un aislamiento ac\u00fastico muy bueno y un acabado de alta calidad van de la mano con los productos Space y ofrecen una calidad de estancia en el interior inigualable. As\u00ed, por ejemplo, el rico chasquido de la puerta al cerrarse, el zumbido apenas audible de la ventilaci\u00f3n y el ambiente digno que transforma cada c\u00e1psula Space en un oasis de calma, concentraci\u00f3n y alto rendimiento.<\/p>\n<\/div><\/div>\n<div class=\"su-spoiler su-spoiler-style-default su-spoiler-icon-plus su-spoiler-closed\" data-scroll-offset=\"0\" data-anchor-in-url=\"no\"><div class=\"su-spoiler-title\" tabindex=\"0\" role=\"button\"><span class=\"su-spoiler-icon\"><\/span><strong>Equipamiento:<\/strong><\/div><div class=\"su-spoiler-content su-u-clearfix su-u-trim\">\n<ul>\n<li>Sistema de ventilaci\u00f3n<\/li>\n<li>Luz LED<\/li>\n<li>Detector de presencia para ventiladores y luz<\/li>\n<li>Enchufe<\/li>\n<li>Cable de alimentaci\u00f3n de 3 m<\/li>\n<li>Tablero mural<\/li>\n<li>Ganchos de pared<\/li>\n<li>Alfombra de grafito<\/li>\n<li>Bisagra de puerta opcionalmente izquierda o derecha<\/li>\n<li>opcional \/ con coste adicional: cable LAN | doble toma de carga USB tipo A+C | cargador de inducci\u00f3n en el tablero de la mesa<\/li>\n<li>opcional \/ con suplemento: taburete | respaldo<\/li>\n<li>Opcional \/ con recargo: soporte para monitor VESA integrado + conexi\u00f3n HDMI (variante del modelo denominada videoconferencia)<\/li>\n<li>opcional \/ con coste adicional: panel de control para controlar la ventilaci\u00f3n y la iluminaci\u00f3n<\/li>\n<li>opcional \/ con sobreprecio: ruedas integradas<\/li>\n<\/ul>\n<p>Existen numerosas opciones de dise\u00f1o en cuanto a colores y materiales para la serie Space de MUTE:<\/p>\n<div id='gallery-1' class='gallery galleryid-1126 gallery-columns-4 gallery-size-medium'><figure class='gallery-item'>\n\t\t\t<div class='gallery-icon landscape'>\n\t\t\t\t<a href='https:\/\/99cubes.de\/wp-content\/uploads\/2024\/07\/Space-XL-MUTE-Farben-und-Material-Auswahl-1.jpg'><img loading=\"lazy\" decoding=\"async\" width=\"450\" height=\"411\" src=\"https:\/\/99cubes.de\/wp-content\/uploads\/2024\/07\/Space-XL-MUTE-Farben-und-Material-Auswahl-1-450x411.jpg\" class=\"attachment-medium size-medium\" alt=\"\" aria-describedby=\"gallery-1-1282\" srcset=\"https:\/\/99cubes.de\/wp-content\/uploads\/2024\/07\/Space-XL-MUTE-Farben-und-Material-Auswahl-1-450x411.jpg 450w, https:\/\/99cubes.de\/wp-content\/uploads\/2024\/07\/Space-XL-MUTE-Farben-und-Material-Auswahl-1-768x701.jpg 768w, https:\/\/99cubes.de\/wp-content\/uploads\/2024\/07\/Space-XL-MUTE-Farben-und-Material-Auswahl-1-920x840.jpg 920w, https:\/\/99cubes.de\/wp-content\/uploads\/2024\/07\/Space-XL-MUTE-Farben-und-Material-Auswahl-1-575x525.jpg 575w, https:\/\/99cubes.de\/wp-content\/uploads\/2024\/07\/Space-XL-MUTE-Farben-und-Material-Auswahl-1-380x347.jpg 380w, https:\/\/99cubes.de\/wp-content\/uploads\/2024\/07\/Space-XL-MUTE-Farben-und-Material-Auswahl-1-800x730.jpg 800w, https:\/\/99cubes.de\/wp-content\/uploads\/2024\/07\/Space-XL-MUTE-Farben-und-Material-Auswahl-1.jpg 931w\" sizes=\"auto, (max-width: 450px) 100vw, 450px\" \/><\/a>\n\t\t\t<\/div>\n\t\t\t\t<figcaption class='wp-caption-text gallery-caption' id='gallery-1-1282'>\n\t\t\t\tColores de paredes y tejados\n\t\t\t\t<\/figcaption><\/figure><figure class='gallery-item'>\n\t\t\t<div class='gallery-icon landscape'>\n\t\t\t\t<a href='https:\/\/99cubes.de\/wp-content\/uploads\/2024\/07\/Space-XL-MUTE-Farben-und-Material-Auswahl-2.jpg'><img loading=\"lazy\" decoding=\"async\" width=\"450\" height=\"374\" src=\"https:\/\/99cubes.de\/wp-content\/uploads\/2024\/07\/Space-XL-MUTE-Farben-und-Material-Auswahl-2-450x374.jpg\" class=\"attachment-medium size-medium\" alt=\"\" aria-describedby=\"gallery-1-1283\" srcset=\"https:\/\/99cubes.de\/wp-content\/uploads\/2024\/07\/Space-XL-MUTE-Farben-und-Material-Auswahl-2-450x374.jpg 450w, https:\/\/99cubes.de\/wp-content\/uploads\/2024\/07\/Space-XL-MUTE-Farben-und-Material-Auswahl-2-768x638.jpg 768w, https:\/\/99cubes.de\/wp-content\/uploads\/2024\/07\/Space-XL-MUTE-Farben-und-Material-Auswahl-2-920x764.jpg 920w, https:\/\/99cubes.de\/wp-content\/uploads\/2024\/07\/Space-XL-MUTE-Farben-und-Material-Auswahl-2-575x477.jpg 575w, https:\/\/99cubes.de\/wp-content\/uploads\/2024\/07\/Space-XL-MUTE-Farben-und-Material-Auswahl-2-380x316.jpg 380w, https:\/\/99cubes.de\/wp-content\/uploads\/2024\/07\/Space-XL-MUTE-Farben-und-Material-Auswahl-2-800x664.jpg 800w, https:\/\/99cubes.de\/wp-content\/uploads\/2024\/07\/Space-XL-MUTE-Farben-und-Material-Auswahl-2.jpg 943w\" sizes=\"auto, (max-width: 450px) 100vw, 450px\" \/><\/a>\n\t\t\t<\/div>\n\t\t\t\t<figcaption class='wp-caption-text gallery-caption' id='gallery-1-1283'>\n\t\t\t\tMarco de la puerta\n\t\t\t\t<\/figcaption><\/figure><figure class='gallery-item'>\n\t\t\t<div class='gallery-icon landscape'>\n\t\t\t\t<a href='https:\/\/99cubes.de\/wp-content\/uploads\/2024\/07\/Space-XL-MUTE-Farben-und-Material-Auswahl-3.jpg'><img loading=\"lazy\" decoding=\"async\" width=\"450\" height=\"388\" src=\"https:\/\/99cubes.de\/wp-content\/uploads\/2024\/07\/Space-XL-MUTE-Farben-und-Material-Auswahl-3-450x388.jpg\" class=\"attachment-medium size-medium\" alt=\"\" aria-describedby=\"gallery-1-1284\" srcset=\"https:\/\/99cubes.de\/wp-content\/uploads\/2024\/07\/Space-XL-MUTE-Farben-und-Material-Auswahl-3-450x388.jpg 450w, https:\/\/99cubes.de\/wp-content\/uploads\/2024\/07\/Space-XL-MUTE-Farben-und-Material-Auswahl-3-768x663.jpg 768w, https:\/\/99cubes.de\/wp-content\/uploads\/2024\/07\/Space-XL-MUTE-Farben-und-Material-Auswahl-3-920x794.jpg 920w, https:\/\/99cubes.de\/wp-content\/uploads\/2024\/07\/Space-XL-MUTE-Farben-und-Material-Auswahl-3-575x496.jpg 575w, https:\/\/99cubes.de\/wp-content\/uploads\/2024\/07\/Space-XL-MUTE-Farben-und-Material-Auswahl-3-380x328.jpg 380w, https:\/\/99cubes.de\/wp-content\/uploads\/2024\/07\/Space-XL-MUTE-Farben-und-Material-Auswahl-3-800x691.jpg 800w, https:\/\/99cubes.de\/wp-content\/uploads\/2024\/07\/Space-XL-MUTE-Farben-und-Material-Auswahl-3.jpg 936w\" sizes=\"auto, (max-width: 450px) 100vw, 450px\" \/><\/a>\n\t\t\t<\/div>\n\t\t\t\t<figcaption class='wp-caption-text gallery-caption' id='gallery-1-1284'>\n\t\t\t\tTablero\n\t\t\t\t<\/figcaption><\/figure><figure class='gallery-item'>\n\t\t\t<div class='gallery-icon landscape'>\n\t\t\t\t<a href='https:\/\/99cubes.de\/wp-content\/uploads\/2024\/07\/Space-S-MUTE-Farben-und-Material-Auswahl-Hocker.jpg'><img loading=\"lazy\" decoding=\"async\" width=\"450\" height=\"285\" src=\"https:\/\/99cubes.de\/wp-content\/uploads\/2024\/07\/Space-S-MUTE-Farben-und-Material-Auswahl-Hocker-450x285.jpg\" class=\"attachment-medium size-medium\" alt=\"\" aria-describedby=\"gallery-1-1286\" srcset=\"https:\/\/99cubes.de\/wp-content\/uploads\/2024\/07\/Space-S-MUTE-Farben-und-Material-Auswahl-Hocker-450x285.jpg 450w, https:\/\/99cubes.de\/wp-content\/uploads\/2024\/07\/Space-S-MUTE-Farben-und-Material-Auswahl-Hocker-380x241.jpg 380w, https:\/\/99cubes.de\/wp-content\/uploads\/2024\/07\/Space-S-MUTE-Farben-und-Material-Auswahl-Hocker.jpg 489w\" sizes=\"auto, (max-width: 450px) 100vw, 450px\" \/><\/a>\n\t\t\t<\/div>\n\t\t\t\t<figcaption class='wp-caption-text gallery-caption' id='gallery-1-1286'>\n\t\t\t\tTaburete\/respaldo\n\t\t\t\t<\/figcaption><\/figure><figure class='gallery-item'>\n\t\t\t<div class='gallery-icon landscape'>\n\t\t\t\t<a href='https:\/\/99cubes.de\/wp-content\/uploads\/2024\/07\/Space-XL-MUTE-Farben-und-Material-Auswahl-4.jpg'><img loading=\"lazy\" decoding=\"async\" width=\"450\" height=\"218\" src=\"https:\/\/99cubes.de\/wp-content\/uploads\/2024\/07\/Space-XL-MUTE-Farben-und-Material-Auswahl-4-450x218.jpg\" class=\"attachment-medium size-medium\" alt=\"\" aria-describedby=\"gallery-1-1285\" srcset=\"https:\/\/99cubes.de\/wp-content\/uploads\/2024\/07\/Space-XL-MUTE-Farben-und-Material-Auswahl-4-450x218.jpg 450w, https:\/\/99cubes.de\/wp-content\/uploads\/2024\/07\/Space-XL-MUTE-Farben-und-Material-Auswahl-4-768x371.jpg 768w, https:\/\/99cubes.de\/wp-content\/uploads\/2024\/07\/Space-XL-MUTE-Farben-und-Material-Auswahl-4-920x445.jpg 920w, https:\/\/99cubes.de\/wp-content\/uploads\/2024\/07\/Space-XL-MUTE-Farben-und-Material-Auswahl-4-575x278.jpg 575w, https:\/\/99cubes.de\/wp-content\/uploads\/2024\/07\/Space-XL-MUTE-Farben-und-Material-Auswahl-4-380x184.jpg 380w, https:\/\/99cubes.de\/wp-content\/uploads\/2024\/07\/Space-XL-MUTE-Farben-und-Material-Auswahl-4-800x387.jpg 800w, https:\/\/99cubes.de\/wp-content\/uploads\/2024\/07\/Space-XL-MUTE-Farben-und-Material-Auswahl-4.jpg 964w\" sizes=\"auto, (max-width: 450px) 100vw, 450px\" \/><\/a>\n\t\t\t<\/div>\n\t\t\t\t<figcaption class='wp-caption-text gallery-caption' id='gallery-1-1285'>\n\t\t\t\tRevestimientos murales\n\t\t\t\t<\/figcaption><\/figure>\n\t\t<\/div>\n\n<\/div><\/div>\n<div class=\"su-spoiler su-spoiler-style-default su-spoiler-icon-plus su-spoiler-closed\" data-scroll-offset=\"0\" data-anchor-in-url=\"no\"><div class=\"su-spoiler-title\" tabindex=\"0\" role=\"button\"><span class=\"su-spoiler-icon\"><\/span><strong>Dimensiones y peso:<\/strong><\/div><div class=\"su-spoiler-content su-u-clearfix su-u-trim\">\n<ul>\n<li>Anchura (exterior \/ interior): 1000 mm \/ 805 mm<\/li>\n<li>Profundidad (exterior \/ interior): 1000 mm \/ 887 mm + 800 mm con la puerta abierta<\/li>\n<li>Altura (exterior \/ interior): 2247 mm \/ 2080 mm<\/li>\n<li class=\"tech-specs__field\">Tablero (ancho x fondo x alto): 700 x 295 mm<\/li>\n<li class=\"tech-specs__field\">Peso: 347 kg (+ 12 kg con silla, +4 kg con respaldo)<\/li>\n<\/ul>\n<div id='gallery-2' class='gallery galleryid-1126 gallery-columns-2 gallery-size-large'><figure class='gallery-item'>\n\t\t\t<div class='gallery-icon landscape'>\n\t\t\t\t<a href='https:\/\/99cubes.de\/wp-content\/uploads\/2024\/07\/Abmessungen-Space-S-Standard-MUTE.jpg'><img loading=\"lazy\" decoding=\"async\" width=\"1140\" height=\"425\" src=\"https:\/\/99cubes.de\/wp-content\/uploads\/2024\/07\/Abmessungen-Space-S-Standard-MUTE-1200x447.jpg\" class=\"attachment-large size-large\" alt=\"\" aria-describedby=\"gallery-2-1209\" srcset=\"https:\/\/99cubes.de\/wp-content\/uploads\/2024\/07\/Abmessungen-Space-S-Standard-MUTE-1200x447.jpg 1200w, https:\/\/99cubes.de\/wp-content\/uploads\/2024\/07\/Abmessungen-Space-S-Standard-MUTE-450x168.jpg 450w, https:\/\/99cubes.de\/wp-content\/uploads\/2024\/07\/Abmessungen-Space-S-Standard-MUTE-768x286.jpg 768w, https:\/\/99cubes.de\/wp-content\/uploads\/2024\/07\/Abmessungen-Space-S-Standard-MUTE-1536x572.jpg 1536w, https:\/\/99cubes.de\/wp-content\/uploads\/2024\/07\/Abmessungen-Space-S-Standard-MUTE-1140x425.jpg 1140w, https:\/\/99cubes.de\/wp-content\/uploads\/2024\/07\/Abmessungen-Space-S-Standard-MUTE-920x343.jpg 920w, https:\/\/99cubes.de\/wp-content\/uploads\/2024\/07\/Abmessungen-Space-S-Standard-MUTE-575x214.jpg 575w, https:\/\/99cubes.de\/wp-content\/uploads\/2024\/07\/Abmessungen-Space-S-Standard-MUTE-380x142.jpg 380w, https:\/\/99cubes.de\/wp-content\/uploads\/2024\/07\/Abmessungen-Space-S-Standard-MUTE-800x298.jpg 800w, https:\/\/99cubes.de\/wp-content\/uploads\/2024\/07\/Abmessungen-Space-S-Standard-MUTE.jpg 1618w\" sizes=\"auto, (max-width: 1140px) 100vw, 1140px\" \/><\/a>\n\t\t\t<\/div>\n\t\t\t\t<figcaption class='wp-caption-text gallery-caption' id='gallery-2-1209'>\n\t\t\t\tEspacio S Est\u00e1ndar\n\t\t\t\t<\/figcaption><\/figure><figure class='gallery-item'>\n\t\t\t<div class='gallery-icon landscape'>\n\t\t\t\t<a href='https:\/\/99cubes.de\/wp-content\/uploads\/2024\/07\/Abmessungen-Space-S-Video-Conference-MUTE.jpg'><img loading=\"lazy\" decoding=\"async\" width=\"1140\" height=\"436\" src=\"https:\/\/99cubes.de\/wp-content\/uploads\/2024\/07\/Abmessungen-Space-S-Video-Conference-MUTE-1200x459.jpg\" class=\"attachment-large size-large\" alt=\"\" aria-describedby=\"gallery-2-1210\" srcset=\"https:\/\/99cubes.de\/wp-content\/uploads\/2024\/07\/Abmessungen-Space-S-Video-Conference-MUTE-1200x459.jpg 1200w, https:\/\/99cubes.de\/wp-content\/uploads\/2024\/07\/Abmessungen-Space-S-Video-Conference-MUTE-450x172.jpg 450w, https:\/\/99cubes.de\/wp-content\/uploads\/2024\/07\/Abmessungen-Space-S-Video-Conference-MUTE-768x294.jpg 768w, https:\/\/99cubes.de\/wp-content\/uploads\/2024\/07\/Abmessungen-Space-S-Video-Conference-MUTE-1536x587.jpg 1536w, https:\/\/99cubes.de\/wp-content\/uploads\/2024\/07\/Abmessungen-Space-S-Video-Conference-MUTE-1140x436.jpg 1140w, https:\/\/99cubes.de\/wp-content\/uploads\/2024\/07\/Abmessungen-Space-S-Video-Conference-MUTE-920x352.jpg 920w, https:\/\/99cubes.de\/wp-content\/uploads\/2024\/07\/Abmessungen-Space-S-Video-Conference-MUTE-575x220.jpg 575w, https:\/\/99cubes.de\/wp-content\/uploads\/2024\/07\/Abmessungen-Space-S-Video-Conference-MUTE-380x145.jpg 380w, https:\/\/99cubes.de\/wp-content\/uploads\/2024\/07\/Abmessungen-Space-S-Video-Conference-MUTE-800x306.jpg 800w, https:\/\/99cubes.de\/wp-content\/uploads\/2024\/07\/Abmessungen-Space-S-Video-Conference-MUTE.jpg 1596w\" sizes=\"auto, (max-width: 1140px) 100vw, 1140px\" \/><\/a>\n\t\t\t<\/div>\n\t\t\t\t<figcaption class='wp-caption-text gallery-caption' id='gallery-2-1210'>\n\t\t\t\tVideoconferencia Space S\n\t\t\t\t<\/figcaption><\/figure>\n\t\t<\/div>\n\n<\/div><\/div>\n<div class=\"su-spoiler su-spoiler-style-default su-spoiler-icon-plus su-spoiler-closed\" data-scroll-offset=\"0\" data-anchor-in-url=\"no\"><div class=\"su-spoiler-title\" tabindex=\"0\" role=\"button\"><span class=\"su-spoiler-icon\"><\/span><strong>Datos ac\u00fasticos y ventilaci\u00f3n:<\/strong><\/div><div class=\"su-spoiler-content su-u-clearfix su-u-trim\">\n<ul>\n<li>Aislamiento ac\u00fastico: Aislamiento ac\u00fastico entre 30 dB (tonos graves) y 48 dB (tonos agudos)<\/li>\n<li>RT20 interior: &lt;0,2 s seg\u00fan ISO 354:2000<\/li>\n<li>Caudal de aire del sistema: 63 m\u00b3\/h<\/li>\n<li>Ruido de ventilaci\u00f3n exterior \/ interior: \u226435 dB \/ \u226439 dB<\/li>\n<\/ul>\n<\/div><\/div>\n<div class=\"su-spoiler su-spoiler-style-default su-spoiler-icon-plus su-spoiler-closed\" data-scroll-offset=\"0\" data-anchor-in-url=\"no\"><div class=\"su-spoiler-title\" tabindex=\"0\" role=\"button\"><span class=\"su-spoiler-icon\"><\/span><strong>Alimentaci\u00f3n y consumo de energ\u00eda:<\/strong><\/div><div class=\"su-spoiler-content su-u-clearfix su-u-trim\">\n<ul>\n<li>En funcionamiento (LED y ventilaci\u00f3n): 16 vatios<\/li>\n<li>Tomas: 1<\/li>\n<li>Toma de carga USB opcional: TUF A+C 25 W, 5 V CC<\/li>\n<li>Tipos de tomas de corriente disponibles: DE | FR | DK | IT<\/li>\n<\/ul>\n<\/div><\/div>\n<\/div>","protected":false},"excerpt":{"rendered":"<p>La cabina telef\u00f3nica Space S es el modelo m\u00e1s peque\u00f1o de la l\u00ednea de productos Space del especialista en ac\u00fastica y fabricante de alta gama MUTE. Dise\u00f1ada como un producto de gama alta, la Space S puede hacer frente a muchos requisitos diferentes gracias a su aislamiento ac\u00fastico extremadamente bueno. En entornos muy ruidosos, proporciona un refugio insonorizado, mientras que en entornos m\u00e1s silenciosos garantiza que las conversaciones privadas sigan siendo privadas. Ya sea en aeropuertos, oficinas di\u00e1fanas o museos, la cabina telef\u00f3nica Space S destaca en todas partes.<\/p>\n<p>La cabina telef\u00f3nica Space S est\u00e1 disponible en numerosas variantes de color y tejido y puede configurarse y equiparse individualmente con numerosas opciones adicionales que no dejan casi nada que desear. Las variantes del modelo incluyen las siguientes opciones de equipamiento:<\/p>\n<ul>\n<li>Space S Standard: versi\u00f3n b\u00e1sica sin taburete fijo<\/li>\n<li>Space S Standard con taburete: variante con taburete fijo regulable en altura<\/li>\n<li>Space S Est\u00e1ndar con respaldo: variante con respaldo fijo acolchado para apoyarse<\/li>\n<li>Videoconferencia Space S: Variante con soporte para monitor VESA, conexi\u00f3n USB y HDMI para la transmisi\u00f3n de la se\u00f1al de v\u00eddeo y taburete integrado regulable en altura.<\/li>\n<\/ul>\n<p>Entre los equipamientos especiales destaca la opci\u00f3n de pizarra blanca (paredes exteriores en dise\u00f1o laminado de pizarra blanca), as\u00ed como amplias opciones t\u00e9cnicas para LAN, USB, carga por inducci\u00f3n y un panel de control intuitivo con el que se puede ajustar manualmente el brillo y la intensidad de ventilaci\u00f3n o anular el control autom\u00e1tico de ventilaci\u00f3n.<\/p>\n<p>Estaremos encantados de asesorarle sobre las opciones que m\u00e1s le interesen.<\/p>","protected":false},"featured_media":1127,"comment_status":"open","ping_status":"closed","template":"","meta":{"content-type":"","_uag_custom_page_level_css":""},"product_brand":[],"product_cat":[61],"product_tag":[],"class_list":{"0":"post-1126","1":"product","2":"type-product","3":"status-publish","4":"has-post-thumbnail","6":"product_cat-telefonbox","7":"pa_anzahl-personen-1-person","8":"pa_belueftungssteuerung-individuell-steuerbar","9":"pa_belueftungssteuerung-vollautomatisch","10":"pa_breite-100-m","11":"pa_buchungstool-display-goconut-ready","12":"pa_einsatz-szenarien-buero","13":"pa_einsatz-szenarien-einzelhandel","14":"pa_einsatz-szenarien-flughafen-bahnhof","15":"pa_einsatz-szenarien-hotel","16":"pa_einsatz-szenarien-logistik","17":"pa_einsatz-szenarien-produktion","18":"pa_farbe-konfigurierbar","19":"pa_farbe-schwarz","20":"pa_farbe-weiss","21":"pa_flex-miete-verfuegbar-ja","22":"pa_gewicht-347-kg","23":"pa_hoehe-225-m","24":"pa_lan-kein-lan-anschluss","25":"pa_lan-lan-anschluss-als-sonderausstattung","26":"pa_lieferzeit-4-bis-6-wochen-lieferzeit","27":"pa_luftaustausch-63-m-h-systemluftstrom","28":"pa_marke-mute","29":"pa_mobilitaet-keine","30":"pa_mobilitaet-mit-integrierten-bodenrollen","31":"pa_monitorhalterung-monitorhalterung-als-sonderausstattung","32":"pa_monitorhalterung-ohne-monitorhalterung","33":"pa_preissegment-vier","34":"pa_schalldaemmung-vier-sterne","35":"pa_sitzen-oder-stehen-im-sitzen-hoch-mit-hocker","36":"pa_sitzen-oder-stehen-im-stehen","37":"pa_spezial-features-video-call-ausstattung","38":"pa_spezial-features-white-board-option","39":"pa_tiefe-100-m","40":"pa_verfuegbare-tisch-optionen-fixe-tischhoehe-stehen","41":"pa_verwendung-telefonieren","42":"pa_verwendung-video-call","44":"first","45":"instock","46":"taxable","47":"shipping-taxable","48":"purchasable","49":"product-type-simple"},"uagb_featured_image_src":{"full":["https:\/\/99cubes.de\/wp-content\/uploads\/2024\/07\/MUTE_Space-S-Front-Open.jpg",1200,1200,false],"thumbnail":["https:\/\/99cubes.de\/wp-content\/uploads\/2024\/07\/MUTE_Space-S-Front-Open-200x200.jpg",200,200,true],"medium":["https:\/\/99cubes.de\/wp-content\/uploads\/2024\/07\/MUTE_Space-S-Front-Open-450x450.jpg",450,450,true],"medium_large":["https:\/\/99cubes.de\/wp-content\/uploads\/2024\/07\/MUTE_Space-S-Front-Open-768x768.jpg",768,768,true],"large":["https:\/\/99cubes.de\/wp-content\/uploads\/2024\/07\/MUTE_Space-S-Front-Open-1200x1200.jpg",1140,1140,true],"1536x1536":["https:\/\/99cubes.de\/wp-content\/uploads\/2024\/07\/MUTE_Space-S-Front-Open-1536x1536.jpg",1200,1200,true],"2048x2048":["https:\/\/99cubes.de\/wp-content\/uploads\/2024\/07\/MUTE_Space-S-Front-Open-2048x2048.jpg",1200,1200,true],"trp-custom-language-flag":["https:\/\/99cubes.de\/wp-content\/uploads\/2024\/07\/MUTE_Space-S-Front-Open.jpg",12,12,false],"botiga-extra-large":["https:\/\/99cubes.de\/wp-content\/uploads\/2024\/07\/MUTE_Space-S-Front-Open-1140x1140.jpg",1140,1140,true],"botiga-large":["https:\/\/99cubes.de\/wp-content\/uploads\/2024\/07\/MUTE_Space-S-Front-Open-920x920.jpg",920,920,true],"botiga-big":["https:\/\/99cubes.de\/wp-content\/uploads\/2024\/07\/MUTE_Space-S-Front-Open-575x575.jpg",575,575,true],"botiga-medium":["https:\/\/99cubes.de\/wp-content\/uploads\/2024\/07\/MUTE_Space-S-Front-Open-380x380.jpg",380,380,true],"botiga-header-icons":["https:\/\/99cubes.de\/wp-content\/uploads\/2024\/07\/MUTE_Space-S-Front-Open-50x50.jpg",50,50,true],"botiga-product-swatch-image":["https:\/\/99cubes.de\/wp-content\/uploads\/2024\/07\/MUTE_Space-S-Front-Open-26x26.jpg",26,26,true],"woocommerce_thumbnail":["https:\/\/99cubes.de\/wp-content\/uploads\/2024\/07\/MUTE_Space-S-Front-Open-420x420.jpg",420,420,true],"woocommerce_single":["https:\/\/99cubes.de\/wp-content\/uploads\/2024\/07\/MUTE_Space-S-Front-Open-800x800.jpg",800,800,true],"woocommerce_gallery_thumbnail":["https:\/\/99cubes.de\/wp-content\/uploads\/2024\/07\/MUTE_Space-S-Front-Open-100x100.jpg",100,100,true],"wpvr_mobile":["https:\/\/99cubes.de\/wp-content\/uploads\/2024\/07\/MUTE_Space-S-Front-Open-2048x2048.jpg",2048,2048,true]},"uagb_author_info":{"display_name":"frank","author_link":"https:\/\/99cubes.de\/es\/author\/"},"uagb_comment_info":0,"uagb_excerpt":"Die Telefonbox Space S ist das kleinste Modell aus der Space-Produktlinie des Akustik-Spezialisten und Premium-Herstellers MUTE. Als Produkt im High-End-Bereich konzipiert, kommt die Space S auf Grund der extrem guten Schalld\u00e4mmung mit vielen unterschiedlichen Anforderungen klar. In sehr lauten Umgebungen sorgt sie f\u00fcr eine schallgesch\u00fctzte R\u00fcckzugsm\u00f6glichkeit, in eher leisen Umgebungen sorgt sie daf\u00fcr, dass private&hellip;","_links":{"self":[{"href":"https:\/\/99cubes.de\/es\/wp-json\/wp\/v2\/product\/1126","targetHints":{"allow":["GET"]}}],"collection":[{"href":"https:\/\/99cubes.de\/es\/wp-json\/wp\/v2\/product"}],"about":[{"href":"https:\/\/99cubes.de\/es\/wp-json\/wp\/v2\/types\/product"}],"replies":[{"embeddable":true,"href":"https:\/\/99cubes.de\/es\/wp-json\/wp\/v2\/comments?post=1126"}],"wp:featuredmedia":[{"embeddable":true,"href":"https:\/\/99cubes.de\/es\/wp-json\/wp\/v2\/media\/1127"}],"wp:attachment":[{"href":"https:\/\/99cubes.de\/es\/wp-json\/wp\/v2\/media?parent=1126"}],"wp:term":[{"taxonomy":"product_brand","embeddable":true,"href":"https:\/\/99cubes.de\/es\/wp-json\/wp\/v2\/product_brand?post=1126"},{"taxonomy":"product_cat","embeddable":true,"href":"https:\/\/99cubes.de\/es\/wp-json\/wp\/v2\/product_cat?post=1126"},{"taxonomy":"product_tag","embeddable":true,"href":"https:\/\/99cubes.de\/es\/wp-json\/wp\/v2\/product_tag?post=1126"}],"curies":[{"name":"wp","href":"https:\/\/api.w.org\/{rel}","templated":true}]}}