{"id":1268,"date":"2024-07-11T10:15:49","date_gmt":"2024-07-11T08:15:49","guid":{"rendered":"https:\/\/99cubes.de\/?post_type=product&#038;p=1268"},"modified":"2025-07-10T11:14:27","modified_gmt":"2025-07-10T09:14:27","slug":"meetingbox-space-xl-mute-2","status":"publish","type":"product","link":"https:\/\/99cubes.de\/es\/produkt\/meetingbox-space-xl-mute-2\/","title":{"rendered":"Meetingbox Space XL | MUTE"},"content":{"rendered":"<div class=\"su-accordion su-u-trim\">\n<div class=\"su-spoiler su-spoiler-style-default su-spoiler-icon-plus\" data-scroll-offset=\"0\" data-anchor-in-url=\"no\"><div class=\"su-spoiler-title\" tabindex=\"0\" role=\"button\"><span class=\"su-spoiler-icon\"><\/span><strong>Informaci\u00f3n sobre la serie Space<\/strong><\/div><div class=\"su-spoiler-content su-u-clearfix su-u-trim\">\n<p><strong>La serie Space: soluciones ac\u00fasticas innovadoras para conceptos de puestos de trabajo contempor\u00e1neos.<\/strong><\/p>\n<p>La serie Space es la l\u00ednea de productos de gama alta de MUTE y ofrece refugios personalizados para el trabajo concentrado y la comunicaci\u00f3n eficaz al m\u00e1s alto nivel de calidad. Las cajas ac\u00fasticas Space (\u201eSpace Pods\u201c) est\u00e1n disponibles en los tama\u00f1os S, M, L y XL y abarcan toda la gama, desde cabinas telef\u00f3nicas (individuales) hasta espaciosas cajas para reuniones.<\/p>\n<p>Las cabinas telef\u00f3nicas y de reuniones de la serie Space no s\u00f3lo pueden adaptarse a distintos fines y tama\u00f1os de equipo, sino que tambi\u00e9n pueden configurarse en una amplia gama de colores y materiales para garantizar su perfecta integraci\u00f3n en cualquier entorno de oficina.<\/p>\n<p>Un aislamiento ac\u00fastico muy bueno y un acabado de alta calidad van de la mano con los productos Space y ofrecen una calidad de estancia en el interior inigualable. As\u00ed, por ejemplo, el rico chasquido de la puerta al cerrarse, el zumbido apenas audible de la ventilaci\u00f3n y el ambiente digno que transforma cada c\u00e1psula Space en un oasis de calma, concentraci\u00f3n y alto rendimiento.<\/p>\n<\/div><\/div>\n<div class=\"su-spoiler su-spoiler-style-default su-spoiler-icon-plus su-spoiler-closed\" data-scroll-offset=\"0\" data-anchor-in-url=\"no\"><div class=\"su-spoiler-title\" tabindex=\"0\" role=\"button\"><span class=\"su-spoiler-icon\"><\/span><strong>Equipamiento:<\/strong><\/div><div class=\"su-spoiler-content su-u-clearfix su-u-trim\">\n<ul>\n<li>Sistema de ventilaci\u00f3n<\/li>\n<li>Luz LED<\/li>\n<li>Detector de presencia para ventiladores y luz<\/li>\n<li>Panel de interruptores para controlar la ventilaci\u00f3n y la iluminaci\u00f3n (\u00a1incluido de serie con el Space XL!)<\/li>\n<li>Enchufes: 3 en la pared (versi\u00f3n sin amueblar) o 4 en la mesa (versi\u00f3n de conferencia)<\/li>\n<li>Cable de alimentaci\u00f3n de 3 m<\/li>\n<li>3 ganchos de pared<\/li>\n<li>Alfombra de grafito<\/li>\n<li>Bisagra de puerta opcionalmente izquierda o derecha<\/li>\n<li>Conexi\u00f3n LAN | doble toma de carga USB tipo A+C (en la pared o en el tablero, seg\u00fan la variante)<\/li>\n<li>incluido en el volumen de suministro est\u00e1ndar de la variante de modelo \u201eConferencia\u201c:\n<ul>\n<li>Tablero trapezoidal tipo \u201eConferencia\u201c con concentrador tecnol\u00f3gico integrado para enchufes y otras conexiones<\/li>\n<li>Conexi\u00f3n HDMI para monitor en el centro tecnol\u00f3gico<\/li>\n<li>Entrada USB-A para webcam en el hub tecnol\u00f3gico<\/li>\n<li>Conexi\u00f3n LAN en el centro tecnol\u00f3gico<\/li>\n<\/ul>\n<\/li>\n<li>para la variante de modelo \u201eConference\u201c opcional \/ con sobreprecio: soporte para monitor negro, fijado al bastidor trasero<\/li>\n<\/ul>\n<p>Existen numerosas opciones de dise\u00f1o en cuanto a colores y materiales para la serie Space de MUTE:<\/p>\n<div id='gallery-1' class='gallery galleryid-1268 gallery-columns-4 gallery-size-medium'><figure class='gallery-item'>\n\t\t\t<div class='gallery-icon landscape'>\n\t\t\t\t<a href='https:\/\/99cubes.de\/wp-content\/uploads\/2024\/07\/Space-XL-MUTE-Farben-und-Material-Auswahl-1.jpg'><img loading=\"lazy\" decoding=\"async\" width=\"450\" height=\"411\" src=\"https:\/\/99cubes.de\/wp-content\/uploads\/2024\/07\/Space-XL-MUTE-Farben-und-Material-Auswahl-1-450x411.jpg\" class=\"attachment-medium size-medium\" alt=\"\" aria-describedby=\"gallery-1-1282\" srcset=\"https:\/\/99cubes.de\/wp-content\/uploads\/2024\/07\/Space-XL-MUTE-Farben-und-Material-Auswahl-1-450x411.jpg 450w, https:\/\/99cubes.de\/wp-content\/uploads\/2024\/07\/Space-XL-MUTE-Farben-und-Material-Auswahl-1-768x701.jpg 768w, https:\/\/99cubes.de\/wp-content\/uploads\/2024\/07\/Space-XL-MUTE-Farben-und-Material-Auswahl-1-920x840.jpg 920w, https:\/\/99cubes.de\/wp-content\/uploads\/2024\/07\/Space-XL-MUTE-Farben-und-Material-Auswahl-1-575x525.jpg 575w, https:\/\/99cubes.de\/wp-content\/uploads\/2024\/07\/Space-XL-MUTE-Farben-und-Material-Auswahl-1-380x347.jpg 380w, https:\/\/99cubes.de\/wp-content\/uploads\/2024\/07\/Space-XL-MUTE-Farben-und-Material-Auswahl-1-800x730.jpg 800w, https:\/\/99cubes.de\/wp-content\/uploads\/2024\/07\/Space-XL-MUTE-Farben-und-Material-Auswahl-1.jpg 931w\" sizes=\"auto, (max-width: 450px) 100vw, 450px\" \/><\/a>\n\t\t\t<\/div>\n\t\t\t\t<figcaption class='wp-caption-text gallery-caption' id='gallery-1-1282'>\n\t\t\t\tColores de paredes y tejados\n\t\t\t\t<\/figcaption><\/figure><figure class='gallery-item'>\n\t\t\t<div class='gallery-icon landscape'>\n\t\t\t\t<a href='https:\/\/99cubes.de\/wp-content\/uploads\/2024\/07\/Space-XL-MUTE-Farben-und-Material-Auswahl-2.jpg'><img loading=\"lazy\" decoding=\"async\" width=\"450\" height=\"374\" src=\"https:\/\/99cubes.de\/wp-content\/uploads\/2024\/07\/Space-XL-MUTE-Farben-und-Material-Auswahl-2-450x374.jpg\" class=\"attachment-medium size-medium\" alt=\"\" aria-describedby=\"gallery-1-1283\" srcset=\"https:\/\/99cubes.de\/wp-content\/uploads\/2024\/07\/Space-XL-MUTE-Farben-und-Material-Auswahl-2-450x374.jpg 450w, https:\/\/99cubes.de\/wp-content\/uploads\/2024\/07\/Space-XL-MUTE-Farben-und-Material-Auswahl-2-768x638.jpg 768w, https:\/\/99cubes.de\/wp-content\/uploads\/2024\/07\/Space-XL-MUTE-Farben-und-Material-Auswahl-2-920x764.jpg 920w, https:\/\/99cubes.de\/wp-content\/uploads\/2024\/07\/Space-XL-MUTE-Farben-und-Material-Auswahl-2-575x477.jpg 575w, https:\/\/99cubes.de\/wp-content\/uploads\/2024\/07\/Space-XL-MUTE-Farben-und-Material-Auswahl-2-380x316.jpg 380w, https:\/\/99cubes.de\/wp-content\/uploads\/2024\/07\/Space-XL-MUTE-Farben-und-Material-Auswahl-2-800x664.jpg 800w, https:\/\/99cubes.de\/wp-content\/uploads\/2024\/07\/Space-XL-MUTE-Farben-und-Material-Auswahl-2.jpg 943w\" sizes=\"auto, (max-width: 450px) 100vw, 450px\" \/><\/a>\n\t\t\t<\/div>\n\t\t\t\t<figcaption class='wp-caption-text gallery-caption' id='gallery-1-1283'>\n\t\t\t\tMarco de la puerta\n\t\t\t\t<\/figcaption><\/figure><figure class='gallery-item'>\n\t\t\t<div class='gallery-icon landscape'>\n\t\t\t\t<a href='https:\/\/99cubes.de\/wp-content\/uploads\/2024\/07\/Space-XL-MUTE-Farben-und-Material-Auswahl-3.jpg'><img loading=\"lazy\" decoding=\"async\" width=\"450\" height=\"388\" src=\"https:\/\/99cubes.de\/wp-content\/uploads\/2024\/07\/Space-XL-MUTE-Farben-und-Material-Auswahl-3-450x388.jpg\" class=\"attachment-medium size-medium\" alt=\"\" aria-describedby=\"gallery-1-1284\" srcset=\"https:\/\/99cubes.de\/wp-content\/uploads\/2024\/07\/Space-XL-MUTE-Farben-und-Material-Auswahl-3-450x388.jpg 450w, https:\/\/99cubes.de\/wp-content\/uploads\/2024\/07\/Space-XL-MUTE-Farben-und-Material-Auswahl-3-768x663.jpg 768w, https:\/\/99cubes.de\/wp-content\/uploads\/2024\/07\/Space-XL-MUTE-Farben-und-Material-Auswahl-3-920x794.jpg 920w, https:\/\/99cubes.de\/wp-content\/uploads\/2024\/07\/Space-XL-MUTE-Farben-und-Material-Auswahl-3-575x496.jpg 575w, https:\/\/99cubes.de\/wp-content\/uploads\/2024\/07\/Space-XL-MUTE-Farben-und-Material-Auswahl-3-380x328.jpg 380w, https:\/\/99cubes.de\/wp-content\/uploads\/2024\/07\/Space-XL-MUTE-Farben-und-Material-Auswahl-3-800x691.jpg 800w, https:\/\/99cubes.de\/wp-content\/uploads\/2024\/07\/Space-XL-MUTE-Farben-und-Material-Auswahl-3.jpg 936w\" sizes=\"auto, (max-width: 450px) 100vw, 450px\" \/><\/a>\n\t\t\t<\/div>\n\t\t\t\t<figcaption class='wp-caption-text gallery-caption' id='gallery-1-1284'>\n\t\t\t\tTablero\n\t\t\t\t<\/figcaption><\/figure><figure class='gallery-item'>\n\t\t\t<div class='gallery-icon landscape'>\n\t\t\t\t<a href='https:\/\/99cubes.de\/wp-content\/uploads\/2024\/07\/Space-XL-MUTE-Farben-und-Material-Auswahl-4.jpg'><img loading=\"lazy\" decoding=\"async\" width=\"450\" height=\"218\" src=\"https:\/\/99cubes.de\/wp-content\/uploads\/2024\/07\/Space-XL-MUTE-Farben-und-Material-Auswahl-4-450x218.jpg\" class=\"attachment-medium size-medium\" alt=\"\" aria-describedby=\"gallery-1-1285\" srcset=\"https:\/\/99cubes.de\/wp-content\/uploads\/2024\/07\/Space-XL-MUTE-Farben-und-Material-Auswahl-4-450x218.jpg 450w, https:\/\/99cubes.de\/wp-content\/uploads\/2024\/07\/Space-XL-MUTE-Farben-und-Material-Auswahl-4-768x371.jpg 768w, https:\/\/99cubes.de\/wp-content\/uploads\/2024\/07\/Space-XL-MUTE-Farben-und-Material-Auswahl-4-920x445.jpg 920w, https:\/\/99cubes.de\/wp-content\/uploads\/2024\/07\/Space-XL-MUTE-Farben-und-Material-Auswahl-4-575x278.jpg 575w, https:\/\/99cubes.de\/wp-content\/uploads\/2024\/07\/Space-XL-MUTE-Farben-und-Material-Auswahl-4-380x184.jpg 380w, https:\/\/99cubes.de\/wp-content\/uploads\/2024\/07\/Space-XL-MUTE-Farben-und-Material-Auswahl-4-800x387.jpg 800w, https:\/\/99cubes.de\/wp-content\/uploads\/2024\/07\/Space-XL-MUTE-Farben-und-Material-Auswahl-4.jpg 964w\" sizes=\"auto, (max-width: 450px) 100vw, 450px\" \/><\/a>\n\t\t\t<\/div>\n\t\t\t\t<figcaption class='wp-caption-text gallery-caption' id='gallery-1-1285'>\n\t\t\t\tRevestimientos murales\n\t\t\t\t<\/figcaption><\/figure>\n\t\t<\/div>\n\n<\/div><\/div>\n<div class=\"su-spoiler su-spoiler-style-default su-spoiler-icon-plus su-spoiler-closed\" data-scroll-offset=\"0\" data-anchor-in-url=\"no\"><div class=\"su-spoiler-title\" tabindex=\"0\" role=\"button\"><span class=\"su-spoiler-icon\"><\/span><strong>Dimensiones y peso:<\/strong><\/div><div class=\"su-spoiler-content su-u-clearfix su-u-trim\">\n<ul>\n<li>Anchura (exterior \/ interior): 2450 mm \/ 2255 mm<\/li>\n<li>Profundidad (exterior \/ interior): 2800 mm \/ 2695 mm + 900 mm con la puerta abierta<\/li>\n<li>Altura (exterior \/ interior): 2247 mm \/ 2140 mm<\/li>\n<li class=\"tech-specs__field\">Peso: 1160 kg (mesa incluida), 1050 kg (sin muebles)<\/li>\n<\/ul>\n<div id='gallery-2' class='gallery galleryid-1268 gallery-columns-2 gallery-size-full'><figure class='gallery-item'>\n\t\t\t<div class='gallery-icon landscape'>\n\t\t\t\t<a href='https:\/\/99cubes.de\/wp-content\/uploads\/2024\/07\/Abmessungen-Space-XL-Meetingbox-MUTE-Conference.jpg'><img loading=\"lazy\" decoding=\"async\" width=\"1596\" height=\"469\" src=\"https:\/\/99cubes.de\/wp-content\/uploads\/2024\/07\/Abmessungen-Space-XL-Meetingbox-MUTE-Conference.jpg\" class=\"attachment-full size-full\" alt=\"\" aria-describedby=\"gallery-2-1269\" srcset=\"https:\/\/99cubes.de\/wp-content\/uploads\/2024\/07\/Abmessungen-Space-XL-Meetingbox-MUTE-Conference.jpg 1596w, https:\/\/99cubes.de\/wp-content\/uploads\/2024\/07\/Abmessungen-Space-XL-Meetingbox-MUTE-Conference-450x132.jpg 450w, https:\/\/99cubes.de\/wp-content\/uploads\/2024\/07\/Abmessungen-Space-XL-Meetingbox-MUTE-Conference-1200x353.jpg 1200w, https:\/\/99cubes.de\/wp-content\/uploads\/2024\/07\/Abmessungen-Space-XL-Meetingbox-MUTE-Conference-768x226.jpg 768w, https:\/\/99cubes.de\/wp-content\/uploads\/2024\/07\/Abmessungen-Space-XL-Meetingbox-MUTE-Conference-1536x451.jpg 1536w, https:\/\/99cubes.de\/wp-content\/uploads\/2024\/07\/Abmessungen-Space-XL-Meetingbox-MUTE-Conference-1140x335.jpg 1140w, https:\/\/99cubes.de\/wp-content\/uploads\/2024\/07\/Abmessungen-Space-XL-Meetingbox-MUTE-Conference-920x270.jpg 920w, https:\/\/99cubes.de\/wp-content\/uploads\/2024\/07\/Abmessungen-Space-XL-Meetingbox-MUTE-Conference-575x169.jpg 575w, https:\/\/99cubes.de\/wp-content\/uploads\/2024\/07\/Abmessungen-Space-XL-Meetingbox-MUTE-Conference-380x112.jpg 380w, https:\/\/99cubes.de\/wp-content\/uploads\/2024\/07\/Abmessungen-Space-XL-Meetingbox-MUTE-Conference-800x235.jpg 800w\" sizes=\"auto, (max-width: 1596px) 100vw, 1596px\" \/><\/a>\n\t\t\t<\/div>\n\t\t\t\t<figcaption class='wp-caption-text gallery-caption' id='gallery-2-1269'>\n\t\t\t\tSpace XL - Conferencia\n\t\t\t\t<\/figcaption><\/figure><figure class='gallery-item'>\n\t\t\t<div class='gallery-icon landscape'>\n\t\t\t\t<a href='https:\/\/99cubes.de\/wp-content\/uploads\/2024\/07\/Abmessungen-Space-XL-Meetingbox-MUTE-unmoebliert.jpg'><img loading=\"lazy\" decoding=\"async\" width=\"1585\" height=\"486\" src=\"https:\/\/99cubes.de\/wp-content\/uploads\/2024\/07\/Abmessungen-Space-XL-Meetingbox-MUTE-unmoebliert.jpg\" class=\"attachment-full size-full\" alt=\"\" aria-describedby=\"gallery-2-1270\" srcset=\"https:\/\/99cubes.de\/wp-content\/uploads\/2024\/07\/Abmessungen-Space-XL-Meetingbox-MUTE-unmoebliert.jpg 1585w, https:\/\/99cubes.de\/wp-content\/uploads\/2024\/07\/Abmessungen-Space-XL-Meetingbox-MUTE-unmoebliert-450x138.jpg 450w, https:\/\/99cubes.de\/wp-content\/uploads\/2024\/07\/Abmessungen-Space-XL-Meetingbox-MUTE-unmoebliert-1200x368.jpg 1200w, https:\/\/99cubes.de\/wp-content\/uploads\/2024\/07\/Abmessungen-Space-XL-Meetingbox-MUTE-unmoebliert-768x235.jpg 768w, https:\/\/99cubes.de\/wp-content\/uploads\/2024\/07\/Abmessungen-Space-XL-Meetingbox-MUTE-unmoebliert-1536x471.jpg 1536w, https:\/\/99cubes.de\/wp-content\/uploads\/2024\/07\/Abmessungen-Space-XL-Meetingbox-MUTE-unmoebliert-1140x350.jpg 1140w, https:\/\/99cubes.de\/wp-content\/uploads\/2024\/07\/Abmessungen-Space-XL-Meetingbox-MUTE-unmoebliert-920x282.jpg 920w, https:\/\/99cubes.de\/wp-content\/uploads\/2024\/07\/Abmessungen-Space-XL-Meetingbox-MUTE-unmoebliert-575x176.jpg 575w, https:\/\/99cubes.de\/wp-content\/uploads\/2024\/07\/Abmessungen-Space-XL-Meetingbox-MUTE-unmoebliert-380x117.jpg 380w, https:\/\/99cubes.de\/wp-content\/uploads\/2024\/07\/Abmessungen-Space-XL-Meetingbox-MUTE-unmoebliert-800x245.jpg 800w\" sizes=\"auto, (max-width: 1585px) 100vw, 1585px\" \/><\/a>\n\t\t\t<\/div>\n\t\t\t\t<figcaption class='wp-caption-text gallery-caption' id='gallery-2-1270'>\n\t\t\t\tEspacio XL sin amueblar\n\t\t\t\t<\/figcaption><\/figure>\n\t\t<\/div>\n\n<\/div><\/div>\n<div class=\"su-spoiler su-spoiler-style-default su-spoiler-icon-plus su-spoiler-closed\" data-scroll-offset=\"0\" data-anchor-in-url=\"no\"><div class=\"su-spoiler-title\" tabindex=\"0\" role=\"button\"><span class=\"su-spoiler-icon\"><\/span><strong>Datos ac\u00fasticos y ventilaci\u00f3n:<\/strong><\/div><div class=\"su-spoiler-content su-u-clearfix su-u-trim\">\n<ul>\n<li>Aislamiento ac\u00fastico: Aislamiento ac\u00fastico entre 28 dB (tonos graves) y 48 dB (tonos agudos)<\/li>\n<li>Atenuaci\u00f3n de la voz: Clase A seg\u00fan ISO 23351<\/li>\n<li>RT20 interior: &lt;0,5 s seg\u00fan ISO 354:2000<\/li>\n<li>Caudal de aire del sistema: 311 m\u00b3\/h (E<\/li>\n<li>Ruido de ventilaci\u00f3n exterior \/ interior: \u226439 dB \/33-40 dB<\/li>\n<\/ul>\n<\/div><\/div>\n<div class=\"su-spoiler su-spoiler-style-default su-spoiler-icon-plus su-spoiler-closed\" data-scroll-offset=\"0\" data-anchor-in-url=\"no\"><div class=\"su-spoiler-title\" tabindex=\"0\" role=\"button\"><span class=\"su-spoiler-icon\"><\/span><strong>Alimentaci\u00f3n y consumo de energ\u00eda:<\/strong><\/div><div class=\"su-spoiler-content su-u-clearfix su-u-trim\">\n<ul>\n<li>En funcionamiento (LED y ventilaci\u00f3n): 47 vatios<\/li>\n<li>Enchufes: 3 en la pared (sin amueblar) o 4 en la mesa (equipo de conferencia)<\/li>\n<li>Tomas de carga USB opcionales: TUF A+C 25 W, 5 V CC<\/li>\n<li>Tipos de tomas de corriente disponibles: DE | FR | DK | IT<\/li>\n<\/ul>\n<\/div><\/div>\n<\/div>","protected":false},"excerpt":{"rendered":"<p>La caja de reuniones Space XL forma parte de la l\u00ednea de productos Space del especialista en ac\u00fastica y fabricante de alta gama MUTE. Dise\u00f1ada como un producto de gama alta, la Space XL puede hacer frente a muchos requisitos diferentes gracias a su aislamiento ac\u00fastico extremadamente bueno. En entornos muy ruidosos, proporciona un refugio insonorizado, mientras que en entornos m\u00e1s silenciosos garantiza que las conversaciones privadas sigan siendo privadas. Ya sea en aeropuertos, oficinas di\u00e1fanas o museos, la caja de reuniones Space XL destaca en todas partes.<\/p>\n<p>La caja de reuniones Space XL tiene una superficie base de 2,45 m x 2,80 m y est\u00e1 disponible en numerosas variantes de color y tejido, adem\u00e1s de poder configurarse y equiparse individualmente con opciones adicionales que no dejan casi nada que desear. Las variantes del modelo incluyen las siguientes opciones de equipamiento:<\/p>\n<ul>\n<li>Espacio XL vac\u00edo: variante sin muebles<\/li>\n<li>Space XL Conference: Variante con mesa de conferencias integrada Mesa integrada (asientos disponibles por separado)<\/li>\n<\/ul>\n<p>Entre los equipamientos especiales destacan la opci\u00f3n de pizarra blanca (paredes exteriores en dise\u00f1o laminado de pizarra blanca) y un panel de control intuitivo que permite ajustar manualmente el brillo y el nivel de ventilaci\u00f3n o anular el control autom\u00e1tico de ventilaci\u00f3n. La versi\u00f3n para conferencias a\u00f1ade numerosas caracter\u00edsticas t\u00e9cnicas, como conexi\u00f3n LAN, conexi\u00f3n HDMI, conexi\u00f3n USB para una webcam y tomas de carga USB tipo A+C.<\/p>\n<p>Estaremos encantados de asesorarle sobre las opciones que m\u00e1s le interesen.<\/p>","protected":false},"featured_media":1271,"comment_status":"open","ping_status":"closed","template":"","meta":{"content-type":"","_uag_custom_page_level_css":""},"product_brand":[],"product_cat":[60],"product_tag":[],"class_list":{"0":"post-1268","1":"product","2":"type-product","3":"status-publish","4":"has-post-thumbnail","6":"product_cat-meetingboxen","7":"pa_anzahl-personen-6-personen","8":"pa_anzahl-personen-8-personen","9":"pa_belueftungssteuerung-individuell-steuerbar","10":"pa_belueftungssteuerung-vollautomatisch","11":"pa_breite-245-m","12":"pa_buchungstool-display-goconut-ready","13":"pa_einsatz-szenarien-buero","14":"pa_einsatz-szenarien-einzelhandel","15":"pa_einsatz-szenarien-flughafen-bahnhof","16":"pa_einsatz-szenarien-hotel","17":"pa_einsatz-szenarien-logistik","18":"pa_einsatz-szenarien-produktion","19":"pa_farbe-konfigurierbar","20":"pa_farbe-schwarz","21":"pa_farbe-weiss","22":"pa_flex-miete-verfuegbar-auf-anfrage","23":"pa_gewicht-1-160-kg","24":"pa_hoehe-225-m","25":"pa_lan-lan-anschluss-im-standard","26":"pa_lieferzeit-4-bis-6-wochen-lieferzeit","27":"pa_luftaustausch-311-m-h-systemluftstrom","28":"pa_marke-mute","29":"pa_mobilitaet-keine","30":"pa_monitorhalterung-monitorhalterung-als-sonderausstattung","31":"pa_monitorhalterung-ohne-monitorhalterung","32":"pa_preissegment-vier","33":"pa_schalldaemmung-vier-sterne","34":"pa_sitzen-oder-stehen-im-sitzen-hoch-mit-hocker","35":"pa_sitzen-oder-stehen-im-sitzen-niedrig-mit-stuhl-oder-bank","36":"pa_sitzen-oder-stehen-im-stehen","37":"pa_spezial-features-white-board-option","38":"pa_tiefe-280-m","39":"pa_verfuegbare-tisch-optionen-fixe-tischhoehe-sitzen","40":"pa_verfuegbare-tisch-optionen-ohne-tisch","41":"pa_verwendung-konzentriertes-arbeiten","42":"pa_verwendung-meeting","43":"pa_verwendung-telefonieren","44":"pa_verwendung-video-call","45":"pa_verwendung-zusammenarbeiten","47":"first","48":"instock","49":"taxable","50":"shipping-taxable","51":"purchasable","52":"product-type-simple"},"uagb_featured_image_src":{"full":["https:\/\/99cubes.de\/wp-content\/uploads\/2024\/07\/MUTE_Space-XL-Conference-Front-with-additional-chairs-and-TV-arm.jpg",1500,1200,false],"thumbnail":["https:\/\/99cubes.de\/wp-content\/uploads\/2024\/07\/MUTE_Space-XL-Conference-Front-with-additional-chairs-and-TV-arm-200x200.jpg",200,200,true],"medium":["https:\/\/99cubes.de\/wp-content\/uploads\/2024\/07\/MUTE_Space-XL-Conference-Front-with-additional-chairs-and-TV-arm-450x360.jpg",450,360,true],"medium_large":["https:\/\/99cubes.de\/wp-content\/uploads\/2024\/07\/MUTE_Space-XL-Conference-Front-with-additional-chairs-and-TV-arm-768x614.jpg",768,614,true],"large":["https:\/\/99cubes.de\/wp-content\/uploads\/2024\/07\/MUTE_Space-XL-Conference-Front-with-additional-chairs-and-TV-arm-1200x960.jpg",1140,912,true],"1536x1536":["https:\/\/99cubes.de\/wp-content\/uploads\/2024\/07\/MUTE_Space-XL-Conference-Front-with-additional-chairs-and-TV-arm-1536x1229.jpg",1500,1200,true],"2048x2048":["https:\/\/99cubes.de\/wp-content\/uploads\/2024\/07\/MUTE_Space-XL-Conference-Front-with-additional-chairs-and-TV-arm-2048x1638.jpg",1500,1200,true],"trp-custom-language-flag":["https:\/\/99cubes.de\/wp-content\/uploads\/2024\/07\/MUTE_Space-XL-Conference-Front-with-additional-chairs-and-TV-arm.jpg",15,12,false],"botiga-extra-large":["https:\/\/99cubes.de\/wp-content\/uploads\/2024\/07\/MUTE_Space-XL-Conference-Front-with-additional-chairs-and-TV-arm-1140x912.jpg",1140,912,true],"botiga-large":["https:\/\/99cubes.de\/wp-content\/uploads\/2024\/07\/MUTE_Space-XL-Conference-Front-with-additional-chairs-and-TV-arm-920x736.jpg",920,736,true],"botiga-big":["https:\/\/99cubes.de\/wp-content\/uploads\/2024\/07\/MUTE_Space-XL-Conference-Front-with-additional-chairs-and-TV-arm-575x460.jpg",575,460,true],"botiga-medium":["https:\/\/99cubes.de\/wp-content\/uploads\/2024\/07\/MUTE_Space-XL-Conference-Front-with-additional-chairs-and-TV-arm-380x304.jpg",380,304,true],"botiga-header-icons":["https:\/\/99cubes.de\/wp-content\/uploads\/2024\/07\/MUTE_Space-XL-Conference-Front-with-additional-chairs-and-TV-arm-50x50.jpg",50,50,true],"botiga-product-swatch-image":["https:\/\/99cubes.de\/wp-content\/uploads\/2024\/07\/MUTE_Space-XL-Conference-Front-with-additional-chairs-and-TV-arm-26x26.jpg",26,26,true],"woocommerce_thumbnail":["https:\/\/99cubes.de\/wp-content\/uploads\/2024\/07\/MUTE_Space-XL-Conference-Front-with-additional-chairs-and-TV-arm-420x420.jpg",420,420,true],"woocommerce_single":["https:\/\/99cubes.de\/wp-content\/uploads\/2024\/07\/MUTE_Space-XL-Conference-Front-with-additional-chairs-and-TV-arm-800x640.jpg",800,640,true],"woocommerce_gallery_thumbnail":["https:\/\/99cubes.de\/wp-content\/uploads\/2024\/07\/MUTE_Space-XL-Conference-Front-with-additional-chairs-and-TV-arm-100x100.jpg",100,100,true],"wpvr_mobile":["https:\/\/99cubes.de\/wp-content\/uploads\/2024\/07\/MUTE_Space-XL-Conference-Front-with-additional-chairs-and-TV-arm-2560x2048.jpg",1500,1200,true]},"uagb_author_info":{"display_name":"frank","author_link":"https:\/\/99cubes.de\/es\/author\/"},"uagb_comment_info":0,"uagb_excerpt":"Die Meetingbox Space XL ist Teil der Space-Produktlinie des Akustik-Spezialisten und Premium-Herstellers MUTE. Als Produkt im High-End-Bereich konzipiert, kommt die Space XL auf Grund der extrem guten Schalld\u00e4mmung mit vielen unterschiedlichen Anforderungen klar. In sehr lauten Umgebungen sorgt sie f\u00fcr eine schallgesch\u00fctzte R\u00fcckzugsm\u00f6glichkeit, in eher leisen Umgebungen sorgt sie daf\u00fcr, dass private Gespr\u00e4che auch privat&hellip;","_links":{"self":[{"href":"https:\/\/99cubes.de\/es\/wp-json\/wp\/v2\/product\/1268","targetHints":{"allow":["GET"]}}],"collection":[{"href":"https:\/\/99cubes.de\/es\/wp-json\/wp\/v2\/product"}],"about":[{"href":"https:\/\/99cubes.de\/es\/wp-json\/wp\/v2\/types\/product"}],"replies":[{"embeddable":true,"href":"https:\/\/99cubes.de\/es\/wp-json\/wp\/v2\/comments?post=1268"}],"wp:featuredmedia":[{"embeddable":true,"href":"https:\/\/99cubes.de\/es\/wp-json\/wp\/v2\/media\/1271"}],"wp:attachment":[{"href":"https:\/\/99cubes.de\/es\/wp-json\/wp\/v2\/media?parent=1268"}],"wp:term":[{"taxonomy":"product_brand","embeddable":true,"href":"https:\/\/99cubes.de\/es\/wp-json\/wp\/v2\/product_brand?post=1268"},{"taxonomy":"product_cat","embeddable":true,"href":"https:\/\/99cubes.de\/es\/wp-json\/wp\/v2\/product_cat?post=1268"},{"taxonomy":"product_tag","embeddable":true,"href":"https:\/\/99cubes.de\/es\/wp-json\/wp\/v2\/product_tag?post=1268"}],"curies":[{"name":"wp","href":"https:\/\/api.w.org\/{rel}","templated":true}]}}