{"id":1735,"date":"2024-07-19T15:29:17","date_gmt":"2024-07-19T13:29:17","guid":{"rendered":"https:\/\/99cubes.de\/?post_type=product&#038;p=1735"},"modified":"2024-11-08T10:22:43","modified_gmt":"2024-11-08T09:22:43","slug":"herramienta-de-reserva-de-salas","status":"publish","type":"product","link":"https:\/\/99cubes.de\/es\/produkt\/display-raumbuchungstool\/","title":{"rendered":"Pantalla Joan 6 RE \/ Joan 6 Pro"},"content":{"rendered":"<div class=\"su-accordion su-u-trim\">\n<div class=\"su-spoiler su-spoiler-style-default su-spoiler-icon-plus\" data-scroll-offset=\"0\" data-anchor-in-url=\"no\"><div class=\"su-spoiler-title\" tabindex=\"0\" role=\"button\"><span class=\"su-spoiler-icon\"><\/span><strong>Funcionalidad<\/strong><\/div><div class=\"su-spoiler-content su-u-clearfix su-u-trim\">\n<p>La pantalla Joan 6 del fabricante Visionect es una pantalla t\u00e1ctil recargable y con conexi\u00f3n WLAN. Permite y visualiza las reservas de habitaciones que se realizan tanto in situ como a distancia\/digitalmente, sincroniza todas las reservas y las muestra en la pantalla.<\/p>\n<\/div><\/div>\n<div class=\"su-spoiler su-spoiler-style-default su-spoiler-icon-plus su-spoiler-closed\" data-scroll-offset=\"0\" data-anchor-in-url=\"no\"><div class=\"su-spoiler-title\" tabindex=\"0\" role=\"button\"><span class=\"su-spoiler-icon\"><\/span><strong>Compatible con<\/strong><\/div><div class=\"su-spoiler-content su-u-clearfix su-u-trim\">\n<ul>\n<li>Compatibles con todos los cubos ac\u00fasticos de nuestra gama: \u00a1simplemente p\u00e9guelos y empiece!<\/li>\n<li>Compatible con goconut: la herramienta inteligente de reservas para el trabajo h\u00edbrido.<\/li>\n<li>Compatible con calendarios de Google Workspace, Office 365, Microsoft Exchange e iCalendar<\/li>\n<li>Compatible con todos los tipos habituales de WLAN con est\u00e1ndar Wi-Fi de 2,4 \/ 5 GHz (IEEE 802.11 a\/b\/g\/n)<\/li>\n<\/ul>\n<\/div><\/div>\n<div class=\"su-spoiler su-spoiler-style-default su-spoiler-icon-plus su-spoiler-closed\" data-scroll-offset=\"0\" data-anchor-in-url=\"no\"><div class=\"su-spoiler-title\" tabindex=\"0\" role=\"button\"><span class=\"su-spoiler-icon\"><\/span><strong>Datos t\u00e9cnicos<\/strong><\/div><div class=\"su-spoiler-content su-u-clearfix su-u-trim\">\n<ul>\n<li>Pantalla de tinta electr\u00f3nica en formato 4:3<\/li>\n<li>Pantalla t\u00e1ctil con una resoluci\u00f3n de 1024 x 758 p\u00edxeles<\/li>\n<li>Diagonal de pantalla: 7 pulgadas<\/li>\n<li>16 escalas de grises<\/li>\n<li>Hasta 3 meses de funcionamiento con una sola carga para el modelo RE - hasta 6 meses para el modelo Pro<\/li>\n<li>Requerido<\/li>\n<\/ul>\n<\/div><\/div>\n<\/div>","protected":false},"excerpt":{"rendered":"<p><strong>Gesti\u00f3n instant\u00e1nea del puesto de trabajo<\/strong><\/p>\n<p>Haga que su cubo ac\u00fastico se pueda reservar ad hoc en la pantalla. Los horarios libres y ocupados se muestran directamente in situ, y las reservas pueden realizarse f\u00e1cilmente con antelaci\u00f3n.<\/p>\n<p>Puede montarse en cualquier cubo ac\u00fastico gracias al im\u00e1n autoadhesivo, o a\u00f1adirse a salas de reuniones ya existentes.<\/p>\n<p>La pantalla lleva integrada una bater\u00eda recargable con una autonom\u00eda de hasta 6 meses (en el modelo Pro).<\/p>","protected":false},"featured_media":1736,"comment_status":"open","ping_status":"closed","template":"","meta":{"content-type":"","_uag_custom_page_level_css":""},"product_brand":[],"product_cat":[67],"product_tag":[],"class_list":{"0":"post-1735","1":"product","2":"type-product","3":"status-publish","4":"has-post-thumbnail","6":"product_cat-zubehoer","7":"pa_buchungstool-display-display-als-zubehoer-verfuegbar","8":"pa_buchungstool-display-goconut-ready","9":"pa_farbe-schwarz","10":"pa_marke-bosse","11":"pa_marke-mute","12":"pa_marke-sedus","13":"pa_marke-studiobricks","15":"first","16":"instock","17":"taxable","18":"shipping-taxable","19":"purchasable","20":"product-type-simple"},"uagb_featured_image_src":{"full":["https:\/\/99cubes.de\/wp-content\/uploads\/2024\/07\/99cubes-Display-Buchungstool-3.jpg",1200,1200,false],"thumbnail":["https:\/\/99cubes.de\/wp-content\/uploads\/2024\/07\/99cubes-Display-Buchungstool-3-200x200.jpg",200,200,true],"medium":["https:\/\/99cubes.de\/wp-content\/uploads\/2024\/07\/99cubes-Display-Buchungstool-3-450x450.jpg",450,450,true],"medium_large":["https:\/\/99cubes.de\/wp-content\/uploads\/2024\/07\/99cubes-Display-Buchungstool-3-768x768.jpg",768,768,true],"large":["https:\/\/99cubes.de\/wp-content\/uploads\/2024\/07\/99cubes-Display-Buchungstool-3-1200x1200.jpg",1140,1140,true],"1536x1536":["https:\/\/99cubes.de\/wp-content\/uploads\/2024\/07\/99cubes-Display-Buchungstool-3-1536x1536.jpg",1200,1200,true],"2048x2048":["https:\/\/99cubes.de\/wp-content\/uploads\/2024\/07\/99cubes-Display-Buchungstool-3-2048x2048.jpg",1200,1200,true],"trp-custom-language-flag":["https:\/\/99cubes.de\/wp-content\/uploads\/2024\/07\/99cubes-Display-Buchungstool-3.jpg",12,12,false],"botiga-extra-large":["https:\/\/99cubes.de\/wp-content\/uploads\/2024\/07\/99cubes-Display-Buchungstool-3-1140x1140.jpg",1140,1140,true],"botiga-large":["https:\/\/99cubes.de\/wp-content\/uploads\/2024\/07\/99cubes-Display-Buchungstool-3-920x920.jpg",920,920,true],"botiga-big":["https:\/\/99cubes.de\/wp-content\/uploads\/2024\/07\/99cubes-Display-Buchungstool-3-575x575.jpg",575,575,true],"botiga-medium":["https:\/\/99cubes.de\/wp-content\/uploads\/2024\/07\/99cubes-Display-Buchungstool-3-380x380.jpg",380,380,true],"botiga-header-icons":["https:\/\/99cubes.de\/wp-content\/uploads\/2024\/07\/99cubes-Display-Buchungstool-3-50x50.jpg",50,50,true],"botiga-product-swatch-image":["https:\/\/99cubes.de\/wp-content\/uploads\/2024\/07\/99cubes-Display-Buchungstool-3-26x26.jpg",26,26,true],"woocommerce_thumbnail":["https:\/\/99cubes.de\/wp-content\/uploads\/2024\/07\/99cubes-Display-Buchungstool-3-420x420.jpg",420,420,true],"woocommerce_single":["https:\/\/99cubes.de\/wp-content\/uploads\/2024\/07\/99cubes-Display-Buchungstool-3-800x800.jpg",800,800,true],"woocommerce_gallery_thumbnail":["https:\/\/99cubes.de\/wp-content\/uploads\/2024\/07\/99cubes-Display-Buchungstool-3-100x100.jpg",100,100,true],"wpvr_mobile":["https:\/\/99cubes.de\/wp-content\/uploads\/2024\/07\/99cubes-Display-Buchungstool-3-2048x2048.jpg",2048,2048,true]},"uagb_author_info":{"display_name":"frank","author_link":"https:\/\/99cubes.de\/es\/author\/"},"uagb_comment_info":0,"uagb_excerpt":"Instant Workplace Management Mache deinen Akustik-Cube adhoc am Display buchbar! Freie und belegte Zeiten werden direkt vor Ort angezeigt, Reservierungen im Voraus sind unkompliziert m\u00f6glich. Kann dank selbstklebendem Magneten an jedem Akustik-Cube montiert werden - oder auch an bestehende Besprechungsr\u00e4ume erg\u00e4nzt werden. Das Display verf\u00fcgt \u00fcber einen integrierten Akku mit einer Betriebsdauer von bis zu&hellip;","_links":{"self":[{"href":"https:\/\/99cubes.de\/es\/wp-json\/wp\/v2\/product\/1735","targetHints":{"allow":["GET"]}}],"collection":[{"href":"https:\/\/99cubes.de\/es\/wp-json\/wp\/v2\/product"}],"about":[{"href":"https:\/\/99cubes.de\/es\/wp-json\/wp\/v2\/types\/product"}],"replies":[{"embeddable":true,"href":"https:\/\/99cubes.de\/es\/wp-json\/wp\/v2\/comments?post=1735"}],"wp:featuredmedia":[{"embeddable":true,"href":"https:\/\/99cubes.de\/es\/wp-json\/wp\/v2\/media\/1736"}],"wp:attachment":[{"href":"https:\/\/99cubes.de\/es\/wp-json\/wp\/v2\/media?parent=1735"}],"wp:term":[{"taxonomy":"product_brand","embeddable":true,"href":"https:\/\/99cubes.de\/es\/wp-json\/wp\/v2\/product_brand?post=1735"},{"taxonomy":"product_cat","embeddable":true,"href":"https:\/\/99cubes.de\/es\/wp-json\/wp\/v2\/product_cat?post=1735"},{"taxonomy":"product_tag","embeddable":true,"href":"https:\/\/99cubes.de\/es\/wp-json\/wp\/v2\/product_tag?post=1735"}],"curies":[{"name":"wp","href":"https:\/\/api.w.org\/{rel}","templated":true}]}}