{"id":1824,"date":"2024-07-23T17:46:08","date_gmt":"2024-07-23T15:46:08","guid":{"rendered":"https:\/\/99cubes.de\/?post_type=product&#038;p=1824"},"modified":"2025-07-10T11:13:00","modified_gmt":"2025-07-10T09:13:00","slug":"pizarra-blanca-para-jetson-pods-mute","status":"publish","type":"product","link":"https:\/\/99cubes.de\/es\/produkt\/whiteboard-fuer-jetson-pods-mute\/","title":{"rendered":"Pizarra para Jetson Pods | MUTE"},"content":{"rendered":"<div class=\"su-accordion su-u-trim\">\n<div class=\"su-spoiler su-spoiler-style-default su-spoiler-icon-plus\" data-scroll-offset=\"0\" data-anchor-in-url=\"no\"><div class=\"su-spoiler-title\" tabindex=\"0\" role=\"button\"><span class=\"su-spoiler-icon\"><\/span><strong>Informaci\u00f3n en la pizarra para las cajas Jetson<\/strong><\/div><div class=\"su-spoiler-content su-u-clearfix su-u-trim\">\n<p>La pizarra blanca Jetson est\u00e1 disponible en dos anchuras diferentes para adaptarse a las respectivas cabinas telef\u00f3nicas y de reuniones de la serie Jetson. La pizarra blanca est\u00e1 disponible en blanco (a juego con los modelos Jetson blancos) y en negro. La diferencia de color no se refiere a la pizarra magn\u00e9tica escribible (\u201epizarra sigue siendo pizarra\u201c), sino s\u00f3lo al color a juego de los imanes y los ganchos de pared adicionales.<\/p>\n<p>Incluido en el volumen de suministro:<\/p>\n<ul>\n<li>Pizarra magn\u00e9tica: altura 103,7 cm, anchura 83,8 cm (apta para S1, M1, L2) o 110,7 cm (apta para L4)<\/li>\n<li>Tres imanes (blanco o negro)<\/li>\n<li>Un gancho de pared adicional (blanco o negro)<\/li>\n<li>Borrador \/ esponja de pizarra<\/li>\n<li>Un rotulador<\/li>\n<\/ul>\n<\/div><\/div>\n<\/div>","protected":false},"excerpt":{"rendered":"<p>Existe una pizarra blanca a juego como accesorio para las cabinas telef\u00f3nicas y de reuniones de la serie Jetson de MUTE. Se puede fijar a la pared exterior a diferentes alturas. Una funci\u00f3n muy pr\u00e1ctica.<\/p>","protected":false},"featured_media":2214,"comment_status":"open","ping_status":"closed","template":"","meta":{"content-type":"","_uag_custom_page_level_css":""},"product_brand":[],"product_cat":[67],"product_tag":[],"class_list":{"0":"post-1824","1":"product","2":"type-product","3":"status-publish","4":"has-post-thumbnail","6":"product_cat-zubehoer","7":"pa_farbe-schwarz","8":"pa_farbe-weiss","9":"pa_marke-mute","10":"pa_spezial-features-white-board-option","12":"first","13":"instock","14":"taxable","15":"shipping-taxable","16":"purchasable","17":"product-type-simple"},"uagb_featured_image_src":{"full":["https:\/\/99cubes.de\/wp-content\/uploads\/2024\/07\/Jetson-Addon-Whiteboard-ambiente.jpg",1679,1048,false],"thumbnail":["https:\/\/99cubes.de\/wp-content\/uploads\/2024\/07\/Jetson-Addon-Whiteboard-ambiente-200x200.jpg",200,200,true],"medium":["https:\/\/99cubes.de\/wp-content\/uploads\/2024\/07\/Jetson-Addon-Whiteboard-ambiente-450x281.jpg",450,281,true],"medium_large":["https:\/\/99cubes.de\/wp-content\/uploads\/2024\/07\/Jetson-Addon-Whiteboard-ambiente-768x479.jpg",768,479,true],"large":["https:\/\/99cubes.de\/wp-content\/uploads\/2024\/07\/Jetson-Addon-Whiteboard-ambiente-1200x749.jpg",1140,712,true],"1536x1536":["https:\/\/99cubes.de\/wp-content\/uploads\/2024\/07\/Jetson-Addon-Whiteboard-ambiente-1536x959.jpg",1536,959,true],"2048x2048":["https:\/\/99cubes.de\/wp-content\/uploads\/2024\/07\/Jetson-Addon-Whiteboard-ambiente.jpg",1679,1048,false],"trp-custom-language-flag":["https:\/\/99cubes.de\/wp-content\/uploads\/2024\/07\/Jetson-Addon-Whiteboard-ambiente.jpg",18,12,false],"botiga-extra-large":["https:\/\/99cubes.de\/wp-content\/uploads\/2024\/07\/Jetson-Addon-Whiteboard-ambiente-1140x712.jpg",1140,712,true],"botiga-large":["https:\/\/99cubes.de\/wp-content\/uploads\/2024\/07\/Jetson-Addon-Whiteboard-ambiente-920x574.jpg",920,574,true],"botiga-big":["https:\/\/99cubes.de\/wp-content\/uploads\/2024\/07\/Jetson-Addon-Whiteboard-ambiente-575x359.jpg",575,359,true],"botiga-medium":["https:\/\/99cubes.de\/wp-content\/uploads\/2024\/07\/Jetson-Addon-Whiteboard-ambiente-380x237.jpg",380,237,true],"botiga-header-icons":["https:\/\/99cubes.de\/wp-content\/uploads\/2024\/07\/Jetson-Addon-Whiteboard-ambiente-50x50.jpg",50,50,true],"botiga-product-swatch-image":["https:\/\/99cubes.de\/wp-content\/uploads\/2024\/07\/Jetson-Addon-Whiteboard-ambiente-26x26.jpg",26,26,true],"woocommerce_thumbnail":["https:\/\/99cubes.de\/wp-content\/uploads\/2024\/07\/Jetson-Addon-Whiteboard-ambiente-420x420.jpg",420,420,true],"woocommerce_single":["https:\/\/99cubes.de\/wp-content\/uploads\/2024\/07\/Jetson-Addon-Whiteboard-ambiente-800x499.jpg",800,499,true],"woocommerce_gallery_thumbnail":["https:\/\/99cubes.de\/wp-content\/uploads\/2024\/07\/Jetson-Addon-Whiteboard-ambiente-100x100.jpg",100,100,true],"wpvr_mobile":["https:\/\/99cubes.de\/wp-content\/uploads\/2024\/07\/Jetson-Addon-Whiteboard-ambiente.jpg",1679,1048,false]},"uagb_author_info":{"display_name":"frank","author_link":"https:\/\/99cubes.de\/es\/author\/"},"uagb_comment_info":0,"uagb_excerpt":"Zu den Telefon- und Meetingboxen aus der Jetson-Serie von MUTE ist als Zubeh\u00f6r ein passendes Whiteboard erh\u00e4ltlich. Dieses kann auf unterschiedlichen H\u00f6hen in die Au\u00dfenwand eingeh\u00e4ngt werden. Ein sehr praktisches Feature!","_links":{"self":[{"href":"https:\/\/99cubes.de\/es\/wp-json\/wp\/v2\/product\/1824","targetHints":{"allow":["GET"]}}],"collection":[{"href":"https:\/\/99cubes.de\/es\/wp-json\/wp\/v2\/product"}],"about":[{"href":"https:\/\/99cubes.de\/es\/wp-json\/wp\/v2\/types\/product"}],"replies":[{"embeddable":true,"href":"https:\/\/99cubes.de\/es\/wp-json\/wp\/v2\/comments?post=1824"}],"wp:featuredmedia":[{"embeddable":true,"href":"https:\/\/99cubes.de\/es\/wp-json\/wp\/v2\/media\/2214"}],"wp:attachment":[{"href":"https:\/\/99cubes.de\/es\/wp-json\/wp\/v2\/media?parent=1824"}],"wp:term":[{"taxonomy":"product_brand","embeddable":true,"href":"https:\/\/99cubes.de\/es\/wp-json\/wp\/v2\/product_brand?post=1824"},{"taxonomy":"product_cat","embeddable":true,"href":"https:\/\/99cubes.de\/es\/wp-json\/wp\/v2\/product_cat?post=1824"},{"taxonomy":"product_tag","embeddable":true,"href":"https:\/\/99cubes.de\/es\/wp-json\/wp\/v2\/product_tag?post=1824"}],"curies":[{"name":"wp","href":"https:\/\/api.w.org\/{rel}","templated":true}]}}