{"id":2201,"date":"2024-08-12T11:51:48","date_gmt":"2024-08-12T09:51:48","guid":{"rendered":"https:\/\/99cubes.de\/?post_type=product&#038;p=2201"},"modified":"2024-08-12T12:58:35","modified_gmt":"2024-08-12T10:58:35","slug":"ionizador-de-aire-ion-cloud-bosse","status":"publish","type":"product","link":"https:\/\/99cubes.de\/es\/produkt\/luftionisierer-ion-cloud-bosse\/","title":{"rendered":"Ionizador de aire \u201eION Cloud\u201c | Bosse"},"content":{"rendered":"<div class=\"su-accordion su-u-trim\">\n<div class=\"su-spoiler su-spoiler-style-default su-spoiler-icon-plus\" data-scroll-offset=\"0\" data-anchor-in-url=\"no\"><div class=\"su-spoiler-title\" tabindex=\"0\" role=\"button\"><span class=\"su-spoiler-icon\"><\/span><strong>Caracter\u00edsticas principales:<\/strong><\/div><div class=\"su-spoiler-content su-u-clearfix su-u-trim\">\n<ul class=\"list-disc pl-8\">\n<li><strong>Purificaci\u00f3n eficaz del aire:<\/strong>\u00a0ION Cloud libera iones negativos que se adhieren a las part\u00edculas nocivas del aire. Esto provoca la inactivaci\u00f3n de virus y bacterias y reduce la exposici\u00f3n al polen, el polvo y otros al\u00e9rgenos.<\/li>\n<li><strong>Dise\u00f1o y funcionalidad:<\/strong>\u00a0Galardonado con el Premio Alem\u00e1n de Dise\u00f1o 2022, el ION Cloud combina un dise\u00f1o moderno con una alta funcionalidad para mantener el aire de su cabina telef\u00f3nica Bosselino fresco y limpio.<\/li>\n<li><strong>Mejora del bienestar:<\/strong>\u00a0El aire limpio generado por ION Cloud favorece el bienestar mental y f\u00edsico, lo que se traduce en un entorno de trabajo m\u00e1s agradable y productivo.<\/li>\n<li><strong>Posibilidad de reequipamiento:\u00a0<\/strong> Bosse ION Cloud puede configurarse directamente en el momento del pedido o instalarse posteriormente en cualquier momento mediante un sencillo plug &amp; play.<\/li>\n<\/ul>\n<\/div><\/div>\n<p>&nbsp;<\/p>\n<div class=\"su-spoiler su-spoiler-style-default su-spoiler-icon-plus su-spoiler-closed\" data-scroll-offset=\"0\" data-anchor-in-url=\"no\"><div class=\"su-spoiler-title\" tabindex=\"0\" role=\"button\"><span class=\"su-spoiler-icon\"><\/span><strong>Funcionalidad:<\/strong><\/div><div class=\"su-spoiler-content su-u-clearfix su-u-trim\">\n<p>Los iones negativos de la nube ION se adhieren a las part\u00edculas cargadas positivamente, como polvo fino, virus o bacterias, y las vuelven inofensivas. El n\u00famero de iones negativos de la nube ION es comparable al aire del mar o de una cascada.<\/p>\n<\/div><\/div>\n<\/div>","protected":false},"excerpt":{"rendered":"<p><strong>Vitaminas para el aire<\/strong><\/p>\n<p>El Bosse ION-Cloud es un innovador ionizador de aire que est\u00e1 disponible como accesorio para la cabina telef\u00f3nica Bosselino, donde se instala en el techo. Este dispositivo utiliza el poder de los iones negativos para mejorar la calidad del aire en espacios cerrados y crear un entorno de trabajo saludable.<\/p>\n<p>El efecto de los iones negativos es comparable al efecto purificador del aire de una tormenta de verano. El aire limpio producido por ION-Cloud tiene un efecto positivo directo sobre el bienestar mental y f\u00edsico. Con ION-Cloud, el aire se vuelve m\u00e1s fresco, lo que aumenta de forma demostrable la capacidad de concentraci\u00f3n y el rendimiento cognitivo.<\/p>","protected":false},"featured_media":2202,"comment_status":"open","ping_status":"closed","template":"","meta":{"content-type":"","_uag_custom_page_level_css":""},"product_brand":[],"product_cat":[67],"product_tag":[],"class_list":{"0":"post-2201","1":"product","2":"type-product","3":"status-publish","4":"has-post-thumbnail","6":"product_cat-zubehoer","7":"pa_marke-bosse","8":"pa_spezial-features-mit-optionalem-luftionisierer-ion-cloud","10":"first","11":"instock","12":"taxable","13":"shipping-taxable","14":"purchasable","15":"product-type-simple"},"uagb_featured_image_src":{"full":["https:\/\/99cubes.de\/wp-content\/uploads\/2024\/08\/Luft-Ionisierer-ION-Cloud-Bosse-Zubehoer-Bosselino.jpg",1394,1200,false],"thumbnail":["https:\/\/99cubes.de\/wp-content\/uploads\/2024\/08\/Luft-Ionisierer-ION-Cloud-Bosse-Zubehoer-Bosselino-200x200.jpg",200,200,true],"medium":["https:\/\/99cubes.de\/wp-content\/uploads\/2024\/08\/Luft-Ionisierer-ION-Cloud-Bosse-Zubehoer-Bosselino-450x387.jpg",450,387,true],"medium_large":["https:\/\/99cubes.de\/wp-content\/uploads\/2024\/08\/Luft-Ionisierer-ION-Cloud-Bosse-Zubehoer-Bosselino-768x661.jpg",768,661,true],"large":["https:\/\/99cubes.de\/wp-content\/uploads\/2024\/08\/Luft-Ionisierer-ION-Cloud-Bosse-Zubehoer-Bosselino-1200x1033.jpg",1140,981,true],"1536x1536":["https:\/\/99cubes.de\/wp-content\/uploads\/2024\/08\/Luft-Ionisierer-ION-Cloud-Bosse-Zubehoer-Bosselino.jpg",1394,1200,false],"2048x2048":["https:\/\/99cubes.de\/wp-content\/uploads\/2024\/08\/Luft-Ionisierer-ION-Cloud-Bosse-Zubehoer-Bosselino.jpg",1394,1200,false],"trp-custom-language-flag":["https:\/\/99cubes.de\/wp-content\/uploads\/2024\/08\/Luft-Ionisierer-ION-Cloud-Bosse-Zubehoer-Bosselino.jpg",14,12,false],"botiga-extra-large":["https:\/\/99cubes.de\/wp-content\/uploads\/2024\/08\/Luft-Ionisierer-ION-Cloud-Bosse-Zubehoer-Bosselino-1140x981.jpg",1140,981,true],"botiga-large":["https:\/\/99cubes.de\/wp-content\/uploads\/2024\/08\/Luft-Ionisierer-ION-Cloud-Bosse-Zubehoer-Bosselino-920x792.jpg",920,792,true],"botiga-big":["https:\/\/99cubes.de\/wp-content\/uploads\/2024\/08\/Luft-Ionisierer-ION-Cloud-Bosse-Zubehoer-Bosselino-575x495.jpg",575,495,true],"botiga-medium":["https:\/\/99cubes.de\/wp-content\/uploads\/2024\/08\/Luft-Ionisierer-ION-Cloud-Bosse-Zubehoer-Bosselino-380x327.jpg",380,327,true],"botiga-header-icons":["https:\/\/99cubes.de\/wp-content\/uploads\/2024\/08\/Luft-Ionisierer-ION-Cloud-Bosse-Zubehoer-Bosselino-50x50.jpg",50,50,true],"botiga-product-swatch-image":["https:\/\/99cubes.de\/wp-content\/uploads\/2024\/08\/Luft-Ionisierer-ION-Cloud-Bosse-Zubehoer-Bosselino-26x26.jpg",26,26,true],"woocommerce_thumbnail":["https:\/\/99cubes.de\/wp-content\/uploads\/2024\/08\/Luft-Ionisierer-ION-Cloud-Bosse-Zubehoer-Bosselino-420x420.jpg",420,420,true],"woocommerce_single":["https:\/\/99cubes.de\/wp-content\/uploads\/2024\/08\/Luft-Ionisierer-ION-Cloud-Bosse-Zubehoer-Bosselino-800x689.jpg",800,689,true],"woocommerce_gallery_thumbnail":["https:\/\/99cubes.de\/wp-content\/uploads\/2024\/08\/Luft-Ionisierer-ION-Cloud-Bosse-Zubehoer-Bosselino-100x100.jpg",100,100,true],"wpvr_mobile":["https:\/\/99cubes.de\/wp-content\/uploads\/2024\/08\/Luft-Ionisierer-ION-Cloud-Bosse-Zubehoer-Bosselino.jpg",1394,1200,false]},"uagb_author_info":{"display_name":"frank","author_link":"https:\/\/99cubes.de\/es\/author\/"},"uagb_comment_info":0,"uagb_excerpt":"Vitamine f\u00fcr die Luft! Die Bosse ION-Cloud ist ein innovativer Luft-Ionisator, der als Zubeh\u00f6r f\u00fcr die Telefonbox Bosselino verf\u00fcgbar ist und dort in der Decke mit eingebaut wird. Dieses Ger\u00e4t nutzt die Kraft der Minus-Ionen, um die Luftqualit\u00e4t in geschlossenen R\u00e4umen zu verbessern und ein gesundes Arbeitsumfeld zu schaffen. Der Effekt der Minus-Ionen ist vergleichbar&hellip;","_links":{"self":[{"href":"https:\/\/99cubes.de\/es\/wp-json\/wp\/v2\/product\/2201","targetHints":{"allow":["GET"]}}],"collection":[{"href":"https:\/\/99cubes.de\/es\/wp-json\/wp\/v2\/product"}],"about":[{"href":"https:\/\/99cubes.de\/es\/wp-json\/wp\/v2\/types\/product"}],"replies":[{"embeddable":true,"href":"https:\/\/99cubes.de\/es\/wp-json\/wp\/v2\/comments?post=2201"}],"wp:featuredmedia":[{"embeddable":true,"href":"https:\/\/99cubes.de\/es\/wp-json\/wp\/v2\/media\/2202"}],"wp:attachment":[{"href":"https:\/\/99cubes.de\/es\/wp-json\/wp\/v2\/media?parent=2201"}],"wp:term":[{"taxonomy":"product_brand","embeddable":true,"href":"https:\/\/99cubes.de\/es\/wp-json\/wp\/v2\/product_brand?post=2201"},{"taxonomy":"product_cat","embeddable":true,"href":"https:\/\/99cubes.de\/es\/wp-json\/wp\/v2\/product_cat?post=2201"},{"taxonomy":"product_tag","embeddable":true,"href":"https:\/\/99cubes.de\/es\/wp-json\/wp\/v2\/product_tag?post=2201"}],"curies":[{"name":"wp","href":"https:\/\/api.w.org\/{rel}","templated":true}]}}