{"id":2240,"date":"2024-08-19T10:12:07","date_gmt":"2024-08-19T08:12:07","guid":{"rendered":"https:\/\/99cubes.de\/?post_type=product&#038;p=2240"},"modified":"2026-03-09T19:08:16","modified_gmt":"2026-03-09T18:08:16","slug":"servicio-de-mudanzas-caja-telefonica-caja-de-reunion-todos-los-fabricantes","status":"publish","type":"product","link":"https:\/\/99cubes.de\/es\/produkt\/umzugsservice-telefonbox-meetingbox-alle-hersteller\/","title":{"rendered":"Servicio de retirada de cabinas telef\u00f3nicas\/cajas de reuni\u00f3n | todos los fabricantes"},"content":{"rendered":"<div class=\"su-accordion su-u-trim\">\n<div class=\"su-spoiler su-spoiler-style-default su-spoiler-icon-plus\" data-scroll-offset=\"0\" data-anchor-in-url=\"no\"><div class=\"su-spoiler-title\" tabindex=\"0\" role=\"button\"><span class=\"su-spoiler-icon\"><\/span><strong>Servicio de retirada de cabinas telef\u00f3nicas, cajas de reuniones y otros cubos ac\u00fasticos, independientemente del fabricante:<\/strong><\/div><div class=\"su-spoiler-content su-u-clearfix su-u-trim\">\n<p>Nos encargamos del traslado profesional de sus cabinas telef\u00f3nicas\/cajas de reuniones, tanto si nos las ha comprado\/alquilado como si no. Nuestros equipos de instalaci\u00f3n pueden encargarse de casi todos los fabricantes habituales. Adem\u00e1s de las marcas que tenemos en nuestro surtido (v\u00e9ase\u00a0<a href=\"https:\/\/99cubes.de\/es\/marca\/\">Fabricante<\/a>), tambi\u00e9n ofrecemos las siguientes mudanzas (es decir, desmontaje, transporte y montaje):<\/p>\n<ul>\n<li>Retirada de las cabinas telef\u00f3nicas de la carpinter\u00eda<\/li>\n<li>Retirada de cabinas telef\u00f3nicas de Mikomax \/ Hushoffice<\/li>\n<li>Traslado de las cabinas telef\u00f3nicas de Mute-Labs<\/li>\n<li>Mudanza de cabinas telef\u00f3nicas de Poddie<\/li>\n<li>Mudanza de cabinas telef\u00f3nicas de Persy Booths<\/li>\n<li>Cajas telef\u00f3nicas para mudanzas de Meavo<\/li>\n<li>Reubicaci\u00f3n de las cabinas telef\u00f3nicas de Berlin Acoustics<\/li>\n<li>Mudanza de cabinas telef\u00f3nicas de Huus<\/li>\n<li>Sistemas de reubicaci\u00f3n habitaci\u00f3n por habitaci\u00f3n de Bosse Human Space<\/li>\n<li>y mucho m\u00e1s.<\/li>\n<\/ul>\n<\/div><\/div>\n<div class=\"su-spoiler su-spoiler-style-default su-spoiler-icon-plus su-spoiler-closed\" data-scroll-offset=\"0\" data-anchor-in-url=\"no\"><div class=\"su-spoiler-title\" tabindex=\"0\" role=\"button\"><span class=\"su-spoiler-icon\"><\/span><strong>\u00bfMudarse uno mismo o que lo haga un especialista?<\/strong><\/div><div class=\"su-spoiler-content su-u-clearfix su-u-trim\">\n<p>En el caso de los cubos ac\u00fasticos de mayor tama\u00f1o y\/o calidad, en particular, suele ser imprescindible recurrir a verdaderos profesionales familiarizados con estos productos y que hayan recibido formaci\u00f3n sobre estas series de productos a la hora de trasladarlos a otro lugar. No se recomienda el desmontaje por cuenta propia o por proveedores de servicios de mudanzas no especializados por las siguientes razones:<\/p>\n<ul>\n<li>A diferencia de los muebles normales, los cubos ac\u00fasticos tambi\u00e9n constan de componentes el\u00e9ctricos (ventilaci\u00f3n, iluminaci\u00f3n, sensores, unidades de control), por lo que se requieren conocimientos especiales para su montaje y desmontaje.<\/li>\n<li>Un equipo profesional de dos montadores necesita toda una jornada laboral para desmontar profesionalmente una caja de reuniones de alta calidad, en funci\u00f3n de su tama\u00f1o.<\/li>\n<\/ul>\n<p>Seg\u00fan nuestra experiencia, una mudanza por su cuenta o a trav\u00e9s de un proveedor de servicios de mudanzas normal sin formaci\u00f3n especial sobre el producto s\u00f3lo puede considerarse en los siguientes casos:<\/p>\n<ul>\n<li>Las cabinas telef\u00f3nicas sencillas que ofrece el fabricante\/distribuidor para el automontaje suelen poder desmontarse, trasladarse y volver a montarse sin grandes conocimientos t\u00e9cnicos.<\/li>\n<\/ul>\n<p>En todos los dem\u00e1s casos, recomendamos una mudanza profesional: as\u00ed disfrutar\u00e1 a largo plazo de sus cabinas telef\u00f3nicas y de reuniones.<\/p>\n<\/div><\/div>\n<\/div>","protected":false},"excerpt":{"rendered":"<p>\u00bfSe muda y quiere llevarse su cabina telef\u00f3nica o su caja de reuniones a su nueva oficina o ubicaci\u00f3n? No hay problema con nuestro servicio de traslado.<\/p>\n<p>Nos encargamos del desmontaje, traslado y montaje profesional de sus cajas telef\u00f3nicas y de reuniones, incluso si las ha adquirido en otro lugar.<\/p>\n<p>&nbsp;<\/p>","protected":false},"featured_media":2241,"comment_status":"open","ping_status":"closed","template":"","meta":{"content-type":"","_uag_custom_page_level_css":""},"product_brand":[],"product_cat":[67],"product_tag":[],"class_list":{"0":"post-2240","1":"product","2":"type-product","3":"status-publish","4":"has-post-thumbnail","6":"product_cat-zubehoer","7":"pa_marke-bosse","8":"pa_marke-box17","9":"pa_marke-framery","10":"pa_marke-hammerbacher","11":"pa_marke-mute","12":"pa_marke-sedus","13":"pa_marke-silen","14":"pa_marke-studiobricks","16":"first","17":"instock","18":"taxable","19":"shipping-taxable","20":"purchasable","21":"product-type-simple"},"uagb_featured_image_src":{"full":["https:\/\/99cubes.de\/wp-content\/uploads\/2024\/08\/Umzugsservice-Telefonbox-Umzugsservice-Meetingbox-alle-Marken-3.jpeg",1024,1024,false],"thumbnail":["https:\/\/99cubes.de\/wp-content\/uploads\/2024\/08\/Umzugsservice-Telefonbox-Umzugsservice-Meetingbox-alle-Marken-3-200x200.jpeg",200,200,true],"medium":["https:\/\/99cubes.de\/wp-content\/uploads\/2024\/08\/Umzugsservice-Telefonbox-Umzugsservice-Meetingbox-alle-Marken-3-450x450.jpeg",450,450,true],"medium_large":["https:\/\/99cubes.de\/wp-content\/uploads\/2024\/08\/Umzugsservice-Telefonbox-Umzugsservice-Meetingbox-alle-Marken-3-768x768.jpeg",768,768,true],"large":["https:\/\/99cubes.de\/wp-content\/uploads\/2024\/08\/Umzugsservice-Telefonbox-Umzugsservice-Meetingbox-alle-Marken-3.jpeg",1024,1024,false],"1536x1536":["https:\/\/99cubes.de\/wp-content\/uploads\/2024\/08\/Umzugsservice-Telefonbox-Umzugsservice-Meetingbox-alle-Marken-3.jpeg",1024,1024,false],"2048x2048":["https:\/\/99cubes.de\/wp-content\/uploads\/2024\/08\/Umzugsservice-Telefonbox-Umzugsservice-Meetingbox-alle-Marken-3.jpeg",1024,1024,false],"trp-custom-language-flag":["https:\/\/99cubes.de\/wp-content\/uploads\/2024\/08\/Umzugsservice-Telefonbox-Umzugsservice-Meetingbox-alle-Marken-3-12x12.jpeg",12,12,true],"botiga-extra-large":["https:\/\/99cubes.de\/wp-content\/uploads\/2024\/08\/Umzugsservice-Telefonbox-Umzugsservice-Meetingbox-alle-Marken-3.jpeg",1024,1024,false],"botiga-large":["https:\/\/99cubes.de\/wp-content\/uploads\/2024\/08\/Umzugsservice-Telefonbox-Umzugsservice-Meetingbox-alle-Marken-3-920x920.jpeg",920,920,true],"botiga-big":["https:\/\/99cubes.de\/wp-content\/uploads\/2024\/08\/Umzugsservice-Telefonbox-Umzugsservice-Meetingbox-alle-Marken-3-575x575.jpeg",575,575,true],"botiga-medium":["https:\/\/99cubes.de\/wp-content\/uploads\/2024\/08\/Umzugsservice-Telefonbox-Umzugsservice-Meetingbox-alle-Marken-3-380x380.jpeg",380,380,true],"botiga-header-icons":["https:\/\/99cubes.de\/wp-content\/uploads\/2024\/08\/Umzugsservice-Telefonbox-Umzugsservice-Meetingbox-alle-Marken-3-50x50.jpeg",50,50,true],"botiga-product-swatch-image":["https:\/\/99cubes.de\/wp-content\/uploads\/2024\/08\/Umzugsservice-Telefonbox-Umzugsservice-Meetingbox-alle-Marken-3-26x26.jpeg",26,26,true],"woocommerce_thumbnail":["https:\/\/99cubes.de\/wp-content\/uploads\/2024\/08\/Umzugsservice-Telefonbox-Umzugsservice-Meetingbox-alle-Marken-3-420x420.jpeg",420,420,true],"woocommerce_single":["https:\/\/99cubes.de\/wp-content\/uploads\/2024\/08\/Umzugsservice-Telefonbox-Umzugsservice-Meetingbox-alle-Marken-3-800x800.jpeg",800,800,true],"woocommerce_gallery_thumbnail":["https:\/\/99cubes.de\/wp-content\/uploads\/2024\/08\/Umzugsservice-Telefonbox-Umzugsservice-Meetingbox-alle-Marken-3-100x100.jpeg",100,100,true],"wpvr_mobile":["https:\/\/99cubes.de\/wp-content\/uploads\/2024\/08\/Umzugsservice-Telefonbox-Umzugsservice-Meetingbox-alle-Marken-3.jpeg",1024,1024,false]},"uagb_author_info":{"display_name":"frank","author_link":"https:\/\/99cubes.de\/es\/author\/"},"uagb_comment_info":0,"uagb_excerpt":"Du ziehst um und m\u00f6chtest deine Telefonbox oder Meetingbox ins neue B\u00fcro \/ an den neuen Standort mitnehmen? Mit unserem Umzugsservice kein Problem! Wir sorgen f\u00fcr fachgerechte Demontage, Umzug und erneute Montage deiner Telefon- und Meetingboxen - auch wenn du diese anderswo erworben haben solltest. &nbsp;","_links":{"self":[{"href":"https:\/\/99cubes.de\/es\/wp-json\/wp\/v2\/product\/2240","targetHints":{"allow":["GET"]}}],"collection":[{"href":"https:\/\/99cubes.de\/es\/wp-json\/wp\/v2\/product"}],"about":[{"href":"https:\/\/99cubes.de\/es\/wp-json\/wp\/v2\/types\/product"}],"replies":[{"embeddable":true,"href":"https:\/\/99cubes.de\/es\/wp-json\/wp\/v2\/comments?post=2240"}],"wp:featuredmedia":[{"embeddable":true,"href":"https:\/\/99cubes.de\/es\/wp-json\/wp\/v2\/media\/2241"}],"wp:attachment":[{"href":"https:\/\/99cubes.de\/es\/wp-json\/wp\/v2\/media?parent=2240"}],"wp:term":[{"taxonomy":"product_brand","embeddable":true,"href":"https:\/\/99cubes.de\/es\/wp-json\/wp\/v2\/product_brand?post=2240"},{"taxonomy":"product_cat","embeddable":true,"href":"https:\/\/99cubes.de\/es\/wp-json\/wp\/v2\/product_cat?post=2240"},{"taxonomy":"product_tag","embeddable":true,"href":"https:\/\/99cubes.de\/es\/wp-json\/wp\/v2\/product_tag?post=2240"}],"curies":[{"name":"wp","href":"https:\/\/api.w.org\/{rel}","templated":true}]}}