{"id":2265,"date":"2024-08-23T11:46:09","date_gmt":"2024-08-23T09:46:09","guid":{"rendered":"https:\/\/99cubes.de\/?post_type=product&#038;p=2265"},"modified":"2024-08-23T13:03:14","modified_gmt":"2024-08-23T11:03:14","slug":"stand-sit-sefit-sedus","status":"publish","type":"product","link":"https:\/\/99cubes.de\/es\/produkt\/steh-sitz-sefit-sedus\/","title":{"rendered":"Asiento de pie se:fit | SEDUS"},"content":{"rendered":"","protected":false},"excerpt":{"rendered":"<p>El se:fit es un asiento de bipedestaci\u00f3n vers\u00e1til que fomenta el movimiento y promueve activamente cambios saludables en el movimiento y la postura. Es un h\u00edbrido de taburete y bipedestador con ajuste de altura infinitamente variable. La base de disco, que puede inclinarse hacia todos los lados, fomenta los movimientos intuitivos. La base de disco antideslizante proporciona una sujeci\u00f3n segura en todo momento.<\/p>\n<p>El se:fit es ideal como accesorio para cabinas telef\u00f3nicas y de reuniones.<\/p>\n<p>&nbsp;<\/p>","protected":false},"featured_media":2266,"comment_status":"open","ping_status":"closed","template":"","meta":{"content-type":"","_uag_custom_page_level_css":""},"product_brand":[],"product_cat":[67],"product_tag":[],"class_list":{"0":"post-2265","1":"product","2":"type-product","3":"status-publish","4":"has-post-thumbnail","6":"product_cat-zubehoer","7":"pa_farbe-schwarz","8":"pa_farbe-weiss","9":"pa_marke-sedus","10":"pa_sitzen-oder-stehen-im-sitzen-hoch-mit-hocker","12":"first","13":"instock","14":"taxable","15":"shipping-taxable","16":"product-type-simple"},"uagb_featured_image_src":{"full":["https:\/\/99cubes.de\/wp-content\/uploads\/2024\/08\/Zubehoer-Telefonbox-Hocker-se-fit-99cubes-4.jpg",1200,1600,false],"thumbnail":["https:\/\/99cubes.de\/wp-content\/uploads\/2024\/08\/Zubehoer-Telefonbox-Hocker-se-fit-99cubes-4-200x200.jpg",200,200,true],"medium":["https:\/\/99cubes.de\/wp-content\/uploads\/2024\/08\/Zubehoer-Telefonbox-Hocker-se-fit-99cubes-4-338x450.jpg",338,450,true],"medium_large":["https:\/\/99cubes.de\/wp-content\/uploads\/2024\/08\/Zubehoer-Telefonbox-Hocker-se-fit-99cubes-4-768x1024.jpg",768,1024,true],"large":["https:\/\/99cubes.de\/wp-content\/uploads\/2024\/08\/Zubehoer-Telefonbox-Hocker-se-fit-99cubes-4-900x1200.jpg",900,1200,true],"1536x1536":["https:\/\/99cubes.de\/wp-content\/uploads\/2024\/08\/Zubehoer-Telefonbox-Hocker-se-fit-99cubes-4-1152x1536.jpg",1152,1536,true],"2048x2048":["https:\/\/99cubes.de\/wp-content\/uploads\/2024\/08\/Zubehoer-Telefonbox-Hocker-se-fit-99cubes-4-1536x2048.jpg",1200,1600,true],"trp-custom-language-flag":["https:\/\/99cubes.de\/wp-content\/uploads\/2024\/08\/Zubehoer-Telefonbox-Hocker-se-fit-99cubes-4-9x12.jpg",9,12,true],"botiga-extra-large":["https:\/\/99cubes.de\/wp-content\/uploads\/2024\/08\/Zubehoer-Telefonbox-Hocker-se-fit-99cubes-4-1140x1520.jpg",1140,1520,true],"botiga-large":["https:\/\/99cubes.de\/wp-content\/uploads\/2024\/08\/Zubehoer-Telefonbox-Hocker-se-fit-99cubes-4-920x1227.jpg",920,1227,true],"botiga-big":["https:\/\/99cubes.de\/wp-content\/uploads\/2024\/08\/Zubehoer-Telefonbox-Hocker-se-fit-99cubes-4-575x767.jpg",575,767,true],"botiga-medium":["https:\/\/99cubes.de\/wp-content\/uploads\/2024\/08\/Zubehoer-Telefonbox-Hocker-se-fit-99cubes-4-380x507.jpg",380,507,true],"botiga-header-icons":["https:\/\/99cubes.de\/wp-content\/uploads\/2024\/08\/Zubehoer-Telefonbox-Hocker-se-fit-99cubes-4-50x50.jpg",50,50,true],"botiga-product-swatch-image":["https:\/\/99cubes.de\/wp-content\/uploads\/2024\/08\/Zubehoer-Telefonbox-Hocker-se-fit-99cubes-4-26x26.jpg",26,26,true],"woocommerce_thumbnail":["https:\/\/99cubes.de\/wp-content\/uploads\/2024\/08\/Zubehoer-Telefonbox-Hocker-se-fit-99cubes-4-420x420.jpg",420,420,true],"woocommerce_single":["https:\/\/99cubes.de\/wp-content\/uploads\/2024\/08\/Zubehoer-Telefonbox-Hocker-se-fit-99cubes-4-800x1067.jpg",800,1067,true],"woocommerce_gallery_thumbnail":["https:\/\/99cubes.de\/wp-content\/uploads\/2024\/08\/Zubehoer-Telefonbox-Hocker-se-fit-99cubes-4-100x100.jpg",100,100,true],"wpvr_mobile":["https:\/\/99cubes.de\/wp-content\/uploads\/2024\/08\/Zubehoer-Telefonbox-Hocker-se-fit-99cubes-4-1536x2048.jpg",1536,2048,true]},"uagb_author_info":{"display_name":"frank","author_link":"https:\/\/99cubes.de\/es\/author\/"},"uagb_comment_info":0,"uagb_excerpt":"Der se:fit ist ein vielseitiger Steh-Sitz, der zur Bewegung animiert und aktiv den gesunden Bewegungs- und Haltungswechsel f\u00f6rdert. Er ist ein Hybrid aus Hocker und Steh-Hilfe mit stufenloser H\u00f6henverstellung. Der zu allen Seiten neigbare Tellerfu\u00df f\u00f6rdert intuitive Bewegungen. Dabei bietet der rutschfeste Tellerboden jederzeit einen sicheren Halt. Der se:fit ist ideal als Zubeh\u00f6r zu Telefon-&hellip;","_links":{"self":[{"href":"https:\/\/99cubes.de\/es\/wp-json\/wp\/v2\/product\/2265","targetHints":{"allow":["GET"]}}],"collection":[{"href":"https:\/\/99cubes.de\/es\/wp-json\/wp\/v2\/product"}],"about":[{"href":"https:\/\/99cubes.de\/es\/wp-json\/wp\/v2\/types\/product"}],"replies":[{"embeddable":true,"href":"https:\/\/99cubes.de\/es\/wp-json\/wp\/v2\/comments?post=2265"}],"wp:featuredmedia":[{"embeddable":true,"href":"https:\/\/99cubes.de\/es\/wp-json\/wp\/v2\/media\/2266"}],"wp:attachment":[{"href":"https:\/\/99cubes.de\/es\/wp-json\/wp\/v2\/media?parent=2265"}],"wp:term":[{"taxonomy":"product_brand","embeddable":true,"href":"https:\/\/99cubes.de\/es\/wp-json\/wp\/v2\/product_brand?post=2265"},{"taxonomy":"product_cat","embeddable":true,"href":"https:\/\/99cubes.de\/es\/wp-json\/wp\/v2\/product_cat?post=2265"},{"taxonomy":"product_tag","embeddable":true,"href":"https:\/\/99cubes.de\/es\/wp-json\/wp\/v2\/product_tag?post=2265"}],"curies":[{"name":"wp","href":"https:\/\/api.w.org\/{rel}","templated":true}]}}