{"id":2341,"date":"2024-08-29T15:36:55","date_gmt":"2024-08-29T13:36:55","guid":{"rendered":"https:\/\/99cubes.de\/?post_type=product&#038;p=2341"},"modified":"2025-02-04T10:29:57","modified_gmt":"2025-02-04T09:29:57","slug":"meetbox-meet-up-xxl-studiobricks","status":"publish","type":"product","link":"https:\/\/99cubes.de\/es\/produkt\/meetingbox-meet-up-xxl-studiobricks\/","title":{"rendered":"Caja de reuniones MEET-UP XXL | Studiobricks"},"content":{"rendered":"<div class=\"su-accordion su-u-trim\">\n<div class=\"su-spoiler su-spoiler-style-default su-spoiler-icon-plus\" data-scroll-offset=\"0\" data-anchor-in-url=\"no\"><div class=\"su-spoiler-title\" tabindex=\"0\" role=\"button\"><span class=\"su-spoiler-icon\"><\/span><strong>Acerca de las cajas de reuniones MEET-UP XXL<\/strong><\/div><div class=\"su-spoiler-content su-u-clearfix su-u-trim\">\n<p>La serie de modelos MEET-UP XXL de Studiobricks est\u00e1 disponible en muchas versiones diferentes:<\/p>\n<ul>\n<li>MEET-UP XXL Est\u00e1ndar: sin interior<\/li>\n<li>MEET-UP XXL Ergon\u00f3mico: con mesa de dos columnas, regulable el\u00e9ctricamente en altura (dimensiones 160 cm x 65,5 cm, altura regulable entre 70 cm - 105 cm)<\/li>\n<li>MEET-UP XXL Sit: con mesa integrada de altura fija (dimensiones 160 cm x 76 cm, altura 70 cm) y dos sof\u00e1s tapizados<\/li>\n<li>Videollamada MEET-UP XXL: Caracter\u00edsticas similares a la versi\u00f3n \u201eSit\u201c con fijaci\u00f3n de monitor ajustable en altura y monitor de videollamada con pantalla t\u00e1ctil.<\/li>\n<\/ul>\n<p>El aspecto y el dise\u00f1o crom\u00e1tico de las cajas de reuniones MEET-UP XXL pueden personalizarse individualmente:<\/p>\n<ul>\n<li>Paredes en acabado lacado o laminado, amplia selecci\u00f3n de colores<\/li>\n<li>Marcos de puertas y ventanas configurables en varios colores<\/li>\n<li>Apertura de puerta izquierda o derecha<\/li>\n<li>Absorbentes ac\u00fasticos de tela en varios colores<\/li>\n<li>Efecto de cristal esmerilado opcional en las ventanillas traseras (si est\u00e1 disponible)<\/li>\n<li>Opcionalmente con el signo \"En el aire\", que indica si la casilla est\u00e1 ocupada en ese momento.<\/li>\n<\/ul>\n<\/div><\/div>\n<div class=\"su-spoiler su-spoiler-style-default su-spoiler-icon-plus su-spoiler-closed\" data-scroll-offset=\"0\" data-anchor-in-url=\"no\"><div class=\"su-spoiler-title\" tabindex=\"0\" role=\"button\"><span class=\"su-spoiler-icon\"><\/span><strong>Equipamiento:<\/strong><\/div><div class=\"su-spoiler-content su-u-clearfix su-u-trim\">\n<p>El interior es configurable individualmente y puede adaptarse a muchos escenarios de aplicaci\u00f3n y requisitos diferentes:<\/p>\n<ul>\n<li>2x downlight, regulable, con detector de movimiento<\/li>\n<li>Moqueta antiest\u00e1tica (antracita)<\/li>\n<li>3 tomas<\/li>\n<li>Conexiones adicionales para LAN, USB-A\/C disponibles por un suplemento<\/li>\n<li>Soporte de monitor ajustable en altura disponible por un suplemento<\/li>\n<li>Puerta con o sin cerradura, cerradura electr\u00f3nica NFC opcional disponible.<\/li>\n<li>Otros equipamientos interiores en funci\u00f3n de la variante de modelo elegida<\/li>\n<\/ul>\n<\/div><\/div>\n<div class=\"su-spoiler su-spoiler-style-default su-spoiler-icon-plus su-spoiler-closed\" data-scroll-offset=\"0\" data-anchor-in-url=\"no\"><div class=\"su-spoiler-title\" tabindex=\"0\" role=\"button\"><span class=\"su-spoiler-icon\"><\/span><strong>Dimensiones y peso:<\/strong><\/div><div class=\"su-spoiler-content su-u-clearfix su-u-trim\">\n<ul>\n<li>Dimensiones exteriores 198 x 228 x 226 cm<\/li>\n<li>Dimensiones interiores 170 x 210 x 210 cm<\/li>\n<li>Altura m\u00ednima del techo 242 cm<\/li>\n<li>Peso aprox. 1.100 kg<\/li>\n<\/ul>\n<\/div><\/div>\n<div class=\"su-spoiler su-spoiler-style-default su-spoiler-icon-plus su-spoiler-closed\" data-scroll-offset=\"0\" data-anchor-in-url=\"no\"><div class=\"su-spoiler-title\" tabindex=\"0\" role=\"button\"><span class=\"su-spoiler-icon\"><\/span><strong>Datos ac\u00fasticos y ventilaci\u00f3n:<\/strong><\/div><div class=\"su-spoiler-content su-u-clearfix su-u-trim\">\n<p>Los valores de aislamiento ac\u00fastico de los Studiobricks son algo as\u00ed como el patr\u00f3n oro del sector. Las cabinas insonorizadas Studiobricks alcanzan 45 dB en la prueba - promediados en todas las frecuencias sonoras y medidos desde el interior hacia el exterior (el aislamiento es ligeramente menos pronunciado desde el exterior hacia el interior). Vea tambi\u00e9n nuestras notas sobre el criterio de selecci\u00f3n\u00a0<a href=\"https:\/\/99cubes.de\/es\/aislamiento-acustico\/\">Aislamiento ac\u00fastico<\/a>. El elevado aislamiento ac\u00fastico de los ladrillos Studiobricks se consigue gracias a los siguientes componentes:<\/p>\n<ul>\n<li>Paneles de pared de 8 cm de grosor de varias capas y material ac\u00fastico prensado<\/li>\n<li>Absorbedor ac\u00fastico interior<\/li>\n<li>Puerta de cristal ac\u00fastica con cierre insonorizado al levantar la manilla de la puerta<\/li>\n<li>Ventilaci\u00f3n insonorizada: 8 ventiladores dobles integrados extremadamente silenciosos<\/li>\n<li>Intercambio de aire nominal 1062 m\u00b3\/h, v\u00e9ase tambi\u00e9n el criterio de selecci\u00f3n <a href=\"https:\/\/99cubes.de\/es\/intercambio-de-aire\/\">Intercambio de aire<\/a><\/li>\n<\/ul>\n<\/div><\/div>\n<\/div>","protected":false},"excerpt":{"rendered":"<p>El fabricante espa\u00f1ol Studiobricks se ha hecho un nombre con soluciones altamente especializadas para la industria del audio y la m\u00fasica. La empresa tiene sus ra\u00edces en un sector en el que la perfecci\u00f3n ac\u00fastica es una prioridad absoluta y los requisitos de aislamiento ac\u00fastico y calidad del sonido van mucho m\u00e1s all\u00e1 de lo que se exige en los entornos de oficina ordinarios. Esta experiencia tambi\u00e9n se refleja en la l\u00ednea de productos de oficina de Studiobricks, que cuenta con unos valores de aislamiento ac\u00fastico extraordinarios y satisface incluso a los clientes m\u00e1s exigentes. Por tanto, no es de extra\u00f1ar que las cabinas insonorizadas de Studiobricks establezcan nuevos est\u00e1ndares en t\u00e9rminos de ac\u00fastica y se distingan claramente de las soluciones convencionales. Por cierto, la l\u00ednea de productos de oficina de Studiobricks no s\u00f3lo es adecuada para su uso en oficinas: Studiobricks tambi\u00e9n ofrece soluciones perfectas para retiros insonorizados, especialmente para naves de producci\u00f3n y log\u00edstica con niveles de ruido elevados.<\/p>\n<p>La serie de modelos MEET-UP XXL de Studiobricks ofrece diversas posibilidades de equipamiento para reuniones de hasta seis personas en una superficie de 1,98 x 2,28 metros. Disponemos de las siguientes versiones:<\/p>\n<ul>\n<li>MEET-UP XXL Est\u00e1ndar: sin interior<\/li>\n<li>MEET-UP XXL Ergon\u00f3mico: con mesa de dos columnas, regulable el\u00e9ctricamente en altura (dimensiones 160 cm x 65,5 cm, altura regulable entre 70 cm - 105 cm)<\/li>\n<li>MEET-UP XXL Sit: con mesa integrada de altura fija (dimensiones 160 cm x 76 cm, altura 70 cm) y dos sof\u00e1s tapizados<\/li>\n<li>Videollamada MEET-UP XXL: Caracter\u00edsticas similares a la versi\u00f3n \u201eSit\u201c con fijaci\u00f3n de monitor ajustable en altura y monitor de videollamada con pantalla t\u00e1ctil.<\/li>\n<\/ul>\n<p>La caja de reuniones MEET-UP XXL puede configurarse individualmente; otros colores, otros materiales, el llamativo r\u00f3tulo \"On-Air\" y ventanas ac\u00fasticas adicionales en la pared trasera est\u00e1n disponibles por un cargo adicional. Estaremos encantados de asesorarle sobre las opciones que m\u00e1s le interesen.<\/p>","protected":false},"featured_media":2349,"comment_status":"open","ping_status":"closed","template":"","meta":{"content-type":"","_uag_custom_page_level_css":""},"product_brand":[],"product_cat":[60],"product_tag":[],"class_list":{"0":"post-2341","1":"product","2":"type-product","3":"status-publish","4":"has-post-thumbnail","6":"product_cat-meetingboxen","7":"pa_anzahl-personen-6-personen","8":"pa_belueftungssteuerung-vollautomatisch","9":"pa_breite-198-m","10":"pa_buchungstool-display-goconut-ready","11":"pa_einsatz-szenarien-buero","12":"pa_einsatz-szenarien-flughafen-bahnhof","13":"pa_einsatz-szenarien-logistik","14":"pa_einsatz-szenarien-produktion","15":"pa_farbe-konfigurierbar","16":"pa_farbe-schwarz","17":"pa_farbe-weiss","18":"pa_flex-miete-verfuegbar-auf-anfrage","19":"pa_gewicht-1-100-kg","20":"pa_hoehe-226-m","21":"pa_lan-kein-lan-anschluss","22":"pa_lan-lan-anschluss-als-sonderausstattung","23":"pa_lieferzeit-8-bis-12-wochen-lieferzeit","24":"pa_luftaustausch-1062-m-h-nominell","25":"pa_marke-studiobricks","26":"pa_mobilitaet-keine","27":"pa_monitorhalterung-monitorhalterung-als-sonderausstattung","28":"pa_monitorhalterung-ohne-monitorhalterung","29":"pa_preissegment-vier","30":"pa_schalldaemmung-fuenf-sterne","31":"pa_sitzen-oder-stehen-im-sitzen-niedrig-mit-stuhl-oder-bank","32":"pa_sitzen-oder-stehen-im-stehen","33":"pa_spezial-features-feuchtigkeitsbestaendig","34":"pa_spezial-features-klimaanlage","35":"pa_spezial-features-led-leuchtstreifen-on-air-signal","36":"pa_spezial-features-video-call-ausstattung","37":"pa_spezial-features-zertifikat-erdbebensicher","38":"pa_tiefe-228-m","39":"pa_verfuegbare-tisch-optionen-fixe-tischhoehe-sitzen","40":"pa_verfuegbare-tisch-optionen-ohne-tisch","41":"pa_verfuegbare-tisch-optionen-variable-tischhoehe-elektrisch-verstellbar","42":"pa_verwendung-konzentriertes-arbeiten","43":"pa_verwendung-meeting","44":"pa_verwendung-telefonieren","45":"pa_verwendung-video-call","46":"pa_verwendung-zusammenarbeiten","48":"first","49":"instock","50":"taxable","51":"shipping-taxable","52":"purchasable","53":"product-type-simple"},"uagb_featured_image_src":{"full":["https:\/\/99cubes.de\/wp-content\/uploads\/2024\/08\/Studiobricks-Schallschutzkabine-Meet-Up-XXL-Sit-clean.jpg",1204,1200,false],"thumbnail":["https:\/\/99cubes.de\/wp-content\/uploads\/2024\/08\/Studiobricks-Schallschutzkabine-Meet-Up-XXL-Sit-clean-200x200.jpg",200,200,true],"medium":["https:\/\/99cubes.de\/wp-content\/uploads\/2024\/08\/Studiobricks-Schallschutzkabine-Meet-Up-XXL-Sit-clean-450x448.jpg",450,448,true],"medium_large":["https:\/\/99cubes.de\/wp-content\/uploads\/2024\/08\/Studiobricks-Schallschutzkabine-Meet-Up-XXL-Sit-clean-768x765.jpg",768,765,true],"large":["https:\/\/99cubes.de\/wp-content\/uploads\/2024\/08\/Studiobricks-Schallschutzkabine-Meet-Up-XXL-Sit-clean-1200x1196.jpg",1140,1136,true],"1536x1536":["https:\/\/99cubes.de\/wp-content\/uploads\/2024\/08\/Studiobricks-Schallschutzkabine-Meet-Up-XXL-Sit-clean-1536x1531.jpg",1204,1200,true],"2048x2048":["https:\/\/99cubes.de\/wp-content\/uploads\/2024\/08\/Studiobricks-Schallschutzkabine-Meet-Up-XXL-Sit-clean.jpg",1204,1200,false],"trp-custom-language-flag":["https:\/\/99cubes.de\/wp-content\/uploads\/2024\/08\/Studiobricks-Schallschutzkabine-Meet-Up-XXL-Sit-clean-12x12.jpg",12,12,true],"botiga-extra-large":["https:\/\/99cubes.de\/wp-content\/uploads\/2024\/08\/Studiobricks-Schallschutzkabine-Meet-Up-XXL-Sit-clean-1140x1136.jpg",1140,1136,true],"botiga-large":["https:\/\/99cubes.de\/wp-content\/uploads\/2024\/08\/Studiobricks-Schallschutzkabine-Meet-Up-XXL-Sit-clean-920x917.jpg",920,917,true],"botiga-big":["https:\/\/99cubes.de\/wp-content\/uploads\/2024\/08\/Studiobricks-Schallschutzkabine-Meet-Up-XXL-Sit-clean-575x573.jpg",575,573,true],"botiga-medium":["https:\/\/99cubes.de\/wp-content\/uploads\/2024\/08\/Studiobricks-Schallschutzkabine-Meet-Up-XXL-Sit-clean-380x379.jpg",380,379,true],"botiga-header-icons":["https:\/\/99cubes.de\/wp-content\/uploads\/2024\/08\/Studiobricks-Schallschutzkabine-Meet-Up-XXL-Sit-clean-50x50.jpg",50,50,true],"botiga-product-swatch-image":["https:\/\/99cubes.de\/wp-content\/uploads\/2024\/08\/Studiobricks-Schallschutzkabine-Meet-Up-XXL-Sit-clean-26x26.jpg",26,26,true],"woocommerce_thumbnail":["https:\/\/99cubes.de\/wp-content\/uploads\/2024\/08\/Studiobricks-Schallschutzkabine-Meet-Up-XXL-Sit-clean-420x420.jpg",420,420,true],"woocommerce_single":["https:\/\/99cubes.de\/wp-content\/uploads\/2024\/08\/Studiobricks-Schallschutzkabine-Meet-Up-XXL-Sit-clean-800x797.jpg",800,797,true],"woocommerce_gallery_thumbnail":["https:\/\/99cubes.de\/wp-content\/uploads\/2024\/08\/Studiobricks-Schallschutzkabine-Meet-Up-XXL-Sit-clean-100x100.jpg",100,100,true],"wpvr_mobile":["https:\/\/99cubes.de\/wp-content\/uploads\/2024\/08\/Studiobricks-Schallschutzkabine-Meet-Up-XXL-Sit-clean.jpg",1204,1200,false]},"uagb_author_info":{"display_name":"frank","author_link":"https:\/\/99cubes.de\/es\/author\/"},"uagb_comment_info":0,"uagb_excerpt":"Der spanische Hersteller Studiobricks hat sich einen Namen mit hochspezialisierten L\u00f6sungen f\u00fcr die Audio- und Musikbranche gemacht. Die Wurzeln des Unternehmens liegen in einem Sektor, in dem akustische Perfektion oberste Priorit\u00e4t genie\u00dft und die Anforderungen an Schallschutz sowie Klangqualit\u00e4t weit \u00fcber das hinausgehen, was in gew\u00f6hnlichen B\u00fcroumgebungen erforderlich ist. Diese Expertise spiegelt sich auch in&hellip;","_links":{"self":[{"href":"https:\/\/99cubes.de\/es\/wp-json\/wp\/v2\/product\/2341","targetHints":{"allow":["GET"]}}],"collection":[{"href":"https:\/\/99cubes.de\/es\/wp-json\/wp\/v2\/product"}],"about":[{"href":"https:\/\/99cubes.de\/es\/wp-json\/wp\/v2\/types\/product"}],"replies":[{"embeddable":true,"href":"https:\/\/99cubes.de\/es\/wp-json\/wp\/v2\/comments?post=2341"}],"wp:featuredmedia":[{"embeddable":true,"href":"https:\/\/99cubes.de\/es\/wp-json\/wp\/v2\/media\/2349"}],"wp:attachment":[{"href":"https:\/\/99cubes.de\/es\/wp-json\/wp\/v2\/media?parent=2341"}],"wp:term":[{"taxonomy":"product_brand","embeddable":true,"href":"https:\/\/99cubes.de\/es\/wp-json\/wp\/v2\/product_brand?post=2341"},{"taxonomy":"product_cat","embeddable":true,"href":"https:\/\/99cubes.de\/es\/wp-json\/wp\/v2\/product_cat?post=2341"},{"taxonomy":"product_tag","embeddable":true,"href":"https:\/\/99cubes.de\/es\/wp-json\/wp\/v2\/product_tag?post=2341"}],"curies":[{"name":"wp","href":"https:\/\/api.w.org\/{rel}","templated":true}]}}