{"id":2354,"date":"2024-08-30T10:30:58","date_gmt":"2024-08-30T08:30:58","guid":{"rendered":"https:\/\/99cubes.de\/?post_type=product&#038;p=2354"},"modified":"2025-02-04T10:31:38","modified_gmt":"2025-02-04T09:31:38","slug":"sala-de-conferencias-team-up-diferentes-tamanos-studiobricks","status":"publish","type":"product","link":"https:\/\/99cubes.de\/es\/produkt\/konferenzraum-team-up-verschiedene-groessen-studiobricks\/","title":{"rendered":"Sala de conferencias TEAM-UP (varios tama\u00f1os) | Studiobricks"},"content":{"rendered":"<div class=\"su-accordion su-u-trim\">\n<div class=\"su-spoiler su-spoiler-style-default su-spoiler-icon-plus\" data-scroll-offset=\"0\" data-anchor-in-url=\"no\"><div class=\"su-spoiler-title\" tabindex=\"0\" role=\"button\"><span class=\"su-spoiler-icon\"><\/span><strong>Acerca de las salas de conferencias TEAM-UP<\/strong><\/div><div class=\"su-spoiler-content su-u-clearfix su-u-trim\">\n<p>La serie de modelos TEAM-UP de Studiobricks son cajas de reuniones del tama\u00f1o de una sala de conferencias. Los modelos TEAM-UP est\u00e1n disponibles en tres tama\u00f1os y tres variantes de equipamiento diferentes.<\/p>\n<p><strong>Tallas:<\/strong><\/p>\n<ul>\n<li>EQUIPO: aprox. 8 metros cuadrados<\/li>\n<li>TEAM-UP Plus: aprox. 13 metros cuadrados<\/li>\n<li>TEAM-UP XXL: aprox. 30 metros cuadrados<\/li>\n<\/ul>\n<p><strong>Variantes de equipamiento:<\/strong><\/p>\n<ul>\n<li>Est\u00e1ndar: Paredes interiores con absorbente de fieltro PET plano<\/li>\n<li>Pared 3D: paredes interiores con absorbentes 3D especialmente fonoabsorbentes del tipo Eco45 (desarrollados internamente por Studiobricks).<\/li>\n<li>Presentaci\u00f3n: Paredes interiores con elementos murales tapizados y recubiertos de tela (posibilidad de varios tejidos y colores), soporte VESA regulable en altura incluido en el volumen de suministro est\u00e1ndar.<\/li>\n<\/ul>\n<p><strong>Dise\u00f1o:<\/strong><\/p>\n<p>El aspecto y la combinaci\u00f3n de colores de las salas de conferencias TEAM-UP pueden personalizarse individualmente:<\/p>\n<ul>\n<li>Paredes en acabado lacado o laminado, amplia selecci\u00f3n de colores<\/li>\n<li>Marcos de puertas y ventanas configurables en varios colores<\/li>\n<li>Absorbentes ac\u00fasticos de PET, como pared 3D o revestidos de tela, cada uno en distintos colores<\/li>\n<li>Ventanas opcionales o puertas adicionales en la pared trasera y\/o en otro lateral<\/li>\n<li>Efecto de cristal esmerilado opcional en la puerta \/ ventana lateral \/ trasera (si est\u00e1 disponible)<\/li>\n<li>Opcionalmente con el signo \"En el aire\", que indica si la casilla est\u00e1 ocupada en ese momento.<\/li>\n<\/ul>\n<\/div><\/div>\n<div class=\"su-spoiler su-spoiler-style-default su-spoiler-icon-plus su-spoiler-closed\" data-scroll-offset=\"0\" data-anchor-in-url=\"no\"><div class=\"su-spoiler-title\" tabindex=\"0\" role=\"button\"><span class=\"su-spoiler-icon\"><\/span><strong>Equipamiento:<\/strong><\/div><div class=\"su-spoiler-content su-u-clearfix su-u-trim\">\n<p>El interior es configurable individualmente y puede adaptarse a muchos escenarios de aplicaci\u00f3n y requisitos diferentes:<\/p>\n<ul>\n<li>Downlights regulables, con sensor de movimiento (entre 6 y 10 seg\u00fan variante de modelo)<\/li>\n<li>Moqueta antiest\u00e1tica (antracita)<\/li>\n<li>Tomas de corriente<\/li>\n<li>Enchufes adicionales y\/o LAN disponibles por un suplemento<\/li>\n<li>Soporte de monitor VESA ajustable en altura disponible con cargo adicional<\/li>\n<li>Disponible opcionalmente con mesa a juego (baja o regulable manualmente en altura)<\/li>\n<li>Puerta con o sin cerradura, cerradura electr\u00f3nica NFC opcional disponible.<\/li>\n<li>Otros equipamientos interiores en funci\u00f3n de la variante de modelo elegida<\/li>\n<li>TEAM-UP XXL: disponible opcionalmente con aparador a juego en la pared trasera por un suplemento<\/li>\n<\/ul>\n<\/div><\/div>\n<div class=\"su-spoiler su-spoiler-style-default su-spoiler-icon-plus su-spoiler-closed\" data-scroll-offset=\"0\" data-anchor-in-url=\"no\"><div class=\"su-spoiler-title\" tabindex=\"0\" role=\"button\"><span class=\"su-spoiler-icon\"><\/span><strong>Dimensiones y peso:<\/strong><\/div><div class=\"su-spoiler-content su-u-clearfix su-u-trim\">\n<p>Las salas de conferencias TEAM-UP est\u00e1n disponibles en tres tama\u00f1os diferentes (TEAM-UP, TEAM-UP Plus y TEAM-UP XXL):<\/p>\n<p>TEAM-UP (aprox. 8 metros cuadrados):<\/p>\n<ul>\n<li>Dimensiones exteriores 318 x 288 x 226 cm<\/li>\n<li>Dimensiones interiores 300 x 270 x 210 cm<\/li>\n<li>Altura m\u00ednima del techo 245 cm<\/li>\n<li>Peso aprox. 1,473 kg<\/li>\n<\/ul>\n<p>TEAM-UP Plus (aprox. 13 metros cuadrados):<\/p>\n<ul>\n<li>Dimensiones exteriores 408 x 348 x 256 cm<\/li>\n<li>Dimensiones interiores 390 x 330 x 240 cm<\/li>\n<li>Altura m\u00ednima del techo 286 cm<\/li>\n<li>Peso aprox. 2,123 kg<\/li>\n<\/ul>\n<p>TEAM-UP XXL (aprox. 30 metros cuadrados):<\/p>\n<ul>\n<li>Dimensiones exteriores 468 x 678 x 307 cm<\/li>\n<li>Dimensiones interiores 450 x 660 x 270 cm<\/li>\n<li>Altura m\u00ednima del techo 316 cm<\/li>\n<li>Peso aprox. 4,223 kg<\/li>\n<\/ul>\n<\/div><\/div>\n<div class=\"su-spoiler su-spoiler-style-default su-spoiler-icon-plus su-spoiler-closed\" data-scroll-offset=\"0\" data-anchor-in-url=\"no\"><div class=\"su-spoiler-title\" tabindex=\"0\" role=\"button\"><span class=\"su-spoiler-icon\"><\/span><strong>Datos ac\u00fasticos y ventilaci\u00f3n:<\/strong><\/div><div class=\"su-spoiler-content su-u-clearfix su-u-trim\">\n<p>Los valores de aislamiento ac\u00fastico de los Studiobricks son algo as\u00ed como el patr\u00f3n oro del sector. Las cabinas insonorizadas Studiobricks alcanzan 45 dB en la prueba - promediados en todas las frecuencias sonoras y medidos desde el interior hacia el exterior (el aislamiento es ligeramente menos pronunciado desde el exterior hacia el interior). Vea tambi\u00e9n nuestras notas sobre el criterio de selecci\u00f3n\u00a0<a href=\"https:\/\/99cubes.de\/es\/aislamiento-acustico\/\">Aislamiento ac\u00fastico<\/a>. El elevado aislamiento ac\u00fastico de los ladrillos Studiobricks se consigue gracias a los siguientes componentes:<\/p>\n<ul>\n<li>Paneles de pared de 8 cm de grosor de varias capas y material ac\u00fastico prensado<\/li>\n<li>Absorbedor ac\u00fastico interior<\/li>\n<li>Puerta de cristal ac\u00fastica con cierre insonorizado al levantar la manilla de la puerta<\/li>\n<li>Ventilaci\u00f3n insonorizada:\n<ul>\n<li>TEAM-UP y TEAM-UP Plus: 12 \u00f3 20 ventiladores dobles integrados extremadamente silenciosos.<\/li>\n<li>TEAM-UP XXL: Sistema de ventilaci\u00f3n en el tejado, compuesto por un ventilador insonorizado triple para el aire de impulsi\u00f3n + un ventilador insonorizado triple para el aire de extracci\u00f3n.<\/li>\n<\/ul>\n<\/li>\n<li>Intercambio de aire nominal 1.416 m\u00b3\/h, 1.770 m\u00b3\/h o 2.200 m\u00b3\/h seg\u00fan la variante del modelo, v\u00e9ase tambi\u00e9n el criterio de selecci\u00f3n <a href=\"https:\/\/99cubes.de\/es\/intercambio-de-aire\/\">Intercambio de aire<\/a><\/li>\n<\/ul>\n<\/div><\/div>\n<\/div>","protected":false},"excerpt":{"rendered":"<p>El fabricante espa\u00f1ol Studiobricks se ha hecho un nombre con soluciones altamente especializadas para la industria del audio y la m\u00fasica. La empresa tiene sus ra\u00edces en un sector en el que la perfecci\u00f3n ac\u00fastica es una prioridad absoluta y los requisitos de aislamiento ac\u00fastico y calidad del sonido van mucho m\u00e1s all\u00e1 de lo que se exige en los entornos de oficina ordinarios. Esta experiencia tambi\u00e9n se refleja en la l\u00ednea de productos de oficina de Studiobricks, que cuenta con unos valores de aislamiento ac\u00fastico extraordinarios y satisface incluso a los clientes m\u00e1s exigentes. No es de extra\u00f1ar, por tanto, que las cabinas insonorizadas de Studiobricks establezcan nuevos est\u00e1ndares en t\u00e9rminos de ac\u00fastica y se distingan claramente de las soluciones convencionales. Por cierto, la l\u00ednea de productos de oficina de Studiobricks no s\u00f3lo es adecuada para su uso en oficinas: Studiobricks tambi\u00e9n ofrece soluciones perfectas para retiros insonorizados, \u00a1especialmente para naves de producci\u00f3n y log\u00edstica con niveles de ruido elevados!<\/p>\n<p>La serie de modelos TEAM-UP de Studiobricks son cajas de reuniones del tama\u00f1o de una sala de conferencias. Los modelos TEAM-UP est\u00e1n disponibles en tres tama\u00f1os y tres variantes de equipamiento diferentes.<\/p>\n<p><strong>Tallas:<\/strong><\/p>\n<ul>\n<li>EQUIPO: aprox. 8 metros cuadrados<\/li>\n<li>TEAM-UP Plus: aprox. 13 metros cuadrados<\/li>\n<li>TEAM-UP XXL: aprox. 30 metros cuadrados<\/li>\n<\/ul>\n<p><strong>Variantes de equipamiento:<\/strong><\/p>\n<ul>\n<li>Est\u00e1ndar: Paredes interiores con absorbente de fieltro PET plano<\/li>\n<li>Pared 3D: paredes interiores con absorbentes 3D especialmente fonoabsorbentes del tipo Eco45 (desarrollados internamente por Studiobricks).<\/li>\n<li>Presentaci\u00f3n: Paredes interiores con elementos murales tapizados y recubiertos de tela (posibilidad de varios tejidos y colores), soporte VESA regulable en altura incluido en el volumen de suministro est\u00e1ndar.<\/li>\n<\/ul>\n<p>Las salas de conferencias TEAM-UP de Studiobricks pueden configurarse individualmente: otros colores, otros materiales, el distintivo \"On-Air\" y varias opciones de ventanas y puertas adicionales est\u00e1n disponibles por un coste adicional. Estaremos encantados de asesorarle sobre las opciones que m\u00e1s le interesen.<\/p>","protected":false},"featured_media":2375,"comment_status":"open","ping_status":"closed","template":"","meta":{"content-type":"","_uag_custom_page_level_css":""},"product_brand":[],"product_cat":[238,60],"product_tag":[],"class_list":{"0":"post-2354","1":"product","2":"type-product","3":"status-publish","4":"has-post-thumbnail","6":"product_cat-konferenzraeume","7":"product_cat-meetingboxen","8":"pa_anzahl-personen-10-personen","9":"pa_anzahl-personen-8-personen","10":"pa_anzahl-personen-mehr-als-10-personen","11":"pa_belueftungssteuerung-vollautomatisch","12":"pa_breite-318-m","13":"pa_breite-408-m","14":"pa_breite-468-m","15":"pa_buchungstool-display-goconut-ready","16":"pa_einsatz-szenarien-buero","17":"pa_einsatz-szenarien-flughafen-bahnhof","18":"pa_einsatz-szenarien-hotel","19":"pa_einsatz-szenarien-logistik","20":"pa_einsatz-szenarien-produktion","21":"pa_einsatz-szenarien-schule-universitaet","22":"pa_farbe-konfigurierbar","23":"pa_farbe-schwarz","24":"pa_farbe-weiss","25":"pa_flex-miete-verfuegbar-auf-anfrage","26":"pa_gewicht-1-473-kg","27":"pa_gewicht-2-123-kg","28":"pa_gewicht-4-223-kg","29":"pa_hoehe-226-m","30":"pa_hoehe-256-m","31":"pa_hoehe-307-m","32":"pa_lan-kein-lan-anschluss","33":"pa_lan-lan-anschluss-als-sonderausstattung","34":"pa_lieferzeit-8-bis-12-wochen-lieferzeit","35":"pa_luftaustausch-1416-m-h-nominell","36":"pa_luftaustausch-1770-m-h-nominell","37":"pa_luftaustausch-2200-m-h-nominell","38":"pa_marke-studiobricks","39":"pa_mobilitaet-keine","40":"pa_monitorhalterung-monitorhalterung-als-sonderausstattung","41":"pa_monitorhalterung-ohne-monitorhalterung","42":"pa_preissegment-vier","43":"pa_schalldaemmung-fuenf-sterne","44":"pa_sitzen-oder-stehen-im-stehen","45":"pa_spezial-features-feuchtigkeitsbestaendig","46":"pa_spezial-features-klimaanlage","47":"pa_spezial-features-led-leuchtstreifen-on-air-signal","48":"pa_spezial-features-zertifikat-erdbebensicher","49":"pa_tiefe-288-m","50":"pa_tiefe-348-m","51":"pa_tiefe-678-m","52":"pa_verfuegbare-tisch-optionen-fixe-tischhoehe-sitzen","53":"pa_verfuegbare-tisch-optionen-ohne-tisch","54":"pa_verfuegbare-tisch-optionen-variable-tischhoehe-manuell-verstellbar","55":"pa_verwendung-konzentriertes-arbeiten","56":"pa_verwendung-meeting","57":"pa_verwendung-zusammenarbeiten","59":"first","60":"instock","61":"taxable","62":"shipping-taxable","63":"purchasable","64":"product-type-simple"},"uagb_featured_image_src":{"full":["https:\/\/99cubes.de\/wp-content\/uploads\/2024\/08\/Meetingbox-Studiobricks-TEAM-UP-Plus-clean-quad.jpg",1202,1200,false],"thumbnail":["https:\/\/99cubes.de\/wp-content\/uploads\/2024\/08\/Meetingbox-Studiobricks-TEAM-UP-Plus-clean-quad-200x200.jpg",200,200,true],"medium":["https:\/\/99cubes.de\/wp-content\/uploads\/2024\/08\/Meetingbox-Studiobricks-TEAM-UP-Plus-clean-quad-450x450.jpg",450,450,true],"medium_large":["https:\/\/99cubes.de\/wp-content\/uploads\/2024\/08\/Meetingbox-Studiobricks-TEAM-UP-Plus-clean-quad-768x767.jpg",768,767,true],"large":["https:\/\/99cubes.de\/wp-content\/uploads\/2024\/08\/Meetingbox-Studiobricks-TEAM-UP-Plus-clean-quad-1200x1198.jpg",1140,1138,true],"1536x1536":["https:\/\/99cubes.de\/wp-content\/uploads\/2024\/08\/Meetingbox-Studiobricks-TEAM-UP-Plus-clean-quad-1536x1534.jpg",1202,1200,true],"2048x2048":["https:\/\/99cubes.de\/wp-content\/uploads\/2024\/08\/Meetingbox-Studiobricks-TEAM-UP-Plus-clean-quad.jpg",1202,1200,false],"trp-custom-language-flag":["https:\/\/99cubes.de\/wp-content\/uploads\/2024\/08\/Meetingbox-Studiobricks-TEAM-UP-Plus-clean-quad-12x12.jpg",12,12,true],"botiga-extra-large":["https:\/\/99cubes.de\/wp-content\/uploads\/2024\/08\/Meetingbox-Studiobricks-TEAM-UP-Plus-clean-quad-1140x1139.jpg",1140,1139,true],"botiga-large":["https:\/\/99cubes.de\/wp-content\/uploads\/2024\/08\/Meetingbox-Studiobricks-TEAM-UP-Plus-clean-quad-920x919.jpg",920,919,true],"botiga-big":["https:\/\/99cubes.de\/wp-content\/uploads\/2024\/08\/Meetingbox-Studiobricks-TEAM-UP-Plus-clean-quad-575x574.jpg",575,574,true],"botiga-medium":["https:\/\/99cubes.de\/wp-content\/uploads\/2024\/08\/Meetingbox-Studiobricks-TEAM-UP-Plus-clean-quad-380x380.jpg",380,380,true],"botiga-header-icons":["https:\/\/99cubes.de\/wp-content\/uploads\/2024\/08\/Meetingbox-Studiobricks-TEAM-UP-Plus-clean-quad-50x50.jpg",50,50,true],"botiga-product-swatch-image":["https:\/\/99cubes.de\/wp-content\/uploads\/2024\/08\/Meetingbox-Studiobricks-TEAM-UP-Plus-clean-quad-26x26.jpg",26,26,true],"woocommerce_thumbnail":["https:\/\/99cubes.de\/wp-content\/uploads\/2024\/08\/Meetingbox-Studiobricks-TEAM-UP-Plus-clean-quad-420x420.jpg",420,420,true],"woocommerce_single":["https:\/\/99cubes.de\/wp-content\/uploads\/2024\/08\/Meetingbox-Studiobricks-TEAM-UP-Plus-clean-quad-800x799.jpg",800,799,true],"woocommerce_gallery_thumbnail":["https:\/\/99cubes.de\/wp-content\/uploads\/2024\/08\/Meetingbox-Studiobricks-TEAM-UP-Plus-clean-quad-100x100.jpg",100,100,true],"wpvr_mobile":["https:\/\/99cubes.de\/wp-content\/uploads\/2024\/08\/Meetingbox-Studiobricks-TEAM-UP-Plus-clean-quad.jpg",1202,1200,false]},"uagb_author_info":{"display_name":"frank","author_link":"https:\/\/99cubes.de\/es\/author\/"},"uagb_comment_info":0,"uagb_excerpt":"Der spanische Hersteller Studiobricks hat sich einen Namen mit hochspezialisierten L\u00f6sungen f\u00fcr die Audio- und Musikbranche gemacht. Die Wurzeln des Unternehmens liegen in einem Sektor, in dem akustische Perfektion oberste Priorit\u00e4t genie\u00dft und die Anforderungen an Schallschutz sowie Klangqualit\u00e4t weit \u00fcber das hinausgehen, was in gew\u00f6hnlichen B\u00fcroumgebungen erforderlich ist. Diese Expertise spiegelt sich auch in&hellip;","_links":{"self":[{"href":"https:\/\/99cubes.de\/es\/wp-json\/wp\/v2\/product\/2354","targetHints":{"allow":["GET"]}}],"collection":[{"href":"https:\/\/99cubes.de\/es\/wp-json\/wp\/v2\/product"}],"about":[{"href":"https:\/\/99cubes.de\/es\/wp-json\/wp\/v2\/types\/product"}],"replies":[{"embeddable":true,"href":"https:\/\/99cubes.de\/es\/wp-json\/wp\/v2\/comments?post=2354"}],"wp:featuredmedia":[{"embeddable":true,"href":"https:\/\/99cubes.de\/es\/wp-json\/wp\/v2\/media\/2375"}],"wp:attachment":[{"href":"https:\/\/99cubes.de\/es\/wp-json\/wp\/v2\/media?parent=2354"}],"wp:term":[{"taxonomy":"product_brand","embeddable":true,"href":"https:\/\/99cubes.de\/es\/wp-json\/wp\/v2\/product_brand?post=2354"},{"taxonomy":"product_cat","embeddable":true,"href":"https:\/\/99cubes.de\/es\/wp-json\/wp\/v2\/product_cat?post=2354"},{"taxonomy":"product_tag","embeddable":true,"href":"https:\/\/99cubes.de\/es\/wp-json\/wp\/v2\/product_tag?post=2354"}],"curies":[{"name":"wp","href":"https:\/\/api.w.org\/{rel}","templated":true}]}}