{"id":2388,"date":"2024-09-02T15:48:11","date_gmt":"2024-09-02T13:48:11","guid":{"rendered":"https:\/\/99cubes.de\/?post_type=product&#038;p=2388"},"modified":"2025-08-07T14:48:10","modified_gmt":"2025-08-07T12:48:10","slug":"2er-meetingbox-jetson-l2-sordina-blanca","status":"publish","type":"product","link":"https:\/\/99cubes.de\/es\/produkt\/2er-meetingbox-jetson-l2-weiss-mute\/","title":{"rendered":"Caja de reuniones de 2 plazas Jetson L2, blanca | MUTE"},"content":{"rendered":"<div class=\"su-accordion su-u-trim\">\n<div class=\"su-spoiler su-spoiler-style-default su-spoiler-icon-plus\" data-scroll-offset=\"0\" data-anchor-in-url=\"no\"><div class=\"su-spoiler-title\" tabindex=\"0\" role=\"button\"><span class=\"su-spoiler-icon\"><\/span><strong>Informaci\u00f3n sobre la serie Jetson:<\/strong><\/div><div class=\"su-spoiler-content su-u-clearfix su-u-trim\">\n<p>Las cabinas telef\u00f3nicas y de reuniones de la serie Jetson se encuentran entre nuestros productos m\u00e1s vendidos, \u00a1y con raz\u00f3n! Materiales de alta calidad, componentes duraderos y un interior bien pensado se combinan con precios favorables. Detr\u00e1s de la serie Jetson est\u00e1 el especialista polaco en ac\u00fastica MUTE, que utiliza su concentrada experiencia en dise\u00f1o y producci\u00f3n de productos para los cuatro modelos de la serie Jetson. Gracias a la reducci\u00f3n a dos colores (blanco y negro) y a muchos componentes de dise\u00f1o comunes, los altavoces ac\u00fasticos de la serie Jetson pueden preproducirse en grandes cantidades y, por tanto, siempre est\u00e1n en stock.<\/p>\n<p>La estructura de la caja de reuniones Jetson L2 es de aluminio extruido, por lo que es mucho m\u00e1s duradera y ligera que los modelos basados en paneles de madera. Combinadas con un exclusivo sistema de conexi\u00f3n a la pared sin herramientas, las cajas de la serie Jetson pueden montarse y desmontarse m\u00e1s r\u00e1pidamente que cualquier otra caja telef\u00f3nica o de reuni\u00f3n del mercado.<\/p>\n<p>Jetson L2 est\u00e1 disponible en blanco o negro, y las paredes exteriores pueden equiparse opcionalmente con estanter\u00edas adicionales o pizarras blancas. La sala de reuniones tambi\u00e9n puede equiparse con un soporte para monitor en la mesa.<\/p>\n<p>M\u00e1s informaci\u00f3n: <a href=\"https:\/\/99cubes.de\/es\/los-cubos-acusticos-de-la-serie-de-productos-jetson\/\">Los cubos ac\u00fasticos de la serie Jetson<\/a>.<\/div><\/div>\n<div class=\"su-spoiler su-spoiler-style-default su-spoiler-icon-plus su-spoiler-closed\" data-scroll-offset=\"0\" data-anchor-in-url=\"no\"><div class=\"su-spoiler-title\" tabindex=\"0\" role=\"button\"><span class=\"su-spoiler-icon\"><\/span><strong>Equipamiento:<\/strong><\/div><div class=\"su-spoiler-content su-u-clearfix su-u-trim\">\n<ul>\n<li>Sistema de ventilaci\u00f3n<\/li>\n<li>Luz LED<\/li>\n<li>Detector de presencia para ventiladores y luz<\/li>\n<li>Regleta con 2 enchufes y 2 puertos USB<\/li>\n<li>Tablero de melamina<\/li>\n<li>2x sof\u00e1 con respaldo regulable en altura<\/li>\n<li>Estante plano con barra de exposici\u00f3n e im\u00e1n, 2 ganchos<\/li>\n<li>Cable de alimentaci\u00f3n de 3 m<\/li>\n<\/ul>\n<\/div><\/div>\n<div class=\"su-spoiler su-spoiler-style-default su-spoiler-icon-plus su-spoiler-closed\" data-scroll-offset=\"0\" data-anchor-in-url=\"no\"><div class=\"su-spoiler-title\" tabindex=\"0\" role=\"button\"><span class=\"su-spoiler-icon\"><\/span><strong>Dimensiones y peso:<\/strong><\/div><div class=\"su-spoiler-content su-u-clearfix su-u-trim\">\n<ul>\n<li>Anchura (exterior \/ interior): 2150 mm \/ 2010 mm<\/li>\n<li>Profundidad (exterior \/ interior): 1000 mm \/ 860 mm + 800 mm con la puerta abierta<\/li>\n<li>Altura (exterior \/ interior): 2264 mm \/ 2102 mm<\/li>\n<li class=\"tech-specs__field\">Tablero (ancho x fondo x alto): 950 x 504 x 745<\/li>\n<li>Peso: 373 kg<\/li>\n<\/ul>\n<\/div><\/div>\n<div class=\"su-spoiler su-spoiler-style-default su-spoiler-icon-plus su-spoiler-closed\" data-scroll-offset=\"0\" data-anchor-in-url=\"no\"><div class=\"su-spoiler-title\" tabindex=\"0\" role=\"button\"><span class=\"su-spoiler-icon\"><\/span><strong>Datos ac\u00fasticos y ventilaci\u00f3n:<\/strong><\/div><div class=\"su-spoiler-content su-u-clearfix su-u-trim\">\n<ul>\n<li>Atenuaci\u00f3n de la voz de hasta 44,7 dB<\/li>\n<li>Caudal de aire: 365 m\u00b3\/h (nominal)<\/li>\n<li>Ruido de ventilaci\u00f3n exterior \/ interior: \u226436 dB \/ \u226438 dB<\/li>\n<\/ul>\n<\/div><\/div>\n<div class=\"su-spoiler su-spoiler-style-default su-spoiler-icon-plus su-spoiler-closed\" data-scroll-offset=\"0\" data-anchor-in-url=\"no\"><div class=\"su-spoiler-title\" tabindex=\"0\" role=\"button\"><span class=\"su-spoiler-icon\"><\/span><strong>Iluminaci\u00f3n:<\/strong><\/div><div class=\"su-spoiler-content su-u-clearfix su-u-trim\">\n<ul>\n<li>Luminosidad: 300 lux<\/li>\n<li>Temperatura de color: 4.000 K<\/li>\n<\/ul>\n<\/div><\/div>\n<div class=\"su-spoiler su-spoiler-style-default su-spoiler-icon-plus su-spoiler-closed\" data-scroll-offset=\"0\" data-anchor-in-url=\"no\"><div class=\"su-spoiler-title\" tabindex=\"0\" role=\"button\"><span class=\"su-spoiler-icon\"><\/span><strong>Toma de corriente m\u00faltiple:<\/strong><\/div><div class=\"su-spoiler-content su-u-clearfix su-u-trim\">\n<ul>\n<li>Tensi\u00f3n de alimentaci\u00f3n: 220-240 \/ 100-120 VCA, 50-60 Hz<\/li>\n<li>Tomas: 2<\/li>\n<li>Cargador r\u00e1pido USB: TUF A+C 25 W, 5 V CC<\/li>\n<li>Color: Negro<\/li>\n<\/ul>\n<\/div><\/div>\n<\/div>","protected":false},"excerpt":{"rendered":"<p>La caja de reuniones de 2 plazas Jetson L2 ha sido dise\u00f1ada por el especialista en ac\u00fastica y fabricante de alta gama MUTE y viene a llenar un vac\u00edo en la familia de productos Jetson. Con una profundidad de exactamente un metro, la Jetson L2 es m\u00e1s estrecha que su hermana mayor, la Jetson L4, pero por lo dem\u00e1s est\u00e1 equipada de forma casi id\u00e9ntica. Una soluci\u00f3n ideal para quien busca una caja de reuniones pero dispone de poco espacio. Los ventajosos precios son posibles gracias a su inteligente dise\u00f1o: la Jetson L2 tiene la misma profundidad que la Jetson S1 y la misma anchura que la Jetson L4, por lo que muchos componentes son id\u00e9nticos y pueden preproducirse de forma rentable en grandes cantidades.<\/p>\n<p>Las caracter\u00edsticas especialmente pr\u00e1cticas incluidas en el volumen de suministro est\u00e1ndar incluyen<\/p>\n<ul>\n<li>C\u00f3modo sof\u00e1 tapizado a ambos lados con respaldo regulable en altura<\/li>\n<li>Equipamiento interior con estante estrecho de pared, banda magn\u00e9tica y percheros<\/li>\n<li>Conexi\u00f3n de alimentaci\u00f3n y cargador USB (tipo A + C) directamente debajo del tablero de la mesa<\/li>\n<\/ul>\n<p>El Jetson L2 destaca por su excelente relaci\u00f3n calidad-precio, que caracteriza a toda la familia de productos Jetson.<\/p>","protected":false},"featured_media":2436,"comment_status":"open","ping_status":"closed","template":"","meta":{"content-type":"","_uag_custom_page_level_css":""},"product_brand":[],"product_cat":[60],"product_tag":[],"class_list":{"0":"post-2388","1":"product","2":"type-product","3":"status-publish","4":"has-post-thumbnail","6":"product_cat-meetingboxen","7":"pa_anzahl-personen-2-personen","8":"pa_belueftungssteuerung-individuell-steuerbar","9":"pa_belueftungssteuerung-vollautomatisch","10":"pa_breite-215-m","11":"pa_buchungstool-display-goconut-ready","12":"pa_einsatz-szenarien-buero","13":"pa_einsatz-szenarien-einzelhandel","14":"pa_einsatz-szenarien-hotel","15":"pa_einsatz-szenarien-schule-universitaet","16":"pa_farbe-weiss","17":"pa_flex-miete-verfuegbar-ja","18":"pa_gewicht-373-kg","19":"pa_hoehe-227-m","20":"pa_lan-kein-lan-anschluss","21":"pa_lan-lan-anschluss-als-sonderausstattung","22":"pa_lieferzeit-2-wochen-lieferzeit","23":"pa_luftaustausch-365-m-h-nominell","24":"pa_marke-mute","25":"pa_mobilitaet-keine","26":"pa_mobilitaet-mit-integrierten-bodenrollen","27":"pa_monitorhalterung-monitorhalterung-als-sonderausstattung","28":"pa_monitorhalterung-ohne-monitorhalterung","29":"pa_preissegment-zwei","30":"pa_schalldaemmung-drei-sterne","31":"pa_sitzen-oder-stehen-im-sitzen-niedrig-mit-stuhl-oder-bank","32":"pa_spezial-features-buecherregal-option","33":"pa_spezial-features-white-board-option","34":"pa_tiefe-100-m","35":"pa_verfuegbare-tisch-optionen-fixe-tischhoehe-sitzen","36":"pa_verwendung-konzentriertes-arbeiten","37":"pa_verwendung-meeting","38":"pa_verwendung-telefonieren","39":"pa_verwendung-video-call","41":"first","42":"instock","43":"taxable","44":"shipping-taxable","45":"purchasable","46":"product-type-simple"},"uagb_featured_image_src":{"full":["https:\/\/99cubes.de\/wp-content\/uploads\/2024\/09\/MUTE-Jetson-L2-frontal-temp.jpg",1200,1200,false],"thumbnail":["https:\/\/99cubes.de\/wp-content\/uploads\/2024\/09\/MUTE-Jetson-L2-frontal-temp-200x200.jpg",200,200,true],"medium":["https:\/\/99cubes.de\/wp-content\/uploads\/2024\/09\/MUTE-Jetson-L2-frontal-temp-450x450.jpg",450,450,true],"medium_large":["https:\/\/99cubes.de\/wp-content\/uploads\/2024\/09\/MUTE-Jetson-L2-frontal-temp-768x768.jpg",768,768,true],"large":["https:\/\/99cubes.de\/wp-content\/uploads\/2024\/09\/MUTE-Jetson-L2-frontal-temp-1200x1200.jpg",1140,1140,true],"1536x1536":["https:\/\/99cubes.de\/wp-content\/uploads\/2024\/09\/MUTE-Jetson-L2-frontal-temp-1536x1536.jpg",1200,1200,true],"2048x2048":["https:\/\/99cubes.de\/wp-content\/uploads\/2024\/09\/MUTE-Jetson-L2-frontal-temp.jpg",1200,1200,false],"trp-custom-language-flag":["https:\/\/99cubes.de\/wp-content\/uploads\/2024\/09\/MUTE-Jetson-L2-frontal-temp-12x12.jpg",12,12,true],"botiga-extra-large":["https:\/\/99cubes.de\/wp-content\/uploads\/2024\/09\/MUTE-Jetson-L2-frontal-temp-1140x1140.jpg",1140,1140,true],"botiga-large":["https:\/\/99cubes.de\/wp-content\/uploads\/2024\/09\/MUTE-Jetson-L2-frontal-temp-920x920.jpg",920,920,true],"botiga-big":["https:\/\/99cubes.de\/wp-content\/uploads\/2024\/09\/MUTE-Jetson-L2-frontal-temp-575x575.jpg",575,575,true],"botiga-medium":["https:\/\/99cubes.de\/wp-content\/uploads\/2024\/09\/MUTE-Jetson-L2-frontal-temp-380x380.jpg",380,380,true],"botiga-header-icons":["https:\/\/99cubes.de\/wp-content\/uploads\/2024\/09\/MUTE-Jetson-L2-frontal-temp-50x50.jpg",50,50,true],"botiga-product-swatch-image":["https:\/\/99cubes.de\/wp-content\/uploads\/2024\/09\/MUTE-Jetson-L2-frontal-temp-26x26.jpg",26,26,true],"woocommerce_thumbnail":["https:\/\/99cubes.de\/wp-content\/uploads\/2024\/09\/MUTE-Jetson-L2-frontal-temp-420x420.jpg",420,420,true],"woocommerce_single":["https:\/\/99cubes.de\/wp-content\/uploads\/2024\/09\/MUTE-Jetson-L2-frontal-temp-800x800.jpg",800,800,true],"woocommerce_gallery_thumbnail":["https:\/\/99cubes.de\/wp-content\/uploads\/2024\/09\/MUTE-Jetson-L2-frontal-temp-100x100.jpg",100,100,true],"wpvr_mobile":["https:\/\/99cubes.de\/wp-content\/uploads\/2024\/09\/MUTE-Jetson-L2-frontal-temp.jpg",1200,1200,false]},"uagb_author_info":{"display_name":"frank","author_link":"https:\/\/99cubes.de\/es\/author\/"},"uagb_comment_info":1,"uagb_excerpt":"Die 2er-Meetingbox Jetson L2 wurde vom Akustik-Spezialisten und Premium-Hersteller MUTE designt und f\u00fcllt eine bisherige L\u00fccke in der Jetson-Produktfamilie. Mit exakt einem Meter Tiefe ist die Jetson L2 schmaler als ihr gr\u00f6\u00dferer Bruder Jetson L4, ansonsten aber nahezu identisch ausgestattet. Eine ideale L\u00f6sung f\u00fcr alle, die auf der Suche nach einer\u00a0 Meetingbox sind, aber wenig&hellip;","_links":{"self":[{"href":"https:\/\/99cubes.de\/es\/wp-json\/wp\/v2\/product\/2388","targetHints":{"allow":["GET"]}}],"collection":[{"href":"https:\/\/99cubes.de\/es\/wp-json\/wp\/v2\/product"}],"about":[{"href":"https:\/\/99cubes.de\/es\/wp-json\/wp\/v2\/types\/product"}],"replies":[{"embeddable":true,"href":"https:\/\/99cubes.de\/es\/wp-json\/wp\/v2\/comments?post=2388"}],"wp:featuredmedia":[{"embeddable":true,"href":"https:\/\/99cubes.de\/es\/wp-json\/wp\/v2\/media\/2436"}],"wp:attachment":[{"href":"https:\/\/99cubes.de\/es\/wp-json\/wp\/v2\/media?parent=2388"}],"wp:term":[{"taxonomy":"product_brand","embeddable":true,"href":"https:\/\/99cubes.de\/es\/wp-json\/wp\/v2\/product_brand?post=2388"},{"taxonomy":"product_cat","embeddable":true,"href":"https:\/\/99cubes.de\/es\/wp-json\/wp\/v2\/product_cat?post=2388"},{"taxonomy":"product_tag","embeddable":true,"href":"https:\/\/99cubes.de\/es\/wp-json\/wp\/v2\/product_tag?post=2388"}],"curies":[{"name":"wp","href":"https:\/\/api.w.org\/{rel}","templated":true}]}}