{"id":2440,"date":"2024-09-10T11:13:52","date_gmt":"2024-09-10T09:13:52","guid":{"rendered":"https:\/\/99cubes.de\/?post_type=product&#038;p=2440"},"modified":"2025-08-07T14:45:07","modified_gmt":"2025-08-07T12:45:07","slug":"caja-de-trabajo-jetson-m1-sordina-blanca","status":"publish","type":"product","link":"https:\/\/99cubes.de\/es\/produkt\/arbeitsbox-jetson-m1-weiss-mute\/","title":{"rendered":"Jetson M1 workbox, blanco | MUTE"},"content":{"rendered":"<div class=\"su-accordion su-u-trim\">\n<div class=\"su-spoiler su-spoiler-style-default su-spoiler-icon-plus\" data-scroll-offset=\"0\" data-anchor-in-url=\"no\"><div class=\"su-spoiler-title\" tabindex=\"0\" role=\"button\"><span class=\"su-spoiler-icon\"><\/span><strong>Informaci\u00f3n sobre la serie Jetson:<\/strong><\/div><div class=\"su-spoiler-content su-u-clearfix su-u-trim\">\n<p>Las cabinas telef\u00f3nicas y de reuniones de la serie Jetson se encuentran entre nuestros productos m\u00e1s vendidos, \u00a1y con raz\u00f3n! Materiales de alta calidad, componentes duraderos y un interior bien pensado se combinan con precios favorables. Detr\u00e1s de la serie Jetson est\u00e1 el especialista polaco en ac\u00fastica MUTE, que utiliza su concentrada experiencia en dise\u00f1o y producci\u00f3n de productos para los cuatro modelos de la serie Jetson. Gracias a la reducci\u00f3n a dos colores (blanco y negro) y a muchos componentes de dise\u00f1o comunes, los altavoces ac\u00fasticos de la serie Jetson pueden preproducirse en grandes cantidades y, por tanto, siempre est\u00e1n en stock.<\/p>\n<p>La estructura de la caja de trabajo Jetson M1 es de aluminio extruido, por lo que es mucho m\u00e1s duradera y ligera que los modelos basados en paneles de madera. Combinadas con un exclusivo sistema de conexi\u00f3n a la pared sin herramientas, las cajas de la serie Jetson pueden montarse y desmontarse con mayor rapidez que cualquier otra caja telef\u00f3nica o de reuniones del mercado.<\/p>\n<p>Jetson M1 est\u00e1 disponible en blanco o negro, y las paredes exteriores pueden equiparse opcionalmente con estanter\u00edas adicionales o pizarras blancas. La caja de trabajo tambi\u00e9n puede equiparse con un soporte para monitor en la pared, encima del escritorio.<\/p>\n<p>M\u00e1s informaci\u00f3n: <a href=\"https:\/\/99cubes.de\/es\/los-cubos-acusticos-de-la-serie-de-productos-jetson\/\">Los cubos ac\u00fasticos de la serie Jetson<\/a>.<\/div><\/div>\n<div class=\"su-spoiler su-spoiler-style-default su-spoiler-icon-plus su-spoiler-closed\" data-scroll-offset=\"0\" data-anchor-in-url=\"no\"><div class=\"su-spoiler-title\" tabindex=\"0\" role=\"button\"><span class=\"su-spoiler-icon\"><\/span><strong>Equipamiento:<\/strong><\/div><div class=\"su-spoiler-content su-u-clearfix su-u-trim\">\n<ul>\n<li>Sistema de ventilaci\u00f3n<\/li>\n<li>Luz LED<\/li>\n<li>Detector de presencia para ventiladores y luz<\/li>\n<li>Regleta con 2 enchufes y 2 puertos USB<\/li>\n<li>Tablero de melamina<\/li>\n<li>Estante plano con barra de exposici\u00f3n e im\u00e1n, 2 ganchos<\/li>\n<li>Cable de alimentaci\u00f3n de 3 m<\/li>\n<\/ul>\n<\/div><\/div>\n<div class=\"su-spoiler su-spoiler-style-default su-spoiler-icon-plus su-spoiler-closed\" data-scroll-offset=\"0\" data-anchor-in-url=\"no\"><div class=\"su-spoiler-title\" tabindex=\"0\" role=\"button\"><span class=\"su-spoiler-icon\"><\/span><strong>Dimensiones y peso:<\/strong><\/div><div class=\"su-spoiler-content su-u-clearfix su-u-trim\">\n<ul>\n<li>Anchura (exterior \/ interior): 1575 mm \/ 1435 mm<\/li>\n<li>Profundidad (exterior \/ interior): 1000 mm \/ 860 mm + 800 mm con la puerta abierta<\/li>\n<li>Altura (exterior \/ interior): 2264 mm \/ 2102 mm<\/li>\n<li class=\"tech-specs__field\">Tablero (ancho x fondo x alto): 855 x 600 x 735<\/li>\n<li>Peso: 275 kg<\/li>\n<\/ul>\n<\/div><\/div>\n<div class=\"su-spoiler su-spoiler-style-default su-spoiler-icon-plus su-spoiler-closed\" data-scroll-offset=\"0\" data-anchor-in-url=\"no\"><div class=\"su-spoiler-title\" tabindex=\"0\" role=\"button\"><span class=\"su-spoiler-icon\"><\/span><strong>Datos ac\u00fasticos y ventilaci\u00f3n:<\/strong><\/div><div class=\"su-spoiler-content su-u-clearfix su-u-trim\">\n<ul>\n<li>Atenuaci\u00f3n de la voz de hasta 44,7 dB<\/li>\n<li>Caudal de aire: 365 m\u00b3\/h (nominal)<\/li>\n<li>Ruido de ventilaci\u00f3n exterior \/ interior: \u226436 dB \/ \u226438 dB<\/li>\n<\/ul>\n<\/div><\/div>\n<div class=\"su-spoiler su-spoiler-style-default su-spoiler-icon-plus su-spoiler-closed\" data-scroll-offset=\"0\" data-anchor-in-url=\"no\"><div class=\"su-spoiler-title\" tabindex=\"0\" role=\"button\"><span class=\"su-spoiler-icon\"><\/span><strong>Iluminaci\u00f3n:<\/strong><\/div><div class=\"su-spoiler-content su-u-clearfix su-u-trim\">\n<ul>\n<li>Luminosidad: 300 lux<\/li>\n<li>Temperatura de color: 4.000 K<\/li>\n<\/ul>\n<\/div><\/div>\n<div class=\"su-spoiler su-spoiler-style-default su-spoiler-icon-plus su-spoiler-closed\" data-scroll-offset=\"0\" data-anchor-in-url=\"no\"><div class=\"su-spoiler-title\" tabindex=\"0\" role=\"button\"><span class=\"su-spoiler-icon\"><\/span><strong>Toma de corriente m\u00faltiple:<\/strong><\/div><div class=\"su-spoiler-content su-u-clearfix su-u-trim\">\n<ul>\n<li>Tensi\u00f3n de alimentaci\u00f3n: 220-240 \/ 100-120 VCA, 50-60 Hz<\/li>\n<li>Tomas: 2<\/li>\n<li>Cargador r\u00e1pido USB: TUF A+C 25 W, 5 V CC<\/li>\n<li>Color: Negro<\/li>\n<\/ul>\n<\/div><\/div>\n<\/div>","protected":false},"excerpt":{"rendered":"<p>La caja de trabajo Jetson M1 ha sido dise\u00f1ada por el especialista en ac\u00fastica y fabricante de alta gama MUTE y viene a llenar un vac\u00edo existente en la familia de productos Jetson como caja insonorizada para el trabajo concentrado. En comparaci\u00f3n con la caja telef\u00f3nica Jetson S1, la caja de trabajo Jetson M1 es ligeramente m\u00e1s ancha y est\u00e1 equipada con un escritorio a la altura del asiento. Los precios favorables son posibles gracias a un dise\u00f1o inteligente: la Jetson M1 tiene la misma profundidad que la Jetson S1. Por tanto, muchos componentes son id\u00e9nticos y se pueden preproducir de forma rentable en grandes cantidades.<\/p>\n<p>Las caracter\u00edsticas especialmente pr\u00e1cticas incluidas en el volumen de suministro est\u00e1ndar incluyen<\/p>\n<ul>\n<li>Escritorio en melamina de roble<\/li>\n<li>Equipamiento interior con estante estrecho de pared, banda magn\u00e9tica y percheros<\/li>\n<li>Conexi\u00f3n de alimentaci\u00f3n y cargador USB (tipo A + C) directamente en el tablero de la mesa<\/li>\n<\/ul>\n<p>La Jetson M1 destaca por su excelente relaci\u00f3n calidad-precio, que caracteriza a toda la familia de productos Jetson.<\/p>","protected":false},"featured_media":2467,"comment_status":"open","ping_status":"closed","template":"","meta":{"content-type":"","_uag_custom_page_level_css":""},"product_brand":[],"product_cat":[180],"product_tag":[],"class_list":{"0":"post-2440","1":"product","2":"type-product","3":"status-publish","4":"has-post-thumbnail","6":"product_cat-arbeitsbox","7":"pa_anzahl-personen-1-person","8":"pa_belueftungssteuerung-individuell-steuerbar","9":"pa_belueftungssteuerung-vollautomatisch","10":"pa_breite-1575-m","11":"pa_buchungstool-display-goconut-ready","12":"pa_einsatz-szenarien-buero","13":"pa_einsatz-szenarien-einzelhandel","14":"pa_einsatz-szenarien-hotel","15":"pa_einsatz-szenarien-schule-universitaet","16":"pa_farbe-weiss","17":"pa_flex-miete-verfuegbar-ja","18":"pa_gewicht-275-kg","19":"pa_hoehe-227-m","20":"pa_lan-kein-lan-anschluss","21":"pa_lan-lan-anschluss-als-sonderausstattung","22":"pa_lieferzeit-2-wochen-lieferzeit","23":"pa_luftaustausch-365-m-h-nominell","24":"pa_marke-mute","25":"pa_mobilitaet-keine","26":"pa_mobilitaet-mit-integrierten-bodenrollen","27":"pa_monitorhalterung-monitorhalterung-als-sonderausstattung","28":"pa_monitorhalterung-ohne-monitorhalterung","29":"pa_preissegment-zwei","30":"pa_schalldaemmung-drei-sterne","31":"pa_sitzen-oder-stehen-im-sitzen-niedrig-mit-stuhl-oder-bank","32":"pa_spezial-features-buecherregal-option","33":"pa_spezial-features-white-board-option","34":"pa_tiefe-100-m","35":"pa_verfuegbare-tisch-optionen-fixe-tischhoehe-sitzen","36":"pa_verwendung-konzentriertes-arbeiten","37":"pa_verwendung-telefonieren","38":"pa_verwendung-video-call","40":"first","41":"instock","42":"taxable","43":"shipping-taxable","44":"purchasable","45":"product-type-simple"},"uagb_featured_image_src":{"full":["https:\/\/99cubes.de\/wp-content\/uploads\/2024\/09\/99cubes-MUTE-Jetson-M1-quad-white.jpg",1211,1200,false],"thumbnail":["https:\/\/99cubes.de\/wp-content\/uploads\/2024\/09\/99cubes-MUTE-Jetson-M1-quad-white-200x200.jpg",200,200,true],"medium":["https:\/\/99cubes.de\/wp-content\/uploads\/2024\/09\/99cubes-MUTE-Jetson-M1-quad-white-450x446.jpg",450,446,true],"medium_large":["https:\/\/99cubes.de\/wp-content\/uploads\/2024\/09\/99cubes-MUTE-Jetson-M1-quad-white-768x761.jpg",768,761,true],"large":["https:\/\/99cubes.de\/wp-content\/uploads\/2024\/09\/99cubes-MUTE-Jetson-M1-quad-white-1200x1189.jpg",1140,1130,true],"1536x1536":["https:\/\/99cubes.de\/wp-content\/uploads\/2024\/09\/99cubes-MUTE-Jetson-M1-quad-white.jpg",1211,1200,false],"2048x2048":["https:\/\/99cubes.de\/wp-content\/uploads\/2024\/09\/99cubes-MUTE-Jetson-M1-quad-white.jpg",1211,1200,false],"trp-custom-language-flag":["https:\/\/99cubes.de\/wp-content\/uploads\/2024\/09\/99cubes-MUTE-Jetson-M1-quad-white-12x12.jpg",12,12,true],"botiga-extra-large":["https:\/\/99cubes.de\/wp-content\/uploads\/2024\/09\/99cubes-MUTE-Jetson-M1-quad-white-1140x1129.jpg",1140,1129,true],"botiga-large":["https:\/\/99cubes.de\/wp-content\/uploads\/2024\/09\/99cubes-MUTE-Jetson-M1-quad-white-920x911.jpg",920,911,true],"botiga-big":["https:\/\/99cubes.de\/wp-content\/uploads\/2024\/09\/99cubes-MUTE-Jetson-M1-quad-white-575x570.jpg",575,570,true],"botiga-medium":["https:\/\/99cubes.de\/wp-content\/uploads\/2024\/09\/99cubes-MUTE-Jetson-M1-quad-white-380x376.jpg",380,376,true],"botiga-header-icons":["https:\/\/99cubes.de\/wp-content\/uploads\/2024\/09\/99cubes-MUTE-Jetson-M1-quad-white-50x50.jpg",50,50,true],"botiga-product-swatch-image":["https:\/\/99cubes.de\/wp-content\/uploads\/2024\/09\/99cubes-MUTE-Jetson-M1-quad-white-26x26.jpg",26,26,true],"woocommerce_thumbnail":["https:\/\/99cubes.de\/wp-content\/uploads\/2024\/09\/99cubes-MUTE-Jetson-M1-quad-white-420x420.jpg",420,420,true],"woocommerce_single":["https:\/\/99cubes.de\/wp-content\/uploads\/2024\/09\/99cubes-MUTE-Jetson-M1-quad-white-800x793.jpg",800,793,true],"woocommerce_gallery_thumbnail":["https:\/\/99cubes.de\/wp-content\/uploads\/2024\/09\/99cubes-MUTE-Jetson-M1-quad-white-100x100.jpg",100,100,true],"wpvr_mobile":["https:\/\/99cubes.de\/wp-content\/uploads\/2024\/09\/99cubes-MUTE-Jetson-M1-quad-white.jpg",1211,1200,false]},"uagb_author_info":{"display_name":"frank","author_link":"https:\/\/99cubes.de\/es\/author\/"},"uagb_comment_info":1,"uagb_excerpt":"Die Arbeitsbox Jetson M1 wurde vom Akustik-Spezialisten und Premium-Hersteller MUTE designt und f\u00fcllt als schallgesch\u00fctzte Box f\u00fcr konzentriertes Arbeiten eine bisherige L\u00fccke in der Jetson-Produktfamilie. Im Vergleich zur Telefonbox Jetson S1 ist die Arbeitsbox Jetson M1 etwas breiter und mit einem Schreibtisch in Sitzh\u00f6he ausgestattet. Die g\u00fcnstigen Preise werden durch die clevere Konstruktion erm\u00f6glicht: Die&hellip;","_links":{"self":[{"href":"https:\/\/99cubes.de\/es\/wp-json\/wp\/v2\/product\/2440","targetHints":{"allow":["GET"]}}],"collection":[{"href":"https:\/\/99cubes.de\/es\/wp-json\/wp\/v2\/product"}],"about":[{"href":"https:\/\/99cubes.de\/es\/wp-json\/wp\/v2\/types\/product"}],"replies":[{"embeddable":true,"href":"https:\/\/99cubes.de\/es\/wp-json\/wp\/v2\/comments?post=2440"}],"wp:featuredmedia":[{"embeddable":true,"href":"https:\/\/99cubes.de\/es\/wp-json\/wp\/v2\/media\/2467"}],"wp:attachment":[{"href":"https:\/\/99cubes.de\/es\/wp-json\/wp\/v2\/media?parent=2440"}],"wp:term":[{"taxonomy":"product_brand","embeddable":true,"href":"https:\/\/99cubes.de\/es\/wp-json\/wp\/v2\/product_brand?post=2440"},{"taxonomy":"product_cat","embeddable":true,"href":"https:\/\/99cubes.de\/es\/wp-json\/wp\/v2\/product_cat?post=2440"},{"taxonomy":"product_tag","embeddable":true,"href":"https:\/\/99cubes.de\/es\/wp-json\/wp\/v2\/product_tag?post=2440"}],"curies":[{"name":"wp","href":"https:\/\/api.w.org\/{rel}","templated":true}]}}