{"id":2537,"date":"2024-09-26T18:45:43","date_gmt":"2024-09-26T16:45:43","guid":{"rendered":"https:\/\/99cubes.de\/?post_type=product&#038;p=2537"},"modified":"2025-07-10T11:11:28","modified_gmt":"2025-07-10T09:11:28","slug":"mute-salon-modular-3x1-abierto-2-personas-mute","status":"publish","type":"product","link":"https:\/\/99cubes.de\/es\/produkt\/mute-modular-lounge-3x1-offen-2-personen-mute\/","title":{"rendered":"MUTE Modular | Sal\u00f3n 3\u00d71 | Abierto | 2 personas"},"content":{"rendered":"<p>Estaremos encantados de asesorarle sobre las m\u00faltiples posibilidades de MUTE Modular.<\/p>\n<p><strong>M\u00e1s recursos sobre MUTE Modular:<\/strong><\/p>\n<ul>\n<li><a href=\"https:\/\/99cubes.de\/es\/sala-en-sala-sistema-mute-modular\/\">Resumen de la serie de productos MUTE Modular<\/a><\/li>\n<li><a href=\"https:\/\/99cubes.de\/es\/sala-en-sala-sistema-mute-modular\/#erkunden\">Sala de exposici\u00f3n virtual de MUTE Modular<\/a><\/li>\n<li><a href=\"https:\/\/99cubes.de\/es\/sala-en-sala-sistema-mute-modular\/#bookofrooms\">Descargar el folleto \u201eLibro de Habitaciones\u201c<\/a><\/li>\n<li><a href=\"https:\/\/99cubes.de\/es\/sala-en-sala-sistema-mute-modular\/#farbwelt\">Los siete mundos crom\u00e1ticos de MUTE Modular<\/a><\/li>\n<li><a href=\"https:\/\/99cubes.de\/es\/sala-en-sala-sistema-mute-modular\/#preisrechner\">MUTE Modular calculadora de precios<\/a><\/li>\n<\/ul>","protected":false},"excerpt":{"rendered":"[mute_modular_text]\n","protected":false},"featured_media":2843,"comment_status":"open","ping_status":"closed","template":"","meta":{"content-type":"","_uag_custom_page_level_css":""},"product_brand":[],"product_cat":[66],"product_tag":[],"class_list":{"0":"post-2537","1":"product","2":"type-product","3":"status-publish","4":"has-post-thumbnail","6":"product_cat-raum-in-raum-system","7":"pa_anzahl-personen-2-personen","8":"pa_marke-mute","10":"first","11":"instock","12":"taxable","13":"shipping-taxable","14":"purchasable","15":"product-type-simple"},"uagb_featured_image_src":{"full":["https:\/\/99cubes.de\/wp-content\/uploads\/2024\/09\/99cubes-MUTE-Modular-Beispiel-Raum-lounge-3x1-p2.v1.O.jpg",1200,1204,false],"thumbnail":["https:\/\/99cubes.de\/wp-content\/uploads\/2024\/09\/99cubes-MUTE-Modular-Beispiel-Raum-lounge-3x1-p2.v1.O-200x200.jpg",200,200,true],"medium":["https:\/\/99cubes.de\/wp-content\/uploads\/2024\/09\/99cubes-MUTE-Modular-Beispiel-Raum-lounge-3x1-p2.v1.O-448x450.jpg",448,450,true],"medium_large":["https:\/\/99cubes.de\/wp-content\/uploads\/2024\/09\/99cubes-MUTE-Modular-Beispiel-Raum-lounge-3x1-p2.v1.O-768x771.jpg",768,771,true],"large":["https:\/\/99cubes.de\/wp-content\/uploads\/2024\/09\/99cubes-MUTE-Modular-Beispiel-Raum-lounge-3x1-p2.v1.O-1196x1200.jpg",1140,1144,true],"1536x1536":["https:\/\/99cubes.de\/wp-content\/uploads\/2024\/09\/99cubes-MUTE-Modular-Beispiel-Raum-lounge-3x1-p2.v1.O-1530x1536.jpg",1200,1205,true],"2048x2048":["https:\/\/99cubes.de\/wp-content\/uploads\/2024\/09\/99cubes-MUTE-Modular-Beispiel-Raum-lounge-3x1-p2.v1.O.jpg",1200,1204,false],"trp-custom-language-flag":["https:\/\/99cubes.de\/wp-content\/uploads\/2024\/09\/99cubes-MUTE-Modular-Beispiel-Raum-lounge-3x1-p2.v1.O-12x12.jpg",12,12,true],"botiga-extra-large":["https:\/\/99cubes.de\/wp-content\/uploads\/2024\/09\/99cubes-MUTE-Modular-Beispiel-Raum-lounge-3x1-p2.v1.O-1140x1144.jpg",1140,1144,true],"botiga-large":["https:\/\/99cubes.de\/wp-content\/uploads\/2024\/09\/99cubes-MUTE-Modular-Beispiel-Raum-lounge-3x1-p2.v1.O-920x923.jpg",920,923,true],"botiga-big":["https:\/\/99cubes.de\/wp-content\/uploads\/2024\/09\/99cubes-MUTE-Modular-Beispiel-Raum-lounge-3x1-p2.v1.O-575x577.jpg",575,577,true],"botiga-medium":["https:\/\/99cubes.de\/wp-content\/uploads\/2024\/09\/99cubes-MUTE-Modular-Beispiel-Raum-lounge-3x1-p2.v1.O-380x381.jpg",380,381,true],"botiga-header-icons":["https:\/\/99cubes.de\/wp-content\/uploads\/2024\/09\/99cubes-MUTE-Modular-Beispiel-Raum-lounge-3x1-p2.v1.O-50x50.jpg",50,50,true],"botiga-product-swatch-image":["https:\/\/99cubes.de\/wp-content\/uploads\/2024\/09\/99cubes-MUTE-Modular-Beispiel-Raum-lounge-3x1-p2.v1.O-26x26.jpg",26,26,true],"woocommerce_thumbnail":["https:\/\/99cubes.de\/wp-content\/uploads\/2024\/09\/99cubes-MUTE-Modular-Beispiel-Raum-lounge-3x1-p2.v1.O-420x420.jpg",420,420,true],"woocommerce_single":["https:\/\/99cubes.de\/wp-content\/uploads\/2024\/09\/99cubes-MUTE-Modular-Beispiel-Raum-lounge-3x1-p2.v1.O-800x803.jpg",800,803,true],"woocommerce_gallery_thumbnail":["https:\/\/99cubes.de\/wp-content\/uploads\/2024\/09\/99cubes-MUTE-Modular-Beispiel-Raum-lounge-3x1-p2.v1.O-100x100.jpg",100,100,true],"wpvr_mobile":["https:\/\/99cubes.de\/wp-content\/uploads\/2024\/09\/99cubes-MUTE-Modular-Beispiel-Raum-lounge-3x1-p2.v1.O.jpg",1200,1204,false]},"uagb_author_info":{"display_name":"frank","author_link":"https:\/\/99cubes.de\/es\/author\/"},"uagb_comment_info":0,"uagb_excerpt":"[mute_modular_text]","_links":{"self":[{"href":"https:\/\/99cubes.de\/es\/wp-json\/wp\/v2\/product\/2537","targetHints":{"allow":["GET"]}}],"collection":[{"href":"https:\/\/99cubes.de\/es\/wp-json\/wp\/v2\/product"}],"about":[{"href":"https:\/\/99cubes.de\/es\/wp-json\/wp\/v2\/types\/product"}],"replies":[{"embeddable":true,"href":"https:\/\/99cubes.de\/es\/wp-json\/wp\/v2\/comments?post=2537"}],"wp:featuredmedia":[{"embeddable":true,"href":"https:\/\/99cubes.de\/es\/wp-json\/wp\/v2\/media\/2843"}],"wp:attachment":[{"href":"https:\/\/99cubes.de\/es\/wp-json\/wp\/v2\/media?parent=2537"}],"wp:term":[{"taxonomy":"product_brand","embeddable":true,"href":"https:\/\/99cubes.de\/es\/wp-json\/wp\/v2\/product_brand?post=2537"},{"taxonomy":"product_cat","embeddable":true,"href":"https:\/\/99cubes.de\/es\/wp-json\/wp\/v2\/product_cat?post=2537"},{"taxonomy":"product_tag","embeddable":true,"href":"https:\/\/99cubes.de\/es\/wp-json\/wp\/v2\/product_tag?post=2537"}],"curies":[{"name":"wp","href":"https:\/\/api.w.org\/{rel}","templated":true}]}}