{"id":2831,"date":"2024-10-01T11:06:23","date_gmt":"2024-10-01T09:06:23","guid":{"rendered":"https:\/\/99cubes.de\/?post_type=product&#038;p=2831"},"modified":"2026-03-12T11:32:11","modified_gmt":"2026-03-12T10:32:11","slug":"cabina-telefonica-bosselino-uno-bosse","status":"publish","type":"product","link":"https:\/\/99cubes.de\/es\/produkt\/telefonbox-bosselino-uno-bosse\/","title":{"rendered":"Cabina telef\u00f3nica Bosselino Uno | Bosse"},"content":{"rendered":"<div class=\"su-accordion su-u-trim\">\n<div class=\"su-spoiler su-spoiler-style-default su-spoiler-icon-plus\" data-scroll-offset=\"0\" data-anchor-in-url=\"no\"><div class=\"su-spoiler-title\" tabindex=\"0\" role=\"button\"><span class=\"su-spoiler-icon\"><\/span><strong>Informaci\u00f3n sobre la serie Bosselino<\/strong><\/div><div class=\"su-spoiler-content su-u-clearfix su-u-trim\">\n<p>Bosse ha sido pionera en el campo de los sistemas habitaci\u00f3n por habitaci\u00f3n desde los a\u00f1os 90 y ahora cuenta con d\u00e9cadas de experiencia en la estructuraci\u00f3n de oficinas di\u00e1fanas. Tras el \u00e9xito de la cabina telef\u00f3nica Bosselino (negra), Bosse ha reeditado este producto en colores m\u00e1s claros. La serie de productos se compone actualmente de la caja telef\u00f3nica \u201eBosselino Uno\u201c y la caja de reuniones \u201eBosselino Duo\u201c, dise\u00f1ada para dos personas.<\/p>\n<p><strong>Producci\u00f3n clim\u00e1ticamente neutra:<\/strong>\u00a0La gama de productos Bosselino se fabrica en Alemania con neutralidad clim\u00e1tica.<\/p>\n<\/div><\/div>\n<div class=\"su-spoiler su-spoiler-style-default su-spoiler-icon-plus su-spoiler-closed\" data-scroll-offset=\"0\" data-anchor-in-url=\"no\"><div class=\"su-spoiler-title\" tabindex=\"0\" role=\"button\"><span class=\"su-spoiler-icon\"><\/span><strong>Equipamiento:<\/strong><\/div><div class=\"su-spoiler-content su-u-clearfix su-u-trim\">\n<ul>\n<li>Instalaci\u00f3n el\u00e9ctrica mediante sistema Plug &amp; Play<\/li>\n<li>Ventilaci\u00f3n integrada e iluminaci\u00f3n LED<\/li>\n<li>Carga USB A+C (65 W \/ apto para port\u00e1tiles) | A partir del a\u00f1o de modelo 2026-04, todos los modelos Bosselino Uno se suministrar\u00e1n \u00fanicamente con funci\u00f3n de carga USB. Se admite el suministro de energ\u00eda a trav\u00e9s de USB-C hasta 65 vatios (sin toma de tierra en el interior).<\/li>\n<li>Puerta de cristal de 8 mm ESG<\/li>\n<li>720 x 330 mesa grande a la altura de pie en melamina roble claro<\/li>\n<li>Estante para guardar el smartphone o la tableta en la pared lateral<\/li>\n<li>Robusta placa base con alfombra de fieltro ac\u00fasticamente eficaz<\/li>\n<li>Techo suspendido<\/li>\n<li>Nivelaci\u00f3n de altura para suelos irregulares de hasta 15 mm<\/li>\n<li>Esquema de color: paredes exteriores blancas, paredes interiores de fieltro PET \u201eLight Khaki\u201c, moqueta antracita,<\/li>\n<\/ul>\n<\/div><\/div>\n<div class=\"su-spoiler su-spoiler-style-default su-spoiler-icon-plus su-spoiler-closed\" data-scroll-offset=\"0\" data-anchor-in-url=\"no\"><div class=\"su-spoiler-title\" tabindex=\"0\" role=\"button\"><span class=\"su-spoiler-icon\"><\/span><strong>Dimensiones y peso:<\/strong><\/div><div class=\"su-spoiler-content su-u-clearfix su-u-trim\">\n<div class=\"item-603 readonly-607 indent-604\">\n<ul>\n<li>Anchura exterior:<span class=\"secondary-text\"> 1002 mm<\/span><\/li>\n<li>Profundo afuera:<span class=\"secondary-text\"> 994 mm<\/span><\/li>\n<li>Altura, interior:<span class=\"secondary-text\"> 2018 mm<\/span><\/li>\n<li>Altura, exterior:<span class=\"secondary-text\"> 2155 mm<\/span><\/li>\n<li>m\u00edn. altura de la habitaci\u00f3n:<span class=\"secondary-text\"> 2320 mm<\/span><\/li>\n<li>Peso: 210 kg aprox.<\/li>\n<\/ul>\n<\/div>\n<\/div><\/div>\n<div class=\"su-spoiler su-spoiler-style-default su-spoiler-icon-plus su-spoiler-closed\" data-scroll-offset=\"0\" data-anchor-in-url=\"no\"><div class=\"su-spoiler-title\" tabindex=\"0\" role=\"button\"><span class=\"su-spoiler-icon\"><\/span><strong>Datos ac\u00fasticos y ventilaci\u00f3n:<\/strong><\/div><div class=\"su-spoiler-content su-u-clearfix su-u-trim\">\n<ul>\n<li>Buen aislamiento ac\u00fastico: pared lateral y trasera fonoabsorbentes con paneles ac\u00fasticos de fieltro PET reciclado 100 %, moqueta de fieltro ac\u00fasticamente eficaz, puerta de cristal con perfiles de estanqueidad perimetral.<\/li>\n<li>Ventilaci\u00f3n silenciosa y de alto rendimiento gracias a dos ventiladores silenciosos - Recambio de aire nominal de 80 m\u00b3\/h por ventilador, es decir, un total de 160 m\u00b3\/h, lo que supone un valor inusualmente bueno en este rango de precios y est\u00e1 hasta 60% por encima de los valores de otros fabricantes (v\u00e9ase tambi\u00e9n el criterio de selecci\u00f3n). <a href=\"https:\/\/99cubes.de\/es\/intercambio-de-aire\/\">Intercambio de aire<\/a>).<\/li>\n<\/ul>\n<\/div><\/div>\n<div class=\"su-spoiler su-spoiler-style-default su-spoiler-icon-plus su-spoiler-closed\" data-scroll-offset=\"0\" data-anchor-in-url=\"no\"><div class=\"su-spoiler-title\" tabindex=\"0\" role=\"button\"><span class=\"su-spoiler-icon\"><\/span><strong>Instrucciones de montaje:<\/strong><\/div><div class=\"su-spoiler-content su-u-clearfix su-u-trim\">\nEl Bosselino Uno es ideal para el automontaje. Las siguientes instrucciones est\u00e1n disponibles en PDF y v\u00eddeo:<\/p>\n<p><a href=\"https:\/\/99cubes.de\/wp-content\/uploads\/2024\/10\/Montageanleitung_Bosselino_Uno_DE_EN.pdf\" target=\"_blank\" rel=\"noopener\">Descargar PDF: Instrucciones de montaje de la cabina telef\u00f3nica Bosselino Uno (DE + EN)<\/a><\/p>\n<p><a href=\"https:\/\/www.youtube.com\/watch?v=F99huyp3EMI\" target=\"_blank\" rel=\"noopener\">Instrucciones en v\u00eddeo (Youtube):<\/a><\/p>\n<p><a href=\"https:\/\/www.youtube.com\/watch?v=F99huyp3EMI\" target=\"_blank\" rel=\"noopener\"><img loading=\"lazy\" decoding=\"async\" class=\"alignnone wp-image-3122 size-medium\" src=\"https:\/\/99cubes.de\/wp-content\/uploads\/2024\/10\/bosselino-uno-montagevideo-thumbnail-mit-Logo-und-Play-450x250.jpg\" alt=\"\" width=\"450\" height=\"250\" srcset=\"https:\/\/99cubes.de\/wp-content\/uploads\/2024\/10\/bosselino-uno-montagevideo-thumbnail-mit-Logo-und-Play-450x250.jpg 450w, https:\/\/99cubes.de\/wp-content\/uploads\/2024\/10\/bosselino-uno-montagevideo-thumbnail-mit-Logo-und-Play-1200x667.jpg 1200w, https:\/\/99cubes.de\/wp-content\/uploads\/2024\/10\/bosselino-uno-montagevideo-thumbnail-mit-Logo-und-Play-768x427.jpg 768w, https:\/\/99cubes.de\/wp-content\/uploads\/2024\/10\/bosselino-uno-montagevideo-thumbnail-mit-Logo-und-Play-1536x854.jpg 1536w, https:\/\/99cubes.de\/wp-content\/uploads\/2024\/10\/bosselino-uno-montagevideo-thumbnail-mit-Logo-und-Play-2048x1138.jpg 2048w, https:\/\/99cubes.de\/wp-content\/uploads\/2024\/10\/bosselino-uno-montagevideo-thumbnail-mit-Logo-und-Play-18x10.jpg 18w, https:\/\/99cubes.de\/wp-content\/uploads\/2024\/10\/bosselino-uno-montagevideo-thumbnail-mit-Logo-und-Play-1140x633.jpg 1140w, https:\/\/99cubes.de\/wp-content\/uploads\/2024\/10\/bosselino-uno-montagevideo-thumbnail-mit-Logo-und-Play-920x511.jpg 920w, https:\/\/99cubes.de\/wp-content\/uploads\/2024\/10\/bosselino-uno-montagevideo-thumbnail-mit-Logo-und-Play-575x320.jpg 575w, https:\/\/99cubes.de\/wp-content\/uploads\/2024\/10\/bosselino-uno-montagevideo-thumbnail-mit-Logo-und-Play-380x211.jpg 380w, https:\/\/99cubes.de\/wp-content\/uploads\/2024\/10\/bosselino-uno-montagevideo-thumbnail-mit-Logo-und-Play-800x445.jpg 800w\" sizes=\"auto, (max-width: 450px) 100vw, 450px\" \/><\/a><\/p>\n<\/div><\/div>\n<\/div>","protected":false},"excerpt":{"rendered":"<p><strong>Discreto en su dise\u00f1o, \u00a1espectacular en su precio!<\/strong><\/p>\n<p>La cabina telef\u00f3nica \u201eBosselino Uno\u201c es la sucesora de nuestro \u00e9xito de ventas, el Bosselino negro (<a href=\"https:\/\/99cubes.de\/es\/product-2\/cabina-telefonica-bosselino-bosse\/\">Enlace al modelo descatalogado<\/a>). Con sus tonos claros, es algo m\u00e1s elegante que el modelo anterior, pero se ha mantenido el llamativo aspecto multiplex. Gracias a muchos peque\u00f1os cambios y mejoras, la cabina telef\u00f3nica \u201eBosselino Uno\u201c est\u00e1 ahora disponible a un precio muy atractivo.<\/p>\n<p><strong>60% m\u00e1s potencia de ventilador que los modelos comparables | Multiplex de madera aut\u00e9ntica | Fabricado en Alemania<\/strong><\/p>\n<p><strong>Materiales duraderos y sostenibles | incl. moqueta ac\u00fasticamente eficaz<\/strong><\/p>","protected":false},"featured_media":3013,"comment_status":"open","ping_status":"closed","template":"","meta":{"content-type":"","_uag_custom_page_level_css":""},"product_brand":[],"product_cat":[61],"product_tag":[],"class_list":{"0":"post-2831","1":"product","2":"type-product","3":"status-publish","4":"has-post-thumbnail","6":"product_cat-telefonbox","7":"pa_anzahl-personen-1-person","8":"pa_belueftungssteuerung-vollautomatisch","9":"pa_breite-1002-m","10":"pa_buchungstool-display-goconut-ready","11":"pa_einsatz-szenarien-buero","12":"pa_einsatz-szenarien-einzelhandel","13":"pa_einsatz-szenarien-hotel","14":"pa_einsatz-szenarien-schule-universitaet","15":"pa_farbe-weiss","16":"pa_flex-miete-verfuegbar-ja","17":"pa_gewicht-210-kg","18":"pa_hoehe-216-m","19":"pa_lan-kein-lan-anschluss","20":"pa_lieferzeit-2-wochen-lieferzeit","21":"pa_luftaustausch-160-m-h-nominell","22":"pa_marke-bosse","23":"pa_mobilitaet-keine","24":"pa_monitorhalterung-ohne-monitorhalterung","25":"pa_nachhaltigkeit-klimaneutral-hergestellt","26":"pa_preissegment-eins","27":"pa_schalldaemmung-zwei-sterne","28":"pa_sitzen-oder-stehen-im-sitzen-hoch-mit-hocker","29":"pa_sitzen-oder-stehen-im-stehen","30":"pa_spezial-features-fuer-selbstmontage-geeignet","31":"pa_tiefe-0994-m","32":"pa_verfuegbare-tisch-optionen-fixe-tischhoehe-stehen","33":"pa_verwendung-telefonieren","34":"pa_verwendung-video-call","36":"first","37":"instock","38":"taxable","39":"shipping-taxable","40":"purchasable","41":"product-type-simple"},"uagb_featured_image_src":{"full":["https:\/\/99cubes.de\/wp-content\/uploads\/2024\/10\/99cubes-bosselino-uno-ambiente-1-quad.jpg",902,902,false],"thumbnail":["https:\/\/99cubes.de\/wp-content\/uploads\/2024\/10\/99cubes-bosselino-uno-ambiente-1-quad-200x200.jpg",200,200,true],"medium":["https:\/\/99cubes.de\/wp-content\/uploads\/2024\/10\/99cubes-bosselino-uno-ambiente-1-quad-450x450.jpg",450,450,true],"medium_large":["https:\/\/99cubes.de\/wp-content\/uploads\/2024\/10\/99cubes-bosselino-uno-ambiente-1-quad-768x768.jpg",768,768,true],"large":["https:\/\/99cubes.de\/wp-content\/uploads\/2024\/10\/99cubes-bosselino-uno-ambiente-1-quad.jpg",902,902,false],"1536x1536":["https:\/\/99cubes.de\/wp-content\/uploads\/2024\/10\/99cubes-bosselino-uno-ambiente-1-quad.jpg",902,902,false],"2048x2048":["https:\/\/99cubes.de\/wp-content\/uploads\/2024\/10\/99cubes-bosselino-uno-ambiente-1-quad.jpg",902,902,false],"trp-custom-language-flag":["https:\/\/99cubes.de\/wp-content\/uploads\/2024\/10\/99cubes-bosselino-uno-ambiente-1-quad-12x12.jpg",12,12,true],"botiga-extra-large":["https:\/\/99cubes.de\/wp-content\/uploads\/2024\/10\/99cubes-bosselino-uno-ambiente-1-quad.jpg",902,902,false],"botiga-large":["https:\/\/99cubes.de\/wp-content\/uploads\/2024\/10\/99cubes-bosselino-uno-ambiente-1-quad.jpg",902,902,false],"botiga-big":["https:\/\/99cubes.de\/wp-content\/uploads\/2024\/10\/99cubes-bosselino-uno-ambiente-1-quad-575x575.jpg",575,575,true],"botiga-medium":["https:\/\/99cubes.de\/wp-content\/uploads\/2024\/10\/99cubes-bosselino-uno-ambiente-1-quad-380x380.jpg",380,380,true],"botiga-header-icons":["https:\/\/99cubes.de\/wp-content\/uploads\/2024\/10\/99cubes-bosselino-uno-ambiente-1-quad-50x50.jpg",50,50,true],"botiga-product-swatch-image":["https:\/\/99cubes.de\/wp-content\/uploads\/2024\/10\/99cubes-bosselino-uno-ambiente-1-quad-26x26.jpg",26,26,true],"woocommerce_thumbnail":["https:\/\/99cubes.de\/wp-content\/uploads\/2024\/10\/99cubes-bosselino-uno-ambiente-1-quad-420x420.jpg",420,420,true],"woocommerce_single":["https:\/\/99cubes.de\/wp-content\/uploads\/2024\/10\/99cubes-bosselino-uno-ambiente-1-quad-800x800.jpg",800,800,true],"woocommerce_gallery_thumbnail":["https:\/\/99cubes.de\/wp-content\/uploads\/2024\/10\/99cubes-bosselino-uno-ambiente-1-quad-100x100.jpg",100,100,true],"wpvr_mobile":["https:\/\/99cubes.de\/wp-content\/uploads\/2024\/10\/99cubes-bosselino-uno-ambiente-1-quad.jpg",902,902,false]},"uagb_author_info":{"display_name":"frank","author_link":"https:\/\/99cubes.de\/es\/author\/"},"uagb_comment_info":0,"uagb_excerpt":"Dezent im Design - spektakul\u00e4r im Preis! Die Telefonbox \"Bosselino Uno\" ist das Nachfolgemodell unseres erfolgreichen Bestsellers - der schwarzen Bosselino (Link zum Auslaufmodell). Mit ihren hellen Farbt\u00f6nen kommt sie etwas eleganter daher als das Vorg\u00e4ngermodell, der markante Multiplex-Look ist aber erhalten geblieben. Durch viele kleine Ver\u00e4nderungen und Verbesserungen ist die Telefonbox \"Bosselino Uno\" nun&hellip;","_links":{"self":[{"href":"https:\/\/99cubes.de\/es\/wp-json\/wp\/v2\/product\/2831","targetHints":{"allow":["GET"]}}],"collection":[{"href":"https:\/\/99cubes.de\/es\/wp-json\/wp\/v2\/product"}],"about":[{"href":"https:\/\/99cubes.de\/es\/wp-json\/wp\/v2\/types\/product"}],"replies":[{"embeddable":true,"href":"https:\/\/99cubes.de\/es\/wp-json\/wp\/v2\/comments?post=2831"}],"wp:featuredmedia":[{"embeddable":true,"href":"https:\/\/99cubes.de\/es\/wp-json\/wp\/v2\/media\/3013"}],"wp:attachment":[{"href":"https:\/\/99cubes.de\/es\/wp-json\/wp\/v2\/media?parent=2831"}],"wp:term":[{"taxonomy":"product_brand","embeddable":true,"href":"https:\/\/99cubes.de\/es\/wp-json\/wp\/v2\/product_brand?post=2831"},{"taxonomy":"product_cat","embeddable":true,"href":"https:\/\/99cubes.de\/es\/wp-json\/wp\/v2\/product_cat?post=2831"},{"taxonomy":"product_tag","embeddable":true,"href":"https:\/\/99cubes.de\/es\/wp-json\/wp\/v2\/product_tag?post=2831"}],"curies":[{"name":"wp","href":"https:\/\/api.w.org\/{rel}","templated":true}]}}