{"id":3002,"date":"2024-10-14T16:06:01","date_gmt":"2024-10-14T14:06:01","guid":{"rendered":"https:\/\/99cubes.de\/?post_type=product&#038;p=3002"},"modified":"2025-07-10T11:07:43","modified_gmt":"2025-07-10T09:07:43","slug":"mute-modular-hub-5x3-3-zonas-cerrado","status":"publish","type":"product","link":"https:\/\/99cubes.de\/es\/produkt\/mute-modular-hub-5x3-3-zonen-geschlossen\/","title":{"rendered":"MUTE Modular | Carrera 5\u00d73 | 3 zonas | cerrado"},"content":{"rendered":"<p>Con MUTE Modular se pueden combinar varias habitaciones y zonas de forma especialmente elegante: el fabricante las denomina \u201ehubs\u201c.<\/p>\n<p>Este ejemplo de dise\u00f1o muestra un centro de 5 x 3 metros que alberga tres zonas diferentes. De izquierda a derecha, las zonas est\u00e1n asignadas a las siguientes funciones: Trabajo - Reuni\u00f3n - Sal\u00f3n.<\/p>\n<p>Estaremos encantados de asesorarle sobre las m\u00faltiples posibilidades de MUTE Modular.<\/p>\n<p><strong>M\u00e1s recursos sobre MUTE Modular:<\/strong><\/p>\n<ul>\n<li><a href=\"https:\/\/99cubes.de\/es\/sala-en-sala-sistema-mute-modular\/\">Resumen de la serie de productos MUTE Modular<\/a><\/li>\n<li><a href=\"https:\/\/99cubes.de\/es\/sala-en-sala-sistema-mute-modular\/#erkunden\">Sala de exposici\u00f3n virtual de MUTE Modular<\/a><\/li>\n<li><a href=\"https:\/\/99cubes.de\/es\/sala-en-sala-sistema-mute-modular\/#bookofrooms\">Descargar el folleto \u201eLibro de Habitaciones\u201c<\/a><\/li>\n<li><a href=\"https:\/\/99cubes.de\/es\/sala-en-sala-sistema-mute-modular\/#farbwelt\">Los siete mundos crom\u00e1ticos de MUTE Modular<\/a><\/li>\n<li><a href=\"https:\/\/99cubes.de\/es\/sala-en-sala-sistema-mute-modular\/#preisrechner\">MUTE Modular calculadora de precios<\/a><\/li>\n<\/ul>","protected":false},"excerpt":{"rendered":"[mute_modular_text]\n","protected":false},"featured_media":3003,"comment_status":"open","ping_status":"closed","template":"","meta":{"content-type":"","_uag_custom_page_level_css":""},"product_brand":[],"product_cat":[66],"product_tag":[],"class_list":{"0":"post-3002","1":"product","2":"type-product","3":"status-publish","4":"has-post-thumbnail","6":"product_cat-raum-in-raum-system","7":"pa_marke-mute","9":"first","10":"instock","11":"taxable","12":"shipping-taxable","13":"purchasable","14":"product-type-simple"},"uagb_featured_image_src":{"full":["https:\/\/99cubes.de\/wp-content\/uploads\/2024\/10\/MUTE-Modular-Hub-geschlossen-5x3-3-Zonen-main.jpg",1200,1200,false],"thumbnail":["https:\/\/99cubes.de\/wp-content\/uploads\/2024\/10\/MUTE-Modular-Hub-geschlossen-5x3-3-Zonen-main-200x200.jpg",200,200,true],"medium":["https:\/\/99cubes.de\/wp-content\/uploads\/2024\/10\/MUTE-Modular-Hub-geschlossen-5x3-3-Zonen-main-450x450.jpg",450,450,true],"medium_large":["https:\/\/99cubes.de\/wp-content\/uploads\/2024\/10\/MUTE-Modular-Hub-geschlossen-5x3-3-Zonen-main-768x768.jpg",768,768,true],"large":["https:\/\/99cubes.de\/wp-content\/uploads\/2024\/10\/MUTE-Modular-Hub-geschlossen-5x3-3-Zonen-main-1200x1200.jpg",1140,1140,true],"1536x1536":["https:\/\/99cubes.de\/wp-content\/uploads\/2024\/10\/MUTE-Modular-Hub-geschlossen-5x3-3-Zonen-main.jpg",1200,1200,false],"2048x2048":["https:\/\/99cubes.de\/wp-content\/uploads\/2024\/10\/MUTE-Modular-Hub-geschlossen-5x3-3-Zonen-main.jpg",1200,1200,false],"trp-custom-language-flag":["https:\/\/99cubes.de\/wp-content\/uploads\/2024\/10\/MUTE-Modular-Hub-geschlossen-5x3-3-Zonen-main-12x12.jpg",12,12,true],"botiga-extra-large":["https:\/\/99cubes.de\/wp-content\/uploads\/2024\/10\/MUTE-Modular-Hub-geschlossen-5x3-3-Zonen-main-1140x1140.jpg",1140,1140,true],"botiga-large":["https:\/\/99cubes.de\/wp-content\/uploads\/2024\/10\/MUTE-Modular-Hub-geschlossen-5x3-3-Zonen-main-920x920.jpg",920,920,true],"botiga-big":["https:\/\/99cubes.de\/wp-content\/uploads\/2024\/10\/MUTE-Modular-Hub-geschlossen-5x3-3-Zonen-main-575x575.jpg",575,575,true],"botiga-medium":["https:\/\/99cubes.de\/wp-content\/uploads\/2024\/10\/MUTE-Modular-Hub-geschlossen-5x3-3-Zonen-main-380x380.jpg",380,380,true],"botiga-header-icons":["https:\/\/99cubes.de\/wp-content\/uploads\/2024\/10\/MUTE-Modular-Hub-geschlossen-5x3-3-Zonen-main-50x50.jpg",50,50,true],"botiga-product-swatch-image":["https:\/\/99cubes.de\/wp-content\/uploads\/2024\/10\/MUTE-Modular-Hub-geschlossen-5x3-3-Zonen-main-26x26.jpg",26,26,true],"woocommerce_thumbnail":["https:\/\/99cubes.de\/wp-content\/uploads\/2024\/10\/MUTE-Modular-Hub-geschlossen-5x3-3-Zonen-main-420x420.jpg",420,420,true],"woocommerce_single":["https:\/\/99cubes.de\/wp-content\/uploads\/2024\/10\/MUTE-Modular-Hub-geschlossen-5x3-3-Zonen-main-800x800.jpg",800,800,true],"woocommerce_gallery_thumbnail":["https:\/\/99cubes.de\/wp-content\/uploads\/2024\/10\/MUTE-Modular-Hub-geschlossen-5x3-3-Zonen-main-100x100.jpg",100,100,true],"wpvr_mobile":["https:\/\/99cubes.de\/wp-content\/uploads\/2024\/10\/MUTE-Modular-Hub-geschlossen-5x3-3-Zonen-main.jpg",1200,1200,false]},"uagb_author_info":{"display_name":"frank","author_link":"https:\/\/99cubes.de\/es\/author\/"},"uagb_comment_info":0,"uagb_excerpt":"[mute_modular_text]","_links":{"self":[{"href":"https:\/\/99cubes.de\/es\/wp-json\/wp\/v2\/product\/3002","targetHints":{"allow":["GET"]}}],"collection":[{"href":"https:\/\/99cubes.de\/es\/wp-json\/wp\/v2\/product"}],"about":[{"href":"https:\/\/99cubes.de\/es\/wp-json\/wp\/v2\/types\/product"}],"replies":[{"embeddable":true,"href":"https:\/\/99cubes.de\/es\/wp-json\/wp\/v2\/comments?post=3002"}],"wp:featuredmedia":[{"embeddable":true,"href":"https:\/\/99cubes.de\/es\/wp-json\/wp\/v2\/media\/3003"}],"wp:attachment":[{"href":"https:\/\/99cubes.de\/es\/wp-json\/wp\/v2\/media?parent=3002"}],"wp:term":[{"taxonomy":"product_brand","embeddable":true,"href":"https:\/\/99cubes.de\/es\/wp-json\/wp\/v2\/product_brand?post=3002"},{"taxonomy":"product_cat","embeddable":true,"href":"https:\/\/99cubes.de\/es\/wp-json\/wp\/v2\/product_cat?post=3002"},{"taxonomy":"product_tag","embeddable":true,"href":"https:\/\/99cubes.de\/es\/wp-json\/wp\/v2\/product_tag?post=3002"}],"curies":[{"name":"wp","href":"https:\/\/api.w.org\/{rel}","templated":true}]}}