{"id":3054,"date":"2024-10-30T16:47:54","date_gmt":"2024-10-30T15:47:54","guid":{"rendered":"https:\/\/99cubes.de\/?post_type=product&#038;p=3054"},"modified":"2026-03-17T12:15:50","modified_gmt":"2026-03-17T11:15:50","slug":"cabina-telefonica-chatbox-single-silen","status":"publish","type":"product","link":"https:\/\/99cubes.de\/es\/produkt\/telefonbox-chatbox-single-silen\/","title":{"rendered":"Phonebox Chatbox Single | Silen"},"content":{"rendered":"<div class=\"su-accordion su-u-trim\">\n<div class=\"su-spoiler su-spoiler-style-default su-spoiler-icon-plus\" data-scroll-offset=\"0\" data-anchor-in-url=\"no\"><div class=\"su-spoiler-title\" tabindex=\"0\" role=\"button\"><span class=\"su-spoiler-icon\"><\/span><strong>Informaci\u00f3n sobre la serie de productos Silen Chatbox<\/strong><\/div><div class=\"su-spoiler-content su-u-clearfix su-u-trim\">\nEl fabricante \u201eSilen\u201c, con sede en Estonia, es uno de los productores de cubos ac\u00fasticos m\u00e1s innovadores y exitosos del mundo, y suministra a m\u00e1s de 60 pa\u00edses. Tras el gran \u00e9xito de la serie de productos de alta calidad \u201eSilen Space\u201c (aislamiento ac\u00fastico de clase A), se ha lanzado una segunda l\u00ednea de productos con \u201eSilen Chatbox\u201c, que se centra a\u00fan m\u00e1s en el precio, la eficiencia y la modularidad. Los cubos ac\u00fasticos Chatbox son algo m\u00e1s ligeros y, por lo tanto, notablemente m\u00e1s baratos, pero siguen cumpliendo con creces los requisitos de la clase B de aislamiento ac\u00fastico.<br \/>\nLo que m\u00e1s nos gusta de los cubos ac\u00fasticos Silen Chatbox:<\/p>\n<ul>\n<li>Los paneles laterales son intercambiables. As\u00ed, gracias a un innovador sistema de cierre magn\u00e9tico, se pueden reequipar f\u00e1cilmente con otros colores o con el popular dise\u00f1o de paneles laterales de listones de madera.<\/li>\n<li>Las ediciones Duo y Quattro de Chatbox pueden conectarse en serie para formar una sala m\u00e1s grande. A la inversa, un Chatbox Quattro puede dividirse posteriormente y transformarse en dos Duos. Basta con reordenar o almacenar temporalmente las paredes de cristal a juego.<\/li>\n<li>El kit de movilidad disponible por separado facilita el desplazamiento de todos los cubos ac\u00fasticos dentro de la oficina.<\/li>\n<li>Valores de intercambio de aire especialmente buenos (v\u00e9ase tambi\u00e9n: <a href=\"https:\/\/99cubes.de\/es\/intercambio-de-aire\/\">Criterio de selecci\u00f3n intercambio de aire<\/a>).<\/li>\n<\/ul>\n<\/div><\/div>\n<div class=\"su-spoiler su-spoiler-style-default su-spoiler-icon-plus\" data-scroll-offset=\"0\" data-anchor-in-url=\"no\"><div class=\"su-spoiler-title\" tabindex=\"0\" role=\"button\"><span class=\"su-spoiler-icon\"><\/span><strong>Configurador de productos:<\/strong><\/div><div class=\"su-spoiler-content su-u-clearfix su-u-trim\">\n<p>Encontrar\u00e1 todas las opciones y posibilidades de dise\u00f1o en nuestro configurador interactivo de productos:<\/p>\n<div class=\"wp-block-button\"><a class=\"wp-block-button__link wp-element-button\" href=\"https:\/\/configurator.silen.com\/?site=6364&amp;code=113436\" target=\"_blank\" rel=\"noopener\">Ir al configurador de productos<\/a><\/div>\n<\/div><\/div>\n<div class=\"su-spoiler su-spoiler-style-default su-spoiler-icon-plus su-spoiler-closed\" data-scroll-offset=\"0\" data-anchor-in-url=\"no\"><div class=\"su-spoiler-title\" tabindex=\"0\" role=\"button\"><span class=\"su-spoiler-icon\"><\/span><strong>Equipamiento:<\/strong><\/div><div class=\"su-spoiler-content su-u-clearfix su-u-trim\">\n<ul>\n<li>Detector de presencia<\/li>\n<li>Sistema de ventilaci\u00f3n en el techo<\/li>\n<li>Luz LED integrada (4.000 K, 900 l\u00famenes, 6,7 vatios)<\/li>\n<li>Conexi\u00f3n mediante cable de alimentaci\u00f3n de 3 m<\/li>\n<li>Toma de corriente Schuko + toma de carga USB A\/C<\/li>\n<li>Paredes interiores con paneles ac\u00fasticos anecoicos<\/li>\n<li>Moqueta de pelo bajo antiest\u00e1tica y repelente de la suciedad<\/li>\n<li>Mesa empotrada con revestimiento laminado antibacteriano, opcionalmente en versi\u00f3n pizarra blanca<\/li>\n<li>Puede montarse como puerta izquierda o derecha (mismos componentes)<\/li>\n<li>Opcional: conexi\u00f3n LAN<\/li>\n<li>Opcional: soporte de monitor est\u00e1ndar VESA (apto para monitores de hasta 24 pulgadas)<\/li>\n<li>Opcional: taburete independiente y giratorio (del fabricante de la marca HAY) o taburete integrado y regulable en altura.<\/li>\n<li>Opcional: panel de control para el control manual de la luz (atenuaci\u00f3n) y la ventilaci\u00f3n (m\u00e1s fuerte o m\u00e1s d\u00e9bil)<\/li>\n<li>Paneles laterales negros o blancos; opcionalmente disponibles en otros 9 colores (incluido el color de la pizarra blanca) o en dise\u00f1o de listones de madera (roble)<\/li>\n<\/ul>\n<figure id=\"attachment_3059\" aria-describedby=\"caption-attachment-3059\" style=\"width: 1200px\" class=\"wp-caption alignnone\"><img loading=\"lazy\" decoding=\"async\" class=\"wp-image-3059 size-large\" src=\"https:\/\/99cubes.de\/wp-content\/uploads\/2024\/10\/Oberflaechen-Silen-Chatbox-1200x534.jpg\" alt=\"\" width=\"1200\" height=\"534\" srcset=\"https:\/\/99cubes.de\/wp-content\/uploads\/2024\/10\/Oberflaechen-Silen-Chatbox-1200x534.jpg 1200w, https:\/\/99cubes.de\/wp-content\/uploads\/2024\/10\/Oberflaechen-Silen-Chatbox-450x200.jpg 450w, https:\/\/99cubes.de\/wp-content\/uploads\/2024\/10\/Oberflaechen-Silen-Chatbox-768x342.jpg 768w, https:\/\/99cubes.de\/wp-content\/uploads\/2024\/10\/Oberflaechen-Silen-Chatbox-18x8.jpg 18w, https:\/\/99cubes.de\/wp-content\/uploads\/2024\/10\/Oberflaechen-Silen-Chatbox-1140x507.jpg 1140w, https:\/\/99cubes.de\/wp-content\/uploads\/2024\/10\/Oberflaechen-Silen-Chatbox-920x409.jpg 920w, https:\/\/99cubes.de\/wp-content\/uploads\/2024\/10\/Oberflaechen-Silen-Chatbox-575x256.jpg 575w, https:\/\/99cubes.de\/wp-content\/uploads\/2024\/10\/Oberflaechen-Silen-Chatbox-380x169.jpg 380w, https:\/\/99cubes.de\/wp-content\/uploads\/2024\/10\/Oberflaechen-Silen-Chatbox-800x356.jpg 800w, https:\/\/99cubes.de\/wp-content\/uploads\/2024\/10\/Oberflaechen-Silen-Chatbox.jpg 1234w\" sizes=\"auto, (max-width: 1200px) 100vw, 1200px\" \/><figcaption id=\"caption-attachment-3059\" class=\"wp-caption-text\">La selecci\u00f3n de superficies para la serie de productos Silen Chatbox<\/figcaption><\/figure>\n<\/div><\/div>\n<div class=\"su-spoiler su-spoiler-style-default su-spoiler-icon-plus su-spoiler-closed\" data-scroll-offset=\"0\" data-anchor-in-url=\"no\"><div class=\"su-spoiler-title\" tabindex=\"0\" role=\"button\"><span class=\"su-spoiler-icon\"><\/span><strong>Dimensiones y peso:<\/strong><\/div><div class=\"su-spoiler-content su-u-clearfix su-u-trim\">\n<ul>\n<li>Anchura (exterior \/ interior): 1000 mm \/ 870 mm<\/li>\n<li>Profundidad (exterior \/ interior): 1000 mm \/ 980 mm<\/li>\n<li>Altura (exterior \/ interior): 2220 mm \/ 2040 mm<\/li>\n<li>Peso: 300 kg<\/li>\n<\/ul>\n<\/div><\/div>\n<div class=\"su-spoiler su-spoiler-style-default su-spoiler-icon-plus su-spoiler-closed\" data-scroll-offset=\"0\" data-anchor-in-url=\"no\"><div class=\"su-spoiler-title\" tabindex=\"0\" role=\"button\"><span class=\"su-spoiler-icon\"><\/span><strong>Datos ac\u00fasticos y ventilaci\u00f3n:<\/strong><\/div><div class=\"su-spoiler-content su-u-clearfix su-u-trim\">\n<p><strong>Aislamiento ac\u00fastico:<\/strong> 27,3 dB (corresponde a la clase B seg\u00fan ISO 23351-1)<\/p>\n<p><strong>Intercambio de aire: <\/strong>79 m\u00b3\/h (caudal de aire del sistema)<\/p>\n<p><strong>Caracter\u00edsticas especiales:<\/strong> Calidad del aire interior certificada: probada para emisiones de COV, es decir, vapores de compuestos org\u00e1nicos vol\u00e1tiles.<\/p>\n<\/div><\/div>\n<\/div>","protected":false},"excerpt":{"rendered":"<p>El Silen Chatbox Single es la soluci\u00f3n perfecta para trabajar concentrado y hablar por tel\u00e9fono sin molestias en oficinas di\u00e1fanas. La serie de productos Silen Chatbox tiene un dise\u00f1o modular y est\u00e1 pensada hasta el \u00faltimo detalle: por ejemplo, el revestimiento del panel lateral puede sustituirse posteriormente. Pr\u00e1ctico para quien desee reequipar su cabina telef\u00f3nica con elegantes lamas de madera o intercambiar los colores de las superficies entre diferentes cabinas telef\u00f3nicas.<br \/>\nUn kit de movilidad disponible por separado ayuda a mover las cajas. A diferencia de otros fabricantes, las ruedas no est\u00e1n integradas, sino que se fijan al lateral para transportarlas en caso necesario, por lo que basta con un kit de movilidad por oficina \/ edificio.<br \/>\nUn buen aislamiento ac\u00fastico, un acabado de alta calidad y una buena relaci\u00f3n calidad-precio caracterizan a todos los cubos ac\u00fasticos de la serie Silen Chatbox.<br \/>\nLa cabina telef\u00f3nica \u201eChatbox Single\u201c est\u00e1 disponible en las siguientes versiones:<\/p>\n<ul>\n<li>Sin silla<\/li>\n<li>con silla permanentemente integrada<\/li>\n<li>con taburete independiente de madera de HAY<\/li>\n<\/ul>\n<p>Adem\u00e1s de los paneles laterales en diferentes colores, el Chatbox Single tiene muchas caracter\u00edsticas adicionales, como un panel de control opcional para la iluminaci\u00f3n y la ventilaci\u00f3n, una conexi\u00f3n LAN o un soporte para el monitor.<\/p>\n<p>Estaremos encantados de asesorarle sobre las opciones que m\u00e1s le interesen.<\/p>","protected":false},"featured_media":4665,"comment_status":"open","ping_status":"closed","template":"","meta":{"content-type":"","_uag_custom_page_level_css":""},"product_brand":[],"product_cat":[61],"product_tag":[],"class_list":{"0":"post-3054","1":"product","2":"type-product","3":"status-publish","4":"has-post-thumbnail","6":"product_cat-telefonbox","7":"pa_anzahl-personen-1-person","8":"pa_belueftungssteuerung-individuell-steuerbar","9":"pa_belueftungssteuerung-vollautomatisch","10":"pa_breite-100-m","11":"pa_buchungstool-display-goconut-ready","12":"pa_einsatz-szenarien-buero","13":"pa_einsatz-szenarien-einzelhandel","14":"pa_einsatz-szenarien-hotel","15":"pa_einsatz-szenarien-schule-universitaet","16":"pa_farbe-holzlamellen","17":"pa_farbe-konfigurierbar","18":"pa_farbe-schwarz","19":"pa_farbe-weiss","20":"pa_flex-miete-verfuegbar-ja","21":"pa_gewicht-300-kg","22":"pa_hoehe-222-m","23":"pa_lan-kein-lan-anschluss","24":"pa_lan-lan-anschluss-als-sonderausstattung","25":"pa_lieferzeit-2-wochen-lieferzeit","26":"pa_luftaustausch-79-m-h-systemluftstrom","27":"pa_marke-silen","28":"pa_mobilitaet-keine","29":"pa_mobilitaet-mobility-kit-als-zubehoer","30":"pa_monitorhalterung-monitorhalterung-als-sonderausstattung","31":"pa_monitorhalterung-ohne-monitorhalterung","32":"pa_nachhaltigkeit-klimaneutral-hergestellt","33":"pa_preissegment-zwei","34":"pa_schalldaemmung-drei-sterne","35":"pa_sitzen-oder-stehen-im-stehen","36":"pa_spezial-features-aussenwandfarbe-nachtraeglich-austauschbar","37":"pa_spezial-features-gs-tuev-zertifiziert","38":"pa_spezial-features-white-board-option","39":"pa_spezial-features-zertifizierte-innenraum-luftqualitaet","40":"pa_tiefe-100-m","41":"pa_verfuegbare-tisch-optionen-fixe-tischhoehe-stehen","42":"pa_verwendung-telefonieren","43":"pa_verwendung-video-call","45":"first","46":"instock","47":"taxable","48":"shipping-taxable","49":"purchasable","50":"product-type-simple"},"uagb_featured_image_src":{"full":["https:\/\/99cubes.de\/wp-content\/uploads\/2024\/10\/99cubes-Telefonbox-Silen-Chatbox-Single.jpg",1200,1200,false],"thumbnail":["https:\/\/99cubes.de\/wp-content\/uploads\/2024\/10\/99cubes-Telefonbox-Silen-Chatbox-Single-200x200.jpg",200,200,true],"medium":["https:\/\/99cubes.de\/wp-content\/uploads\/2024\/10\/99cubes-Telefonbox-Silen-Chatbox-Single-450x450.jpg",450,450,true],"medium_large":["https:\/\/99cubes.de\/wp-content\/uploads\/2024\/10\/99cubes-Telefonbox-Silen-Chatbox-Single-768x768.jpg",768,768,true],"large":["https:\/\/99cubes.de\/wp-content\/uploads\/2024\/10\/99cubes-Telefonbox-Silen-Chatbox-Single-1200x1200.jpg",1140,1140,true],"1536x1536":["https:\/\/99cubes.de\/wp-content\/uploads\/2024\/10\/99cubes-Telefonbox-Silen-Chatbox-Single-1536x1536.jpg",1200,1200,true],"2048x2048":["https:\/\/99cubes.de\/wp-content\/uploads\/2024\/10\/99cubes-Telefonbox-Silen-Chatbox-Single.jpg",1200,1200,false],"trp-custom-language-flag":["https:\/\/99cubes.de\/wp-content\/uploads\/2024\/10\/99cubes-Telefonbox-Silen-Chatbox-Single-12x12.jpg",12,12,true],"botiga-extra-large":["https:\/\/99cubes.de\/wp-content\/uploads\/2024\/10\/99cubes-Telefonbox-Silen-Chatbox-Single-1140x1140.jpg",1140,1140,true],"botiga-large":["https:\/\/99cubes.de\/wp-content\/uploads\/2024\/10\/99cubes-Telefonbox-Silen-Chatbox-Single-920x920.jpg",920,920,true],"botiga-big":["https:\/\/99cubes.de\/wp-content\/uploads\/2024\/10\/99cubes-Telefonbox-Silen-Chatbox-Single-575x575.jpg",575,575,true],"botiga-medium":["https:\/\/99cubes.de\/wp-content\/uploads\/2024\/10\/99cubes-Telefonbox-Silen-Chatbox-Single-380x380.jpg",380,380,true],"botiga-header-icons":["https:\/\/99cubes.de\/wp-content\/uploads\/2024\/10\/99cubes-Telefonbox-Silen-Chatbox-Single-50x50.jpg",50,50,true],"botiga-product-swatch-image":["https:\/\/99cubes.de\/wp-content\/uploads\/2024\/10\/99cubes-Telefonbox-Silen-Chatbox-Single-26x26.jpg",26,26,true],"woocommerce_thumbnail":["https:\/\/99cubes.de\/wp-content\/uploads\/2024\/10\/99cubes-Telefonbox-Silen-Chatbox-Single-420x420.jpg",420,420,true],"woocommerce_single":["https:\/\/99cubes.de\/wp-content\/uploads\/2024\/10\/99cubes-Telefonbox-Silen-Chatbox-Single-800x800.jpg",800,800,true],"woocommerce_gallery_thumbnail":["https:\/\/99cubes.de\/wp-content\/uploads\/2024\/10\/99cubes-Telefonbox-Silen-Chatbox-Single-100x100.jpg",100,100,true],"wpvr_mobile":["https:\/\/99cubes.de\/wp-content\/uploads\/2024\/10\/99cubes-Telefonbox-Silen-Chatbox-Single.jpg",1200,1200,false]},"uagb_author_info":{"display_name":"frank","author_link":"https:\/\/99cubes.de\/es\/author\/"},"uagb_comment_info":0,"uagb_excerpt":"Die Silen Chatbox Single ist die perfekte L\u00f6sung f\u00fcr konzentriertes Arbeiten und ungest\u00f6rte Telefonate im Gro\u00dfraumb\u00fcro. Die Silen Chatbox-Produktserie ist modular aufgebaut und durchdacht bis ins letzte Detail: So sind die Seitenwand-Verkleidungen beispielsweise nachtr\u00e4glich austauschbar! Praktisch f\u00fcr alle, die ihre Telefonbox mit schicken Holzlamellen nachr\u00fcsten m\u00f6chten oder Oberfl\u00e4chen-Farben zwischen verschiedenen Telefonboxen tauschen m\u00f6chten. Ein separat&hellip;","_links":{"self":[{"href":"https:\/\/99cubes.de\/es\/wp-json\/wp\/v2\/product\/3054","targetHints":{"allow":["GET"]}}],"collection":[{"href":"https:\/\/99cubes.de\/es\/wp-json\/wp\/v2\/product"}],"about":[{"href":"https:\/\/99cubes.de\/es\/wp-json\/wp\/v2\/types\/product"}],"replies":[{"embeddable":true,"href":"https:\/\/99cubes.de\/es\/wp-json\/wp\/v2\/comments?post=3054"}],"wp:featuredmedia":[{"embeddable":true,"href":"https:\/\/99cubes.de\/es\/wp-json\/wp\/v2\/media\/4665"}],"wp:attachment":[{"href":"https:\/\/99cubes.de\/es\/wp-json\/wp\/v2\/media?parent=3054"}],"wp:term":[{"taxonomy":"product_brand","embeddable":true,"href":"https:\/\/99cubes.de\/es\/wp-json\/wp\/v2\/product_brand?post=3054"},{"taxonomy":"product_cat","embeddable":true,"href":"https:\/\/99cubes.de\/es\/wp-json\/wp\/v2\/product_cat?post=3054"},{"taxonomy":"product_tag","embeddable":true,"href":"https:\/\/99cubes.de\/es\/wp-json\/wp\/v2\/product_tag?post=3054"}],"curies":[{"name":"wp","href":"https:\/\/api.w.org\/{rel}","templated":true}]}}