{"id":3063,"date":"2024-11-01T13:50:56","date_gmt":"2024-11-01T12:50:56","guid":{"rendered":"https:\/\/99cubes.de\/?post_type=product&#038;p=3063"},"modified":"2026-03-17T12:16:51","modified_gmt":"2026-03-17T11:16:51","slug":"workbox-chatbox-solo-silen","status":"publish","type":"product","link":"https:\/\/99cubes.de\/es\/produkt\/arbeitsbox-chatbox-solo-silen\/","title":{"rendered":"Workbox Chatbox Solo | Silen"},"content":{"rendered":"<div class=\"su-accordion su-u-trim\">\n<div class=\"su-spoiler su-spoiler-style-default su-spoiler-icon-plus\" data-scroll-offset=\"0\" data-anchor-in-url=\"no\"><div class=\"su-spoiler-title\" tabindex=\"0\" role=\"button\"><span class=\"su-spoiler-icon\"><\/span><strong>Informaci\u00f3n sobre la serie de productos Silen Chatbox<\/strong><\/div><div class=\"su-spoiler-content su-u-clearfix su-u-trim\">\nEl fabricante \u201eSilen\u201c, con sede en Estonia, es uno de los productores de cubos ac\u00fasticos m\u00e1s innovadores y exitosos del mundo, y suministra a m\u00e1s de 60 pa\u00edses. Tras el gran \u00e9xito de la serie de productos de alta calidad \u201eSilen Space\u201c (aislamiento ac\u00fastico de clase A), se ha lanzado una segunda l\u00ednea de productos con \u201eSilen Chatbox\u201c, que se centra a\u00fan m\u00e1s en el precio, la eficiencia y la modularidad. Los cubos ac\u00fasticos Chatbox son algo m\u00e1s ligeros y, por lo tanto, notablemente m\u00e1s baratos, pero siguen cumpliendo con creces los requisitos de la clase B de aislamiento ac\u00fastico.<br \/>\nLo que m\u00e1s nos gusta de los cubos ac\u00fasticos Silen Chatbox:<\/p>\n<ul>\n<li>Los paneles laterales son intercambiables. As\u00ed, gracias a un innovador sistema de cierre magn\u00e9tico, se pueden reequipar f\u00e1cilmente con otros colores o con el popular dise\u00f1o de paneles laterales de listones de madera.<\/li>\n<li>Las ediciones Duo y Quattro de Chatbox pueden conectarse en serie para formar una sala m\u00e1s grande. A la inversa, un Chatbox Quattro puede dividirse posteriormente y transformarse en dos Duos. Basta con reordenar o almacenar temporalmente las paredes de cristal a juego.<\/li>\n<li>El kit de movilidad disponible por separado facilita el desplazamiento de todos los cubos ac\u00fasticos dentro de la oficina.<\/li>\n<li>Valores de intercambio de aire especialmente buenos (v\u00e9ase tambi\u00e9n: <a href=\"https:\/\/99cubes.de\/es\/intercambio-de-aire\/\">Criterio de selecci\u00f3n intercambio de aire<\/a>).<\/li>\n<\/ul>\n<\/div><\/div>\n<div class=\"su-spoiler su-spoiler-style-default su-spoiler-icon-plus\" data-scroll-offset=\"0\" data-anchor-in-url=\"no\"><div class=\"su-spoiler-title\" tabindex=\"0\" role=\"button\"><span class=\"su-spoiler-icon\"><\/span><strong>Configurador de productos:<\/strong><\/div><div class=\"su-spoiler-content su-u-clearfix su-u-trim\">\n<p>Encontrar\u00e1 todas las opciones y posibilidades de dise\u00f1o en nuestro configurador interactivo de productos:<\/p>\n<div class=\"wp-block-button\"><a class=\"wp-block-button__link wp-element-button\" href=\"https:\/\/configurator.silen.com\/?site=6364&amp;code=113438\" target=\"_blank\" rel=\"noopener\">Ir al configurador de productos<\/a><\/div>\n<\/div><\/div>\n<div class=\"su-spoiler su-spoiler-style-default su-spoiler-icon-plus su-spoiler-closed\" data-scroll-offset=\"0\" data-anchor-in-url=\"no\"><div class=\"su-spoiler-title\" tabindex=\"0\" role=\"button\"><span class=\"su-spoiler-icon\"><\/span><strong>Equipamiento:<\/strong><\/div><div class=\"su-spoiler-content su-u-clearfix su-u-trim\">\n<ul>\n<li>Detector de presencia<\/li>\n<li>Sistema de ventilaci\u00f3n en el techo<\/li>\n<li>Luz LED integrada (4.000 K, 2.240 l\u00famenes, 28 vatios)<\/li>\n<li>Conexi\u00f3n mediante cable de alimentaci\u00f3n de 3 m<\/li>\n<li>Toma de corriente Schuko + toma de carga USB A\/C<\/li>\n<li>Paredes interiores con paneles ac\u00fasticos anecoicos<\/li>\n<li>Moqueta de pelo bajo antiest\u00e1tica y repelente de la suciedad<\/li>\n<li>Puerta derecha<\/li>\n<li>Elecci\u00f3n del equipamiento interior: sin pupitre | con pupitre regulable el\u00e9ctricamente en altura | con pupitre empotrado a altura fija<\/li>\n<li>Sof\u00e1 opcional en tres colores diferentes (s\u00f3lo en combinaci\u00f3n con mesa empotrada de altura fija)<\/li>\n<li>Opcional: conexi\u00f3n LAN<\/li>\n<li>Opcional: panel de control para el control manual de la luz (atenuaci\u00f3n) y la ventilaci\u00f3n (m\u00e1s fuerte o m\u00e1s d\u00e9bil)<\/li>\n<li>Paneles laterales negros o blancos; opcionalmente disponibles en otros 9 colores (incluido el color de la pizarra blanca) o en dise\u00f1o de listones de madera (roble)<\/li>\n<\/ul>\n<figure id=\"attachment_3059\" aria-describedby=\"caption-attachment-3059\" style=\"width: 1200px\" class=\"wp-caption alignnone\"><img loading=\"lazy\" decoding=\"async\" class=\"wp-image-3059 size-large\" src=\"https:\/\/99cubes.de\/wp-content\/uploads\/2024\/10\/Oberflaechen-Silen-Chatbox-1200x534.jpg\" alt=\"\" width=\"1200\" height=\"534\" srcset=\"https:\/\/99cubes.de\/wp-content\/uploads\/2024\/10\/Oberflaechen-Silen-Chatbox-1200x534.jpg 1200w, https:\/\/99cubes.de\/wp-content\/uploads\/2024\/10\/Oberflaechen-Silen-Chatbox-450x200.jpg 450w, https:\/\/99cubes.de\/wp-content\/uploads\/2024\/10\/Oberflaechen-Silen-Chatbox-768x342.jpg 768w, https:\/\/99cubes.de\/wp-content\/uploads\/2024\/10\/Oberflaechen-Silen-Chatbox-18x8.jpg 18w, https:\/\/99cubes.de\/wp-content\/uploads\/2024\/10\/Oberflaechen-Silen-Chatbox-1140x507.jpg 1140w, https:\/\/99cubes.de\/wp-content\/uploads\/2024\/10\/Oberflaechen-Silen-Chatbox-920x409.jpg 920w, https:\/\/99cubes.de\/wp-content\/uploads\/2024\/10\/Oberflaechen-Silen-Chatbox-575x256.jpg 575w, https:\/\/99cubes.de\/wp-content\/uploads\/2024\/10\/Oberflaechen-Silen-Chatbox-380x169.jpg 380w, https:\/\/99cubes.de\/wp-content\/uploads\/2024\/10\/Oberflaechen-Silen-Chatbox-800x356.jpg 800w, https:\/\/99cubes.de\/wp-content\/uploads\/2024\/10\/Oberflaechen-Silen-Chatbox.jpg 1234w\" sizes=\"auto, (max-width: 1200px) 100vw, 1200px\" \/><figcaption id=\"caption-attachment-3059\" class=\"wp-caption-text\">La selecci\u00f3n de superficies para la serie de productos Silen Chatbox<\/figcaption><\/figure>\n<\/div><\/div>\n<div class=\"su-spoiler su-spoiler-style-default su-spoiler-icon-plus su-spoiler-closed\" data-scroll-offset=\"0\" data-anchor-in-url=\"no\"><div class=\"su-spoiler-title\" tabindex=\"0\" role=\"button\"><span class=\"su-spoiler-icon\"><\/span><strong>Dimensiones y peso:<\/strong><\/div><div class=\"su-spoiler-content su-u-clearfix su-u-trim\">\n<ul>\n<li>Anchura (exterior \/ interior): 1250 mm \/ 1130 mm<\/li>\n<li>Profundidad (exterior \/ interior): 980 mm \/ 910 mm<\/li>\n<li>Altura (exterior \/ interior): 2220 mm \/ 2040 mm<\/li>\n<li>Peso: 380 kg<\/li>\n<\/ul>\n<\/div><\/div>\n<div class=\"su-spoiler su-spoiler-style-default su-spoiler-icon-plus su-spoiler-closed\" data-scroll-offset=\"0\" data-anchor-in-url=\"no\"><div class=\"su-spoiler-title\" tabindex=\"0\" role=\"button\"><span class=\"su-spoiler-icon\"><\/span><strong>Datos ac\u00fasticos y ventilaci\u00f3n:<\/strong><\/div><div class=\"su-spoiler-content su-u-clearfix su-u-trim\">\n<p><strong>Aislamiento ac\u00fastico:<\/strong> 27,8 dB (corresponde a la clase B seg\u00fan ISO 23351-1)<\/p>\n<p><strong>Intercambio de aire: <\/strong>198 m\u00b3\/h (caudal de aire del sistema)<\/p>\n<p><strong>Caracter\u00edsticas especiales:<\/strong>\u00a0Calidad del aire interior certificada: probada para emisiones de COV, es decir, vapores de compuestos org\u00e1nicos vol\u00e1tiles.<\/p>\n<\/div><\/div>\n<\/div>","protected":false},"excerpt":{"rendered":"<p>El Silen Chatbox Solo es la soluci\u00f3n perfecta para el trabajo concentrado en oficinas di\u00e1fanas. Como caja de trabajo compacta, la Silen Chatbox Solo ofrece un puesto de trabajo insonorizado, acogedor (con escritorio y sof\u00e1) o ergon\u00f3mico (con escritorio regulable en altura), seg\u00fan la versi\u00f3n. La serie de productos Chatbox tiene un dise\u00f1o modular y est\u00e1 pensada hasta el \u00faltimo detalle: por ejemplo, el revestimiento de la pared lateral puede sustituirse posteriormente. Pr\u00e1ctico para quien desee reequipar su caja de trabajo con elegantes listones de madera o intercambiar los colores de las superficies entre diferentes cubos ac\u00fasticos.<br \/>\nUn kit de movilidad disponible por separado ayuda a mover las cajas. A diferencia de otros fabricantes, las ruedas no est\u00e1n integradas, sino que se fijan al lateral para transportarlas en caso necesario, por lo que basta con un kit de movilidad por oficina \/ edificio.<br \/>\nUn buen aislamiento ac\u00fastico, un acabado de alta calidad y una buena relaci\u00f3n calidad-precio caracterizan a todos los cubos ac\u00fasticos de la serie Silen Chatbox.<br \/>\nEl buz\u00f3n de trabajo \u201eChatbox Solo\u201c est\u00e1 disponible en las siguientes versiones:<\/p>\n<ul>\n<li>Vac\u00edo<\/li>\n<li>con escritorio de altura fija (la silla giratoria debe pedirse por separado)<\/li>\n<li>con escritorio de altura fija y sof\u00e1 a juego<\/li>\n<li>con escritorio de altura regulable el\u00e9ctricamente (se recomienda pedir un taburete de bipedestaci\u00f3n a juego)<\/li>\n<\/ul>\n<p>Adem\u00e1s de los paneles laterales en diferentes colores, la Silen Chatbox Solo tiene muchas caracter\u00edsticas adicionales, como un panel de control opcional para la iluminaci\u00f3n y la ventilaci\u00f3n o una conexi\u00f3n LAN.<\/p>\n<p>Estaremos encantados de asesorarle sobre las opciones que m\u00e1s le interesen.<\/p>","protected":false},"featured_media":4666,"comment_status":"open","ping_status":"closed","template":"","meta":{"content-type":"","_uag_custom_page_level_css":""},"product_brand":[],"product_cat":[180],"product_tag":[],"class_list":{"0":"post-3063","1":"product","2":"type-product","3":"status-publish","4":"has-post-thumbnail","6":"product_cat-arbeitsbox","7":"pa_anzahl-personen-1-person","8":"pa_belueftungssteuerung-individuell-steuerbar","9":"pa_belueftungssteuerung-vollautomatisch","10":"pa_breite-125-m","11":"pa_buchungstool-display-goconut-ready","12":"pa_einsatz-szenarien-buero","13":"pa_einsatz-szenarien-einzelhandel","14":"pa_einsatz-szenarien-hotel","15":"pa_einsatz-szenarien-schule-universitaet","16":"pa_farbe-holzlamellen","17":"pa_farbe-konfigurierbar","18":"pa_farbe-schwarz","19":"pa_farbe-weiss","20":"pa_flex-miete-verfuegbar-ja","21":"pa_gewicht-380-kg","22":"pa_hoehe-222-m","23":"pa_lan-kein-lan-anschluss","24":"pa_lan-lan-anschluss-als-sonderausstattung","25":"pa_lieferzeit-4-bis-6-wochen-lieferzeit","26":"pa_luftaustausch-198-m-h-systemluftstrom","27":"pa_marke-silen","28":"pa_mobilitaet-keine","29":"pa_mobilitaet-mobility-kit-als-zubehoer","30":"pa_monitorhalterung-ohne-monitorhalterung","31":"pa_nachhaltigkeit-klimaneutral-hergestellt","32":"pa_preissegment-zwei","33":"pa_schalldaemmung-drei-sterne","34":"pa_sitzen-oder-stehen-im-sitzen-niedrig-mit-stuhl-oder-bank","35":"pa_sitzen-oder-stehen-im-stehen","36":"pa_spezial-features-aussenwandfarbe-nachtraeglich-austauschbar","37":"pa_spezial-features-gs-tuev-zertifiziert","38":"pa_spezial-features-white-board-option","39":"pa_spezial-features-zertifizierte-innenraum-luftqualitaet","40":"pa_tiefe-098-m","41":"pa_verfuegbare-tisch-optionen-fixe-tischhoehe-sitzen","42":"pa_verfuegbare-tisch-optionen-ohne-tisch","43":"pa_verfuegbare-tisch-optionen-variable-tischhoehe-elektrisch-verstellbar","44":"pa_verwendung-telefonieren","45":"pa_verwendung-video-call","47":"first","48":"instock","49":"taxable","50":"shipping-taxable","51":"purchasable","52":"product-type-simple"},"uagb_featured_image_src":{"full":["https:\/\/99cubes.de\/wp-content\/uploads\/2024\/11\/99cubes-Telefonbox-Silen-Chatbox-Solo.jpg",1200,1200,false],"thumbnail":["https:\/\/99cubes.de\/wp-content\/uploads\/2024\/11\/99cubes-Telefonbox-Silen-Chatbox-Solo-200x200.jpg",200,200,true],"medium":["https:\/\/99cubes.de\/wp-content\/uploads\/2024\/11\/99cubes-Telefonbox-Silen-Chatbox-Solo-450x450.jpg",450,450,true],"medium_large":["https:\/\/99cubes.de\/wp-content\/uploads\/2024\/11\/99cubes-Telefonbox-Silen-Chatbox-Solo-768x768.jpg",768,768,true],"large":["https:\/\/99cubes.de\/wp-content\/uploads\/2024\/11\/99cubes-Telefonbox-Silen-Chatbox-Solo-1200x1200.jpg",1140,1140,true],"1536x1536":["https:\/\/99cubes.de\/wp-content\/uploads\/2024\/11\/99cubes-Telefonbox-Silen-Chatbox-Solo.jpg",1200,1200,false],"2048x2048":["https:\/\/99cubes.de\/wp-content\/uploads\/2024\/11\/99cubes-Telefonbox-Silen-Chatbox-Solo.jpg",1200,1200,false],"trp-custom-language-flag":["https:\/\/99cubes.de\/wp-content\/uploads\/2024\/11\/99cubes-Telefonbox-Silen-Chatbox-Solo-12x12.jpg",12,12,true],"botiga-extra-large":["https:\/\/99cubes.de\/wp-content\/uploads\/2024\/11\/99cubes-Telefonbox-Silen-Chatbox-Solo-1140x1140.jpg",1140,1140,true],"botiga-large":["https:\/\/99cubes.de\/wp-content\/uploads\/2024\/11\/99cubes-Telefonbox-Silen-Chatbox-Solo-920x920.jpg",920,920,true],"botiga-big":["https:\/\/99cubes.de\/wp-content\/uploads\/2024\/11\/99cubes-Telefonbox-Silen-Chatbox-Solo-575x575.jpg",575,575,true],"botiga-medium":["https:\/\/99cubes.de\/wp-content\/uploads\/2024\/11\/99cubes-Telefonbox-Silen-Chatbox-Solo-380x380.jpg",380,380,true],"botiga-header-icons":["https:\/\/99cubes.de\/wp-content\/uploads\/2024\/11\/99cubes-Telefonbox-Silen-Chatbox-Solo-50x50.jpg",50,50,true],"botiga-product-swatch-image":["https:\/\/99cubes.de\/wp-content\/uploads\/2024\/11\/99cubes-Telefonbox-Silen-Chatbox-Solo-26x26.jpg",26,26,true],"woocommerce_thumbnail":["https:\/\/99cubes.de\/wp-content\/uploads\/2024\/11\/99cubes-Telefonbox-Silen-Chatbox-Solo-420x420.jpg",420,420,true],"woocommerce_single":["https:\/\/99cubes.de\/wp-content\/uploads\/2024\/11\/99cubes-Telefonbox-Silen-Chatbox-Solo-800x800.jpg",800,800,true],"woocommerce_gallery_thumbnail":["https:\/\/99cubes.de\/wp-content\/uploads\/2024\/11\/99cubes-Telefonbox-Silen-Chatbox-Solo-100x100.jpg",100,100,true],"wpvr_mobile":["https:\/\/99cubes.de\/wp-content\/uploads\/2024\/11\/99cubes-Telefonbox-Silen-Chatbox-Solo.jpg",1200,1200,false]},"uagb_author_info":{"display_name":"frank","author_link":"https:\/\/99cubes.de\/es\/author\/"},"uagb_comment_info":0,"uagb_excerpt":"Die Silen Chatbox Solo ist die perfekte L\u00f6sung f\u00fcr konzentriertes Arbeiten im Gro\u00dfraumb\u00fcro. Als kompakte Arbeitsbox bietet die Silen Chatbox Solo einen schallgesch\u00fctzten Arbeitsplatz - je nach Variante entweder gem\u00fctlich (mit Schreibtisch und Sofa) oder ergonomisch gestaltet (mit h\u00f6henverstellbarem Schreibtisch). Die Chatbox-Produktserie ist modular aufgebaut und durchdacht bis ins letzte Detail: So sind die Seitenwand-Verkleidungen&hellip;","_links":{"self":[{"href":"https:\/\/99cubes.de\/es\/wp-json\/wp\/v2\/product\/3063","targetHints":{"allow":["GET"]}}],"collection":[{"href":"https:\/\/99cubes.de\/es\/wp-json\/wp\/v2\/product"}],"about":[{"href":"https:\/\/99cubes.de\/es\/wp-json\/wp\/v2\/types\/product"}],"replies":[{"embeddable":true,"href":"https:\/\/99cubes.de\/es\/wp-json\/wp\/v2\/comments?post=3063"}],"wp:featuredmedia":[{"embeddable":true,"href":"https:\/\/99cubes.de\/es\/wp-json\/wp\/v2\/media\/4666"}],"wp:attachment":[{"href":"https:\/\/99cubes.de\/es\/wp-json\/wp\/v2\/media?parent=3063"}],"wp:term":[{"taxonomy":"product_brand","embeddable":true,"href":"https:\/\/99cubes.de\/es\/wp-json\/wp\/v2\/product_brand?post=3063"},{"taxonomy":"product_cat","embeddable":true,"href":"https:\/\/99cubes.de\/es\/wp-json\/wp\/v2\/product_cat?post=3063"},{"taxonomy":"product_tag","embeddable":true,"href":"https:\/\/99cubes.de\/es\/wp-json\/wp\/v2\/product_tag?post=3063"}],"curies":[{"name":"wp","href":"https:\/\/api.w.org\/{rel}","templated":true}]}}