{"id":3071,"date":"2024-11-01T18:52:57","date_gmt":"2024-11-01T17:52:57","guid":{"rendered":"https:\/\/99cubes.de\/?post_type=product&#038;p=3071"},"modified":"2026-02-24T12:47:05","modified_gmt":"2026-02-24T11:47:05","slug":"kit-de-movilidad-silen","status":"publish","type":"product","link":"https:\/\/99cubes.de\/es\/produkt\/mobility-kit-silen\/","title":{"rendered":"Kit de movilidad | Silen"},"content":{"rendered":"<p>Un kit de movilidad consta de seis ruedas muy estables que se atornillan a la pared lateral del cubo ac\u00fastico. El requisito previo para mover los cubos ac\u00fasticos Silen es una superficie nivelada entre las ubicaciones (sin umbrales de puerta altos, el mismo suelo o montacargas existente).<\/p>\n<p>Alquilamos kits de movilidad de Silen para trasladar sus cubos ac\u00fasticos Silen. El per\u00edodo m\u00ednimo de alquiler es de un mes, tiempo suficiente para el traslado propiamente dicho y el env\u00edo de vuelta a nosotros (incluida la entrega del paquete).<\/p>","protected":false},"excerpt":{"rendered":"<p>El kit de movilidad de Silen est\u00e1 disponible como accesorio para todos los cubos ac\u00fasticos de Silen. Permite desplazar de forma r\u00e1pida y sencilla las cabinas telef\u00f3nicas y de reuniones grandes y peque\u00f1as de las l\u00edneas de productos \u201eSilen Hybrid\u201c y \u201cSilen Chatbox\u201c y reubicarlas de una sala a otra.<\/p>\n<p>El siguiente v\u00eddeo muestra exactamente c\u00f3mo funciona:\u00a0<a href=\"https:\/\/www.youtube.com\/watch?v=DqmpuZxj61Q\" target=\"_blank\" rel=\"noopener\">https:\/\/www.youtube.com\/watch?v=DqmpuZxj61Q<\/a><\/p>","protected":false},"featured_media":3409,"comment_status":"open","ping_status":"closed","template":"","meta":{"content-type":"","_uag_custom_page_level_css":""},"product_brand":[],"product_cat":[67],"product_tag":[],"class_list":{"0":"post-3071","1":"product","2":"type-product","3":"status-publish","4":"has-post-thumbnail","6":"product_cat-zubehoer","7":"pa_flex-miete-verfuegbar-ja","8":"pa_lieferzeit-2-wochen-lieferzeit","9":"pa_marke-silen","10":"pa_mobilitaet-mobility-kit-als-zubehoer","12":"first","13":"instock","14":"taxable","15":"shipping-taxable","16":"purchasable","17":"product-type-simple"},"uagb_featured_image_src":{"full":["https:\/\/99cubes.de\/wp-content\/uploads\/2024\/11\/99cubes-Zubehoer-Umzug-Telefonbox-Silen-Mobilitykit.jpg",1351,1200,false],"thumbnail":["https:\/\/99cubes.de\/wp-content\/uploads\/2024\/11\/99cubes-Zubehoer-Umzug-Telefonbox-Silen-Mobilitykit-200x200.jpg",200,200,true],"medium":["https:\/\/99cubes.de\/wp-content\/uploads\/2024\/11\/99cubes-Zubehoer-Umzug-Telefonbox-Silen-Mobilitykit-450x400.jpg",450,400,true],"medium_large":["https:\/\/99cubes.de\/wp-content\/uploads\/2024\/11\/99cubes-Zubehoer-Umzug-Telefonbox-Silen-Mobilitykit-768x682.jpg",768,682,true],"large":["https:\/\/99cubes.de\/wp-content\/uploads\/2024\/11\/99cubes-Zubehoer-Umzug-Telefonbox-Silen-Mobilitykit-1200x1066.jpg",1140,1013,true],"1536x1536":["https:\/\/99cubes.de\/wp-content\/uploads\/2024\/11\/99cubes-Zubehoer-Umzug-Telefonbox-Silen-Mobilitykit-1536x1365.jpg",1350,1200,true],"2048x2048":["https:\/\/99cubes.de\/wp-content\/uploads\/2024\/11\/99cubes-Zubehoer-Umzug-Telefonbox-Silen-Mobilitykit-2048x1819.jpg",1351,1200,true],"trp-custom-language-flag":["https:\/\/99cubes.de\/wp-content\/uploads\/2024\/11\/99cubes-Zubehoer-Umzug-Telefonbox-Silen-Mobilitykit-14x12.jpg",14,12,true],"botiga-extra-large":["https:\/\/99cubes.de\/wp-content\/uploads\/2024\/11\/99cubes-Zubehoer-Umzug-Telefonbox-Silen-Mobilitykit-1140x1013.jpg",1140,1013,true],"botiga-large":["https:\/\/99cubes.de\/wp-content\/uploads\/2024\/11\/99cubes-Zubehoer-Umzug-Telefonbox-Silen-Mobilitykit-920x817.jpg",920,817,true],"botiga-big":["https:\/\/99cubes.de\/wp-content\/uploads\/2024\/11\/99cubes-Zubehoer-Umzug-Telefonbox-Silen-Mobilitykit-575x511.jpg",575,511,true],"botiga-medium":["https:\/\/99cubes.de\/wp-content\/uploads\/2024\/11\/99cubes-Zubehoer-Umzug-Telefonbox-Silen-Mobilitykit-380x338.jpg",380,338,true],"botiga-header-icons":["https:\/\/99cubes.de\/wp-content\/uploads\/2024\/11\/99cubes-Zubehoer-Umzug-Telefonbox-Silen-Mobilitykit-50x50.jpg",50,50,true],"botiga-product-swatch-image":["https:\/\/99cubes.de\/wp-content\/uploads\/2024\/11\/99cubes-Zubehoer-Umzug-Telefonbox-Silen-Mobilitykit-26x26.jpg",26,26,true],"woocommerce_thumbnail":["https:\/\/99cubes.de\/wp-content\/uploads\/2024\/11\/99cubes-Zubehoer-Umzug-Telefonbox-Silen-Mobilitykit-420x420.jpg",420,420,true],"woocommerce_single":["https:\/\/99cubes.de\/wp-content\/uploads\/2024\/11\/99cubes-Zubehoer-Umzug-Telefonbox-Silen-Mobilitykit-800x711.jpg",800,711,true],"woocommerce_gallery_thumbnail":["https:\/\/99cubes.de\/wp-content\/uploads\/2024\/11\/99cubes-Zubehoer-Umzug-Telefonbox-Silen-Mobilitykit-100x100.jpg",100,100,true],"wpvr_mobile":["https:\/\/99cubes.de\/wp-content\/uploads\/2024\/11\/99cubes-Zubehoer-Umzug-Telefonbox-Silen-Mobilitykit-2305x2048.jpg",1351,1200,true]},"uagb_author_info":{"display_name":"frank","author_link":"https:\/\/99cubes.de\/es\/author\/"},"uagb_comment_info":0,"uagb_excerpt":"Das Mobility-Kit von Silen ist als Zubeh\u00f6r zu allen Akustik-Cubes von Silen erh\u00e4ltlich. Damit lassen sich gro\u00dfe und kleine Telefon- und Meetingboxen aus den Produktlinien \"Silen Hybrid\" und \" Silen Chatbox\" recht schnell und unkompliziert verschieben und von Raum zu Raum umziehen. Wie das genau funktioniert, zeigt das folgende Video:\u00a0https:\/\/www.youtube.com\/watch?v=DqmpuZxj61Q","_links":{"self":[{"href":"https:\/\/99cubes.de\/es\/wp-json\/wp\/v2\/product\/3071","targetHints":{"allow":["GET"]}}],"collection":[{"href":"https:\/\/99cubes.de\/es\/wp-json\/wp\/v2\/product"}],"about":[{"href":"https:\/\/99cubes.de\/es\/wp-json\/wp\/v2\/types\/product"}],"replies":[{"embeddable":true,"href":"https:\/\/99cubes.de\/es\/wp-json\/wp\/v2\/comments?post=3071"}],"wp:featuredmedia":[{"embeddable":true,"href":"https:\/\/99cubes.de\/es\/wp-json\/wp\/v2\/media\/3409"}],"wp:attachment":[{"href":"https:\/\/99cubes.de\/es\/wp-json\/wp\/v2\/media?parent=3071"}],"wp:term":[{"taxonomy":"product_brand","embeddable":true,"href":"https:\/\/99cubes.de\/es\/wp-json\/wp\/v2\/product_brand?post=3071"},{"taxonomy":"product_cat","embeddable":true,"href":"https:\/\/99cubes.de\/es\/wp-json\/wp\/v2\/product_cat?post=3071"},{"taxonomy":"product_tag","embeddable":true,"href":"https:\/\/99cubes.de\/es\/wp-json\/wp\/v2\/product_tag?post=3071"}],"curies":[{"name":"wp","href":"https:\/\/api.w.org\/{rel}","templated":true}]}}