{"id":3176,"date":"2024-11-27T17:37:35","date_gmt":"2024-11-27T16:37:35","guid":{"rendered":"https:\/\/99cubes.de\/?post_type=product&#038;p=3176"},"modified":"2026-03-17T12:31:14","modified_gmt":"2026-03-17T11:31:14","slug":"4er-meetingbox-chatbox-duo-plus-silen","status":"publish","type":"product","link":"https:\/\/99cubes.de\/es\/produkt\/4er-meetingbox-chatbox-duo-plus-silen\/","title":{"rendered":"Caja de reuniones de 4 plazas Chatbox Duo Plus | Silen"},"content":{"rendered":"<div class=\"su-accordion su-u-trim\">\n<div class=\"su-spoiler su-spoiler-style-default su-spoiler-icon-plus\" data-scroll-offset=\"0\" data-anchor-in-url=\"no\"><div class=\"su-spoiler-title\" tabindex=\"0\" role=\"button\"><span class=\"su-spoiler-icon\"><\/span><strong>Informaci\u00f3n sobre la serie de productos Silen Chatbox<\/strong><\/div><div class=\"su-spoiler-content su-u-clearfix su-u-trim\">\nEl fabricante \u201eSilen\u201c, con sede en Estonia, es uno de los productores de cubos ac\u00fasticos m\u00e1s innovadores y exitosos del mundo, y suministra a m\u00e1s de 60 pa\u00edses. Tras el gran \u00e9xito de la serie de productos de alta calidad \u201eSilen Space\u201c (aislamiento ac\u00fastico de clase A), se ha lanzado una segunda l\u00ednea de productos con \u201eSilen Chatbox\u201c, que se centra a\u00fan m\u00e1s en el precio, la eficiencia y la modularidad. Los cubos ac\u00fasticos Silen Chatbox son ligeramente m\u00e1s ligeros y, por tanto, notablemente m\u00e1s baratos, pero cumplen con creces los requisitos de la clase B de aislamiento ac\u00fastico. Con un aislamiento ac\u00fastico de algo menos de 30 dB, el Chatbox Duo Plus roza incluso el l\u00edmite de la clase de aislamiento ac\u00fastico A.<br \/>\nLo que m\u00e1s nos gusta de los cubos ac\u00fasticos Silen Chatbox:<\/p>\n<ul>\n<li>Los paneles laterales son intercambiables. As\u00ed, gracias a un innovador sistema de cierre magn\u00e9tico, se pueden reequipar f\u00e1cilmente con otros colores o con el popular dise\u00f1o de paneles laterales de listones de madera.<\/li>\n<li>Las ediciones Duo y Quattro de Chatbox pueden conectarse en serie para formar una sala m\u00e1s grande. A la inversa, un Chatbox Quattro puede dividirse posteriormente y transformarse en dos Duos. Basta con reordenar o almacenar temporalmente las paredes de cristal a juego.<\/li>\n<li>El kit de movilidad disponible por separado facilita el desplazamiento de todos los cubos ac\u00fasticos dentro de la oficina.<\/li>\n<li>Valores de intercambio de aire especialmente buenos (v\u00e9ase tambi\u00e9n: <a href=\"https:\/\/99cubes.de\/es\/intercambio-de-aire\/\">Criterio de selecci\u00f3n intercambio de aire<\/a>).<\/li>\n<\/ul>\n<\/div><\/div>\n<div class=\"su-spoiler su-spoiler-style-default su-spoiler-icon-plus\" data-scroll-offset=\"0\" data-anchor-in-url=\"no\"><div class=\"su-spoiler-title\" tabindex=\"0\" role=\"button\"><span class=\"su-spoiler-icon\"><\/span><strong>Configurador de productos:<\/strong><\/div><div class=\"su-spoiler-content su-u-clearfix su-u-trim\">\n<p>Encontrar\u00e1 todas las opciones y posibilidades de dise\u00f1o en nuestro configurador interactivo de productos:<\/p>\n<div class=\"wp-block-button\"><a class=\"wp-block-button__link wp-element-button\" href=\"https:\/\/configurator.silen.com\/?site=6364&amp;code=113440\" target=\"_blank\" rel=\"noopener\">Ir al configurador de productos<\/a><\/div>\n<\/div><\/div>\n<div class=\"su-spoiler su-spoiler-style-default su-spoiler-icon-plus su-spoiler-closed\" data-scroll-offset=\"0\" data-anchor-in-url=\"no\"><div class=\"su-spoiler-title\" tabindex=\"0\" role=\"button\"><span class=\"su-spoiler-icon\"><\/span><strong>Equipamiento:<\/strong><\/div><div class=\"su-spoiler-content su-u-clearfix su-u-trim\">\n<ul>\n<li>Detector de presencia<\/li>\n<li>Sistema de ventilaci\u00f3n en el techo<\/li>\n<li>Luz LED integrada (4.000 K, 2.240 l\u00famenes, 28 vatios)<\/li>\n<li>Conexi\u00f3n mediante cable de alimentaci\u00f3n de 3 m<\/li>\n<li>Toma Schuko + toma de carga USB A\/C (toma adicional disponible para mesa integrada fija)<\/li>\n<li>Paredes interiores con paneles ac\u00fasticos anecoicos<\/li>\n<li>Moqueta de pelo bajo antiest\u00e1tica y repelente de la suciedad<\/li>\n<li>Puede montarse como puerta izquierda o derecha (mismos componentes)<\/li>\n<li>Elecci\u00f3n del equipamiento interior:\n<ul>\n<li>Dos c\u00f3modos sof\u00e1s con respaldos en tres colores diferentes<\/li>\n<li>Mesas flexibles para ordenador port\u00e1til \u201eGaia\u201c (opcionalmente para uno o ambos lados, superficie opcionalmente en \u201eFenix negro mate\u201c o \u201eFenix blanco mate\u201c)<\/li>\n<li>Mesa integrada permanentemente (opcionalmente con regleta de enchufes adicional)<\/li>\n<\/ul>\n<\/li>\n<li>Opcional: conexi\u00f3n LAN<\/li>\n<li>Opcional: soporte para monitor VESA en el panel trasero de cristal<\/li>\n<li>Opcional: panel de control para el control manual de la luz (atenuaci\u00f3n) y la ventilaci\u00f3n (m\u00e1s fuerte o m\u00e1s d\u00e9bil)<\/li>\n<li>Paneles laterales negros o blancos; opcionalmente disponibles en otros 9 colores (incluido el color de la pizarra blanca) o en dise\u00f1o de listones de madera (roble)<\/li>\n<\/ul>\n<figure id=\"attachment_3059\" aria-describedby=\"caption-attachment-3059\" style=\"width: 1200px\" class=\"wp-caption alignnone\"><img loading=\"lazy\" decoding=\"async\" class=\"wp-image-3059 size-large\" src=\"https:\/\/99cubes.de\/wp-content\/uploads\/2024\/10\/Oberflaechen-Silen-Chatbox-1200x534.jpg\" alt=\"\" width=\"1200\" height=\"534\" srcset=\"https:\/\/99cubes.de\/wp-content\/uploads\/2024\/10\/Oberflaechen-Silen-Chatbox-1200x534.jpg 1200w, https:\/\/99cubes.de\/wp-content\/uploads\/2024\/10\/Oberflaechen-Silen-Chatbox-450x200.jpg 450w, https:\/\/99cubes.de\/wp-content\/uploads\/2024\/10\/Oberflaechen-Silen-Chatbox-768x342.jpg 768w, https:\/\/99cubes.de\/wp-content\/uploads\/2024\/10\/Oberflaechen-Silen-Chatbox-18x8.jpg 18w, https:\/\/99cubes.de\/wp-content\/uploads\/2024\/10\/Oberflaechen-Silen-Chatbox-1140x507.jpg 1140w, https:\/\/99cubes.de\/wp-content\/uploads\/2024\/10\/Oberflaechen-Silen-Chatbox-920x409.jpg 920w, https:\/\/99cubes.de\/wp-content\/uploads\/2024\/10\/Oberflaechen-Silen-Chatbox-575x256.jpg 575w, https:\/\/99cubes.de\/wp-content\/uploads\/2024\/10\/Oberflaechen-Silen-Chatbox-380x169.jpg 380w, https:\/\/99cubes.de\/wp-content\/uploads\/2024\/10\/Oberflaechen-Silen-Chatbox-800x356.jpg 800w, https:\/\/99cubes.de\/wp-content\/uploads\/2024\/10\/Oberflaechen-Silen-Chatbox.jpg 1234w\" sizes=\"auto, (max-width: 1200px) 100vw, 1200px\" \/><figcaption id=\"caption-attachment-3059\" class=\"wp-caption-text\">La selecci\u00f3n de superficies para la serie de productos Silen Chatbox<\/figcaption><\/figure>\n<\/div><\/div>\n<div class=\"su-spoiler su-spoiler-style-default su-spoiler-icon-plus su-spoiler-closed\" data-scroll-offset=\"0\" data-anchor-in-url=\"no\"><div class=\"su-spoiler-title\" tabindex=\"0\" role=\"button\"><span class=\"su-spoiler-icon\"><\/span><strong>Dimensiones y peso:<\/strong><\/div><div class=\"su-spoiler-content su-u-clearfix su-u-trim\">\n<ul>\n<li>Anchura (exterior \/ interior): 2130 mm \/ 2000 mm<\/li>\n<li>Profundidad (exterior \/ interior): 1230 mm \/ 1160 mm<\/li>\n<li>Altura (exterior \/ interior): 2220 mm \/ 2040 mm<\/li>\n<li>Peso: 580 kg<\/li>\n<\/ul>\n<\/div><\/div>\n<div class=\"su-spoiler su-spoiler-style-default su-spoiler-icon-plus su-spoiler-closed\" data-scroll-offset=\"0\" data-anchor-in-url=\"no\"><div class=\"su-spoiler-title\" tabindex=\"0\" role=\"button\"><span class=\"su-spoiler-icon\"><\/span><strong>Datos ac\u00fasticos y ventilaci\u00f3n:<\/strong><\/div><div class=\"su-spoiler-content su-u-clearfix su-u-trim\">\n<p><strong>Aislamiento ac\u00fastico:<\/strong> 29,4 dB (corresponde a la clase B seg\u00fan ISO 23351-1)<\/p>\n<p><strong>Intercambio de aire: <\/strong>198 m\u00b3\/h (caudal de aire del sistema)<\/p>\n<p><strong>Caracter\u00edsticas especiales:<\/strong>\u00a0Calidad del aire interior certificada: probada para emisiones de COV, es decir, vapores de compuestos org\u00e1nicos vol\u00e1tiles.<\/p>\n<\/div><\/div>\n<\/div>","protected":false},"excerpt":{"rendered":"<p>El Silen Chatbox Duo Plus es la soluci\u00f3n perfecta para reuniones de dos a un m\u00e1ximo de cuatro personas en una oficina di\u00e1fana. Equipado con dos sof\u00e1s y varias opciones de mesas, el Silen Chatbox Duo Plus ofrece todo lo necesario para una reuni\u00f3n breve. A diferencia del Chatbox Duo, algo m\u00e1s peque\u00f1o, el \u201eDuo Plus\u201c es ligeramente m\u00e1s profundo. Cuatro personas pueden sentarse de forma compacta, pero c\u00f3moda.<\/p>\n<p>La serie de productos Silen Chatbox tiene un dise\u00f1o modular y est\u00e1 pensada hasta el \u00faltimo detalle: por ejemplo, el revestimiento de la pared lateral se puede sustituir posteriormente. Pr\u00e1ctico para quien desee reequipar su box de trabajo con elegantes lamas de madera o intercambiar los colores de las superficies entre distintos cubos ac\u00fasticos.<br \/>\nUn kit de movilidad disponible por separado ayuda a mover las cajas. A diferencia de otros fabricantes, las ruedas no est\u00e1n integradas, sino que se fijan al lateral para transportarlas en caso necesario, por lo que basta con un kit de movilidad por oficina \/ edificio.<br \/>\nUn buen aislamiento ac\u00fastico, un acabado de alta calidad y una buena relaci\u00f3n calidad-precio caracterizan a todos los cubos ac\u00fasticos de la serie Silen Chatbox.<br \/>\nLa caja de reuniones de 4 plazas \u201eChatbox Duo Plus\u201c est\u00e1 disponible en las siguientes versiones, similares a su modelo hermano \u201eDuo\u201c:<\/p>\n<ul>\n<li>Vac\u00edo (sin foto)<\/li>\n<li>con mesa integrada fija (puede combinarse con sillas giratorias o taburetes, seg\u00fan se desee)<\/li>\n<li>con dos sof\u00e1s, pero sin mesa<\/li>\n<li>con dos sof\u00e1s y mesa integrada<\/li>\n<li>con dos sof\u00e1s y una o dos mesas flexibles \u201eGaia\u201c para port\u00e1tiles\u201c<\/li>\n<\/ul>\n<p>Adem\u00e1s de los paneles laterales en diferentes colores, el Silen Chatbox Duo Plus dispone de muchas caracter\u00edsticas adicionales, como un panel de control opcional para la iluminaci\u00f3n y la ventilaci\u00f3n, una conexi\u00f3n LAN, un soporte para monitor VESA o tomas adicionales.<\/p>\n<p>Estaremos encantados de asesorarle sobre las opciones que m\u00e1s le interesen.<\/p>","protected":false},"featured_media":4673,"comment_status":"open","ping_status":"closed","template":"","meta":{"content-type":"","_uag_custom_page_level_css":""},"product_brand":[],"product_cat":[60],"product_tag":[],"class_list":{"0":"post-3176","1":"product","2":"type-product","3":"status-publish","4":"has-post-thumbnail","6":"product_cat-meetingboxen","7":"pa_anzahl-personen-2-personen","8":"pa_anzahl-personen-4-personen","9":"pa_belueftungssteuerung-individuell-steuerbar","10":"pa_belueftungssteuerung-vollautomatisch","11":"pa_breite-213-m","12":"pa_buchungstool-display-goconut-ready","13":"pa_einsatz-szenarien-buero","14":"pa_einsatz-szenarien-einzelhandel","15":"pa_einsatz-szenarien-hotel","16":"pa_einsatz-szenarien-schule-universitaet","17":"pa_farbe-holzlamellen","18":"pa_farbe-konfigurierbar","19":"pa_farbe-schwarz","20":"pa_farbe-weiss","21":"pa_flex-miete-verfuegbar-ja","22":"pa_gewicht-580-kg","23":"pa_hoehe-222-m","24":"pa_lan-kein-lan-anschluss","25":"pa_lan-lan-anschluss-als-sonderausstattung","26":"pa_lieferzeit-4-bis-6-wochen-lieferzeit","27":"pa_luftaustausch-198-m-h-systemluftstrom","28":"pa_marke-silen","29":"pa_mobilitaet-keine","30":"pa_mobilitaet-mobility-kit-als-zubehoer","31":"pa_monitorhalterung-monitorhalterung-als-sonderausstattung","32":"pa_monitorhalterung-ohne-monitorhalterung","33":"pa_nachhaltigkeit-klimaneutral-hergestellt","34":"pa_preissegment-zwei","35":"pa_schalldaemmung-drei-sterne","36":"pa_sitzen-oder-stehen-im-sitzen-niedrig-mit-stuhl-oder-bank","37":"pa_spezial-features-aussenwandfarbe-nachtraeglich-austauschbar","38":"pa_spezial-features-gs-tuev-zertifiziert","39":"pa_spezial-features-modular-verkettbar-aufteilbar","40":"pa_spezial-features-white-board-option","41":"pa_spezial-features-zertifizierte-innenraum-luftqualitaet","42":"pa_tiefe-123-m","43":"pa_verfuegbare-tisch-optionen-fixe-tischhoehe-sitzen","44":"pa_verfuegbare-tisch-optionen-ohne-tisch","45":"pa_verwendung-konzentriertes-arbeiten","46":"pa_verwendung-meeting","47":"pa_verwendung-telefonieren","48":"pa_verwendung-video-call","50":"first","51":"instock","52":"taxable","53":"shipping-taxable","54":"purchasable","55":"product-type-simple"},"uagb_featured_image_src":{"full":["https:\/\/99cubes.de\/wp-content\/uploads\/2024\/11\/99cubes-silen-meetingbox-chatbox-duo-plus-4-personen.jpg",1200,1200,false],"thumbnail":["https:\/\/99cubes.de\/wp-content\/uploads\/2024\/11\/99cubes-silen-meetingbox-chatbox-duo-plus-4-personen-200x200.jpg",200,200,true],"medium":["https:\/\/99cubes.de\/wp-content\/uploads\/2024\/11\/99cubes-silen-meetingbox-chatbox-duo-plus-4-personen-450x450.jpg",450,450,true],"medium_large":["https:\/\/99cubes.de\/wp-content\/uploads\/2024\/11\/99cubes-silen-meetingbox-chatbox-duo-plus-4-personen-768x768.jpg",768,768,true],"large":["https:\/\/99cubes.de\/wp-content\/uploads\/2024\/11\/99cubes-silen-meetingbox-chatbox-duo-plus-4-personen-1200x1200.jpg",1140,1140,true],"1536x1536":["https:\/\/99cubes.de\/wp-content\/uploads\/2024\/11\/99cubes-silen-meetingbox-chatbox-duo-plus-4-personen-1536x1536.jpg",1200,1200,true],"2048x2048":["https:\/\/99cubes.de\/wp-content\/uploads\/2024\/11\/99cubes-silen-meetingbox-chatbox-duo-plus-4-personen.jpg",1200,1200,false],"trp-custom-language-flag":["https:\/\/99cubes.de\/wp-content\/uploads\/2024\/11\/99cubes-silen-meetingbox-chatbox-duo-plus-4-personen-12x12.jpg",12,12,true],"botiga-extra-large":["https:\/\/99cubes.de\/wp-content\/uploads\/2024\/11\/99cubes-silen-meetingbox-chatbox-duo-plus-4-personen-1140x1140.jpg",1140,1140,true],"botiga-large":["https:\/\/99cubes.de\/wp-content\/uploads\/2024\/11\/99cubes-silen-meetingbox-chatbox-duo-plus-4-personen-920x920.jpg",920,920,true],"botiga-big":["https:\/\/99cubes.de\/wp-content\/uploads\/2024\/11\/99cubes-silen-meetingbox-chatbox-duo-plus-4-personen-575x575.jpg",575,575,true],"botiga-medium":["https:\/\/99cubes.de\/wp-content\/uploads\/2024\/11\/99cubes-silen-meetingbox-chatbox-duo-plus-4-personen-380x380.jpg",380,380,true],"botiga-header-icons":["https:\/\/99cubes.de\/wp-content\/uploads\/2024\/11\/99cubes-silen-meetingbox-chatbox-duo-plus-4-personen-50x50.jpg",50,50,true],"botiga-product-swatch-image":["https:\/\/99cubes.de\/wp-content\/uploads\/2024\/11\/99cubes-silen-meetingbox-chatbox-duo-plus-4-personen-26x26.jpg",26,26,true],"woocommerce_thumbnail":["https:\/\/99cubes.de\/wp-content\/uploads\/2024\/11\/99cubes-silen-meetingbox-chatbox-duo-plus-4-personen-420x420.jpg",420,420,true],"woocommerce_single":["https:\/\/99cubes.de\/wp-content\/uploads\/2024\/11\/99cubes-silen-meetingbox-chatbox-duo-plus-4-personen-800x800.jpg",800,800,true],"woocommerce_gallery_thumbnail":["https:\/\/99cubes.de\/wp-content\/uploads\/2024\/11\/99cubes-silen-meetingbox-chatbox-duo-plus-4-personen-100x100.jpg",100,100,true],"wpvr_mobile":["https:\/\/99cubes.de\/wp-content\/uploads\/2024\/11\/99cubes-silen-meetingbox-chatbox-duo-plus-4-personen.jpg",1200,1200,false]},"uagb_author_info":{"display_name":"frank","author_link":"https:\/\/99cubes.de\/es\/author\/"},"uagb_comment_info":0,"uagb_excerpt":"Die Silen Chatbox Duo Plus ist die perfekte L\u00f6sung f\u00fcr Meetings mit zwei bis maximal vier Personen im Gro\u00dfraumb\u00fcro. Mit zwei Sofas ausgestattet und verschieden Tisch-Optionen im Angebot, bietet die Silen Chatbox Duo Plus alles was man f\u00fcr eine kurze Besprechung\u00a0 ben\u00f6tigt. Im Gegensatz zur etwas kleineren Chatbox Duo ist die \"Duo Plus\" etwas tiefer.&hellip;","_links":{"self":[{"href":"https:\/\/99cubes.de\/es\/wp-json\/wp\/v2\/product\/3176","targetHints":{"allow":["GET"]}}],"collection":[{"href":"https:\/\/99cubes.de\/es\/wp-json\/wp\/v2\/product"}],"about":[{"href":"https:\/\/99cubes.de\/es\/wp-json\/wp\/v2\/types\/product"}],"replies":[{"embeddable":true,"href":"https:\/\/99cubes.de\/es\/wp-json\/wp\/v2\/comments?post=3176"}],"wp:featuredmedia":[{"embeddable":true,"href":"https:\/\/99cubes.de\/es\/wp-json\/wp\/v2\/media\/4673"}],"wp:attachment":[{"href":"https:\/\/99cubes.de\/es\/wp-json\/wp\/v2\/media?parent=3176"}],"wp:term":[{"taxonomy":"product_brand","embeddable":true,"href":"https:\/\/99cubes.de\/es\/wp-json\/wp\/v2\/product_brand?post=3176"},{"taxonomy":"product_cat","embeddable":true,"href":"https:\/\/99cubes.de\/es\/wp-json\/wp\/v2\/product_cat?post=3176"},{"taxonomy":"product_tag","embeddable":true,"href":"https:\/\/99cubes.de\/es\/wp-json\/wp\/v2\/product_tag?post=3176"}],"curies":[{"name":"wp","href":"https:\/\/api.w.org\/{rel}","templated":true}]}}