{"id":3413,"date":"2025-01-17T12:16:50","date_gmt":"2025-01-17T11:16:50","guid":{"rendered":"https:\/\/99cubes.de\/?post_type=product&#038;p=3413"},"modified":"2026-01-23T10:40:04","modified_gmt":"2026-01-23T09:40:04","slug":"podcast-booth-podcast-duo-studiobricks","status":"publish","type":"product","link":"https:\/\/99cubes.de\/es\/produkt\/podcast-kabine-podcast-duo-studiobricks\/","title":{"rendered":"Podcast booth \u201ePodcast DUO\u201c | Studiobricks"},"content":{"rendered":"<div class=\"su-accordion su-u-trim\">\n<div class=\"su-spoiler su-spoiler-style-default su-spoiler-icon-plus\" data-scroll-offset=\"0\" data-anchor-in-url=\"no\"><div class=\"su-spoiler-title\" tabindex=\"0\" role=\"button\"><span class=\"su-spoiler-icon\"><\/span><strong>La edici\u00f3n podcast de Studiobricks<\/strong><\/div><div class=\"su-spoiler-content su-u-clearfix su-u-trim\">\n<p>La edici\u00f3n podcast de Studiobricks incluye cabinas insonorizadas perfectamente dise\u00f1adas para la producci\u00f3n de podcasts. Si dispone de poco espacio pero necesita su propio miniestudio de podcast, las cabinas de podcast de Studiobricks ofrecen una soluci\u00f3n compacta y de alta calidad \u201elista para usar\u201c. El equipamiento est\u00e1ndar incluye un kit tecnol\u00f3gico de la serie m!ka de Yellotec, compuesto por dos soportes de pared, dos brazos de micr\u00f3fono y un estante de plexigl\u00e1s en DIN A3.<\/p>\n<\/div><\/div>\n<div class=\"su-spoiler su-spoiler-style-default su-spoiler-icon-plus su-spoiler-closed\" data-scroll-offset=\"0\" data-anchor-in-url=\"no\"><div class=\"su-spoiler-title\" tabindex=\"0\" role=\"button\"><span class=\"su-spoiler-icon\"><\/span><strong>Equipamiento:<\/strong><\/div><div class=\"su-spoiler-content su-u-clearfix su-u-trim\">\n<p>Las cabinas de podcast de la gama \u201ePodcast Edition by Studiobricks\u201c est\u00e1n equipadas de la siguiente manera:<\/p>\n<ul>\n<li>Combinaci\u00f3n de absorbedor de pared fabricado con PET reciclado:\n<ul>\n<li>en dise\u00f1o est\u00e1ndar (secci\u00f3n de pared inferior)<\/li>\n<li>con el innovador dise\u00f1o Eco45 de Studiobricks (secci\u00f3n superior de la pared)<\/li>\n<li>2x difusor SmartFuser a la altura del cabezal en blanco o negro<\/li>\n<\/ul>\n<\/li>\n<li>Amortiguador de techo de Studiobricks EcoTex (algod\u00f3n reciclado)<\/li>\n<li>Trampa de graves CBTrap PET 3080<\/li>\n<li>Moqueta gris oscuro<\/li>\n<li>Studiobricks LightPanel (luz LED) con aprox. 60 cm de longitud<\/li>\n<li>Acabado de pintura exterior en blanco (otros colores disponibles bajo pedido y con recargo)<\/li>\n<li>Puerta de cristal enmarcada con ventana insonorizante<\/li>\n<li>2 tomas Schuko<\/li>\n<li>2x juego de ventilaci\u00f3n con filtro (en el panel lateral izquierdo)<\/li>\n<li>T\u00fanel de cables para hasta 10 cables y t\u00fanel de cables adicional bajo el escritorio para hasta 4 cables<\/li>\n<li>Escritorio plegable 60 x 60 x 3 cm (blanco)<\/li>\n<li>Yellowtec podcast edition kit para 2 personas:\n<ul>\n<li>Poste de pared Mika (2 unidades)<\/li>\n<li>Adaptador de poste de pared Mika (2 unidades)<\/li>\n<li>Brazo de micr\u00f3fono Mika M Al. (2 unidades)<\/li>\n<li>Brazo para monitor Mika M Aluminio<\/li>\n<li>Mika Copy Stand Din A3<\/li>\n<\/ul>\n<\/li>\n<\/ul>\n<p>En la configuraci\u00f3n est\u00e1ndar, el frontal est\u00e1 cerrado: s\u00f3lo la puerta es acristalada. Hay disponible una ventana independiente (dispuesta sim\u00e9tricamente a la puerta acristalada) por un suplemento.<\/p>\n<\/div><\/div>\n<div class=\"su-spoiler su-spoiler-style-default su-spoiler-icon-plus su-spoiler-closed\" data-scroll-offset=\"0\" data-anchor-in-url=\"no\"><div class=\"su-spoiler-title\" tabindex=\"0\" role=\"button\"><span class=\"su-spoiler-icon\"><\/span><strong>Dimensiones y peso:<\/strong><\/div><div class=\"su-spoiler-content su-u-clearfix su-u-trim\">\n<p>La cabina de podcast \u201ePodcast Duo\u201c est\u00e1 dise\u00f1ada para dos personas y tiene las siguientes dimensiones:<\/p>\n<p>Dimensiones exteriores: 2,13 x 1,21 x 2,22 metros<\/p>\n<p>Dimensiones interiores: 1,97 x 1,05 x 2,10 metros<\/p>\n<p>Peso: aprox. 640 kg<\/p>\n<\/div><\/div>\n<\/div>","protected":false},"excerpt":{"rendered":"<p><img loading=\"lazy\" decoding=\"async\" class=\"alignleft wp-image-3418\" src=\"https:\/\/99cubes.de\/wp-content\/uploads\/2025\/01\/Podcast-Edition-99cubes-200x200.jpg\" alt=\"\" width=\"156\" height=\"150\" srcset=\"https:\/\/99cubes.de\/wp-content\/uploads\/2025\/01\/Podcast-Edition-99cubes-450x432.jpg 450w, https:\/\/99cubes.de\/wp-content\/uploads\/2025\/01\/Podcast-Edition-99cubes-768x737.jpg 768w, https:\/\/99cubes.de\/wp-content\/uploads\/2025\/01\/Podcast-Edition-99cubes-13x12.jpg 13w, https:\/\/99cubes.de\/wp-content\/uploads\/2025\/01\/Podcast-Edition-99cubes-575x552.jpg 575w, https:\/\/99cubes.de\/wp-content\/uploads\/2025\/01\/Podcast-Edition-99cubes-380x365.jpg 380w, https:\/\/99cubes.de\/wp-content\/uploads\/2025\/01\/Podcast-Edition-99cubes-26x26.jpg 26w, https:\/\/99cubes.de\/wp-content\/uploads\/2025\/01\/Podcast-Edition-99cubes-800x768.jpg 800w, https:\/\/99cubes.de\/wp-content\/uploads\/2025\/01\/Podcast-Edition-99cubes.jpg 817w\" sizes=\"auto, (max-width: 156px) 100vw, 156px\" \/><br \/>\nLa cabina de podcast \u201ePodcast Duo\u201c ofrece un entorno ac\u00fastico controlado en un espacio compacto sin ruidos externos molestos. El sistema de doble pared desarrollado por Studiobricks, combinado con una sofisticada combinaci\u00f3n de diferentes absorbentes en el interior, garantiza una calidad de sonido perfecta para sus grabaciones de podcast. Ideal para estudios de podcast en la oficina dom\u00e9stica o para empresas con producci\u00f3n propia de podcasts.<\/p>","protected":false},"featured_media":3414,"comment_status":"open","ping_status":"closed","template":"","meta":{"content-type":"","_uag_custom_page_level_css":""},"product_brand":[],"product_cat":[60],"product_tag":[],"class_list":{"0":"post-3413","1":"product","2":"type-product","3":"status-publish","4":"has-post-thumbnail","6":"product_cat-meetingboxen","7":"pa_anzahl-personen-2-personen","8":"pa_belueftungssteuerung-individuell-steuerbar","9":"pa_breite-213-m","10":"pa_buchungstool-display-goconut-ready","11":"pa_einsatz-szenarien-podcasts","12":"pa_farbe-konfigurierbar","13":"pa_farbe-weiss","14":"pa_flex-miete-verfuegbar-auf-anfrage","15":"pa_gewicht-640-kg","16":"pa_hoehe-222-m","17":"pa_lan-kein-lan-anschluss","18":"pa_lieferzeit-4-bis-6-wochen-lieferzeit","19":"pa_luftaustausch-keine-angaben","20":"pa_marke-studiobricks","21":"pa_mobilitaet-keine","22":"pa_monitorhalterung-ohne-monitorhalterung","23":"pa_preissegment-drei","24":"pa_schalldaemmung-fuenf-sterne","25":"pa_sitzen-oder-stehen-im-sitzen-niedrig-mit-stuhl-oder-bank","26":"pa_spezial-features-media-innenausstattung","27":"pa_tiefe-121-m","28":"pa_verfuegbare-tisch-optionen-fixe-tischhoehe-sitzen","29":"pa_verwendung-tonaufnahme","31":"first","32":"instock","33":"taxable","34":"shipping-taxable","35":"purchasable","36":"product-type-simple"},"uagb_featured_image_src":{"full":["https:\/\/99cubes.de\/wp-content\/uploads\/2025\/01\/Studiobricks-Podcast-Edition-Podcast-Kabine-Podcast-DUO-Aussenansicht.jpg",1392,1200,false],"thumbnail":["https:\/\/99cubes.de\/wp-content\/uploads\/2025\/01\/Studiobricks-Podcast-Edition-Podcast-Kabine-Podcast-DUO-Aussenansicht-200x200.jpg",200,200,true],"medium":["https:\/\/99cubes.de\/wp-content\/uploads\/2025\/01\/Studiobricks-Podcast-Edition-Podcast-Kabine-Podcast-DUO-Aussenansicht-450x388.jpg",450,388,true],"medium_large":["https:\/\/99cubes.de\/wp-content\/uploads\/2025\/01\/Studiobricks-Podcast-Edition-Podcast-Kabine-Podcast-DUO-Aussenansicht-768x662.jpg",768,662,true],"large":["https:\/\/99cubes.de\/wp-content\/uploads\/2025\/01\/Studiobricks-Podcast-Edition-Podcast-Kabine-Podcast-DUO-Aussenansicht-1200x1034.jpg",1140,982,true],"1536x1536":["https:\/\/99cubes.de\/wp-content\/uploads\/2025\/01\/Studiobricks-Podcast-Edition-Podcast-Kabine-Podcast-DUO-Aussenansicht-1536x1324.jpg",1392,1200,true],"2048x2048":["https:\/\/99cubes.de\/wp-content\/uploads\/2025\/01\/Studiobricks-Podcast-Edition-Podcast-Kabine-Podcast-DUO-Aussenansicht.jpg",1392,1200,false],"trp-custom-language-flag":["https:\/\/99cubes.de\/wp-content\/uploads\/2025\/01\/Studiobricks-Podcast-Edition-Podcast-Kabine-Podcast-DUO-Aussenansicht-14x12.jpg",14,12,true],"botiga-extra-large":["https:\/\/99cubes.de\/wp-content\/uploads\/2025\/01\/Studiobricks-Podcast-Edition-Podcast-Kabine-Podcast-DUO-Aussenansicht-1140x983.jpg",1140,983,true],"botiga-large":["https:\/\/99cubes.de\/wp-content\/uploads\/2025\/01\/Studiobricks-Podcast-Edition-Podcast-Kabine-Podcast-DUO-Aussenansicht-920x793.jpg",920,793,true],"botiga-big":["https:\/\/99cubes.de\/wp-content\/uploads\/2025\/01\/Studiobricks-Podcast-Edition-Podcast-Kabine-Podcast-DUO-Aussenansicht-575x496.jpg",575,496,true],"botiga-medium":["https:\/\/99cubes.de\/wp-content\/uploads\/2025\/01\/Studiobricks-Podcast-Edition-Podcast-Kabine-Podcast-DUO-Aussenansicht-380x328.jpg",380,328,true],"botiga-header-icons":["https:\/\/99cubes.de\/wp-content\/uploads\/2025\/01\/Studiobricks-Podcast-Edition-Podcast-Kabine-Podcast-DUO-Aussenansicht-50x50.jpg",50,50,true],"botiga-product-swatch-image":["https:\/\/99cubes.de\/wp-content\/uploads\/2025\/01\/Studiobricks-Podcast-Edition-Podcast-Kabine-Podcast-DUO-Aussenansicht-26x26.jpg",26,26,true],"woocommerce_thumbnail":["https:\/\/99cubes.de\/wp-content\/uploads\/2025\/01\/Studiobricks-Podcast-Edition-Podcast-Kabine-Podcast-DUO-Aussenansicht-420x420.jpg",420,420,true],"woocommerce_single":["https:\/\/99cubes.de\/wp-content\/uploads\/2025\/01\/Studiobricks-Podcast-Edition-Podcast-Kabine-Podcast-DUO-Aussenansicht-800x690.jpg",800,690,true],"woocommerce_gallery_thumbnail":["https:\/\/99cubes.de\/wp-content\/uploads\/2025\/01\/Studiobricks-Podcast-Edition-Podcast-Kabine-Podcast-DUO-Aussenansicht-100x100.jpg",100,100,true],"wpvr_mobile":["https:\/\/99cubes.de\/wp-content\/uploads\/2025\/01\/Studiobricks-Podcast-Edition-Podcast-Kabine-Podcast-DUO-Aussenansicht.jpg",1392,1200,false]},"uagb_author_info":{"display_name":"frank","author_link":"https:\/\/99cubes.de\/es\/author\/"},"uagb_comment_info":0,"uagb_excerpt":"Die Podcast-Kabine \"Podcast Duo\" bietet auf kompaktem Raum eine kontrollierte akustische Umgebung ohne st\u00f6rende Au\u00dfenger\u00e4usche. Das von Studiobricks entwickelte Doppelwand-System sorgt in Kombination mit einer durchdachten Kombination verschiedener Absorber im Inneren f\u00fcr perfekte Tonqualit\u00e4t deiner Podcast-Aufnahmen. Ideal geeignet f\u00fcr Podcast-Studios im Homeoffice oder f\u00fcr Unternehmen mit eigener Inhouse-Podcast-Produktion.","_links":{"self":[{"href":"https:\/\/99cubes.de\/es\/wp-json\/wp\/v2\/product\/3413","targetHints":{"allow":["GET"]}}],"collection":[{"href":"https:\/\/99cubes.de\/es\/wp-json\/wp\/v2\/product"}],"about":[{"href":"https:\/\/99cubes.de\/es\/wp-json\/wp\/v2\/types\/product"}],"replies":[{"embeddable":true,"href":"https:\/\/99cubes.de\/es\/wp-json\/wp\/v2\/comments?post=3413"}],"wp:featuredmedia":[{"embeddable":true,"href":"https:\/\/99cubes.de\/es\/wp-json\/wp\/v2\/media\/3414"}],"wp:attachment":[{"href":"https:\/\/99cubes.de\/es\/wp-json\/wp\/v2\/media?parent=3413"}],"wp:term":[{"taxonomy":"product_brand","embeddable":true,"href":"https:\/\/99cubes.de\/es\/wp-json\/wp\/v2\/product_brand?post=3413"},{"taxonomy":"product_cat","embeddable":true,"href":"https:\/\/99cubes.de\/es\/wp-json\/wp\/v2\/product_cat?post=3413"},{"taxonomy":"product_tag","embeddable":true,"href":"https:\/\/99cubes.de\/es\/wp-json\/wp\/v2\/product_tag?post=3413"}],"curies":[{"name":"wp","href":"https:\/\/api.w.org\/{rel}","templated":true}]}}