{"id":3640,"date":"2025-02-21T17:00:26","date_gmt":"2025-02-21T16:00:26","guid":{"rendered":"https:\/\/99cubes.de\/?post_type=product&#038;p=3640"},"modified":"2026-02-22T14:06:11","modified_gmt":"2026-02-22T13:06:11","slug":"mute-modular-pod-2x2-cerrado-4-personas","status":"publish","type":"product","link":"https:\/\/99cubes.de\/es\/produkt\/mute-modular-pod-2x2-geschlossen-4-personen\/","title":{"rendered":"MUTE Modular Pod | 2\u00d72 | Cerrado | 4 personas"},"content":{"rendered":"<p>Se pueden realizar diferentes variantes de cajas de reuni\u00f3n en la ret\u00edcula 2 x 2 con MUTE Modular Pods - dependiendo de la construcci\u00f3n de la pared seleccionada, el aislamiento ac\u00fastico var\u00eda entre la clase B y la clase A de acuerdo con la norma ISO 23351-1 (v\u00e9ase tambi\u00e9n <a href=\"https:\/\/99cubes.de\/es\/aislamiento-acustico\/\">Aislamiento ac\u00fastico<\/a>).<\/p>\n<p>Son posibles las siguientes variantes del modelo:<\/p>\n<ul>\n<li>Acristalamiento frontal y trasero | Acristalamiento frontal completo, puerta en el centro | Acristalamiento frontal completo, puerta a la izquierda o a la derecha | Acristalamiento lateral opcional o acristalamiento parcial en la parte trasera<\/li>\n<li>con mesa de reuniones | con mesa alta<\/li>\n<li>con sof\u00e1s | con taburetes<\/li>\n<li>con soporte para monitor<\/li>\n<\/ul>\n<p>Estaremos encantados de asesorarle sobre las m\u00faltiples posibilidades de MUTE Modular.<\/p>\n<p><strong>M\u00e1s recursos sobre MUTE Modular:<\/strong><\/p>\n<ul>\n<li><a href=\"https:\/\/99cubes.de\/es\/sala-en-sala-sistema-mute-modular\/\">Resumen de la serie de productos MUTE Modular<\/a><\/li>\n<li><a href=\"https:\/\/99cubes.de\/es\/sala-en-sala-sistema-mute-modular\/#erkunden\">Sala de exposici\u00f3n virtual de MUTE Modular<\/a><\/li>\n<li><a href=\"https:\/\/99cubes.de\/es\/sala-en-sala-sistema-mute-modular\/#bookofrooms\">Descargar el folleto \u201eLibro de Habitaciones\u201c<\/a><\/li>\n<li><a href=\"https:\/\/99cubes.de\/es\/sala-en-sala-sistema-mute-modular\/#farbwelt\">Los siete mundos crom\u00e1ticos de MUTE Modular<\/a><\/li>\n<li><a href=\"https:\/\/99cubes.de\/es\/sala-en-sala-sistema-mute-modular\/#preisrechner\">MUTE Modular calculadora de precios<\/a><\/li>\n<\/ul>","protected":false},"excerpt":{"rendered":"[mute_modular_pods_text]\n<p>&nbsp;<\/p>\n","protected":false},"featured_media":3912,"comment_status":"open","ping_status":"closed","template":"","meta":{"content-type":"","_uag_custom_page_level_css":""},"product_brand":[],"product_cat":[60,66],"product_tag":[],"class_list":{"0":"post-3640","1":"product","2":"type-product","3":"status-publish","4":"has-post-thumbnail","6":"product_cat-meetingboxen","7":"product_cat-raum-in-raum-system","8":"pa_anzahl-personen-2-personen","9":"pa_anzahl-personen-4-personen","10":"pa_belueftungssteuerung-individuell-steuerbar","11":"pa_belueftungssteuerung-vollautomatisch","12":"pa_breite-216-m","13":"pa_buchungstool-display-goconut-ready","14":"pa_einsatz-szenarien-buero","15":"pa_einsatz-szenarien-hotel","16":"pa_einsatz-szenarien-schule-universitaet","17":"pa_farbe-konfigurierbar","18":"pa_flex-miete-verfuegbar-auf-anfrage","19":"pa_hoehe-238-m","20":"pa_lan-kein-lan-anschluss","21":"pa_lan-lan-anschluss-als-sonderausstattung","22":"pa_lieferzeit-8-bis-12-wochen-lieferzeit","23":"pa_luftaustausch-365-m-h-nominell","24":"pa_marke-mute","25":"pa_mobilitaet-keine","26":"pa_monitorhalterung-monitorhalterung-als-sonderausstattung","27":"pa_monitorhalterung-ohne-monitorhalterung","28":"pa_preissegment-vier","29":"pa_schalldaemmung-vier-sterne","30":"pa_schalldaemmung-drei-sterne","31":"pa_sitzen-oder-stehen-im-sitzen-hoch-mit-hocker","32":"pa_sitzen-oder-stehen-im-sitzen-niedrig-mit-stuhl-oder-bank","33":"pa_tiefe-216-m","34":"pa_verfuegbare-tisch-optionen-fixe-tischhoehe-sitzen","35":"pa_verfuegbare-tisch-optionen-fixe-tischhoehe-stehen","36":"pa_verwendung-meeting","37":"pa_verwendung-video-call","38":"pa_verwendung-zusammenarbeiten","40":"first","41":"instock","42":"taxable","43":"shipping-taxable","44":"purchasable","45":"product-type-simple"},"uagb_featured_image_src":{"full":["https:\/\/99cubes.de\/wp-content\/uploads\/2025\/02\/Meetingbox-MUTE-Modular-Pod-2x2-Meet-1.png",1200,1200,false],"thumbnail":["https:\/\/99cubes.de\/wp-content\/uploads\/2025\/02\/Meetingbox-MUTE-Modular-Pod-2x2-Meet-1-200x200.png",200,200,true],"medium":["https:\/\/99cubes.de\/wp-content\/uploads\/2025\/02\/Meetingbox-MUTE-Modular-Pod-2x2-Meet-1-450x450.png",450,450,true],"medium_large":["https:\/\/99cubes.de\/wp-content\/uploads\/2025\/02\/Meetingbox-MUTE-Modular-Pod-2x2-Meet-1-768x768.png",768,768,true],"large":["https:\/\/99cubes.de\/wp-content\/uploads\/2025\/02\/Meetingbox-MUTE-Modular-Pod-2x2-Meet-1-1200x1200.png",1140,1140,true],"1536x1536":["https:\/\/99cubes.de\/wp-content\/uploads\/2025\/02\/Meetingbox-MUTE-Modular-Pod-2x2-Meet-1-1536x1536.png",1200,1200,true],"2048x2048":["https:\/\/99cubes.de\/wp-content\/uploads\/2025\/02\/Meetingbox-MUTE-Modular-Pod-2x2-Meet-1.png",1200,1200,false],"trp-custom-language-flag":["https:\/\/99cubes.de\/wp-content\/uploads\/2025\/02\/Meetingbox-MUTE-Modular-Pod-2x2-Meet-1-12x12.png",12,12,true],"botiga-extra-large":["https:\/\/99cubes.de\/wp-content\/uploads\/2025\/02\/Meetingbox-MUTE-Modular-Pod-2x2-Meet-1-1140x1140.png",1140,1140,true],"botiga-large":["https:\/\/99cubes.de\/wp-content\/uploads\/2025\/02\/Meetingbox-MUTE-Modular-Pod-2x2-Meet-1-920x920.png",920,920,true],"botiga-big":["https:\/\/99cubes.de\/wp-content\/uploads\/2025\/02\/Meetingbox-MUTE-Modular-Pod-2x2-Meet-1-575x575.png",575,575,true],"botiga-medium":["https:\/\/99cubes.de\/wp-content\/uploads\/2025\/02\/Meetingbox-MUTE-Modular-Pod-2x2-Meet-1-380x380.png",380,380,true],"botiga-header-icons":["https:\/\/99cubes.de\/wp-content\/uploads\/2025\/02\/Meetingbox-MUTE-Modular-Pod-2x2-Meet-1-50x50.png",50,50,true],"botiga-product-swatch-image":["https:\/\/99cubes.de\/wp-content\/uploads\/2025\/02\/Meetingbox-MUTE-Modular-Pod-2x2-Meet-1-26x26.png",26,26,true],"woocommerce_thumbnail":["https:\/\/99cubes.de\/wp-content\/uploads\/2025\/02\/Meetingbox-MUTE-Modular-Pod-2x2-Meet-1-420x420.png",420,420,true],"woocommerce_single":["https:\/\/99cubes.de\/wp-content\/uploads\/2025\/02\/Meetingbox-MUTE-Modular-Pod-2x2-Meet-1-800x800.png",800,800,true],"woocommerce_gallery_thumbnail":["https:\/\/99cubes.de\/wp-content\/uploads\/2025\/02\/Meetingbox-MUTE-Modular-Pod-2x2-Meet-1-100x100.png",100,100,true],"wpvr_mobile":["https:\/\/99cubes.de\/wp-content\/uploads\/2025\/02\/Meetingbox-MUTE-Modular-Pod-2x2-Meet-1.png",1200,1200,false]},"uagb_author_info":{"display_name":"frank","author_link":"https:\/\/99cubes.de\/es\/author\/"},"uagb_comment_info":0,"uagb_excerpt":"[mute_modular_pods_text] &nbsp;","_links":{"self":[{"href":"https:\/\/99cubes.de\/es\/wp-json\/wp\/v2\/product\/3640","targetHints":{"allow":["GET"]}}],"collection":[{"href":"https:\/\/99cubes.de\/es\/wp-json\/wp\/v2\/product"}],"about":[{"href":"https:\/\/99cubes.de\/es\/wp-json\/wp\/v2\/types\/product"}],"replies":[{"embeddable":true,"href":"https:\/\/99cubes.de\/es\/wp-json\/wp\/v2\/comments?post=3640"}],"wp:featuredmedia":[{"embeddable":true,"href":"https:\/\/99cubes.de\/es\/wp-json\/wp\/v2\/media\/3912"}],"wp:attachment":[{"href":"https:\/\/99cubes.de\/es\/wp-json\/wp\/v2\/media?parent=3640"}],"wp:term":[{"taxonomy":"product_brand","embeddable":true,"href":"https:\/\/99cubes.de\/es\/wp-json\/wp\/v2\/product_brand?post=3640"},{"taxonomy":"product_cat","embeddable":true,"href":"https:\/\/99cubes.de\/es\/wp-json\/wp\/v2\/product_cat?post=3640"},{"taxonomy":"product_tag","embeddable":true,"href":"https:\/\/99cubes.de\/es\/wp-json\/wp\/v2\/product_tag?post=3640"}],"curies":[{"name":"wp","href":"https:\/\/api.w.org\/{rel}","templated":true}]}}