{"id":4015,"date":"2025-06-23T11:32:48","date_gmt":"2025-06-23T09:32:48","guid":{"rendered":"https:\/\/99cubes.de\/?post_type=product&#038;p=4015"},"modified":"2025-06-23T17:39:22","modified_gmt":"2025-06-23T15:39:22","slug":"cabina-telefonica-cabina-de-trabajo-hola-studiobricks","status":"publish","type":"product","link":"https:\/\/99cubes.de\/es\/produkt\/telefonbox-arbeitsbox-hallo-studiobricks\/","title":{"rendered":"Cabina telef\u00f3nica\/caja de trabajo HALLO | Studiobricks"},"content":{"rendered":"<div class=\"su-accordion su-u-trim\">\n<div class=\"su-spoiler su-spoiler-style-default su-spoiler-icon-plus\" data-scroll-offset=\"0\" data-anchor-in-url=\"no\"><div class=\"su-spoiler-title\" tabindex=\"0\" role=\"button\"><span class=\"su-spoiler-icon\"><\/span><strong>Sobre las cabinas telef\u00f3nicas HALLO:<\/strong><\/div><div class=\"su-spoiler-content su-u-clearfix su-u-trim\">\n<p>La cabina insonorizada HALLO de Studiobricks tiene unas dimensiones de 1,17 x 1,17 metros y puede utilizarse como cabina telef\u00f3nica o como cabina de trabajo, en funci\u00f3n del equipamiento interior elegido. Disponemos de las siguientes versiones:<\/p>\n<ul>\n<li>Cabina telef\u00f3nica HALLO con mesa de pie de 105 cm de altura<\/li>\n<li>Cabina telef\u00f3nica HALLO con mesa baja a 75 cm de altura<\/li>\n<li>Cabina telef\u00f3nica HALLO con mesa de altura regulable el\u00e9ctricamente<\/li>\n<\/ul>\n<p>El aspecto y el color de la caja de tel\u00e9fono HALLO pueden personalizarse:<\/p>\n<ul>\n<li>Paredes lacadas, amplia gama de colores<\/li>\n<li>El marco de la puerta puede configurarse en antracita o en el mismo color que las paredes exteriores (entonces con la t\u00edpica tapa de cabina telef\u00f3nica)<\/li>\n<li>Absorbentes ac\u00fasticos de PET o tela, en distintos colores<\/li>\n<li>Efecto de cristal esmerilado opcional para la puerta<\/li>\n<li>Opcionalmente con el signo \"En el aire\", que indica si la casilla est\u00e1 ocupada en ese momento.<\/li>\n<\/ul>\n<\/div><\/div>\n<div class=\"su-spoiler su-spoiler-style-default su-spoiler-icon-plus su-spoiler-closed\" data-scroll-offset=\"0\" data-anchor-in-url=\"no\"><div class=\"su-spoiler-title\" tabindex=\"0\" role=\"button\"><span class=\"su-spoiler-icon\"><\/span><strong>Equipamiento:<\/strong><\/div><div class=\"su-spoiler-content su-u-clearfix su-u-trim\">\n<p>El interior es configurable individualmente y puede adaptarse a muchos escenarios de aplicaci\u00f3n y requisitos diferentes:<\/p>\n<ul>\n<li>Escritorio integrado - seg\u00fan la configuraci\u00f3n elegida, de 105 cm de altura (de pie), 75 cm de altura (sentado) o regulable el\u00e9ctricamente en altura (sentado o de pie), con bordes de madera maciza y diversas superficies.<\/li>\n<li>Iluminaci\u00f3n LED integrada LED con sensor<\/li>\n<li>Moqueta antiest\u00e1tica (antracita)<\/li>\n<li>Ruedas integradas para facilitar el desplazamiento en todos los modelos<\/li>\n<li>Enchufe en el panel lateral<\/li>\n<li>Conexiones adicionales para LAN, HDMI, USB-A\/C disponibles por un suplemento<\/li>\n<li>Taburete o sof\u00e1 a juego disponibles por un suplemento<\/li>\n<li>Puerta con o sin cerradura, cerradura electr\u00f3nica NFC opcional disponible.<\/li>\n<\/ul>\n<\/div><\/div>\n<div class=\"su-spoiler su-spoiler-style-default su-spoiler-icon-plus su-spoiler-closed\" data-scroll-offset=\"0\" data-anchor-in-url=\"no\"><div class=\"su-spoiler-title\" tabindex=\"0\" role=\"button\"><span class=\"su-spoiler-icon\"><\/span><strong>Dimensiones y peso:<\/strong><\/div><div class=\"su-spoiler-content su-u-clearfix su-u-trim\">\n<ul>\n<li>Dimensiones exteriores 117 x 117 x 222 cm<\/li>\n<li>Dimensiones interiores 99 x 99 x 202 cm<\/li>\n<li>Altura m\u00ednima del techo 235 cm<\/li>\n<li>Peso 459 kg<\/li>\n<\/ul>\n<\/div><\/div>\n<div class=\"su-spoiler su-spoiler-style-default su-spoiler-icon-plus su-spoiler-closed\" data-scroll-offset=\"0\" data-anchor-in-url=\"no\"><div class=\"su-spoiler-title\" tabindex=\"0\" role=\"button\"><span class=\"su-spoiler-icon\"><\/span><strong>Datos ac\u00fasticos y ventilaci\u00f3n:<\/strong><\/div><div class=\"su-spoiler-content su-u-clearfix su-u-trim\">\n<p>Los valores de aislamiento ac\u00fastico de los Studiobricks son algo as\u00ed como el patr\u00f3n oro del sector. Las cabinas insonorizadas Studiobricks alcanzan 45 dB en la prueba - promediados en todas las frecuencias sonoras y medidos desde el interior hacia el exterior (el aislamiento es ligeramente menos pronunciado desde el exterior hacia el interior). Vea tambi\u00e9n nuestras notas sobre el criterio de selecci\u00f3n <a href=\"https:\/\/99cubes.de\/es\/aislamiento-acustico\/\">Aislamiento ac\u00fastico<\/a>. El elevado aislamiento ac\u00fastico de los ladrillos Studiobricks se consigue gracias a los siguientes componentes:<\/p>\n<ul>\n<li>Paneles de pared de 8 cm de grosor de varias capas y material ac\u00fastico prensado<\/li>\n<li>Absorbedor ac\u00fastico interior<\/li>\n<li>Puerta de cristal ac\u00fastica con cierre insonorizado al levantar la manilla de la puerta<\/li>\n<li>Ventilaci\u00f3n insonorizada: Ventilador integrado extremadamente silencioso de dise\u00f1o doble (s\u00f3lo ventilador, sin aire acondicionado)<\/li>\n<li>Intercambio de aire nominal 177 m\u00b3\/h, v\u00e9ase tambi\u00e9n el criterio de selecci\u00f3n <a href=\"https:\/\/99cubes.de\/es\/intercambio-de-aire\/\">Intercambio de aire<\/a><\/li>\n<\/ul>\n<\/div><\/div>\n<\/div>","protected":false},"excerpt":{"rendered":"<p>El fabricante espa\u00f1ol Studiobricks se ha hecho un nombre con soluciones altamente especializadas para la industria del audio y la m\u00fasica. La empresa tiene sus ra\u00edces en un sector en el que la perfecci\u00f3n ac\u00fastica es una prioridad absoluta y los requisitos de aislamiento ac\u00fastico y calidad del sonido van mucho m\u00e1s all\u00e1 de lo que se exige en los entornos de oficina ordinarios. Esta experiencia tambi\u00e9n se refleja en la l\u00ednea de productos de oficina de Studiobricks, que cuenta con unos valores de aislamiento ac\u00fastico extraordinarios y satisface incluso a los clientes m\u00e1s exigentes. Por tanto, no es de extra\u00f1ar que las cabinas insonorizadas de Studiobricks establezcan nuevos est\u00e1ndares en t\u00e9rminos de ac\u00fastica y se distingan claramente de las soluciones convencionales. Por cierto, la l\u00ednea de productos de oficina de Studiobricks no s\u00f3lo es adecuada para su uso en oficinas: Studiobricks tambi\u00e9n ofrece soluciones perfectas para retiros insonorizados, especialmente para naves de producci\u00f3n y log\u00edstica con niveles de ruido elevados, \u00a1incluso en una versi\u00f3n que puede trasladarse con la ayuda de una carretilla elevadora si es necesario!<\/p>\n<p>HALLO es el modelo de cabina insonorizada de Studiobricks que m\u00e1s se acerca en apariencia a las cabinas telef\u00f3nicas de monedas y tarjetas utilizadas en el pasado (especialmente con el t\u00edpico panel de puerta disponible por un coste adicional). Esto convierte a la cabina telef\u00f3nica en un punto de atracci\u00f3n muy especial en las oficinas.<\/p>\n<p>La cabina telef\u00f3nica o caja de trabajo HALLO tiene unas dimensiones de 1,17 x 1,17 metros y est\u00e1 disponible en las siguientes versiones:<\/p>\n<ul>\n<li>Cabina telef\u00f3nica HALLO con mesa de pie de 105 cm de altura<\/li>\n<li>Cabina telef\u00f3nica\/caja de trabajo HALLO con mesa baja a una altura de 75 cm<\/li>\n<li>Cabina telef\u00f3nica\/de trabajo HALLO con mesa regulable el\u00e9ctricamente en altura<\/li>\n<\/ul>\n<p>La cabina telef\u00f3nica HALLO puede configurarse individualmente y, por un suplemento, se ofrecen otros colores, materiales y muebles (taburete). Estaremos encantados de asesorarle sobre las opciones que m\u00e1s le convengan.<\/p>","protected":false},"featured_media":4018,"comment_status":"open","ping_status":"closed","template":"","meta":{"content-type":"","_uag_custom_page_level_css":""},"product_brand":[],"product_cat":[180,61],"product_tag":[],"class_list":{"0":"post-4015","1":"product","2":"type-product","3":"status-publish","4":"has-post-thumbnail","6":"product_cat-arbeitsbox","7":"product_cat-telefonbox","8":"pa_anzahl-personen-1-person","9":"pa_belueftungssteuerung-vollautomatisch","10":"pa_breite-117-m","11":"pa_buchungstool-display-goconut-ready","12":"pa_einsatz-szenarien-buero","13":"pa_einsatz-szenarien-flughafen-bahnhof","14":"pa_einsatz-szenarien-logistik","15":"pa_einsatz-szenarien-produktion","16":"pa_farbe-konfigurierbar","17":"pa_farbe-schwarz","18":"pa_farbe-weiss","19":"pa_flex-miete-verfuegbar-auf-anfrage","20":"pa_gewicht-459-kg","21":"pa_hoehe-222-m","22":"pa_lan-kein-lan-anschluss","23":"pa_lan-lan-anschluss-als-sonderausstattung","24":"pa_lieferzeit-8-bis-12-wochen-lieferzeit","25":"pa_luftaustausch-177-m-h-nominell","26":"pa_marke-studiobricks","27":"pa_mobilitaet-mit-integrierten-bodenrollen","28":"pa_monitorhalterung-ohne-monitorhalterung","29":"pa_preissegment-vier","30":"pa_schalldaemmung-fuenf-sterne","31":"pa_sitzen-oder-stehen-im-sitzen-hoch-mit-hocker","32":"pa_sitzen-oder-stehen-im-sitzen-niedrig-mit-stuhl-oder-bank","33":"pa_sitzen-oder-stehen-im-stehen","34":"pa_spezial-features-feuchtigkeitsbestaendig","35":"pa_spezial-features-klimaanlage","36":"pa_spezial-features-zertifikat-erdbebensicher","37":"pa_tiefe-117-m","38":"pa_verfuegbare-tisch-optionen-fixe-tischhoehe-sitzen","39":"pa_verfuegbare-tisch-optionen-fixe-tischhoehe-stehen","40":"pa_verfuegbare-tisch-optionen-variable-tischhoehe-elektrisch-verstellbar","41":"pa_verwendung-konzentriertes-arbeiten","42":"pa_verwendung-telefonieren","43":"pa_verwendung-video-call","45":"first","46":"instock","47":"taxable","48":"shipping-taxable","49":"purchasable","50":"product-type-simple"},"uagb_featured_image_src":{"full":["https:\/\/99cubes.de\/wp-content\/uploads\/2025\/06\/Telefonbox-HALLO-Studiobricks-gelb.jpg",1200,1200,false],"thumbnail":["https:\/\/99cubes.de\/wp-content\/uploads\/2025\/06\/Telefonbox-HALLO-Studiobricks-gelb-200x200.jpg",200,200,true],"medium":["https:\/\/99cubes.de\/wp-content\/uploads\/2025\/06\/Telefonbox-HALLO-Studiobricks-gelb-450x450.jpg",450,450,true],"medium_large":["https:\/\/99cubes.de\/wp-content\/uploads\/2025\/06\/Telefonbox-HALLO-Studiobricks-gelb-768x768.jpg",768,768,true],"large":["https:\/\/99cubes.de\/wp-content\/uploads\/2025\/06\/Telefonbox-HALLO-Studiobricks-gelb-1200x1200.jpg",1140,1140,true],"1536x1536":["https:\/\/99cubes.de\/wp-content\/uploads\/2025\/06\/Telefonbox-HALLO-Studiobricks-gelb-1536x1536.jpg",1200,1200,true],"2048x2048":["https:\/\/99cubes.de\/wp-content\/uploads\/2025\/06\/Telefonbox-HALLO-Studiobricks-gelb.jpg",1200,1200,false],"trp-custom-language-flag":["https:\/\/99cubes.de\/wp-content\/uploads\/2025\/06\/Telefonbox-HALLO-Studiobricks-gelb-12x12.jpg",12,12,true],"botiga-extra-large":["https:\/\/99cubes.de\/wp-content\/uploads\/2025\/06\/Telefonbox-HALLO-Studiobricks-gelb-1140x1140.jpg",1140,1140,true],"botiga-large":["https:\/\/99cubes.de\/wp-content\/uploads\/2025\/06\/Telefonbox-HALLO-Studiobricks-gelb-920x920.jpg",920,920,true],"botiga-big":["https:\/\/99cubes.de\/wp-content\/uploads\/2025\/06\/Telefonbox-HALLO-Studiobricks-gelb-575x575.jpg",575,575,true],"botiga-medium":["https:\/\/99cubes.de\/wp-content\/uploads\/2025\/06\/Telefonbox-HALLO-Studiobricks-gelb-380x380.jpg",380,380,true],"botiga-header-icons":["https:\/\/99cubes.de\/wp-content\/uploads\/2025\/06\/Telefonbox-HALLO-Studiobricks-gelb-50x50.jpg",50,50,true],"botiga-product-swatch-image":["https:\/\/99cubes.de\/wp-content\/uploads\/2025\/06\/Telefonbox-HALLO-Studiobricks-gelb-26x26.jpg",26,26,true],"woocommerce_thumbnail":["https:\/\/99cubes.de\/wp-content\/uploads\/2025\/06\/Telefonbox-HALLO-Studiobricks-gelb-420x420.jpg",420,420,true],"woocommerce_single":["https:\/\/99cubes.de\/wp-content\/uploads\/2025\/06\/Telefonbox-HALLO-Studiobricks-gelb-800x800.jpg",800,800,true],"woocommerce_gallery_thumbnail":["https:\/\/99cubes.de\/wp-content\/uploads\/2025\/06\/Telefonbox-HALLO-Studiobricks-gelb-100x100.jpg",100,100,true],"wpvr_mobile":["https:\/\/99cubes.de\/wp-content\/uploads\/2025\/06\/Telefonbox-HALLO-Studiobricks-gelb.jpg",1200,1200,false]},"uagb_author_info":{"display_name":"frank","author_link":"https:\/\/99cubes.de\/es\/author\/"},"uagb_comment_info":0,"uagb_excerpt":"Der spanische Hersteller Studiobricks hat sich einen Namen mit hochspezialisierten L\u00f6sungen f\u00fcr die Audio- und Musikbranche gemacht. Die Wurzeln des Unternehmens liegen in einem Sektor, in dem akustische Perfektion oberste Priorit\u00e4t genie\u00dft und die Anforderungen an Schallschutz sowie Klangqualit\u00e4t weit \u00fcber das hinausgehen, was in gew\u00f6hnlichen B\u00fcroumgebungen erforderlich ist. Diese Expertise spiegelt sich auch in&hellip;","_links":{"self":[{"href":"https:\/\/99cubes.de\/es\/wp-json\/wp\/v2\/product\/4015","targetHints":{"allow":["GET"]}}],"collection":[{"href":"https:\/\/99cubes.de\/es\/wp-json\/wp\/v2\/product"}],"about":[{"href":"https:\/\/99cubes.de\/es\/wp-json\/wp\/v2\/types\/product"}],"replies":[{"embeddable":true,"href":"https:\/\/99cubes.de\/es\/wp-json\/wp\/v2\/comments?post=4015"}],"wp:featuredmedia":[{"embeddable":true,"href":"https:\/\/99cubes.de\/es\/wp-json\/wp\/v2\/media\/4018"}],"wp:attachment":[{"href":"https:\/\/99cubes.de\/es\/wp-json\/wp\/v2\/media?parent=4015"}],"wp:term":[{"taxonomy":"product_brand","embeddable":true,"href":"https:\/\/99cubes.de\/es\/wp-json\/wp\/v2\/product_brand?post=4015"},{"taxonomy":"product_cat","embeddable":true,"href":"https:\/\/99cubes.de\/es\/wp-json\/wp\/v2\/product_cat?post=4015"},{"taxonomy":"product_tag","embeddable":true,"href":"https:\/\/99cubes.de\/es\/wp-json\/wp\/v2\/product_tag?post=4015"}],"curies":[{"name":"wp","href":"https:\/\/api.w.org\/{rel}","templated":true}]}}