{"id":4182,"date":"2025-07-16T15:15:45","date_gmt":"2025-07-16T13:15:45","guid":{"rendered":"https:\/\/99cubes.de\/?post_type=product&#038;p=4182"},"modified":"2025-07-16T15:52:15","modified_gmt":"2025-07-16T13:52:15","slug":"soporte-de-monitor-para-mute-modular-y-mute-modular-pods-mute","status":"publish","type":"product","link":"https:\/\/99cubes.de\/es\/produkt\/monitorhalterung-fuer-mute-modular-und-mute-modular-pods-mute\/","title":{"rendered":"Soporte de monitor para MUTE Modular y MUTE Modular Pods | MUTE"},"content":{"rendered":"<p>El soporte de monitor MUTE Modular es adecuado para monitores con adaptadores VESA 100, 200 \u00f3 300 (separaci\u00f3n milim\u00e9trica de los orificios dispuestos en el cuadrado).<\/p>\n<p>Cuando coloque el soporte para monitor, aseg\u00farese de que hay una toma de corriente cerca.<\/p>","protected":false},"excerpt":{"rendered":"<p>Una caracter\u00edstica especialmente pr\u00e1ctica de MUTE Modular son las numerosas opciones de accesorios disponibles que pueden utilizarse para equipar cualquier sala MUTE Modular. Normalmente, los elementos de equipamiento se cuelgan en las paredes; la altura se puede elegir libremente en incrementos de 4,5 cent\u00edmetros.<\/p>\n<p>Los soportes de monitor para MUTE Modular son un accesorio especialmente popular. Est\u00e1n disponibles en tres versiones:<\/p>\n<ul>\n<li>Anchura total: suspendido de dos pilares<\/li>\n<li>Media anchura - suspendido de dos columnas<\/li>\n<li>Suspendido de un solo pilar<\/li>\n<\/ul>\n<p>&nbsp;<\/p>","protected":false},"featured_media":4183,"comment_status":"open","ping_status":"closed","template":"","meta":{"content-type":"","_uag_custom_page_level_css":""},"product_brand":[],"product_cat":[67],"product_tag":[],"class_list":{"0":"post-4182","1":"product","2":"type-product","3":"status-publish","4":"has-post-thumbnail","6":"product_cat-zubehoer","7":"pa_farbe-schwarz","8":"pa_marke-mute","9":"pa_monitorhalterung-monitorhalterung-als-sonderausstattung","11":"first","12":"instock","13":"taxable","14":"shipping-taxable","15":"product-type-simple"},"uagb_featured_image_src":{"full":["https:\/\/99cubes.de\/wp-content\/uploads\/2025\/07\/Monitorhalterung-fuer-MUTE-Modular-ganze-Breite.jpg",1200,1200,false],"thumbnail":["https:\/\/99cubes.de\/wp-content\/uploads\/2025\/07\/Monitorhalterung-fuer-MUTE-Modular-ganze-Breite-200x200.jpg",200,200,true],"medium":["https:\/\/99cubes.de\/wp-content\/uploads\/2025\/07\/Monitorhalterung-fuer-MUTE-Modular-ganze-Breite-450x450.jpg",450,450,true],"medium_large":["https:\/\/99cubes.de\/wp-content\/uploads\/2025\/07\/Monitorhalterung-fuer-MUTE-Modular-ganze-Breite-768x768.jpg",768,768,true],"large":["https:\/\/99cubes.de\/wp-content\/uploads\/2025\/07\/Monitorhalterung-fuer-MUTE-Modular-ganze-Breite-1200x1200.jpg",1140,1140,true],"1536x1536":["https:\/\/99cubes.de\/wp-content\/uploads\/2025\/07\/Monitorhalterung-fuer-MUTE-Modular-ganze-Breite-1536x1536.jpg",1200,1200,true],"2048x2048":["https:\/\/99cubes.de\/wp-content\/uploads\/2025\/07\/Monitorhalterung-fuer-MUTE-Modular-ganze-Breite.jpg",1200,1200,false],"trp-custom-language-flag":["https:\/\/99cubes.de\/wp-content\/uploads\/2025\/07\/Monitorhalterung-fuer-MUTE-Modular-ganze-Breite-12x12.jpg",12,12,true],"botiga-extra-large":["https:\/\/99cubes.de\/wp-content\/uploads\/2025\/07\/Monitorhalterung-fuer-MUTE-Modular-ganze-Breite-1140x1140.jpg",1140,1140,true],"botiga-large":["https:\/\/99cubes.de\/wp-content\/uploads\/2025\/07\/Monitorhalterung-fuer-MUTE-Modular-ganze-Breite-920x920.jpg",920,920,true],"botiga-big":["https:\/\/99cubes.de\/wp-content\/uploads\/2025\/07\/Monitorhalterung-fuer-MUTE-Modular-ganze-Breite-575x575.jpg",575,575,true],"botiga-medium":["https:\/\/99cubes.de\/wp-content\/uploads\/2025\/07\/Monitorhalterung-fuer-MUTE-Modular-ganze-Breite-380x380.jpg",380,380,true],"botiga-header-icons":["https:\/\/99cubes.de\/wp-content\/uploads\/2025\/07\/Monitorhalterung-fuer-MUTE-Modular-ganze-Breite-50x50.jpg",50,50,true],"botiga-product-swatch-image":["https:\/\/99cubes.de\/wp-content\/uploads\/2025\/07\/Monitorhalterung-fuer-MUTE-Modular-ganze-Breite-26x26.jpg",26,26,true],"woocommerce_thumbnail":["https:\/\/99cubes.de\/wp-content\/uploads\/2025\/07\/Monitorhalterung-fuer-MUTE-Modular-ganze-Breite-420x420.jpg",420,420,true],"woocommerce_single":["https:\/\/99cubes.de\/wp-content\/uploads\/2025\/07\/Monitorhalterung-fuer-MUTE-Modular-ganze-Breite-800x800.jpg",800,800,true],"woocommerce_gallery_thumbnail":["https:\/\/99cubes.de\/wp-content\/uploads\/2025\/07\/Monitorhalterung-fuer-MUTE-Modular-ganze-Breite-100x100.jpg",100,100,true],"wpvr_mobile":["https:\/\/99cubes.de\/wp-content\/uploads\/2025\/07\/Monitorhalterung-fuer-MUTE-Modular-ganze-Breite.jpg",1200,1200,false]},"uagb_author_info":{"display_name":"frank","author_link":"https:\/\/99cubes.de\/es\/author\/"},"uagb_comment_info":0,"uagb_excerpt":"Ein besonders praktisches Feature von MUTE Modular sind die vielen verf\u00fcgbaren Zubeh\u00f6r-Optionen, mit denen sich jeder MUTE Modular Raum ausstatten l\u00e4sst. Typischerweise werden die Ausstattungs-Elemente in die W\u00e4nde eingeh\u00e4ngt - H\u00f6he im 4,5-Zentimeter-Raster frei w\u00e4hlbar. Ein besonders beliebtes Zubeh\u00f6r sind die Monitorhalterungen f\u00fcr MUTE Modular. Diese sind in drei Varianten verf\u00fcgbar: Volle Breite - an&hellip;","_links":{"self":[{"href":"https:\/\/99cubes.de\/es\/wp-json\/wp\/v2\/product\/4182","targetHints":{"allow":["GET"]}}],"collection":[{"href":"https:\/\/99cubes.de\/es\/wp-json\/wp\/v2\/product"}],"about":[{"href":"https:\/\/99cubes.de\/es\/wp-json\/wp\/v2\/types\/product"}],"replies":[{"embeddable":true,"href":"https:\/\/99cubes.de\/es\/wp-json\/wp\/v2\/comments?post=4182"}],"wp:featuredmedia":[{"embeddable":true,"href":"https:\/\/99cubes.de\/es\/wp-json\/wp\/v2\/media\/4183"}],"wp:attachment":[{"href":"https:\/\/99cubes.de\/es\/wp-json\/wp\/v2\/media?parent=4182"}],"wp:term":[{"taxonomy":"product_brand","embeddable":true,"href":"https:\/\/99cubes.de\/es\/wp-json\/wp\/v2\/product_brand?post=4182"},{"taxonomy":"product_cat","embeddable":true,"href":"https:\/\/99cubes.de\/es\/wp-json\/wp\/v2\/product_cat?post=4182"},{"taxonomy":"product_tag","embeddable":true,"href":"https:\/\/99cubes.de\/es\/wp-json\/wp\/v2\/product_tag?post=4182"}],"curies":[{"name":"wp","href":"https:\/\/api.w.org\/{rel}","templated":true}]}}