{"id":4312,"date":"2025-09-17T12:18:53","date_gmt":"2025-09-17T10:18:53","guid":{"rendered":"https:\/\/99cubes.de\/?post_type=product&#038;p=4312"},"modified":"2025-11-21T09:04:35","modified_gmt":"2025-11-21T08:04:35","slug":"aspersores-preparacion-silen","status":"publish","type":"product","link":"https:\/\/99cubes.de\/es\/produkt\/sprinkler-vorbereitung-silen\/","title":{"rendered":"Preparaci\u00f3n de aspersores | Silen"},"content":{"rendered":"<div class=\"su-accordion su-u-trim\">\n<div class=\"su-spoiler su-spoiler-style-default su-spoiler-icon-plus\" data-scroll-offset=\"0\" data-anchor-in-url=\"no\"><div class=\"su-spoiler-title\" tabindex=\"0\" role=\"button\"><span class=\"su-spoiler-icon\"><\/span><strong>Propiedades<\/strong><\/div><div class=\"su-spoiler-content su-u-clearfix su-u-trim\">\n<ul>\n<li>Hueco con tuber\u00edas internas en el m\u00f3dulo del techo, dise\u00f1ado para alojar un rociador<\/li>\n<li>Di\u00e1metro interior de la abertura: 42 mm; di\u00e1metro de la abertura en la parte superior: 60 mm<\/li>\n<li>Cabezal de rociadores no incluido - debe ser instalado por un proveedor local certificado de protecci\u00f3n contra incendios<\/li>\n<li>Sin posibilidad de reequipamiento<\/li>\n<\/ul>\n<\/div><\/div>\n<\/div>","protected":false},"excerpt":{"rendered":"<p>En algunos casos, las normas de construcci\u00f3n o los requisitos de protecci\u00f3n contra incendios obligan a conectar las cajas de tel\u00e9fono y de reuni\u00f3n a los sistemas de rociadores del edificio (edificios protegidos, etc.). Esto no es un problema con los cubos ac\u00fasticos Silen: se pueden preparar en f\u00e1brica taladrando agujeros en el techo.<\/p>\n<p>Disponible opcionalmente para la serie de productos <a href=\"https:\/\/99cubes.de\/es\/los-cubos-acusticos-chatbox-de-silen\/\">Chatbox Silen<\/a> y <a href=\"https:\/\/99cubes.de\/es\/cubos-acusticos-silen-space\/\">Espacio Silen<\/a>.<\/p>\n<p>La opci\u00f3n \"Sprinkler Prep\" incluye todos los trabajos preparatorios necesarios para que un especialista certificado en protecci\u00f3n contra incendios conecte un cabezal de rociadores al techo de la cabina.<br \/>\nEsta caracter\u00edstica garantiza una coordinaci\u00f3n m\u00e1s fluida con los requisitos de seguridad contra incendios del edificio y favorece una integraci\u00f3n perfecta en entornos regulados.<\/p>\n<p><strong>Nota:<\/strong> La retroadaptaci\u00f3n no es t\u00e9cnicamente posible.<\/p>","protected":false},"featured_media":4313,"comment_status":"open","ping_status":"closed","template":"","meta":{"content-type":"","_uag_custom_page_level_css":""},"product_brand":[],"product_cat":[67],"product_tag":[],"class_list":{"0":"post-4312","1":"product","2":"type-product","3":"status-publish","4":"has-post-thumbnail","6":"product_cat-zubehoer","7":"pa_marke-silen","9":"first","10":"instock","11":"taxable","12":"shipping-taxable","13":"purchasable","14":"product-type-simple"},"uagb_featured_image_src":{"full":["https:\/\/99cubes.de\/wp-content\/uploads\/2025\/09\/Silen-Sprinkler-Prep-2.jpg",937,938,false],"thumbnail":["https:\/\/99cubes.de\/wp-content\/uploads\/2025\/09\/Silen-Sprinkler-Prep-2-200x200.jpg",200,200,true],"medium":["https:\/\/99cubes.de\/wp-content\/uploads\/2025\/09\/Silen-Sprinkler-Prep-2-450x450.jpg",450,450,true],"medium_large":["https:\/\/99cubes.de\/wp-content\/uploads\/2025\/09\/Silen-Sprinkler-Prep-2-768x769.jpg",768,769,true],"large":["https:\/\/99cubes.de\/wp-content\/uploads\/2025\/09\/Silen-Sprinkler-Prep-2.jpg",937,938,false],"1536x1536":["https:\/\/99cubes.de\/wp-content\/uploads\/2025\/09\/Silen-Sprinkler-Prep-2.jpg",937,938,false],"2048x2048":["https:\/\/99cubes.de\/wp-content\/uploads\/2025\/09\/Silen-Sprinkler-Prep-2.jpg",937,938,false],"trp-custom-language-flag":["https:\/\/99cubes.de\/wp-content\/uploads\/2025\/09\/Silen-Sprinkler-Prep-2-12x12.jpg",12,12,true],"botiga-extra-large":["https:\/\/99cubes.de\/wp-content\/uploads\/2025\/09\/Silen-Sprinkler-Prep-2.jpg",937,938,false],"botiga-large":["https:\/\/99cubes.de\/wp-content\/uploads\/2025\/09\/Silen-Sprinkler-Prep-2-920x921.jpg",920,921,true],"botiga-big":["https:\/\/99cubes.de\/wp-content\/uploads\/2025\/09\/Silen-Sprinkler-Prep-2-575x576.jpg",575,576,true],"botiga-medium":["https:\/\/99cubes.de\/wp-content\/uploads\/2025\/09\/Silen-Sprinkler-Prep-2-380x380.jpg",380,380,true],"botiga-header-icons":["https:\/\/99cubes.de\/wp-content\/uploads\/2025\/09\/Silen-Sprinkler-Prep-2-50x50.jpg",50,50,true],"botiga-product-swatch-image":["https:\/\/99cubes.de\/wp-content\/uploads\/2025\/09\/Silen-Sprinkler-Prep-2-26x26.jpg",26,26,true],"woocommerce_thumbnail":["https:\/\/99cubes.de\/wp-content\/uploads\/2025\/09\/Silen-Sprinkler-Prep-2-420x420.jpg",420,420,true],"woocommerce_single":["https:\/\/99cubes.de\/wp-content\/uploads\/2025\/09\/Silen-Sprinkler-Prep-2-800x801.jpg",800,801,true],"woocommerce_gallery_thumbnail":["https:\/\/99cubes.de\/wp-content\/uploads\/2025\/09\/Silen-Sprinkler-Prep-2-100x100.jpg",100,100,true],"wpvr_mobile":["https:\/\/99cubes.de\/wp-content\/uploads\/2025\/09\/Silen-Sprinkler-Prep-2.jpg",937,938,false]},"uagb_author_info":{"display_name":"frank","author_link":"https:\/\/99cubes.de\/es\/author\/"},"uagb_comment_info":0,"uagb_excerpt":"In einigen F\u00e4llen sorgen bauliche Vorschriften bzw. Vorgaben aus dem Feuerschutz daf\u00fcr, dass Telefon- und Meetingboxen an die im Geb\u00e4ude vorhandenen Sprinkler-Anlagen angeschlossen werden m\u00fcssen (Denkmalschutz etc.). Bei Akustik-Cubes von Silen ist dies kein Problem - diese k\u00f6nnen werksseitig durch Bohrungen in der Decke entsprechend vorbereitet werden. Optional erh\u00e4ltlich bei den Produktserien Silen Chatbox und&hellip;","_links":{"self":[{"href":"https:\/\/99cubes.de\/es\/wp-json\/wp\/v2\/product\/4312","targetHints":{"allow":["GET"]}}],"collection":[{"href":"https:\/\/99cubes.de\/es\/wp-json\/wp\/v2\/product"}],"about":[{"href":"https:\/\/99cubes.de\/es\/wp-json\/wp\/v2\/types\/product"}],"replies":[{"embeddable":true,"href":"https:\/\/99cubes.de\/es\/wp-json\/wp\/v2\/comments?post=4312"}],"wp:featuredmedia":[{"embeddable":true,"href":"https:\/\/99cubes.de\/es\/wp-json\/wp\/v2\/media\/4313"}],"wp:attachment":[{"href":"https:\/\/99cubes.de\/es\/wp-json\/wp\/v2\/media?parent=4312"}],"wp:term":[{"taxonomy":"product_brand","embeddable":true,"href":"https:\/\/99cubes.de\/es\/wp-json\/wp\/v2\/product_brand?post=4312"},{"taxonomy":"product_cat","embeddable":true,"href":"https:\/\/99cubes.de\/es\/wp-json\/wp\/v2\/product_cat?post=4312"},{"taxonomy":"product_tag","embeddable":true,"href":"https:\/\/99cubes.de\/es\/wp-json\/wp\/v2\/product_tag?post=4312"}],"curies":[{"name":"wp","href":"https:\/\/api.w.org\/{rel}","templated":true}]}}