{"id":4355,"date":"2025-11-11T11:59:36","date_gmt":"2025-11-11T10:59:36","guid":{"rendered":"https:\/\/99cubes.de\/?post_type=product&#038;p=4355"},"modified":"2026-04-01T16:29:43","modified_gmt":"2026-04-01T14:29:43","slug":"cabina-telefonica-cubo-uno-blanco","status":"publish","type":"product","link":"https:\/\/99cubes.de\/es\/produkt\/telefonbox-cube-one-weiss\/","title":{"rendered":"Cabina telef\u00f3nica \u201eCube One\u201c - blanca"},"content":{"rendered":"<div class=\"su-accordion su-u-trim\">\n<div class=\"su-spoiler su-spoiler-style-default su-spoiler-icon-plus\" data-scroll-offset=\"0\" data-anchor-in-url=\"no\"><div class=\"su-spoiler-title\" tabindex=\"0\" role=\"button\"><span class=\"su-spoiler-icon\"><\/span><strong>Cubo Uno<\/strong><\/div><div class=\"su-spoiler-content su-u-clearfix su-u-trim\">\n<p>La cabina telef\u00f3nica Cube ofrece unas prestaciones excepcionales en su categor\u00eda de precio en cuanto a ventilaci\u00f3n y aislamiento ac\u00fastico. Tambi\u00e9n tiene todo lo que es pr\u00e1ctico para una cabina telef\u00f3nica: Detector de movimiento - Ventilaci\u00f3n ajustable - Iluminaci\u00f3n ajustable - 230 V + USB-C + USB-A.<\/p>\n<\/div><\/div>\n<div class=\"su-spoiler su-spoiler-style-default su-spoiler-icon-plus su-spoiler-closed\" data-scroll-offset=\"0\" data-anchor-in-url=\"no\"><div class=\"su-spoiler-title\" tabindex=\"0\" role=\"button\"><span class=\"su-spoiler-icon\"><\/span><strong>Equipamiento:<\/strong><\/div><div class=\"su-spoiler-content su-u-clearfix su-u-trim\">\n<p><strong>El equipamiento de serie incluye<\/strong><\/p>\n<ul>\n<li>Puerta de vidrio ac\u00fastico esmaltado (8 mm)<\/li>\n<li>Manilla y marco de la puerta de madera laminada<\/li>\n<li>Paredes interiores revestidas con fieltro de lana italiana beige de alta calidad<\/li>\n<li>Paredes exteriores de tablero melam\u00ednico blanco<\/li>\n<li>Mesa empotrada de tablero de melamina blanca con enchufe y mando para la luz y la ventilaci\u00f3n (altura de la mesa: 103 cm, superficie de la mesa: 95 x 30 cm)<\/li>\n<li>1x toma de corriente de 230 V + 1x USB-A + 1x USB-C<\/li>\n<li>Luz LED regulable con temperatura de color de 4.000 K, ajustable individualmente<\/li>\n<li>Panel trasero cerrado<\/li>\n<\/ul>\n<p><strong>Disponible como opci\u00f3n o con coste adicional:<\/strong><\/p>\n<ul>\n<li>Panel trasero acristalado (en lugar de panel trasero cerrado)<\/li>\n<li>Taburete de bar tapizado con respaldo<\/li>\n<\/ul>\n<\/div><\/div>\n<div class=\"su-spoiler su-spoiler-style-default su-spoiler-icon-plus su-spoiler-closed\" data-scroll-offset=\"0\" data-anchor-in-url=\"no\"><div class=\"su-spoiler-title\" tabindex=\"0\" role=\"button\"><span class=\"su-spoiler-icon\"><\/span><strong>Dimensiones y peso:<\/strong><\/div><div class=\"su-spoiler-content su-u-clearfix su-u-trim\">\n<p>La cabina telef\u00f3nica \u201eCube One\u201c es algo m\u00e1s espaciosa que muchos otros modelos de cabinas telef\u00f3nicas.<\/p>\n<p><strong>Dimensiones exteriores:<\/strong> 105 x 108 x 208 cm (ancho x fondo x alto)<\/p>\n<p><strong>Dimensiones interiores:<\/strong> 89 x 99 x 199 cm (ancho x fondo x alto)<\/p>\n<p><strong>Peso:<\/strong> 286 kg<\/p>\n<\/div><\/div>\n<div class=\"su-spoiler su-spoiler-style-default su-spoiler-icon-plus su-spoiler-closed\" data-scroll-offset=\"0\" data-anchor-in-url=\"no\"><div class=\"su-spoiler-title\" tabindex=\"0\" role=\"button\"><span class=\"su-spoiler-icon\"><\/span><strong>Datos ac\u00fasticos y ventilaci\u00f3n:<\/strong><\/div><div class=\"su-spoiler-content su-u-clearfix su-u-trim\">\n<ul>\n<li>Muy buena insonorizaci\u00f3n en relaci\u00f3n con el precio: Esto se debe en parte al peso relativamente elevado y al inteligente dise\u00f1o de la puerta con junta de goma integral y retenci\u00f3n magn\u00e9tica de apertura.<\/li>\n<li>Concepto de ventilaci\u00f3n inteligente con cuatro ventiladores y opciones de ajuste individuales. El intercambio de aire nominal m\u00e1ximo es de 240 m\u00b3\/h. A modo de comparaci\u00f3n: otros fabricantes a veces s\u00f3lo instalan un ventilador (v\u00e9ase tambi\u00e9n el criterio de selecci\u00f3n <a href=\"https:\/\/99cubes.de\/es\/intercambio-de-aire\/\">Intercambio de aire<\/a>).<\/li>\n<\/ul>\n<\/div><\/div>\n<\/div>","protected":false},"excerpt":{"rendered":"<p>Nuestra cabina telef\u00f3nica Cube One impresiona con caracter\u00edsticas que no tienen rival en esta gama de precios. Cuatro potentes ventiladores garantizan una circulaci\u00f3n de aire extraordinariamente fresca, y lo mejor de todo es que la intensidad de la ventilaci\u00f3n puede ajustarse individualmente. Con unas dimensiones exteriores de 1,05 m de ancho y 1,08 m de profundidad, la cabina telef\u00f3nica Cube One ofrece algo m\u00e1s de espacio que los modelos comparables, y eso se nota en el interior. Una puerta de cierre herm\u00e9tico es crucial para un aislamiento ac\u00fastico eficaz. Tambi\u00e9n en este caso, la cabina telef\u00f3nica Cube One tiene un dise\u00f1o bien pensado: Un marco frontal de madera laminada mantiene la fuerza magn\u00e9tica de la puerta de cristal exactamente contra la junta de goma que la rodea, para conseguir el m\u00e1ximo silencio en cada llamada.<\/p>\n<p><strong>Disponible con panel trasero cerrado o acristalado.<\/strong><\/p>","protected":false},"featured_media":4356,"comment_status":"open","ping_status":"closed","template":"","meta":{"content-type":"","_uag_custom_page_level_css":""},"product_brand":[],"product_cat":[61],"product_tag":[],"class_list":{"0":"post-4355","1":"product","2":"type-product","3":"status-publish","4":"has-post-thumbnail","6":"product_cat-telefonbox","7":"pa_anzahl-personen-1-person","8":"pa_belueftungssteuerung-individuell-steuerbar","9":"pa_belueftungssteuerung-vollautomatisch","10":"pa_breite-105-m","11":"pa_buchungstool-display-goconut-ready","12":"pa_einsatz-szenarien-buero","13":"pa_einsatz-szenarien-einzelhandel","14":"pa_einsatz-szenarien-hotel","15":"pa_einsatz-szenarien-logistik","16":"pa_einsatz-szenarien-produktion","17":"pa_einsatz-szenarien-schule-universitaet","18":"pa_farbe-weiss","19":"pa_flex-miete-verfuegbar-ja","20":"pa_gewicht-286-kg","21":"pa_hoehe-208-m","22":"pa_lan-kein-lan-anschluss","23":"pa_lieferzeit-2-wochen-lieferzeit","24":"pa_luftaustausch-240-m-h-nominell","25":"pa_marke-box17","26":"pa_mobilitaet-keine","27":"pa_monitorhalterung-ohne-monitorhalterung","28":"pa_preissegment-eins","29":"pa_schalldaemmung-zwei-sterne","30":"pa_sitzen-oder-stehen-im-stehen","31":"pa_tiefe-108-m","32":"pa_verfuegbare-tisch-optionen-fixe-tischhoehe-stehen","33":"pa_verwendung-telefonieren","34":"pa_verwendung-video-call","36":"first","37":"instock","38":"taxable","39":"shipping-taxable","40":"purchasable","41":"product-type-simple"},"uagb_featured_image_src":{"full":["https:\/\/99cubes.de\/wp-content\/uploads\/2025\/11\/Telefonbox-Cube-One-weiss-ambiente-1.jpg",1246,1200,false],"thumbnail":["https:\/\/99cubes.de\/wp-content\/uploads\/2025\/11\/Telefonbox-Cube-One-weiss-ambiente-1-200x200.jpg",200,200,true],"medium":["https:\/\/99cubes.de\/wp-content\/uploads\/2025\/11\/Telefonbox-Cube-One-weiss-ambiente-1-450x433.jpg",450,433,true],"medium_large":["https:\/\/99cubes.de\/wp-content\/uploads\/2025\/11\/Telefonbox-Cube-One-weiss-ambiente-1-768x740.jpg",768,740,true],"large":["https:\/\/99cubes.de\/wp-content\/uploads\/2025\/11\/Telefonbox-Cube-One-weiss-ambiente-1-1200x1156.jpg",1140,1098,true],"1536x1536":["https:\/\/99cubes.de\/wp-content\/uploads\/2025\/11\/Telefonbox-Cube-One-weiss-ambiente-1-1536x1479.jpg",1246,1200,true],"2048x2048":["https:\/\/99cubes.de\/wp-content\/uploads\/2025\/11\/Telefonbox-Cube-One-weiss-ambiente-1-2048x1972.jpg",1246,1200,true],"trp-custom-language-flag":["https:\/\/99cubes.de\/wp-content\/uploads\/2025\/11\/Telefonbox-Cube-One-weiss-ambiente-1-12x12.jpg",12,12,true],"botiga-extra-large":["https:\/\/99cubes.de\/wp-content\/uploads\/2025\/11\/Telefonbox-Cube-One-weiss-ambiente-1-1140x1098.jpg",1140,1098,true],"botiga-large":["https:\/\/99cubes.de\/wp-content\/uploads\/2025\/11\/Telefonbox-Cube-One-weiss-ambiente-1-920x886.jpg",920,886,true],"botiga-big":["https:\/\/99cubes.de\/wp-content\/uploads\/2025\/11\/Telefonbox-Cube-One-weiss-ambiente-1-575x554.jpg",575,554,true],"botiga-medium":["https:\/\/99cubes.de\/wp-content\/uploads\/2025\/11\/Telefonbox-Cube-One-weiss-ambiente-1-380x366.jpg",380,366,true],"botiga-header-icons":["https:\/\/99cubes.de\/wp-content\/uploads\/2025\/11\/Telefonbox-Cube-One-weiss-ambiente-1-50x50.jpg",50,50,true],"botiga-product-swatch-image":["https:\/\/99cubes.de\/wp-content\/uploads\/2025\/11\/Telefonbox-Cube-One-weiss-ambiente-1-26x26.jpg",26,26,true],"woocommerce_thumbnail":["https:\/\/99cubes.de\/wp-content\/uploads\/2025\/11\/Telefonbox-Cube-One-weiss-ambiente-1-420x420.jpg",420,420,true],"woocommerce_single":["https:\/\/99cubes.de\/wp-content\/uploads\/2025\/11\/Telefonbox-Cube-One-weiss-ambiente-1-800x770.jpg",800,770,true],"woocommerce_gallery_thumbnail":["https:\/\/99cubes.de\/wp-content\/uploads\/2025\/11\/Telefonbox-Cube-One-weiss-ambiente-1-100x100.jpg",100,100,true],"wpvr_mobile":["https:\/\/99cubes.de\/wp-content\/uploads\/2025\/11\/Telefonbox-Cube-One-weiss-ambiente-1-2127x2048.jpg",1246,1200,true]},"uagb_author_info":{"display_name":"frank","author_link":"https:\/\/99cubes.de\/es\/author\/"},"uagb_comment_info":0,"uagb_excerpt":"Unsere Telefonbox Cube One \u00fcberzeugt mit Features, die in dieser Preisklasse ihresgleichen suchen. Gleich vierleistungsstarke Ventilatoren sorgen f\u00fcr eine hervorragend frische Luftzirkulation \u2013 und das Beste: Die Bel\u00fcftungsst\u00e4rke l\u00e4sst sich individuell anpassen. Mit Au\u00dfenma\u00dfen von 1,05 m Breite und 1,08 m Tiefe bietet die Telefonbox Cube One etwas mehr Raum als vergleichbare Modelle \u2013 und&hellip;","_links":{"self":[{"href":"https:\/\/99cubes.de\/es\/wp-json\/wp\/v2\/product\/4355","targetHints":{"allow":["GET"]}}],"collection":[{"href":"https:\/\/99cubes.de\/es\/wp-json\/wp\/v2\/product"}],"about":[{"href":"https:\/\/99cubes.de\/es\/wp-json\/wp\/v2\/types\/product"}],"replies":[{"embeddable":true,"href":"https:\/\/99cubes.de\/es\/wp-json\/wp\/v2\/comments?post=4355"}],"wp:featuredmedia":[{"embeddable":true,"href":"https:\/\/99cubes.de\/es\/wp-json\/wp\/v2\/media\/4356"}],"wp:attachment":[{"href":"https:\/\/99cubes.de\/es\/wp-json\/wp\/v2\/media?parent=4355"}],"wp:term":[{"taxonomy":"product_brand","embeddable":true,"href":"https:\/\/99cubes.de\/es\/wp-json\/wp\/v2\/product_brand?post=4355"},{"taxonomy":"product_cat","embeddable":true,"href":"https:\/\/99cubes.de\/es\/wp-json\/wp\/v2\/product_cat?post=4355"},{"taxonomy":"product_tag","embeddable":true,"href":"https:\/\/99cubes.de\/es\/wp-json\/wp\/v2\/product_tag?post=4355"}],"curies":[{"name":"wp","href":"https:\/\/api.w.org\/{rel}","templated":true}]}}