{"id":4369,"date":"2025-11-12T14:54:11","date_gmt":"2025-11-12T13:54:11","guid":{"rendered":"https:\/\/99cubes.de\/?post_type=product&#038;p=4369"},"modified":"2025-12-30T08:55:52","modified_gmt":"2025-12-30T07:55:52","slug":"kit-de-cabina-telefonica-diy-para-automontaje","status":"publish","type":"product","link":"https:\/\/99cubes.de\/es\/produkt\/diy-bausatz-telefonbox-zur-selbstmontage\/","title":{"rendered":"Kit de bricolaje: Caja telef\u00f3nica para automontaje"},"content":{"rendered":"<div class=\"su-accordion su-u-trim\">\n<div class=\"su-spoiler su-spoiler-style-default su-spoiler-icon-plus\" data-scroll-offset=\"0\" data-anchor-in-url=\"no\"><div class=\"su-spoiler-title\" tabindex=\"0\" role=\"button\"><span class=\"su-spoiler-icon\"><\/span><strong>Kit \/ cabina telef\u00f3nica para automontaje<\/strong><\/div><div class=\"su-spoiler-content su-u-clearfix su-u-trim\">\n<p>\u00bfQu\u00e9 hay m\u00e1s barato que una cabina telef\u00f3nica econ\u00f3mica? Exacto: \u00a1un kit de cabina telef\u00f3nica econ\u00f3mico! Aqu\u00ed encontrar\u00e1 m\u00e1s informaci\u00f3n sobre el automontaje y lo que debe tener en cuenta:\u00a0 <a href=\"https:\/\/99cubes.de\/es\/cabinas-telefonicas-de-automontaje-monte-usted-mismo-las-cabinas-de-reunion\/\">https:\/\/99cubes.de\/telefonboxen-zur-selbstmontage-meetingboxen-selber-montieren\/<\/a><\/p>\n<\/div><\/div>\n<div class=\"su-spoiler su-spoiler-style-default su-spoiler-icon-plus su-spoiler-closed\" data-scroll-offset=\"0\" data-anchor-in-url=\"no\"><div class=\"su-spoiler-title\" tabindex=\"0\" role=\"button\"><span class=\"su-spoiler-icon\"><\/span><strong>Equipamiento:<\/strong><\/div><div class=\"su-spoiler-content su-u-clearfix su-u-trim\">\n<ul>\n<li>Detector de movimiento con aumento suave de la luminosidad: tiempo de funcionamiento 15 minutos<\/li>\n<li>Tira LED, blanco fr\u00edo, 4000 K, aprox. 6,5 W<\/li>\n<li>Ventilador de techo silencioso de aprox. 14,7 dB(A) con laberinto silenciador y 82,7 m\u00b3\/h de potencia de ventilaci\u00f3n<\/li>\n<li>Mesa integrada en blanco, capacidad de carga m\u00e1xima 20 kg<\/li>\n<li>Toma de corriente de 230 V (3.600 vatios) + USB-A + USB-C (16 vatios)<\/li>\n<li>Alfombra: fieltro de aguja 6 mm, grafito<\/li>\n<li>Puerta de cristal sin marco: 40,8 kg, cierre magn\u00e9tico, cristal templado de seguridad ESG 8 mm<\/li>\n<\/ul>\n<\/div><\/div>\n<div class=\"su-spoiler su-spoiler-style-default su-spoiler-icon-plus su-spoiler-closed\" data-scroll-offset=\"0\" data-anchor-in-url=\"no\"><div class=\"su-spoiler-title\" tabindex=\"0\" role=\"button\"><span class=\"su-spoiler-icon\"><\/span><strong>Dimensiones y peso:<\/strong><\/div><div class=\"su-spoiler-content su-u-clearfix su-u-trim\">\n<p><strong>Dimensiones exteriores:<\/strong> 103,5 x 100 x 217,5 cm<\/p>\n<p><strong>Dimensiones interiores:<\/strong> 92 x 89 x 201,8 cm<\/p>\n<p><strong>Peso:<\/strong> 245 kg<\/p>\n<\/div><\/div>\n<div class=\"su-spoiler su-spoiler-style-default su-spoiler-icon-plus su-spoiler-closed\" data-scroll-offset=\"0\" data-anchor-in-url=\"no\"><div class=\"su-spoiler-title\" tabindex=\"0\" role=\"button\"><span class=\"su-spoiler-icon\"><\/span><strong>Datos ac\u00fasticos y ventilaci\u00f3n:<\/strong><\/div><div class=\"su-spoiler-content su-u-clearfix su-u-trim\">\n<p>Nuestro kit es probablemente la \u00fanica soluci\u00f3n de bricolaje para cabinas telef\u00f3nicas que le ofrece una cabina telef\u00f3nica con aislamiento ac\u00fastico certificado. De conformidad con la norma ISO 23351-1, nuestro kit alcanza la clase de aislamiento ac\u00fastico C (v\u00e9ase tambi\u00e9n <a href=\"https:\/\/99cubes.de\/es\/aislamiento-acustico\/\">Aislamiento ac\u00fastico<\/a>).<\/p>\n<p>La cabina telef\u00f3nica est\u00e1 equipada con un ventilador controlado autom\u00e1ticamente por un sensor de movimiento, con una potencia de 82,7 m\u00b3\/h (nominal), suficiente para llamadas telef\u00f3nicas cortas y videollamadas.<\/p>\n<\/div><\/div>\n<\/div>","protected":false},"excerpt":{"rendered":"<p>Si busca una soluci\u00f3n econ\u00f3mica para su cabina telef\u00f3nica y tiene algunas habilidades manuales, nuestro kit de bricolaje es la opci\u00f3n ideal. A diferencia de las cabinas telef\u00f3nicas autoconstruidas, en las que el aislamiento ac\u00fastico a menudo no cumple las expectativas, nuestro kit le permite crear una cabina telef\u00f3nica de alta calidad y ac\u00fasticamente optimizada, y todo ello en dos o tres horas de bricolaje. El paquete completo incluye todo lo necesario: ventilaci\u00f3n e iluminaci\u00f3n integradas, un detector de movimiento, una puerta de cristal con cierre magn\u00e9tico, un enchufe y dos puertos USB de carga en el interior. Otros detalles bien pensados hacen del kit una popular soluci\u00f3n de bricolaje para entornos de trabajo modernos.<\/p>","protected":false},"featured_media":4380,"comment_status":"open","ping_status":"closed","template":"","meta":{"content-type":"","_uag_custom_page_level_css":""},"product_brand":[],"product_cat":[61],"product_tag":[],"class_list":{"0":"post-4369","1":"product","2":"type-product","3":"status-publish","4":"has-post-thumbnail","6":"product_cat-telefonbox","7":"pa_anzahl-personen-1-person","8":"pa_belueftungssteuerung-vollautomatisch","9":"pa_breite-1035-m","10":"pa_buchungstool-display-goconut-ready","11":"pa_einsatz-szenarien-buero","12":"pa_einsatz-szenarien-schule-universitaet","13":"pa_farbe-weiss","14":"pa_flex-miete-verfuegbar-nein","15":"pa_gewicht-245-kg","16":"pa_hoehe-2-175-m","17":"pa_lan-kein-lan-anschluss","18":"pa_lieferzeit-2-wochen-lieferzeit","19":"pa_luftaustausch-82-7-m-h-nominell","20":"pa_marke-hammerbacher","21":"pa_mobilitaet-keine","22":"pa_monitorhalterung-ohne-monitorhalterung","23":"pa_preissegment-eins","24":"pa_schalldaemmung-zwei-sterne","25":"pa_sitzen-oder-stehen-im-stehen","26":"pa_spezial-features-fuer-selbstmontage-geeignet","27":"pa_tiefe-100-m","28":"pa_verfuegbare-tisch-optionen-fixe-tischhoehe-stehen","29":"pa_verwendung-telefonieren","30":"pa_verwendung-video-call","32":"first","33":"instock","34":"taxable","35":"shipping-taxable","36":"purchasable","37":"product-type-simple"},"uagb_featured_image_src":{"full":["https:\/\/99cubes.de\/wp-content\/uploads\/2025\/11\/Bausatz-fuer-DIY-Telefonbox-Exposionszeichnung.jpg",1200,1200,false],"thumbnail":["https:\/\/99cubes.de\/wp-content\/uploads\/2025\/11\/Bausatz-fuer-DIY-Telefonbox-Exposionszeichnung-200x200.jpg",200,200,true],"medium":["https:\/\/99cubes.de\/wp-content\/uploads\/2025\/11\/Bausatz-fuer-DIY-Telefonbox-Exposionszeichnung-450x450.jpg",450,450,true],"medium_large":["https:\/\/99cubes.de\/wp-content\/uploads\/2025\/11\/Bausatz-fuer-DIY-Telefonbox-Exposionszeichnung-768x768.jpg",768,768,true],"large":["https:\/\/99cubes.de\/wp-content\/uploads\/2025\/11\/Bausatz-fuer-DIY-Telefonbox-Exposionszeichnung-1200x1200.jpg",1140,1140,true],"1536x1536":["https:\/\/99cubes.de\/wp-content\/uploads\/2025\/11\/Bausatz-fuer-DIY-Telefonbox-Exposionszeichnung-1536x1536.jpg",1200,1200,true],"2048x2048":["https:\/\/99cubes.de\/wp-content\/uploads\/2025\/11\/Bausatz-fuer-DIY-Telefonbox-Exposionszeichnung.jpg",1200,1200,false],"trp-custom-language-flag":["https:\/\/99cubes.de\/wp-content\/uploads\/2025\/11\/Bausatz-fuer-DIY-Telefonbox-Exposionszeichnung-12x12.jpg",12,12,true],"botiga-extra-large":["https:\/\/99cubes.de\/wp-content\/uploads\/2025\/11\/Bausatz-fuer-DIY-Telefonbox-Exposionszeichnung-1140x1140.jpg",1140,1140,true],"botiga-large":["https:\/\/99cubes.de\/wp-content\/uploads\/2025\/11\/Bausatz-fuer-DIY-Telefonbox-Exposionszeichnung-920x920.jpg",920,920,true],"botiga-big":["https:\/\/99cubes.de\/wp-content\/uploads\/2025\/11\/Bausatz-fuer-DIY-Telefonbox-Exposionszeichnung-575x575.jpg",575,575,true],"botiga-medium":["https:\/\/99cubes.de\/wp-content\/uploads\/2025\/11\/Bausatz-fuer-DIY-Telefonbox-Exposionszeichnung-380x380.jpg",380,380,true],"botiga-header-icons":["https:\/\/99cubes.de\/wp-content\/uploads\/2025\/11\/Bausatz-fuer-DIY-Telefonbox-Exposionszeichnung-50x50.jpg",50,50,true],"botiga-product-swatch-image":["https:\/\/99cubes.de\/wp-content\/uploads\/2025\/11\/Bausatz-fuer-DIY-Telefonbox-Exposionszeichnung-26x26.jpg",26,26,true],"woocommerce_thumbnail":["https:\/\/99cubes.de\/wp-content\/uploads\/2025\/11\/Bausatz-fuer-DIY-Telefonbox-Exposionszeichnung-420x420.jpg",420,420,true],"woocommerce_single":["https:\/\/99cubes.de\/wp-content\/uploads\/2025\/11\/Bausatz-fuer-DIY-Telefonbox-Exposionszeichnung-800x800.jpg",800,800,true],"woocommerce_gallery_thumbnail":["https:\/\/99cubes.de\/wp-content\/uploads\/2025\/11\/Bausatz-fuer-DIY-Telefonbox-Exposionszeichnung-100x100.jpg",100,100,true],"wpvr_mobile":["https:\/\/99cubes.de\/wp-content\/uploads\/2025\/11\/Bausatz-fuer-DIY-Telefonbox-Exposionszeichnung.jpg",1200,1200,false]},"uagb_author_info":{"display_name":"frank","author_link":"https:\/\/99cubes.de\/es\/author\/"},"uagb_comment_info":0,"uagb_excerpt":"Wer nach einer preiswerten Telefonbox-L\u00f6sung sucht und handwerkliches Geschick mitbringt, findet in unserem DIY-Bausatz die ideale Option. Im Gegensatz zu selbstgebauten Telefonkabinen, bei denen die Schalld\u00e4mmung oft hinter den Erwartungen zur\u00fcckbleibt, gelingt mit unserem Set eine hochwertige, akustisch optimierte Telefonbox \u2013 und das binnen zwei bis drei Stunden Eigenarbeit. Das Komplettpaket enth\u00e4lt alle notwendigen Features:&hellip;","_links":{"self":[{"href":"https:\/\/99cubes.de\/es\/wp-json\/wp\/v2\/product\/4369","targetHints":{"allow":["GET"]}}],"collection":[{"href":"https:\/\/99cubes.de\/es\/wp-json\/wp\/v2\/product"}],"about":[{"href":"https:\/\/99cubes.de\/es\/wp-json\/wp\/v2\/types\/product"}],"replies":[{"embeddable":true,"href":"https:\/\/99cubes.de\/es\/wp-json\/wp\/v2\/comments?post=4369"}],"wp:featuredmedia":[{"embeddable":true,"href":"https:\/\/99cubes.de\/es\/wp-json\/wp\/v2\/media\/4380"}],"wp:attachment":[{"href":"https:\/\/99cubes.de\/es\/wp-json\/wp\/v2\/media?parent=4369"}],"wp:term":[{"taxonomy":"product_brand","embeddable":true,"href":"https:\/\/99cubes.de\/es\/wp-json\/wp\/v2\/product_brand?post=4369"},{"taxonomy":"product_cat","embeddable":true,"href":"https:\/\/99cubes.de\/es\/wp-json\/wp\/v2\/product_cat?post=4369"},{"taxonomy":"product_tag","embeddable":true,"href":"https:\/\/99cubes.de\/es\/wp-json\/wp\/v2\/product_tag?post=4369"}],"curies":[{"name":"wp","href":"https:\/\/api.w.org\/{rel}","templated":true}]}}