{"id":4392,"date":"2025-12-03T13:40:38","date_gmt":"2025-12-03T12:40:38","guid":{"rendered":"https:\/\/99cubes.de\/?post_type=product&#038;p=4392"},"modified":"2026-04-01T16:16:15","modified_gmt":"2026-04-01T14:16:15","slug":"cabina-telefonica-framery-one-compact-framery","status":"publish","type":"product","link":"https:\/\/99cubes.de\/es\/produkt\/telefonbox-framery-one-compact-framery\/","title":{"rendered":"Phone box Framery One Compact | Framery"},"content":{"rendered":"<div class=\"su-accordion su-u-trim\">\n<div class=\"su-spoiler su-spoiler-style-default su-spoiler-icon-plus\" data-scroll-offset=\"0\" data-anchor-in-url=\"no\"><div class=\"su-spoiler-title\" tabindex=\"0\" role=\"button\"><span class=\"su-spoiler-icon\"><\/span><strong>Informaci\u00f3n sobre las cabinas telef\u00f3nicas y de reuni\u00f3n de Framery<\/strong><\/div><div class=\"su-spoiler-content su-u-clearfix su-u-trim\">\n<p>El fabricante finland\u00e9s \u201eFramery\u201c est\u00e1 considerado el proveedor premium por excelencia en lo que se refiere a cabinas telef\u00f3nicas. Framery ha conseguido lo que muchos fabricantes sue\u00f1an: los productos Framery se han convertido en un s\u00edmbolo de estatus en muchas oficinas. Cualquiera que tenga un buen concepto de s\u00ed mismo y de sus empleados (y pueda permit\u00edrselo) realiza sus videollamadas desde una cabina Framery. \u00bfQu\u00e9 hace que los cubos ac\u00fasticos Framery sean tan fascinantes?<\/p>\n<ul>\n<li><strong>Dise\u00f1o ic\u00f3nico:<\/strong> El dise\u00f1o ic\u00f3nico de Framery, con sus curvas, recuerda en cierto modo a las c\u00e1psulas espaciales. Framery es futurista, pero acogedor.<\/li>\n<li><strong>Ambiente agradable:<\/strong> Cualquiera que entre en una caja Framery experimenta una atm\u00f3sfera de bienestar absoluto. De ello se encargan el cierre suave de la puerta, el dise\u00f1o interior de alta calidad, la iluminaci\u00f3n suave y la sensaci\u00f3n de aislamiento.<\/li>\n<li><strong>Aislamiento ac\u00fastico:<\/strong> Todos los productos Framery se someten a pruebas de conformidad con la norma ISO 23351-1 y obtienen una clasificaci\u00f3n de aislamiento ac\u00fastico de clase A.<\/li>\n<li><strong>Interfaz de usuario:<\/strong> El estado de una caja Framery es tan intuitivo y sencillo que cualquiera puede hacerse con \u00e9l enseguida. Los distintos escenarios de iluminaci\u00f3n y ventilaci\u00f3n se seleccionan mediante la pantalla t\u00e1ctil.<\/li>\n<li><strong>Actualizaciones por aire:<\/strong> Gracias a la tarjeta SIM integrada con conexi\u00f3n de datos 4G, los productos Framery se benefician de actualizaciones de software peri\u00f3dicas, por lo que las cajas Framery tambi\u00e9n est\u00e1n inteligentemente posicionadas para futuros desarrollos.<\/li>\n<li><strong>Integraci\u00f3n con la herramienta de reserva de habitaciones:<\/strong> La funci\u00f3n \u201eFramery Room Displays\u201c representa el siguiente nivel de integraci\u00f3n sin fisuras: Nunca ha sido tan f\u00e1cil hacer reservas espont\u00e1neas de un palco directamente en la pantalla, con sincronizaci\u00f3n simult\u00e1nea en tiempo real con el calendario central de reservas.<\/li>\n<\/ul>\n<p>Las cajas Framery est\u00e1n disponibles en cuatro tama\u00f1os diferentes:<\/p>\n<ul>\n<li>Framery One Compact: la cabina telef\u00f3nica para una persona de Framery<\/li>\n<li>Framery One: La caja de trabajo para una persona de Framery<\/li>\n<li>Framery Four: la caja de reuni\u00f3n para cuatro personas de Framery<\/li>\n<li>Framery Six: La caja de reuniones para un m\u00e1ximo de seis personas de Framery<\/li>\n<\/ul>\n<\/div><\/div>\n<div class=\"su-spoiler su-spoiler-style-default su-spoiler-icon-plus su-spoiler-closed\" data-scroll-offset=\"0\" data-anchor-in-url=\"no\"><div class=\"su-spoiler-title\" tabindex=\"0\" role=\"button\"><span class=\"su-spoiler-icon\"><\/span><strong>Equipamiento:<\/strong><\/div><div class=\"su-spoiler-content su-u-clearfix su-u-trim\">\n<p>&nbsp;<\/p>\n<\/div><\/div>\n<div class=\"su-spoiler su-spoiler-style-default su-spoiler-icon-plus su-spoiler-closed\" data-scroll-offset=\"0\" data-anchor-in-url=\"no\"><div class=\"su-spoiler-title\" tabindex=\"0\" role=\"button\"><span class=\"su-spoiler-icon\"><\/span><strong>Dimensiones y peso:<\/strong><\/div><div class=\"su-spoiler-content su-u-clearfix su-u-trim\">\n<p><strong>Dimensiones:<\/strong> 225 \u00d7 103 \u00d7 100 cm (alto x ancho x fondo). En la configuraci\u00f3n con ruedas, la altura es de 225,5 cm.<\/p>\n<p><strong>Peso: <\/strong>253 kg<\/p>\n<\/div><\/div>\n<div class=\"su-spoiler su-spoiler-style-default su-spoiler-icon-plus su-spoiler-closed\" data-scroll-offset=\"0\" data-anchor-in-url=\"no\"><div class=\"su-spoiler-title\" tabindex=\"0\" role=\"button\"><span class=\"su-spoiler-icon\"><\/span><strong>Datos ac\u00fasticos y ventilaci\u00f3n:<\/strong><\/div><div class=\"su-spoiler-content su-u-clearfix su-u-trim\">\n<p><strong>Aislamiento ac\u00fastico:<\/strong> 30,0 dB (corresponde a la clase A seg\u00fan ISO 23351-1, v\u00e9ase tambi\u00e9n: <a href=\"https:\/\/99cubes.de\/es\/aislamiento-acustico\/\" target=\"_blank\" rel=\"noopener\">\u00bfC\u00f3mo se mide el aislamiento ac\u00fastico?<\/a>)<\/p>\n<p><strong>Ventilaci\u00f3n:<\/strong> 130 m\u00b3\/h (caudal de aire del sistema) a m\u00e1xima potencia. En modo de espera, la tasa de intercambio de aire es de 58 m\u00b3\/h (tambi\u00e9n el flujo de aire del sistema), lo que significa que el aire dentro de la caja es fresco y nunca rancio, incluso despu\u00e9s de largos per\u00edodos de inactividad.<\/p>\n<\/div><\/div>\n<\/div>","protected":false},"excerpt":{"rendered":"<p>El Framery One Compact es el Framery \u201epeque\u00f1o\u201c, el cubo ac\u00fastico m\u00e1s peque\u00f1o de la gama de altavoces telef\u00f3nicos Framery.<\/p>","protected":false},"featured_media":4449,"comment_status":"open","ping_status":"closed","template":"","meta":{"content-type":"","_uag_custom_page_level_css":""},"product_brand":[],"product_cat":[61],"product_tag":[],"class_list":{"0":"post-4392","1":"product","2":"type-product","3":"status-publish","4":"has-post-thumbnail","6":"product_cat-telefonbox","7":"pa_anzahl-personen-1-person","8":"pa_belueftungssteuerung-individuell-steuerbar","9":"pa_belueftungssteuerung-vollautomatisch","10":"pa_breite-103-m","11":"pa_buchungstool-display-framery-connect-framery-room-display","12":"pa_einsatz-szenarien-buero","13":"pa_einsatz-szenarien-einzelhandel","14":"pa_einsatz-szenarien-flughafen-bahnhof","15":"pa_einsatz-szenarien-hotel","16":"pa_einsatz-szenarien-schule-universitaet","17":"pa_farbe-konfigurierbar","18":"pa_farbe-schwarz","19":"pa_farbe-weiss","20":"pa_flex-miete-verfuegbar-ja","21":"pa_gewicht-253-kg","22":"pa_hoehe-225-m","23":"pa_lan-kein-lan-anschluss","24":"pa_lan-lan-anschluss-als-sonderausstattung","25":"pa_lieferzeit-4-bis-6-wochen-lieferzeit","26":"pa_luftaustausch-130-m-h-systemluftstrom","27":"pa_marke-framery","28":"pa_mobilitaet-keine","29":"pa_mobilitaet-mit-integrierten-bodenrollen","30":"pa_monitorhalterung-ohne-monitorhalterung","31":"pa_preissegment-vier","32":"pa_schalldaemmung-vier-sterne","33":"pa_sitzen-oder-stehen-im-sitzen-hoch-mit-hocker","34":"pa_sitzen-oder-stehen-im-stehen","35":"pa_spezial-features-led-leuchtstreifen-on-air-signal","36":"pa_spezial-features-over-the-air-software-updates","37":"pa_spezial-features-touchscreen","38":"pa_tiefe-100-m","39":"pa_verfuegbare-tisch-optionen-fixe-tischhoehe-stehen","40":"pa_verwendung-telefonieren","41":"pa_verwendung-video-call","43":"first","44":"instock","45":"taxable","46":"shipping-taxable","47":"purchasable","48":"product-type-simple"},"uagb_featured_image_src":{"full":["https:\/\/99cubes.de\/wp-content\/uploads\/2025\/12\/Telefonbox-framery-One-Compact-ambiente-quad-1.jpg",1201,1200,false],"thumbnail":["https:\/\/99cubes.de\/wp-content\/uploads\/2025\/12\/Telefonbox-framery-One-Compact-ambiente-quad-1-200x200.jpg",200,200,true],"medium":["https:\/\/99cubes.de\/wp-content\/uploads\/2025\/12\/Telefonbox-framery-One-Compact-ambiente-quad-1-450x450.jpg",450,450,true],"medium_large":["https:\/\/99cubes.de\/wp-content\/uploads\/2025\/12\/Telefonbox-framery-One-Compact-ambiente-quad-1-768x767.jpg",768,767,true],"large":["https:\/\/99cubes.de\/wp-content\/uploads\/2025\/12\/Telefonbox-framery-One-Compact-ambiente-quad-1-1200x1200.jpg",1140,1140,true],"1536x1536":["https:\/\/99cubes.de\/wp-content\/uploads\/2025\/12\/Telefonbox-framery-One-Compact-ambiente-quad-1.jpg",1201,1200,false],"2048x2048":["https:\/\/99cubes.de\/wp-content\/uploads\/2025\/12\/Telefonbox-framery-One-Compact-ambiente-quad-1.jpg",1201,1200,false],"trp-custom-language-flag":["https:\/\/99cubes.de\/wp-content\/uploads\/2025\/12\/Telefonbox-framery-One-Compact-ambiente-quad-1-12x12.jpg",12,12,true],"botiga-extra-large":["https:\/\/99cubes.de\/wp-content\/uploads\/2025\/12\/Telefonbox-framery-One-Compact-ambiente-quad-1-1140x1139.jpg",1140,1139,true],"botiga-large":["https:\/\/99cubes.de\/wp-content\/uploads\/2025\/12\/Telefonbox-framery-One-Compact-ambiente-quad-1-920x919.jpg",920,919,true],"botiga-big":["https:\/\/99cubes.de\/wp-content\/uploads\/2025\/12\/Telefonbox-framery-One-Compact-ambiente-quad-1-575x575.jpg",575,575,true],"botiga-medium":["https:\/\/99cubes.de\/wp-content\/uploads\/2025\/12\/Telefonbox-framery-One-Compact-ambiente-quad-1-380x380.jpg",380,380,true],"botiga-header-icons":["https:\/\/99cubes.de\/wp-content\/uploads\/2025\/12\/Telefonbox-framery-One-Compact-ambiente-quad-1-50x50.jpg",50,50,true],"botiga-product-swatch-image":["https:\/\/99cubes.de\/wp-content\/uploads\/2025\/12\/Telefonbox-framery-One-Compact-ambiente-quad-1-26x26.jpg",26,26,true],"woocommerce_thumbnail":["https:\/\/99cubes.de\/wp-content\/uploads\/2025\/12\/Telefonbox-framery-One-Compact-ambiente-quad-1-420x420.jpg",420,420,true],"woocommerce_single":["https:\/\/99cubes.de\/wp-content\/uploads\/2025\/12\/Telefonbox-framery-One-Compact-ambiente-quad-1-800x799.jpg",800,799,true],"woocommerce_gallery_thumbnail":["https:\/\/99cubes.de\/wp-content\/uploads\/2025\/12\/Telefonbox-framery-One-Compact-ambiente-quad-1-100x100.jpg",100,100,true],"wpvr_mobile":["https:\/\/99cubes.de\/wp-content\/uploads\/2025\/12\/Telefonbox-framery-One-Compact-ambiente-quad-1.jpg",1201,1200,false]},"uagb_author_info":{"display_name":"frank","author_link":"https:\/\/99cubes.de\/es\/author\/"},"uagb_comment_info":0,"uagb_excerpt":"Die Framery One Compact ist die \"kleine\" Framery - also der kleinste Akustik-Cube aus der Reihe der Framery-Telefonboxen.","_links":{"self":[{"href":"https:\/\/99cubes.de\/es\/wp-json\/wp\/v2\/product\/4392","targetHints":{"allow":["GET"]}}],"collection":[{"href":"https:\/\/99cubes.de\/es\/wp-json\/wp\/v2\/product"}],"about":[{"href":"https:\/\/99cubes.de\/es\/wp-json\/wp\/v2\/types\/product"}],"replies":[{"embeddable":true,"href":"https:\/\/99cubes.de\/es\/wp-json\/wp\/v2\/comments?post=4392"}],"wp:featuredmedia":[{"embeddable":true,"href":"https:\/\/99cubes.de\/es\/wp-json\/wp\/v2\/media\/4449"}],"wp:attachment":[{"href":"https:\/\/99cubes.de\/es\/wp-json\/wp\/v2\/media?parent=4392"}],"wp:term":[{"taxonomy":"product_brand","embeddable":true,"href":"https:\/\/99cubes.de\/es\/wp-json\/wp\/v2\/product_brand?post=4392"},{"taxonomy":"product_cat","embeddable":true,"href":"https:\/\/99cubes.de\/es\/wp-json\/wp\/v2\/product_cat?post=4392"},{"taxonomy":"product_tag","embeddable":true,"href":"https:\/\/99cubes.de\/es\/wp-json\/wp\/v2\/product_tag?post=4392"}],"curies":[{"name":"wp","href":"https:\/\/api.w.org\/{rel}","templated":true}]}}