{"id":4555,"date":"2026-02-09T17:46:17","date_gmt":"2026-02-09T16:46:17","guid":{"rendered":"https:\/\/99cubes.de\/?post_type=product&#038;p=4555"},"modified":"2026-02-10T17:44:19","modified_gmt":"2026-02-10T16:44:19","slug":"cabina-telefonica-cube-air-pro","status":"publish","type":"product","link":"https:\/\/99cubes.de\/es\/produkt\/telefonbox-cube-air-pro\/","title":{"rendered":"Cabina telef\u00f3nica \u201eCube Air Pro\u201c"},"content":{"rendered":"<div class=\"su-accordion su-u-trim\">\n<div class=\"su-spoiler su-spoiler-style-default su-spoiler-icon-plus\" data-scroll-offset=\"0\" data-anchor-in-url=\"no\"><div class=\"su-spoiler-title\" tabindex=\"0\" role=\"button\"><span class=\"su-spoiler-icon\"><\/span><strong>Cabina telef\u00f3nica Cube Air Pro<\/strong><\/div><div class=\"su-spoiler-content su-u-clearfix su-u-trim\">\n<p>El nombre lo dice todo: la cabina telef\u00f3nica \u201eCube Air Pro\u201c destaca por sus elevados valores de rendimiento en materia de ventilaci\u00f3n. La potencia nominal del ventilador instalado aqu\u00ed es de 210 m\u00b3\/h. S\u00f3lo por eso, esta cabina telef\u00f3nica es mucho mejor que la 90% de la competencia. Pero eso no es todo: la cabina telef\u00f3nica \u201eCube Air Pro\u201c se ha equipado con dos de estos ventiladores en el techo. Con una potencia nominal total del ventilador de 420 m\u00b3\/h, \u00a1se trata de un valor absolutamente superior!<\/p>\n<p>A pesar de las potentes prestaciones, el desarrollo del ruido se mantiene dentro de unos l\u00edmites: Un ligero zumbido en el interior, apenas ruido en el exterior. Recomendamos el modelo \u201eCube Air Pro\u201c a todos aquellos que ya tienen que lidiar con una oficina congestionada y quieren estar seguros de que se les suministra suficiente aire fresco \u201een la caja\u201c.<\/p>\n<\/div><\/div>\n<div class=\"su-spoiler su-spoiler-style-default su-spoiler-icon-plus su-spoiler-closed\" data-scroll-offset=\"0\" data-anchor-in-url=\"no\"><div class=\"su-spoiler-title\" tabindex=\"0\" role=\"button\"><span class=\"su-spoiler-icon\"><\/span><strong>Equipamiento:<\/strong><\/div><div class=\"su-spoiler-content su-u-clearfix su-u-trim\">\n<p>La cabina telef\u00f3nica \u201eCube Air Pro\u201c se suministra con el siguiente equipamiento de serie:<\/p>\n<ul>\n<li>Iluminaci\u00f3n integrada con tira de LED en el techo con 2.700 Kelvin (blanco c\u00e1lido) y clase de eficiencia energ\u00e9tica A+<\/li>\n<li>Ventilaci\u00f3n integrada con control totalmente autom\u00e1tico mediante detector de presencia y tiempo de seguimiento de 3 minutos (tras salir de la caja)<\/li>\n<li>Mesa a una altura de 1,05 metros en la pared lateral derecha, con enchufe en el tablero, dimensiones de la mesa 75 cm x 35 cm, grosor 19 mm<\/li>\n<li>Paneles de fieltro PET para paredes y techos en gris claro, revestimiento de fieltro PET para suelos en antracita<\/li>\n<li>Superficie magn\u00e9tica blanca mate \/ pizarra blanca encima de la mesa<\/li>\n<li>Puerta de cristal de seguridad monol\u00edtico de 8 mm, con l\u00e1mina a la altura de los ojos. Herrajes de puerta y tirador con recubrimiento de polvo negro. Bisagra de la puerta opcionalmente a la izquierda o a la derecha<\/li>\n<li>Plug &amp; Play: conexi\u00f3n mediante cable de alimentaci\u00f3n de 5 m (opcionalmente desde atr\u00e1s\/abajo o desde arriba a trav\u00e9s del techo)<\/li>\n<\/ul>\n<p>El color exterior y el color de la mesa pueden elegirse libremente (superficie de melamina). Las siguientes variantes de color est\u00e1n disponibles sin coste adicional:<\/p>\n<ul>\n<li>Tres tonos diferentes de blanco (blanco puro, blanco natural, blanco \u00e1rtico)<\/li>\n<li>Tres tonos diferentes de gris (gris claro, gris guijarro, gris piedra)<\/li>\n<li>Dos tonos diferentes de negro (negro grafito, negro)<\/li>\n<li>Cuatro superficies de melamina diferentes con aspecto de madera (fresno claro, roble claro, roble natural, roble oscuro)<\/li>\n<\/ul>\n<p>Las siguientes opciones de configuraci\u00f3n est\u00e1n disponibles como opci\u00f3n \/ con cargo adicional:<\/p>\n<ul>\n<li>Sensor de CO2 con LED naranja intermitente (si se supera el valor l\u00edmite)<\/li>\n<li>Toma de carga USB-A\/C en lugar de la toma de corriente<\/li>\n<li>Superficies de melamina de primera calidad en \u201eRoble Likewood\u201c o \u201eRoble Likewood miel\u201c.\u201c<\/li>\n<\/ul>\n<\/div><\/div>\n<div class=\"su-spoiler su-spoiler-style-default su-spoiler-icon-plus su-spoiler-closed\" data-scroll-offset=\"0\" data-anchor-in-url=\"no\"><div class=\"su-spoiler-title\" tabindex=\"0\" role=\"button\"><span class=\"su-spoiler-icon\"><\/span><strong>Dimensiones y peso:<\/strong><\/div><div class=\"su-spoiler-content su-u-clearfix su-u-trim\">\n<ul>\n<li><strong>Dimensiones exteriores<\/strong>1,00 m x 1,00 m x 2,23 m (ancho x fondo x alto)<\/li>\n<li><strong>Dimensiones interiores<\/strong>0,90 m x 0,915 m x 2,03 m (anchura x profundidad x altura)<\/li>\n<li><strong>Peso:<\/strong> 257 kg<\/li>\n<\/ul>\n<\/div><\/div>\n<div class=\"su-spoiler su-spoiler-style-default su-spoiler-icon-plus su-spoiler-closed\" data-scroll-offset=\"0\" data-anchor-in-url=\"no\"><div class=\"su-spoiler-title\" tabindex=\"0\" role=\"button\"><span class=\"su-spoiler-icon\"><\/span><strong>Datos ac\u00fasticos y ventilaci\u00f3n:<\/strong><\/div><div class=\"su-spoiler-content su-u-clearfix su-u-trim\">\n<ul>\n<li><strong>Aislamiento ac\u00fastico:<\/strong> Los valores de aislamiento ac\u00fastico de la cabina telef\u00f3nica \u201eCube Air Pro\u201c se sit\u00faan en el rango de la clase de aislamiento ac\u00fastico C (ISO 23351-1), que suele ser suficiente para oficinas normales de planta abierta (v\u00e9ase tambi\u00e9n <a href=\"https:\/\/99cubes.de\/es\/aislamiento-acustico\/\">Aislamiento ac\u00fastico<\/a>). Los siguientes aspectos favorecen el aislamiento ac\u00fastico de la cabina telef\u00f3nica:\n<ul>\n<li>Alfombra y pared interior de fieltro PET<\/li>\n<li>Puerta de cristal de seguridad monopanel de 8 mm<\/li>\n<li>Junta de goma circunferencial con funci\u00f3n de retenci\u00f3n magn\u00e9tica<\/li>\n<li>Conducci\u00f3n de aire inteligente y fonoabsorbente en el techo de doble pared<\/li>\n<\/ul>\n<\/li>\n<li><strong>Ventilaci\u00f3n:<\/strong> Los valores t\u00e9cnicos de ventilaci\u00f3n son impresionantes: dos ventiladores, cada uno con una potencia nominal de 210 m\u00b3\/h (es decir, un total de 420 m\u00b3\/h), garantizan un intercambio completo de aire cada 60 segundos. Estos valores no tienen rival en esta gama de precios, por lo que la cabina telef\u00f3nica \u201eCube Air Pro\u201c es adecuada para habitaciones que ya est\u00e1n algo cargadas o caldeadas o que no est\u00e1n climatizadas.<\/li>\n<\/ul>\n<\/div><\/div>\n<\/div>","protected":false},"excerpt":{"rendered":"<p>La cabina telef\u00f3nica \u201eCube Air Pro\u201c es una cabina funcional que impresiona por sus valores internos: casi ninguna otra cabina telef\u00f3nica de este tama\u00f1o y precio puede presumir de un ventilador tan potente como el modelo \u201eCube Pro Air\u201c. El miedo al aire viciado en la cabina -una preocupaci\u00f3n que hemos o\u00eddo de muchos clientes- se esfuma literalmente. Y por si fuera poco, la cabina telef\u00f3nica \u201eCube Air Pro\u201c puede equiparse opcionalmente con un sensor de CO2 que empieza a parpadear en naranja cuando se supera un valor l\u00edmite.<\/p>","protected":false},"featured_media":4559,"comment_status":"open","ping_status":"closed","template":"","meta":{"content-type":"","_uag_custom_page_level_css":""},"product_brand":[],"product_cat":[61],"product_tag":[],"class_list":{"0":"post-4555","1":"product","2":"type-product","3":"status-publish","4":"has-post-thumbnail","6":"product_cat-telefonbox","7":"pa_anzahl-personen-1-person","8":"pa_belueftungssteuerung-vollautomatisch","9":"pa_breite-100-m","10":"pa_buchungstool-display-goconut-ready","11":"pa_einsatz-szenarien-buero","12":"pa_einsatz-szenarien-hotel","13":"pa_einsatz-szenarien-schule-universitaet","14":"pa_farbe-konfigurierbar","15":"pa_farbe-schwarz","16":"pa_farbe-weiss","17":"pa_flex-miete-verfuegbar-auf-anfrage","18":"pa_gewicht-257-kg","19":"pa_hoehe-223-m","20":"pa_lan-kein-lan-anschluss","21":"pa_lieferzeit-4-bis-6-wochen-lieferzeit","22":"pa_luftaustausch-100-m-h-systemluftstrom","23":"pa_luftaustausch-420-m-h-nominell","24":"pa_mobilitaet-keine","25":"pa_monitorhalterung-ohne-monitorhalterung","26":"pa_preissegment-eins","27":"pa_schalldaemmung-zwei-sterne","28":"pa_sitzen-oder-stehen-im-stehen","29":"pa_spezial-features-gs-tuev-zertifiziert","30":"pa_spezial-features-white-board-option","31":"pa_tiefe-100-m","32":"pa_verfuegbare-tisch-optionen-fixe-tischhoehe-stehen","33":"pa_verwendung-telefonieren","34":"pa_verwendung-video-call","36":"first","37":"instock","38":"taxable","39":"shipping-taxable","40":"purchasable","41":"product-type-simple"},"uagb_featured_image_src":{"full":["https:\/\/99cubes.de\/wp-content\/uploads\/2026\/02\/99cubes-telefonbox-cube-air-pro-tuer-offen-quadrat.jpg",1200,1200,false],"thumbnail":["https:\/\/99cubes.de\/wp-content\/uploads\/2026\/02\/99cubes-telefonbox-cube-air-pro-tuer-offen-quadrat-200x200.jpg",200,200,true],"medium":["https:\/\/99cubes.de\/wp-content\/uploads\/2026\/02\/99cubes-telefonbox-cube-air-pro-tuer-offen-quadrat-450x450.jpg",450,450,true],"medium_large":["https:\/\/99cubes.de\/wp-content\/uploads\/2026\/02\/99cubes-telefonbox-cube-air-pro-tuer-offen-quadrat-768x768.jpg",768,768,true],"large":["https:\/\/99cubes.de\/wp-content\/uploads\/2026\/02\/99cubes-telefonbox-cube-air-pro-tuer-offen-quadrat-1200x1200.jpg",1140,1140,true],"1536x1536":["https:\/\/99cubes.de\/wp-content\/uploads\/2026\/02\/99cubes-telefonbox-cube-air-pro-tuer-offen-quadrat-1536x1536.jpg",1200,1200,true],"2048x2048":["https:\/\/99cubes.de\/wp-content\/uploads\/2026\/02\/99cubes-telefonbox-cube-air-pro-tuer-offen-quadrat.jpg",1200,1200,false],"trp-custom-language-flag":["https:\/\/99cubes.de\/wp-content\/uploads\/2026\/02\/99cubes-telefonbox-cube-air-pro-tuer-offen-quadrat-12x12.jpg",12,12,true],"botiga-extra-large":["https:\/\/99cubes.de\/wp-content\/uploads\/2026\/02\/99cubes-telefonbox-cube-air-pro-tuer-offen-quadrat-1140x1140.jpg",1140,1140,true],"botiga-large":["https:\/\/99cubes.de\/wp-content\/uploads\/2026\/02\/99cubes-telefonbox-cube-air-pro-tuer-offen-quadrat-920x920.jpg",920,920,true],"botiga-big":["https:\/\/99cubes.de\/wp-content\/uploads\/2026\/02\/99cubes-telefonbox-cube-air-pro-tuer-offen-quadrat-575x575.jpg",575,575,true],"botiga-medium":["https:\/\/99cubes.de\/wp-content\/uploads\/2026\/02\/99cubes-telefonbox-cube-air-pro-tuer-offen-quadrat-380x380.jpg",380,380,true],"botiga-header-icons":["https:\/\/99cubes.de\/wp-content\/uploads\/2026\/02\/99cubes-telefonbox-cube-air-pro-tuer-offen-quadrat-50x50.jpg",50,50,true],"botiga-product-swatch-image":["https:\/\/99cubes.de\/wp-content\/uploads\/2026\/02\/99cubes-telefonbox-cube-air-pro-tuer-offen-quadrat-26x26.jpg",26,26,true],"woocommerce_thumbnail":["https:\/\/99cubes.de\/wp-content\/uploads\/2026\/02\/99cubes-telefonbox-cube-air-pro-tuer-offen-quadrat-420x420.jpg",420,420,true],"woocommerce_single":["https:\/\/99cubes.de\/wp-content\/uploads\/2026\/02\/99cubes-telefonbox-cube-air-pro-tuer-offen-quadrat-800x800.jpg",800,800,true],"woocommerce_gallery_thumbnail":["https:\/\/99cubes.de\/wp-content\/uploads\/2026\/02\/99cubes-telefonbox-cube-air-pro-tuer-offen-quadrat-100x100.jpg",100,100,true],"wpvr_mobile":["https:\/\/99cubes.de\/wp-content\/uploads\/2026\/02\/99cubes-telefonbox-cube-air-pro-tuer-offen-quadrat.jpg",1200,1200,false]},"uagb_author_info":{"display_name":"frank","author_link":"https:\/\/99cubes.de\/es\/author\/"},"uagb_comment_info":0,"uagb_excerpt":"Die Telefonbox \"Cube Air Pro\" ist eine funktional gehaltene Telefonbox, die mit ihren inneren Werten \u00fcberzeugt: Wohl kaum eine andere Telefonbox dieser Gr\u00f6\u00dfe und Preisklasse kann mit einer solch potenten L\u00fcfterleistung aufwarten wie das Modell \"Cube Pro Air\". Die Angst vor stickiger Luft in der Box - eine Sorge, die wir aus vielen Kundengespr\u00e4chen herausgeh\u00f6rt&hellip;","_links":{"self":[{"href":"https:\/\/99cubes.de\/es\/wp-json\/wp\/v2\/product\/4555","targetHints":{"allow":["GET"]}}],"collection":[{"href":"https:\/\/99cubes.de\/es\/wp-json\/wp\/v2\/product"}],"about":[{"href":"https:\/\/99cubes.de\/es\/wp-json\/wp\/v2\/types\/product"}],"replies":[{"embeddable":true,"href":"https:\/\/99cubes.de\/es\/wp-json\/wp\/v2\/comments?post=4555"}],"wp:featuredmedia":[{"embeddable":true,"href":"https:\/\/99cubes.de\/es\/wp-json\/wp\/v2\/media\/4559"}],"wp:attachment":[{"href":"https:\/\/99cubes.de\/es\/wp-json\/wp\/v2\/media?parent=4555"}],"wp:term":[{"taxonomy":"product_brand","embeddable":true,"href":"https:\/\/99cubes.de\/es\/wp-json\/wp\/v2\/product_brand?post=4555"},{"taxonomy":"product_cat","embeddable":true,"href":"https:\/\/99cubes.de\/es\/wp-json\/wp\/v2\/product_cat?post=4555"},{"taxonomy":"product_tag","embeddable":true,"href":"https:\/\/99cubes.de\/es\/wp-json\/wp\/v2\/product_tag?post=4555"}],"curies":[{"name":"wp","href":"https:\/\/api.w.org\/{rel}","templated":true}]}}