{"id":4631,"date":"2026-03-09T11:43:59","date_gmt":"2026-03-09T10:43:59","guid":{"rendered":"https:\/\/99cubes.de\/?post_type=product&#038;p=4631"},"modified":"2026-03-10T10:55:04","modified_gmt":"2026-03-10T09:55:04","slug":"mantenimiento-reparacion-y-piezas-de-recambio-para-cabinas-telefonicas-reunion-cabinas-varios-fabricantes","status":"publish","type":"product","link":"https:\/\/99cubes.de\/es\/produkt\/wartung-reparatur-und-ersatzteile-fuer-telefonboxen-meetingboxen-verschiedene-hersteller\/","title":{"rendered":"Mantenimiento, reparaci\u00f3n y piezas de recambio para cabinas telef\u00f3nicas y cajas de reuni\u00f3n | varios fabricantes"},"content":{"rendered":"<div class=\"su-accordion su-u-trim\">\n<div class=\"su-spoiler su-spoiler-style-default su-spoiler-icon-plus\" data-scroll-offset=\"0\" data-anchor-in-url=\"no\"><div class=\"su-spoiler-title\" tabindex=\"0\" role=\"button\"><span class=\"su-spoiler-icon\"><\/span><b>\u00bfCu\u00e1les son los casos t\u00edpicos de mantenimiento de cabinas telef\u00f3nicas y de reuniones?<\/b><\/div><div class=\"su-spoiler-content su-u-clearfix su-u-trim\">\n<p>Las cabinas telef\u00f3nicas y de reuni\u00f3n son en realidad criaturas sociables y de bajo mantenimiento, y no requieren necesariamente un mantenimiento regular. Sin embargo, algunos problemas s\u00f3lo pueden resolverse con un mantenimiento profesional. Si en su empresa se utiliza un gran n\u00famero de cabinas ac\u00fasticas, incluso puede ser aconsejable una revisi\u00f3n peri\u00f3dica para evitar que surjan problemas desde el principio.<\/p>\n<p>Los casos t\u00edpicos de mantenimiento de las cabinas telef\u00f3nicas y de reuni\u00f3n son los siguientes:<\/p>\n<ul>\n<li>Las puertas ya no cierran bien y hay que reajustarlas<\/li>\n<li>El Cubo Ac\u00fastico est\u00e1 ligeramente torcido y es necesario realinearlo (suele ocurrir despu\u00e9s de un desplazamiento incorrecto).<\/li>\n<li>Las juntas se han soltado o se han salido de su sitio.<\/li>\n<li>Un cubo ac\u00fastico se reubicar\u00e1 profesionalmente en el edificio<\/li>\n<\/ul>\n<p>En tales casos, p\u00f3ngase en contacto con nosotros y estaremos encantados de examinar su problema. Por regla general, no existe ninguna restricci\u00f3n para determinados fabricantes, ya que no se necesitan piezas de recambio espec\u00edficas para el mantenimiento.<\/p>\n<\/div><\/div>\n<p>&nbsp;<\/p>\n<div class=\"su-spoiler su-spoiler-style-default su-spoiler-icon-plus\" data-scroll-offset=\"0\" data-anchor-in-url=\"no\"><div class=\"su-spoiler-title\" tabindex=\"0\" role=\"button\"><span class=\"su-spoiler-icon\"><\/span><b>\u00bfNecesita un servicio de reparaci\u00f3n y piezas de repuesto?<\/b><\/div><div class=\"su-spoiler-content su-u-clearfix su-u-trim\">\n<p>Incluso con los mejores cuidados, no se pueden evitar por completo los fallos o da\u00f1os en las cabinas telef\u00f3nicas y de reuniones. Ya sean componentes electr\u00f3nicos defectuosos, cristales rotos, ara\u00f1azos molestos, herrajes doblados o incluso un compa\u00f1ero que se ha vuelto loco en la cabina: Los motivos son muchos y variados, pero la soluci\u00f3n suele ser sencilla. Suministramos las piezas de recambio adecuadas y enviamos a nuestros ingeniosos compa\u00f1eros de montaje.<\/p>\n<p>Por supuesto, nuestro servicio de reparaci\u00f3n y piezas de recambio no s\u00f3lo est\u00e1 disponible para nuestros clientes actuales, sino tambi\u00e9n para todas las dem\u00e1s empresas, siempre que conozcamos el modelo de su cabina telef\u00f3nica o tengamos al fabricante en nuestra lista. Estos son<\/p>\n<ul>\n<li>Bosse (fabricante alem\u00e1n)<\/li>\n<li>Silen (fabricante de Estonia)<\/li>\n<li>Mute (fabricante de Polonia)<\/li>\n<li>Sedus (fabricante alem\u00e1n)<\/li>\n<li>Studiobricks (de Espa\u00f1a)<\/li>\n<li>Framery (fabricante de Finlandia)<\/li>\n<\/ul>\n<p>No dude en ponerse en contacto con nosotros, intentaremos ayudarle de forma r\u00e1pida y sencilla.<\/p>\n<\/div><\/div>\n<\/div>","protected":false},"excerpt":{"rendered":"<p>Estaremos encantados de ayudarle si tiene problemas con sus cabinas telef\u00f3nicas o de reuniones. Nuestros equipos arreglar\u00e1n peque\u00f1os problemas de mantenimiento, te ayudar\u00e1n a alinear y ajustar las puertas o realizar\u00e1n reparaciones completas e instalar\u00e1n piezas de repuesto.<\/p>\n<p>Tambi\u00e9n ofrecemos revisiones peri\u00f3dicas. Esto tiene especial sentido si tiene un gran n\u00famero de cubos ac\u00fasticos en uso. Un punto d\u00e9bil t\u00edpico son las puertas mal ajustadas. Si se revisan y reajustan profesionalmente en una fase temprana, puede evitar problemas o defectos m\u00e1s adelante.<\/p>","protected":false},"featured_media":4632,"comment_status":"open","ping_status":"closed","template":"","meta":{"content-type":"","_uag_custom_page_level_css":""},"product_brand":[],"product_cat":[67],"product_tag":[],"class_list":{"0":"post-4631","1":"product","2":"type-product","3":"status-publish","4":"has-post-thumbnail","6":"product_cat-zubehoer","7":"pa_marke-bosse","8":"pa_marke-box17","9":"pa_marke-framery","10":"pa_marke-hammerbacher","11":"pa_marke-mute","12":"pa_marke-sedus","13":"pa_marke-silen","14":"pa_marke-studiobricks","16":"first","17":"instock","18":"taxable","19":"shipping-taxable","20":"product-type-simple"},"uagb_featured_image_src":{"full":["https:\/\/99cubes.de\/wp-content\/uploads\/2026\/03\/Wartung-und-Reparatur-Telefonboxen-1600.jpg",1600,900,false],"thumbnail":["https:\/\/99cubes.de\/wp-content\/uploads\/2026\/03\/Wartung-und-Reparatur-Telefonboxen-1600-200x200.jpg",200,200,true],"medium":["https:\/\/99cubes.de\/wp-content\/uploads\/2026\/03\/Wartung-und-Reparatur-Telefonboxen-1600-450x253.jpg",450,253,true],"medium_large":["https:\/\/99cubes.de\/wp-content\/uploads\/2026\/03\/Wartung-und-Reparatur-Telefonboxen-1600-768x432.jpg",768,432,true],"large":["https:\/\/99cubes.de\/wp-content\/uploads\/2026\/03\/Wartung-und-Reparatur-Telefonboxen-1600-1200x675.jpg",1140,641,true],"1536x1536":["https:\/\/99cubes.de\/wp-content\/uploads\/2026\/03\/Wartung-und-Reparatur-Telefonboxen-1600-1536x864.jpg",1536,864,true],"2048x2048":["https:\/\/99cubes.de\/wp-content\/uploads\/2026\/03\/Wartung-und-Reparatur-Telefonboxen-1600.jpg",1600,900,false],"trp-custom-language-flag":["https:\/\/99cubes.de\/wp-content\/uploads\/2026\/03\/Wartung-und-Reparatur-Telefonboxen-1600-18x10.jpg",18,10,true],"botiga-extra-large":["https:\/\/99cubes.de\/wp-content\/uploads\/2026\/03\/Wartung-und-Reparatur-Telefonboxen-1600-1140x641.jpg",1140,641,true],"botiga-large":["https:\/\/99cubes.de\/wp-content\/uploads\/2026\/03\/Wartung-und-Reparatur-Telefonboxen-1600-920x518.jpg",920,518,true],"botiga-big":["https:\/\/99cubes.de\/wp-content\/uploads\/2026\/03\/Wartung-und-Reparatur-Telefonboxen-1600-575x323.jpg",575,323,true],"botiga-medium":["https:\/\/99cubes.de\/wp-content\/uploads\/2026\/03\/Wartung-und-Reparatur-Telefonboxen-1600-380x214.jpg",380,214,true],"botiga-header-icons":["https:\/\/99cubes.de\/wp-content\/uploads\/2026\/03\/Wartung-und-Reparatur-Telefonboxen-1600-50x50.jpg",50,50,true],"botiga-product-swatch-image":["https:\/\/99cubes.de\/wp-content\/uploads\/2026\/03\/Wartung-und-Reparatur-Telefonboxen-1600-26x26.jpg",26,26,true],"woocommerce_thumbnail":["https:\/\/99cubes.de\/wp-content\/uploads\/2026\/03\/Wartung-und-Reparatur-Telefonboxen-1600-420x420.jpg",420,420,true],"woocommerce_single":["https:\/\/99cubes.de\/wp-content\/uploads\/2026\/03\/Wartung-und-Reparatur-Telefonboxen-1600-800x450.jpg",800,450,true],"woocommerce_gallery_thumbnail":["https:\/\/99cubes.de\/wp-content\/uploads\/2026\/03\/Wartung-und-Reparatur-Telefonboxen-1600-100x100.jpg",100,100,true],"wpvr_mobile":["https:\/\/99cubes.de\/wp-content\/uploads\/2026\/03\/Wartung-und-Reparatur-Telefonboxen-1600.jpg",1600,900,false]},"uagb_author_info":{"display_name":"frank","author_link":"https:\/\/99cubes.de\/es\/author\/"},"uagb_comment_info":0,"uagb_excerpt":"Wir sind euch gerne behilflich, wenn ihr Probleme mit euren Telefon- oder Meetingboxen habt. Unsere Teams beheben kleinere Wartungsf\u00e4lle, sind beim Ausrichten und T\u00fcren justieren behilflich oder \u00fcbernehmen komplette Reparaturen und bauen Ersatzteile ein. Wir bieten auch regelm\u00e4\u00dfige Check-Ups an. Dies macht vor allem dann Sinn, wenn ihr eine gr\u00f6\u00dfere St\u00fcckzahl von Akustik-Cubes im Einsatz&hellip;","_links":{"self":[{"href":"https:\/\/99cubes.de\/es\/wp-json\/wp\/v2\/product\/4631","targetHints":{"allow":["GET"]}}],"collection":[{"href":"https:\/\/99cubes.de\/es\/wp-json\/wp\/v2\/product"}],"about":[{"href":"https:\/\/99cubes.de\/es\/wp-json\/wp\/v2\/types\/product"}],"replies":[{"embeddable":true,"href":"https:\/\/99cubes.de\/es\/wp-json\/wp\/v2\/comments?post=4631"}],"wp:featuredmedia":[{"embeddable":true,"href":"https:\/\/99cubes.de\/es\/wp-json\/wp\/v2\/media\/4632"}],"wp:attachment":[{"href":"https:\/\/99cubes.de\/es\/wp-json\/wp\/v2\/media?parent=4631"}],"wp:term":[{"taxonomy":"product_brand","embeddable":true,"href":"https:\/\/99cubes.de\/es\/wp-json\/wp\/v2\/product_brand?post=4631"},{"taxonomy":"product_cat","embeddable":true,"href":"https:\/\/99cubes.de\/es\/wp-json\/wp\/v2\/product_cat?post=4631"},{"taxonomy":"product_tag","embeddable":true,"href":"https:\/\/99cubes.de\/es\/wp-json\/wp\/v2\/product_tag?post=4631"}],"curies":[{"name":"wp","href":"https:\/\/api.w.org\/{rel}","templated":true}]}}