{"id":946,"date":"2024-07-17T18:01:52","date_gmt":"2024-07-17T16:01:52","guid":{"rendered":"https:\/\/99cubes.de\/?post_type=product&#038;p=946"},"modified":"2025-08-07T14:37:46","modified_gmt":"2025-08-07T12:37:46","slug":"cabina-telefonica-jetson-s1-blanco-mute","status":"publish","type":"product","link":"https:\/\/99cubes.de\/es\/produkt\/telefonbox-jetson-s1-weiss-mute\/","title":{"rendered":"Cabina telef\u00f3nica Jetson S1, blanca | MUTE"},"content":{"rendered":"<div class=\"su-accordion su-u-trim\">\n<div class=\"su-spoiler su-spoiler-style-default su-spoiler-icon-plus\" data-scroll-offset=\"0\" data-anchor-in-url=\"no\"><div class=\"su-spoiler-title\" tabindex=\"0\" role=\"button\"><span class=\"su-spoiler-icon\"><\/span><strong>Informaci\u00f3n sobre la serie Jetson<\/strong><\/div><div class=\"su-spoiler-content su-u-clearfix su-u-trim\">\n<p>Las cabinas telef\u00f3nicas y de reuniones de la serie Jetson se encuentran entre nuestros productos m\u00e1s vendidos, \u00a1y con raz\u00f3n! Materiales de alta calidad, componentes duraderos y un interior bien pensado se combinan con precios favorables. Detr\u00e1s de la serie Jetson se encuentra el especialista polaco en ac\u00fastica MUTE, que utiliza su concentrada experiencia en dise\u00f1o y producci\u00f3n de productos para los cuatro modelos de la serie Jetson. Gracias a la reducci\u00f3n a dos colores (blanco y negro) y a muchos componentes de dise\u00f1o comunes, los altavoces ac\u00fasticos de la serie Jetson pueden preproducirse en grandes cantidades y, por tanto, siempre est\u00e1n en stock.<\/p>\n<p>La estructura de la cabina telef\u00f3nica Jetson S1 es de aluminio extruido, por lo que es mucho m\u00e1s duradera y ligera que los modelos basados en paneles de madera. Combinada con un exclusivo sistema de conexi\u00f3n a la pared sin herramientas, la Jetson S1 puede montarse y desmontarse m\u00e1s r\u00e1pidamente que cualquier otra cabina telef\u00f3nica del mercado.<\/p>\n<p>Jetson S1 est\u00e1 disponible en blanco o negro, y las paredes exteriores pueden equiparse opcionalmente con estanter\u00edas o pizarras blancas adicionales. Tambi\u00e9n est\u00e1 disponible un taburete de altura regulable a juego.<\/p>\n<p>M\u00e1s informaci\u00f3n: <a href=\"https:\/\/99cubes.de\/es\/los-cubos-acusticos-de-la-serie-de-productos-jetson\/\">Los cubos ac\u00fasticos de la serie Jetson<\/a>.<\/p>\n<\/div><\/div>\n<div class=\"su-spoiler su-spoiler-style-default su-spoiler-icon-plus su-spoiler-closed\" data-scroll-offset=\"0\" data-anchor-in-url=\"no\"><div class=\"su-spoiler-title\" tabindex=\"0\" role=\"button\"><span class=\"su-spoiler-icon\"><\/span><strong>Equipamiento:<\/strong><\/div><div class=\"su-spoiler-content su-u-clearfix su-u-trim\">\n<ul>\n<li>Sistema de ventilaci\u00f3n<\/li>\n<li>Luz LED<\/li>\n<li>Detector de presencia para ventiladores y luz<\/li>\n<li>Regleta con 2 enchufes y 2 puertos USB (tipo A y tipo C)<\/li>\n<li>Tablero mural<\/li>\n<li>Barra de exposici\u00f3n, soporte para tel\u00e9fono e im\u00e1n<\/li>\n<li>Ganchos de pared<\/li>\n<li>Puerta enmarcada (siempre con bisagras a la izquierda)<\/li>\n<li>Cable de alimentaci\u00f3n de 3 m<\/li>\n<li>opcional \/ con suplemento: silla<\/li>\n<li>opcional \/ con coste adicional: cable LAN<\/li>\n<\/ul>\n<\/div><\/div>\n<div class=\"su-spoiler su-spoiler-style-default su-spoiler-icon-plus su-spoiler-closed\" data-scroll-offset=\"0\" data-anchor-in-url=\"no\"><div class=\"su-spoiler-title\" tabindex=\"0\" role=\"button\"><span class=\"su-spoiler-icon\"><\/span><strong>Dimensiones y peso:<\/strong><\/div><div class=\"su-spoiler-content su-u-clearfix su-u-trim\">\n<ul>\n<li>Anchura (exterior \/ interior): 1000 mm \/ 860 mm<\/li>\n<li>Profundidad (exterior \/ interior): 1000 mm \/ 860 mm + 800 mm con la puerta abierta<\/li>\n<li>Altura (exterior \/ interior): 2264 mm \/ 2102 mm<\/li>\n<li class=\"tech-specs__field\">Tablero (ancho x fondo x alto): 860 x 300 x ajustable (cada 4,5 cm)<\/li>\n<li class=\"tech-specs__field\">Peso: 210 kg (+ 11 kg con silla)<\/li>\n<\/ul>\n<\/div><\/div>\n<div class=\"su-spoiler su-spoiler-style-default su-spoiler-icon-plus su-spoiler-closed\" data-scroll-offset=\"0\" data-anchor-in-url=\"no\"><div class=\"su-spoiler-title\" tabindex=\"0\" role=\"button\"><span class=\"su-spoiler-icon\"><\/span><strong>Datos ac\u00fasticos y ventilaci\u00f3n:<\/strong><\/div><div class=\"su-spoiler-content su-u-clearfix su-u-trim\">\n<ul>\n<li>Aislamiento ac\u00fastico: hasta 43 dB<\/li>\n<li>Atenuaci\u00f3n del habla: 27,2 dB, clase B seg\u00fan ISO 23351<\/li>\n<li>Tiempo de reverberaci\u00f3n: 0,1 s<\/li>\n<li>RT20 interior: &lt;0,2 s seg\u00fan ISO 354:2000<\/li>\n<li>Caudal de aire: 182,5 m\u00b3\/h (nominal), 50 m\u00b3\/h (caudal de aire del sistema)<\/li>\n<li>Ruido de ventilaci\u00f3n exterior \/ interior: \u226430 dB \/ \u226436 dB<\/li>\n<\/ul>\n<\/div><\/div>\n<div class=\"su-spoiler su-spoiler-style-default su-spoiler-icon-plus su-spoiler-closed\" data-scroll-offset=\"0\" data-anchor-in-url=\"no\"><div class=\"su-spoiler-title\" tabindex=\"0\" role=\"button\"><span class=\"su-spoiler-icon\"><\/span><strong>Alimentaci\u00f3n y consumo de energ\u00eda:<\/strong><\/div><div class=\"su-spoiler-content su-u-clearfix su-u-trim\">\n<ul>\n<li>Tensi\u00f3n de alimentaci\u00f3n: 220-240 \/ 100-120 VCA, 50-60 Hz<\/li>\n<li>En funcionamiento (LED y ventilaci\u00f3n): 12 vatios<\/li>\n<li>Tomas: 2<\/li>\n<li>Cargador r\u00e1pido USB: TUF A+C 25 W, 5 V CC<\/li>\n<li>Tipos de tomas de corriente disponibles: DE | FR | DK | IT<\/li>\n<\/ul>\n<\/div><\/div>\n<\/div>","protected":false},"excerpt":{"rendered":"<p>El Jetons S1 ha sido dise\u00f1ado por el especialista en ac\u00fastica y fabricante de alta gama MUTE. Muchos a\u00f1os de experiencia y atenci\u00f3n al detalle hacen del Jetson S1 una soluci\u00f3n ac\u00fastica de alta calidad que disfrutar\u00e1s durante muchos a\u00f1os.<\/p>\n<p>Las caracter\u00edsticas especialmente pr\u00e1cticas incluidas en el volumen de suministro est\u00e1ndar incluyen<\/p>\n<ul>\n<li>Puerta de cristal con marco de cierre herm\u00e9tico, labio de goma perimetral y mecanismo de enclavamiento<\/li>\n<li>Equipamiento interior con barra expositora, soporte para tel\u00e9fono, im\u00e1n y ganchos de pared<\/li>\n<li>Conexi\u00f3n de alimentaci\u00f3n y cargador USB (tipo A + C) directamente debajo del tablero de la mesa<\/li>\n<\/ul>\n<p>Con su excelente relaci\u00f3n calidad-precio y su dise\u00f1o atemporal, la Jetson S1 es una de las cabinas telef\u00f3nicas m\u00e1s populares de nuestra gama.<\/p>","protected":false},"featured_media":950,"comment_status":"closed","ping_status":"closed","template":"","meta":{"content-type":"","_uag_custom_page_level_css":""},"product_brand":[],"product_cat":[61],"product_tag":[],"class_list":{"0":"post-946","1":"product","2":"type-product","3":"status-publish","4":"has-post-thumbnail","6":"product_cat-telefonbox","7":"pa_anzahl-personen-1-person","8":"pa_belueftungssteuerung-individuell-steuerbar","9":"pa_belueftungssteuerung-vollautomatisch","10":"pa_breite-100-m","11":"pa_buchungstool-display-goconut-ready","12":"pa_einsatz-szenarien-buero","13":"pa_einsatz-szenarien-einzelhandel","14":"pa_einsatz-szenarien-hotel","15":"pa_einsatz-szenarien-schule-universitaet","16":"pa_farbe-weiss","17":"pa_flex-miete-verfuegbar-ja","18":"pa_gewicht-210-kg","19":"pa_hoehe-227-m","20":"pa_lan-kein-lan-anschluss","21":"pa_lan-lan-anschluss-als-sonderausstattung","22":"pa_lieferzeit-2-wochen-lieferzeit","23":"pa_luftaustausch-1825-m3-h-nominell","24":"pa_luftaustausch-50-m3-h-system","25":"pa_marke-mute","26":"pa_mobilitaet-keine","27":"pa_mobilitaet-mit-integrierten-bodenrollen","28":"pa_monitorhalterung-monitorhalterung-als-sonderausstattung","29":"pa_monitorhalterung-ohne-monitorhalterung","30":"pa_preissegment-zwei","31":"pa_schalldaemmung-drei-sterne","32":"pa_sitzen-oder-stehen-im-sitzen-hoch-mit-hocker","33":"pa_sitzen-oder-stehen-im-stehen","34":"pa_spezial-features-buecherregal-option","35":"pa_spezial-features-video-call-ausstattung","36":"pa_spezial-features-white-board-option","37":"pa_tiefe-100-m","38":"pa_verfuegbare-tisch-optionen-fixe-tischhoehe-stehen","39":"pa_verwendung-telefonieren","40":"pa_verwendung-video-call","42":"first","43":"instock","44":"taxable","45":"shipping-taxable","46":"purchasable","47":"product-type-simple"},"uagb_featured_image_src":{"full":["https:\/\/99cubes.de\/wp-content\/uploads\/2024\/07\/Jetson-S1-Moon-White.jpg",1200,1200,false],"thumbnail":["https:\/\/99cubes.de\/wp-content\/uploads\/2024\/07\/Jetson-S1-Moon-White-200x200.jpg",200,200,true],"medium":["https:\/\/99cubes.de\/wp-content\/uploads\/2024\/07\/Jetson-S1-Moon-White-450x450.jpg",450,450,true],"medium_large":["https:\/\/99cubes.de\/wp-content\/uploads\/2024\/07\/Jetson-S1-Moon-White-768x768.jpg",768,768,true],"large":["https:\/\/99cubes.de\/wp-content\/uploads\/2024\/07\/Jetson-S1-Moon-White-1200x1200.jpg",1140,1140,true],"1536x1536":["https:\/\/99cubes.de\/wp-content\/uploads\/2024\/07\/Jetson-S1-Moon-White-1536x1536.jpg",1200,1200,true],"2048x2048":["https:\/\/99cubes.de\/wp-content\/uploads\/2024\/07\/Jetson-S1-Moon-White.jpg",1200,1200,false],"trp-custom-language-flag":["https:\/\/99cubes.de\/wp-content\/uploads\/2024\/07\/Jetson-S1-Moon-White.jpg",12,12,false],"botiga-extra-large":["https:\/\/99cubes.de\/wp-content\/uploads\/2024\/07\/Jetson-S1-Moon-White-1140x1140.jpg",1140,1140,true],"botiga-large":["https:\/\/99cubes.de\/wp-content\/uploads\/2024\/07\/Jetson-S1-Moon-White-920x920.jpg",920,920,true],"botiga-big":["https:\/\/99cubes.de\/wp-content\/uploads\/2024\/07\/Jetson-S1-Moon-White-575x575.jpg",575,575,true],"botiga-medium":["https:\/\/99cubes.de\/wp-content\/uploads\/2024\/07\/Jetson-S1-Moon-White-380x380.jpg",380,380,true],"botiga-header-icons":["https:\/\/99cubes.de\/wp-content\/uploads\/2024\/07\/Jetson-S1-Moon-White-50x50.jpg",50,50,true],"botiga-product-swatch-image":["https:\/\/99cubes.de\/wp-content\/uploads\/2024\/07\/Jetson-S1-Moon-White-26x26.jpg",26,26,true],"woocommerce_thumbnail":["https:\/\/99cubes.de\/wp-content\/uploads\/2024\/07\/Jetson-S1-Moon-White-420x420.jpg",420,420,true],"woocommerce_single":["https:\/\/99cubes.de\/wp-content\/uploads\/2024\/07\/Jetson-S1-Moon-White-800x800.jpg",800,800,true],"woocommerce_gallery_thumbnail":["https:\/\/99cubes.de\/wp-content\/uploads\/2024\/07\/Jetson-S1-Moon-White-100x100.jpg",100,100,true],"wpvr_mobile":["https:\/\/99cubes.de\/wp-content\/uploads\/2024\/07\/Jetson-S1-Moon-White.jpg",1200,1200,false]},"uagb_author_info":{"display_name":"frank","author_link":"https:\/\/99cubes.de\/es\/author\/"},"uagb_comment_info":0,"uagb_excerpt":"Die Jetons S1 wurde vom Akustik-Spezialisten und Premium-Hersteller MUTE designt. Viele Jahre Erfahrung und Liebe zum Detail machen die Jetson S1 zu einer hochwertigen Akustik-L\u00f6sung, an der man viele Jahre lang seine Freude haben wird. Zu den besonders praktischen Eigenschaften im Standard-Lieferumfang geh\u00f6ren: dicht schlie\u00dfende, gerahmte Glast\u00fcr mit umlaufender Gummilippe und Einrastmechanismus Innenausstattung mit Ausstellungsschiene,&hellip;","_links":{"self":[{"href":"https:\/\/99cubes.de\/es\/wp-json\/wp\/v2\/product\/946","targetHints":{"allow":["GET"]}}],"collection":[{"href":"https:\/\/99cubes.de\/es\/wp-json\/wp\/v2\/product"}],"about":[{"href":"https:\/\/99cubes.de\/es\/wp-json\/wp\/v2\/types\/product"}],"replies":[{"embeddable":true,"href":"https:\/\/99cubes.de\/es\/wp-json\/wp\/v2\/comments?post=946"}],"wp:featuredmedia":[{"embeddable":true,"href":"https:\/\/99cubes.de\/es\/wp-json\/wp\/v2\/media\/950"}],"wp:attachment":[{"href":"https:\/\/99cubes.de\/es\/wp-json\/wp\/v2\/media?parent=946"}],"wp:term":[{"taxonomy":"product_brand","embeddable":true,"href":"https:\/\/99cubes.de\/es\/wp-json\/wp\/v2\/product_brand?post=946"},{"taxonomy":"product_cat","embeddable":true,"href":"https:\/\/99cubes.de\/es\/wp-json\/wp\/v2\/product_cat?post=946"},{"taxonomy":"product_tag","embeddable":true,"href":"https:\/\/99cubes.de\/es\/wp-json\/wp\/v2\/product_tag?post=946"}],"curies":[{"name":"wp","href":"https:\/\/api.w.org\/{rel}","templated":true}]}}