{"id":4612,"date":"2026-03-08T17:09:41","date_gmt":"2026-03-08T16:09:41","guid":{"rendered":"https:\/\/99cubes.de\/?page_id=4612"},"modified":"2026-03-10T11:14:19","modified_gmt":"2026-03-10T10:14:19","slug":"notre-engagement-en-faveur-du-developpement-durable","status":"publish","type":"page","link":"https:\/\/99cubes.de\/fr\/unser-engagement-fuer-nachhaltigkeit\/","title":{"rendered":"Notre engagement en faveur du d\u00e9veloppement durable"},"content":{"rendered":"<p>La gestion durable fait partie de l'ADN de notre entreprise. Cela tient autant \u00e0 l'attitude personnelle des fondateurs qu'\u00e0 la conception du mod\u00e8le d'entreprise, qui repose en grande partie sur une \u00e9conomie circulaire.<\/p>\n\n\n\n<p>Pour que \u201enotre engagement en faveur de la durabilit\u00e9\u201c ne soit pas seulement beau \u00e0 entendre, mais aussi compr\u00e9hensible pour les personnes ext\u00e9rieures, nous avons d\u00e9cid\u00e9 de le rendre mesurable et de publier ici chaque ann\u00e9e nos progr\u00e8s.<\/p>\n\n\n\n<p class=\"has-text-align-right\">Version : 09.03.2026<\/p>\n\n\n<div id=\"ez-toc-container\" class=\"ez-toc-v2_0_82_2 ez-toc-wrap-left counter-hierarchy ez-toc-counter ez-toc-grey ez-toc-container-direction\">\n<div class=\"ez-toc-title-container\">\n<p class=\"ez-toc-title\" style=\"cursor:inherit\">Contenu<\/p>\n<span class=\"ez-toc-title-toggle\"><\/span><\/div>\n<nav><ul class='ez-toc-list ez-toc-list-level-1' ><li class='ez-toc-page-1 ez-toc-heading-level-3'><a class=\"ez-toc-link ez-toc-heading-1\" href=\"https:\/\/99cubes.de\/fr\/unser-engagement-fuer-nachhaltigkeit\/#Nachhaltigkeit_in_der_Produktion\" >Durabilit\u00e9 de la production<\/a><\/li><li class='ez-toc-page-1 ez-toc-heading-level-3'><a class=\"ez-toc-link ez-toc-heading-2\" href=\"https:\/\/99cubes.de\/fr\/unser-engagement-fuer-nachhaltigkeit\/#Nachhaltigkeit_des_Geschaftsmodels\" >Durabilit\u00e9 du mod\u00e8le d'entreprise<\/a><\/li><li class='ez-toc-page-1 ez-toc-heading-level-3'><a class=\"ez-toc-link ez-toc-heading-3\" href=\"https:\/\/99cubes.de\/fr\/unser-engagement-fuer-nachhaltigkeit\/#Jahrliche_Aktualisierung\" >Mise \u00e0 jour annuelle<\/a><\/li><\/ul><\/nav><\/div>\n\n\n\n\n<h3 class=\"wp-block-heading\"><span class=\"ez-toc-section\" id=\"Nachhaltigkeit_in_der_Produktion\"><\/span>Durabilit\u00e9 de la production<span class=\"ez-toc-section-end\"><\/span><\/h3>\n\n\n\n<p>En tant que distributeur ne disposant pas de capacit\u00e9s de production propres, nous ne pouvons certes exercer qu'une influence indirecte sur une production durable, mais nous le faisons en veillant \u00e0 la durabilit\u00e9 et notamment \u00e0 la protection du climat lors de la s\u00e9lection de nos fournisseurs. Au 12\/2025, deux de nos fournisseurs fabriquent d\u00e9sormais leurs bo\u00eetiers de t\u00e9l\u00e9phone et de r\u00e9union de mani\u00e8re climatiquement neutre. Cela a conduit \u00e0 ce que, pour l'exercice 2025, 26% de notre volume d'achat provienne d\u00e9j\u00e0 d'une production climatiquement neutre. <\/p>\n\n\n\n<figure class=\"wp-block-table is-style-regular\"><table class=\"has-color-4-background-color has-background has-fixed-layout\"><thead><tr><th class=\"has-text-align-left\" data-align=\"left\">La durabilit\u00e9 dans les achats :<\/th><th class=\"has-text-align-center\" data-align=\"center\">2024<\/th><th class=\"has-text-align-center\" data-align=\"center\">2025<\/th><th class=\"has-text-align-center\" data-align=\"center\">2026<\/th><\/tr><\/thead><tbody><tr><td class=\"has-text-align-left\" data-align=\"left\"><strong>fabriqu\u00e9 sans impact sur le climat<\/strong><br>Part des bo\u00eetiers de t\u00e9l\u00e9phone et de r\u00e9union fabriqu\u00e9s sans impact sur le climat (calcul\u00e9e en pourcentage de notre volume d'achat de cubes acoustiques)<\/td><td class=\"has-text-align-center\" data-align=\"center\">4%<\/td><td class=\"has-text-align-center\" data-align=\"center\">32%<\/td><td class=\"has-text-align-center\" data-align=\"center\">nouvelle augmentation pr\u00e9vue<\/td><\/tr><\/tbody><\/table><\/figure>\n\n\n\n<p>P.S. : Vous trouverez d'ailleurs tous les bo\u00eetiers de t\u00e9l\u00e9phone et de r\u00e9union produits de mani\u00e8re climatiquement neutre en cliquant sur ce lien : <a href=\"https:\/\/99cubes.de\/fr\/developpement-durable\/fabrique-sans-impact-sur-le-climat\/\">https:\/\/99cubes.de\/nachhaltigkeit\/klimaneutral-hergestellt\/<\/a><\/p>\n\n\n\n<h3 class=\"wp-block-heading\"><span class=\"ez-toc-section\" id=\"Nachhaltigkeit_des_Geschaftsmodels\"><\/span>Durabilit\u00e9 du mod\u00e8le d'entreprise<span class=\"ez-toc-section-end\"><\/span><\/h3>\n\n\n\n<p>La location de nos produits a toujours \u00e9t\u00e9 un grand point fort de notre mod\u00e8le d'entreprise. Cela nous permet d'utiliser efficacement les ressources et de r\u00e9utiliser les produits plusieurs fois. Ainsi, au fil du temps, plusieurs cycles d'utilisation des m\u00eames bo\u00eetiers de t\u00e9l\u00e9phone et de r\u00e9union sont cr\u00e9\u00e9s - une contribution essentielle \u00e0 la r\u00e9duction de la consommation de mat\u00e9riaux et des d\u00e9chets. <\/p>\n\n\n\n<p>C'est pourquoi, en plus de notre offre de cubes acoustiques neufs, nous misons d\u00e9lib\u00e9r\u00e9ment sur des produits ayant un historique et continuons \u00e0 commercialiser activement des cubes d'occasion. Des services compl\u00e9mentaires, tels que des offres de d\u00e9m\u00e9nagement et de r\u00e9paration, garantissent en outre que les produits restent en service aussi longtemps que possible. <\/p>\n\n\n\n<figure class=\"wp-block-table is-style-regular\"><table class=\"has-color-4-background-color has-background has-fixed-layout\"><thead><tr><th class=\"has-text-align-left\" data-align=\"left\">La durabilit\u00e9 dans la distribution :<\/th><th class=\"has-text-align-center\" data-align=\"center\">2024<\/th><th class=\"has-text-align-center\" data-align=\"center\">2025<\/th><th class=\"has-text-align-center\" data-align=\"center\">2026<\/th><\/tr><\/thead><tbody><tr><td class=\"has-text-align-left\" data-align=\"left\"><strong>produits d'occasion<\/strong><br>Pourcentage de bo\u00eetiers t\u00e9l\u00e9phoniques et de meeting livr\u00e9s \u201eavec vie ant\u00e9rieure\u201c (nombre d'unit\u00e9s vendues, calcul\u00e9 par rapport aux produits neufs)<\/td><td class=\"has-text-align-center\" data-align=\"center\">7%<\/td><td class=\"has-text-align-center\" data-align=\"center\">12%<\/td><td class=\"has-text-align-center\" data-align=\"center\">nouvelle augmentation pr\u00e9vue<\/td><\/tr><\/tbody><\/table><\/figure>\n\n\n\n<p>En raison de notre activit\u00e9 de location, nous proposons in\u00e9vitablement de nombreux services qui ne seraient pas forc\u00e9ment n\u00e9cessaires si nous nous contentions de vendre des produits neufs. Nous nous distinguons ainsi de nombreux autres concurrents. En tant que fournisseur de services complets pour les bo\u00eetiers t\u00e9l\u00e9phoniques, les bo\u00eetiers de r\u00e9union et les syst\u00e8mes de salle dans la salle, nous proposons les services suivants, que les produits aient \u00e9t\u00e9 achet\u00e9s chez nous ou ailleurs :<\/p>\n\n\n\n<ul class=\"wp-block-list\">\n<li><strong><a href=\"https:\/\/99cubes.de\/fr\/produit\/service-de-demenagement-boite-telephonique-meetingbox-tous-les-fabricants\/\" target=\"_blank\" data-type=\"product\" data-id=\"2240\" rel=\"noreferrer noopener\">Service de d\u00e9m\u00e9nagement :<\/a><\/strong> Associer un service de d\u00e9m\u00e9nagement \u00e0 la durabilit\u00e9 semble un peu tir\u00e9 par les cheveux. Pourtant, par le pass\u00e9, nous avons aid\u00e9 \u00e0 plusieurs reprises des clients existants et nouveaux \u00e0 remettre leur ancien bureau en \u00e9tat. L\u00e0 o\u00f9 les entreprises de d\u00e9m\u00e9nagement normales n'osent souvent pas s'aventurer, nous assurons, avec nos \u00e9quipes de montage professionnelles, le d\u00e9montage et le d\u00e9m\u00e9nagement professionnels de bo\u00eetiers de t\u00e9l\u00e9phone, de bo\u00eetiers de r\u00e9union et de syst\u00e8mes \"pi\u00e8ce dans la pi\u00e8ce\", avec une pr\u00e9servation totale de la valeur apr\u00e8s le d\u00e9m\u00e9nagement et le nouveau montage.<\/li>\n\n\n\n<li><strong><a href=\"https:\/\/99cubes.de\/fr\/produit\/entretien-reparation-et-pieces-de-rechange-pour-boxes-telephoniques-meetingboxes-differents-fabricants\/\" data-type=\"product\" data-id=\"4631\">Service de r\u00e9paration :<\/a><\/strong> Notre mod\u00e8le commercial nous permet de bien conna\u00eetre nos produits et donc de bien \u00e9valuer les \u00e9ventuels dommages et de proposer un service de r\u00e9paration par des professionnels. Actuellement, nous nous procurons les pi\u00e8ces de rechange aupr\u00e8s des fabricants ou, dans le cas de pi\u00e8ces achet\u00e9es, en partie aupr\u00e8s de fournisseurs tiers. Au fur et \u00e0 mesure que notre parc de location vieillira, nous aurons \u00e9galement recours \u00e0 l'avenir \u00e0 des pi\u00e8ces de rechange provenant de cubes acoustiques mis au rebut, qui nous serviront alors de stock de pi\u00e8ces de rechange.<\/li>\n\n\n\n<li><strong>Service de rachat :<\/strong> Notre position sur le march\u00e9 de la commercialisation de cubes acoustiques d'occasion par le biais de la location et de la vente d'occasion nous permet de faire des offres de rachat \u00e0 nos clients et aux personnes int\u00e9ress\u00e9es dans de nombreux cas. Notre service de rachat est utilis\u00e9 dans le cadre de d\u00e9m\u00e9nagements (lorsque les cubes acoustiques ne sont plus n\u00e9cessaires dans les nouveaux locaux) ou lorsque les cubes acoustiques doivent \u00eatre remplac\u00e9s ou renouvel\u00e9s.<\/li>\n<\/ul>\n\n\n\n<p>Alors que notre service de rachat est directement pris en compte dans l'indicateur de mesure \u201eproduits d'occasion\u201c mentionn\u00e9 ci-dessus, nous n'avons actuellement pas pu identifier d'indicateur de mesure pour les services de d\u00e9m\u00e9nagement et de r\u00e9paration qui nous permettrait de mesurer de mani\u00e8re pertinente nos efforts en mati\u00e8re de durabilit\u00e9. L'important pour nous est de proposer des services de r\u00e9paration et de d\u00e9m\u00e9nagement. En ce qui concerne le service de r\u00e9paration, nous esp\u00e9rons bien s\u00fbr qu'il ne sera que tr\u00e8s rarement utilis\u00e9.  <\/p>\n\n\n\n<h3 class=\"wp-block-heading\"><span class=\"ez-toc-section\" id=\"Jahrliche_Aktualisierung\"><\/span>Mise \u00e0 jour annuelle<span class=\"ez-toc-section-end\"><\/span><\/h3>\n\n\n\n<p>Cette page sera mise \u00e0 jour une fois par an, d\u00e8s que nous aurons recueilli et \u00e9valu\u00e9 les mesures susmentionn\u00e9es. En outre, nous \u00e9largirons progressivement notre m\u00e9thodologie.<\/p>\n\n\n\n<p class=\"has-small-font-size\"><strong>Sources des images :<\/strong> Image d'en-t\u00eate : \u00a9 BOSSE Design Gesellschaft f\u00fcr innovative Office interiors mbH &amp; Co. KG Image du pied de page : \u00a9 Silen O\u00dc<\/p>\n\n\n\n<div class=\"wp-block-uagb-container uagb-block-cd9d8fc7 alignfull uagb-is-root-container\"><\/div>","protected":false},"excerpt":{"rendered":"<p>Nachhaltiges Wirtschaften geh\u00f6rt zur DNA unseres Unternehmens. Dies liegt gleicherma\u00dfen an den pers\u00f6nlichen Einstellungen der Gr\u00fcnder wie an [&hellip;]<\/p>\n","protected":false},"author":1,"featured_media":4635,"parent":0,"menu_order":0,"comment_status":"closed","ping_status":"closed","template":"","meta":{"content-type":"","_uag_custom_page_level_css":"","footnotes":""},"class_list":["post-4612","page","type-page","status-publish","has-post-thumbnail","hentry"],"uagb_featured_image_src":{"full":["https:\/\/99cubes.de\/wp-content\/uploads\/2026\/03\/Nachhaltigkeit-Klimaneutral-hergestellte-Telefonboxen.jpg",1600,900,false],"thumbnail":["https:\/\/99cubes.de\/wp-content\/uploads\/2026\/03\/Nachhaltigkeit-Klimaneutral-hergestellte-Telefonboxen-200x200.jpg",200,200,true],"medium":["https:\/\/99cubes.de\/wp-content\/uploads\/2026\/03\/Nachhaltigkeit-Klimaneutral-hergestellte-Telefonboxen-450x253.jpg",450,253,true],"medium_large":["https:\/\/99cubes.de\/wp-content\/uploads\/2026\/03\/Nachhaltigkeit-Klimaneutral-hergestellte-Telefonboxen-768x432.jpg",768,432,true],"large":["https:\/\/99cubes.de\/wp-content\/uploads\/2026\/03\/Nachhaltigkeit-Klimaneutral-hergestellte-Telefonboxen-1200x675.jpg",1140,641,true],"1536x1536":["https:\/\/99cubes.de\/wp-content\/uploads\/2026\/03\/Nachhaltigkeit-Klimaneutral-hergestellte-Telefonboxen-1536x864.jpg",1536,864,true],"2048x2048":["https:\/\/99cubes.de\/wp-content\/uploads\/2026\/03\/Nachhaltigkeit-Klimaneutral-hergestellte-Telefonboxen.jpg",1600,900,false],"trp-custom-language-flag":["https:\/\/99cubes.de\/wp-content\/uploads\/2026\/03\/Nachhaltigkeit-Klimaneutral-hergestellte-Telefonboxen-18x10.jpg",18,10,true],"botiga-extra-large":["https:\/\/99cubes.de\/wp-content\/uploads\/2026\/03\/Nachhaltigkeit-Klimaneutral-hergestellte-Telefonboxen-1140x641.jpg",1140,641,true],"botiga-large":["https:\/\/99cubes.de\/wp-content\/uploads\/2026\/03\/Nachhaltigkeit-Klimaneutral-hergestellte-Telefonboxen-920x518.jpg",920,518,true],"botiga-big":["https:\/\/99cubes.de\/wp-content\/uploads\/2026\/03\/Nachhaltigkeit-Klimaneutral-hergestellte-Telefonboxen-575x323.jpg",575,323,true],"botiga-medium":["https:\/\/99cubes.de\/wp-content\/uploads\/2026\/03\/Nachhaltigkeit-Klimaneutral-hergestellte-Telefonboxen-380x214.jpg",380,214,true],"botiga-header-icons":["https:\/\/99cubes.de\/wp-content\/uploads\/2026\/03\/Nachhaltigkeit-Klimaneutral-hergestellte-Telefonboxen-50x50.jpg",50,50,true],"botiga-product-swatch-image":["https:\/\/99cubes.de\/wp-content\/uploads\/2026\/03\/Nachhaltigkeit-Klimaneutral-hergestellte-Telefonboxen-26x26.jpg",26,26,true],"woocommerce_thumbnail":["https:\/\/99cubes.de\/wp-content\/uploads\/2026\/03\/Nachhaltigkeit-Klimaneutral-hergestellte-Telefonboxen-420x420.jpg",420,420,true],"woocommerce_single":["https:\/\/99cubes.de\/wp-content\/uploads\/2026\/03\/Nachhaltigkeit-Klimaneutral-hergestellte-Telefonboxen-800x450.jpg",800,450,true],"woocommerce_gallery_thumbnail":["https:\/\/99cubes.de\/wp-content\/uploads\/2026\/03\/Nachhaltigkeit-Klimaneutral-hergestellte-Telefonboxen-100x100.jpg",100,100,true],"wpvr_mobile":["https:\/\/99cubes.de\/wp-content\/uploads\/2026\/03\/Nachhaltigkeit-Klimaneutral-hergestellte-Telefonboxen.jpg",1600,900,false]},"uagb_author_info":{"display_name":"frank","author_link":"https:\/\/99cubes.de\/fr\/author\/frank\/"},"uagb_comment_info":0,"uagb_excerpt":"Nachhaltiges Wirtschaften geh\u00f6rt zur DNA unseres Unternehmens. Dies liegt gleicherma\u00dfen an den pers\u00f6nlichen Einstellungen der Gr\u00fcnder wie an [&hellip;]","_links":{"self":[{"href":"https:\/\/99cubes.de\/fr\/wp-json\/wp\/v2\/pages\/4612","targetHints":{"allow":["GET"]}}],"collection":[{"href":"https:\/\/99cubes.de\/fr\/wp-json\/wp\/v2\/pages"}],"about":[{"href":"https:\/\/99cubes.de\/fr\/wp-json\/wp\/v2\/types\/page"}],"author":[{"embeddable":true,"href":"https:\/\/99cubes.de\/fr\/wp-json\/wp\/v2\/users\/1"}],"replies":[{"embeddable":true,"href":"https:\/\/99cubes.de\/fr\/wp-json\/wp\/v2\/comments?post=4612"}],"version-history":[{"count":8,"href":"https:\/\/99cubes.de\/fr\/wp-json\/wp\/v2\/pages\/4612\/revisions"}],"predecessor-version":[{"id":4643,"href":"https:\/\/99cubes.de\/fr\/wp-json\/wp\/v2\/pages\/4612\/revisions\/4643"}],"wp:featuredmedia":[{"embeddable":true,"href":"https:\/\/99cubes.de\/fr\/wp-json\/wp\/v2\/media\/4635"}],"wp:attachment":[{"href":"https:\/\/99cubes.de\/fr\/wp-json\/wp\/v2\/media?parent=4612"}],"curies":[{"name":"wp","href":"https:\/\/api.w.org\/{rel}","templated":true}]}}