{"id":521,"date":"2024-06-01T17:50:23","date_gmt":"2024-06-01T15:50:23","guid":{"rendered":"https:\/\/99cubes.de\/impressum\/"},"modified":"2025-01-31T15:27:37","modified_gmt":"2025-01-31T14:27:37","slug":"mentions-legales","status":"publish","type":"page","link":"https:\/\/99cubes.de\/fr\/impressum\/","title":{"rendered":"Mentions l\u00e9gales"},"content":{"rendered":"<p>Ninety-Nine Cubes est une offre de XOROS Home GmbH de Hambourg.<\/p>\n\n\n\n<hr class=\"wp-block-separator has-alpha-channel-opacity\"\/>\n\n\n\n<p>Informations selon \u00a7 5 TMG<\/p>\n\n\n\n<h5 class=\"wp-block-heading\"><strong>XOROS Home GmbH<\/strong><\/h5>\n\n\n\n<p>Glockengie\u00dferwall 2<br>20095 Hambourg<\/p>\n\n\n\n<p>T\u00e9l\u00e9phone : +49 40 853 77 201<br>Courrier \u00e9lectronique :\u00a0<a href=\"mailto:99cubes@xoros-home.de\">99cubes@xoros-home.de<\/a><\/p>\n\n\n\n<p>Repr\u00e9sent\u00e9 par les directeurs : Niels Gundermann, Frank Ehlers<\/p>\n\n\n\n<p>Tribunal comp\u00e9tent : Hambourg<\/p>\n\n\n\n<p>Tribunal d'enregistrement : Tribunal d'instance de Hambourg<br>Num\u00e9ro d'enregistrement : HRB 172401<\/p>\n\n\n\n<p>Num\u00e9ro de TVA intracommunautaire : DE348398163<\/p>\n\n\n\n<p>Responsable du contenu : Frank Ehlers, adresse comme ci-dessus.<br><\/p>\n\n\n\n<h3 class=\"wp-block-heading\">Clause de non-responsabilit\u00e9<\/h3>\n\n\n\n<h5 class=\"wp-block-heading\"><strong>Responsabilit\u00e9 du contenu<\/strong><\/h5>\n\n\n\n<p>Le contenu de nos pages a \u00e9t\u00e9 \u00e9labor\u00e9 avec le plus grand soin. Nous ne pouvons toutefois pas garantir l'exactitude, l'exhaustivit\u00e9 et l'actualit\u00e9 des contenus. En tant que prestataire de services, nous sommes responsables, conform\u00e9ment au \u00a7 7 alin\u00e9a 1 de la loi allemande sur les t\u00e9l\u00e9m\u00e9dias (TMG), de nos propres contenus sur ces pages selon les lois g\u00e9n\u00e9rales. Selon les \u00a7\u00a7 8 \u00e0 10 de la TMG, nous ne sommes toutefois pas tenus, en tant que prestataire de services, de surveiller les informations externes transmises ou enregistr\u00e9es ou de rechercher les circonstances qui indiquent une activit\u00e9 ill\u00e9gale. Les obligations de supprimer ou de bloquer l'utilisation d'informations conform\u00e9ment aux lois g\u00e9n\u00e9rales ne sont pas affect\u00e9es par cette disposition. Une responsabilit\u00e9 \u00e0 cet \u00e9gard n'est toutefois possible qu'\u00e0 partir du moment o\u00f9 une violation concr\u00e8te de la loi est connue. D\u00e8s la prise de connaissance d'une telle violation, nous supprimerons imm\u00e9diatement les contenus concern\u00e9s.<\/p>\n\n\n\n<h5 class=\"wp-block-heading\"><strong>Responsabilit\u00e9 pour les liens<\/strong><\/h5>\n\n\n\n<p>Notre offre contient des liens vers des sites web externes de tiers, sur le contenu desquels nous n'avons aucune influence. C'est pourquoi nous ne pouvons pas non plus nous porter garants de ces contenus externes. Le fournisseur ou l'exploitant des pages li\u00e9es est toujours responsable des contenus de ces pages. Les pages li\u00e9es ont \u00e9t\u00e9 contr\u00f4l\u00e9es au moment de la cr\u00e9ation du lien afin de v\u00e9rifier qu'elles ne pr\u00e9sentaient pas d'infraction \u00e0 la loi. Aucun contenu ill\u00e9gal n'a \u00e9t\u00e9 identifi\u00e9 au moment de la cr\u00e9ation du lien. Un contr\u00f4le permanent du contenu des pages li\u00e9es n'est toutefois pas exigible sans indices concrets d'une violation de la loi. Si nous prenons connaissance d'une violation de la loi, nous supprimerons imm\u00e9diatement les liens concern\u00e9s.<\/p>\n\n\n\n<h5 class=\"wp-block-heading\"><strong>Droit d'auteur<\/strong><\/h5>\n\n\n\n<p>Les contenus et les \u0153uvres cr\u00e9\u00e9s par les exploitants de ces pages sont soumis au droit d'auteur allemand. La reproduction, le traitement, la diffusion et toute forme d'exploitation en dehors des limites du droit d'auteur requi\u00e8rent l'accord \u00e9crit de l'auteur ou du cr\u00e9ateur concern\u00e9. Les t\u00e9l\u00e9chargements et les copies de ce site ne sont autoris\u00e9s que pour un usage priv\u00e9 et non commercial. Dans la mesure o\u00f9 les contenus de ce site n'ont pas \u00e9t\u00e9 cr\u00e9\u00e9s par l'exploitant, les droits d'auteur de tiers sont respect\u00e9s. Les contenus de tiers sont notamment identifi\u00e9s comme tels. Si vous deviez n\u00e9anmoins constater une violation des droits d'auteur, nous vous prions de nous en informer. D\u00e8s la prise de connaissance d'une violation de la loi, nous supprimerons imm\u00e9diatement les contenus concern\u00e9s.<\/p>","protected":false},"excerpt":{"rendered":"<p>Ninety-Nine Cubes ist ein Angebot der XOROS Home GmbH aus Hamburg. Angaben gem\u00e4\u00df \u00a7 5 TMG XOROS Home [&hellip;]<\/p>\n","protected":false},"author":1,"featured_media":0,"parent":0,"menu_order":0,"comment_status":"closed","ping_status":"closed","template":"","meta":{"content-type":"","_uag_custom_page_level_css":"","footnotes":""},"class_list":["post-521","page","type-page","status-publish","hentry"],"uagb_featured_image_src":{"full":false,"thumbnail":false,"medium":false,"medium_large":false,"large":false,"1536x1536":false,"2048x2048":false,"trp-custom-language-flag":false,"botiga-extra-large":false,"botiga-large":false,"botiga-big":false,"botiga-medium":false,"botiga-header-icons":false,"botiga-product-swatch-image":false,"woocommerce_thumbnail":false,"woocommerce_single":false,"woocommerce_gallery_thumbnail":false,"wpvr_mobile":false},"uagb_author_info":{"display_name":"frank","author_link":"https:\/\/99cubes.de\/fr\/author\/frank\/"},"uagb_comment_info":0,"uagb_excerpt":"Ninety-Nine Cubes ist ein Angebot der XOROS Home GmbH aus Hamburg. Angaben gem\u00e4\u00df \u00a7 5 TMG XOROS Home [&hellip;]","_links":{"self":[{"href":"https:\/\/99cubes.de\/fr\/wp-json\/wp\/v2\/pages\/521","targetHints":{"allow":["GET"]}}],"collection":[{"href":"https:\/\/99cubes.de\/fr\/wp-json\/wp\/v2\/pages"}],"about":[{"href":"https:\/\/99cubes.de\/fr\/wp-json\/wp\/v2\/types\/page"}],"author":[{"embeddable":true,"href":"https:\/\/99cubes.de\/fr\/wp-json\/wp\/v2\/users\/1"}],"replies":[{"embeddable":true,"href":"https:\/\/99cubes.de\/fr\/wp-json\/wp\/v2\/comments?post=521"}],"version-history":[{"count":1,"href":"https:\/\/99cubes.de\/fr\/wp-json\/wp\/v2\/pages\/521\/revisions"}],"predecessor-version":[{"id":3550,"href":"https:\/\/99cubes.de\/fr\/wp-json\/wp\/v2\/pages\/521\/revisions\/3550"}],"wp:attachment":[{"href":"https:\/\/99cubes.de\/fr\/wp-json\/wp\/v2\/media?parent=521"}],"curies":[{"name":"wp","href":"https:\/\/api.w.org\/{rel}","templated":true}]}}