{"id":1268,"date":"2024-07-11T10:15:49","date_gmt":"2024-07-11T08:15:49","guid":{"rendered":"https:\/\/99cubes.de\/?post_type=product&#038;p=1268"},"modified":"2025-07-10T11:14:27","modified_gmt":"2025-07-10T09:14:27","slug":"meetingbox-space-xl-mute-2","status":"publish","type":"product","link":"https:\/\/99cubes.de\/fr\/produkt\/meetingbox-space-xl-mute-2\/","title":{"rendered":"Bo\u00eete de r\u00e9union Space XL | MUTE"},"content":{"rendered":"<div class=\"su-accordion su-u-trim\">\n<div class=\"su-spoiler su-spoiler-style-default su-spoiler-icon-plus\" data-scroll-offset=\"0\" data-anchor-in-url=\"no\"><div class=\"su-spoiler-title\" tabindex=\"0\" role=\"button\"><span class=\"su-spoiler-icon\"><\/span><strong>Informations sur la s\u00e9rie Space<\/strong><\/div><div class=\"su-spoiler-content su-u-clearfix su-u-trim\">\n<p><strong>La s\u00e9rie Space : des solutions acoustiques innovantes pour des concepts de postes de travail contemporains.<\/strong><\/p>\n<p>La s\u00e9rie Space est la ligne de produits haut de gamme de MUTE et offre des refuges sur mesure pour un travail concentr\u00e9 et une communication efficace au plus haut niveau de qualit\u00e9. Les bo\u00eetiers acoustiques Space (\u201eSpace Pods\u201c) sont disponibles dans les dimensions S, M, L et XL et couvrent toute la gamme des bo\u00eetiers t\u00e9l\u00e9phoniques (individuels) jusqu'aux spacieux bo\u00eetiers de r\u00e9union.<\/p>\n<p>Les bo\u00eetiers de t\u00e9l\u00e9phone et de r\u00e9union de la s\u00e9rie Space peuvent non seulement \u00eatre adapt\u00e9s \u00e0 diff\u00e9rentes utilisations et tailles d'\u00e9quipe, mais aussi \u00eatre configur\u00e9s gr\u00e2ce \u00e0 une large palette de couleurs et de mat\u00e9riaux, de mani\u00e8re \u00e0 garantir une int\u00e9gration parfaite dans chaque ambiance de bureau.<\/p>\n<p>Une tr\u00e8s bonne insonorisation et une finition de qualit\u00e9 vont de pair dans les produits Space et offrent une qualit\u00e9 de s\u00e9jour incomparable \u00e0 l'int\u00e9rieur. Le bruit d'enclenchement de la porte qui se ferme, le ronflement \u00e0 peine audible de la ventilation et l'atmosph\u00e8re feutr\u00e9e transforment chaque Space-Pod en une oasis de calme, de concentration et de performance !<\/p>\n<\/div><\/div>\n<div class=\"su-spoiler su-spoiler-style-default su-spoiler-icon-plus su-spoiler-closed\" data-scroll-offset=\"0\" data-anchor-in-url=\"no\"><div class=\"su-spoiler-title\" tabindex=\"0\" role=\"button\"><span class=\"su-spoiler-icon\"><\/span><strong>\u00c9quipement :<\/strong><\/div><div class=\"su-spoiler-content su-u-clearfix su-u-trim\">\n<ul>\n<li>Syst\u00e8me de ventilation<\/li>\n<li>Lumi\u00e8re LED<\/li>\n<li>D\u00e9tecteurs de pr\u00e9sence pour ventilateurs et lumi\u00e8re<\/li>\n<li>Panneau de commande pour la ventilation et l'\u00e9clairage (inclus dans la livraison standard du Space XL !)<\/li>\n<li>Prises de courant : 3 dans le mur (variante non meubl\u00e9e) ou 4 dans la table (\u00e9quipement Conference)<\/li>\n<li>C\u00e2ble d'alimentation 3 m<\/li>\n<li>3 crochets muraux<\/li>\n<li>Tapis graphite<\/li>\n<li>ouverture de porte \u00e0 gauche ou \u00e0 droite au choix<\/li>\n<li>connexion LAN | double prise de charge USB de type A+C (selon la variante, soit dans le mur, soit dans le plateau de table)<\/li>\n<li>inclus dans la livraison standard pour la variante de mod\u00e8le \u201eConference\u201c :\n<ul>\n<li>Plateau de table trap\u00e9zo\u00efdal de type \u201eConference\u201c avec hub technique int\u00e9gr\u00e9 pour les prises de courant et autres raccordements<\/li>\n<li>Connexion HDMI pour moniteur dans le hub technique<\/li>\n<li>Entr\u00e9e USB-A pour webcam dans le hub technique<\/li>\n<li>Connexion LAN dans le hub technique<\/li>\n<\/ul>\n<\/li>\n<li>pour le mod\u00e8le \u201eConference\u201c, en option \/ contre suppl\u00e9ment de prix : support d'\u00e9cran noir, fix\u00e9 au cadre arri\u00e8re<\/li>\n<\/ul>\n<p>Pour la s\u00e9rie Space de MUTE, il existe de nombreuses options de conception concernant les couleurs et les mat\u00e9riaux :<\/p>\n<div id='gallery-1' class='gallery galleryid-1268 gallery-columns-4 gallery-size-medium'><figure class='gallery-item'>\n\t\t\t<div class='gallery-icon landscape'>\n\t\t\t\t<a href='https:\/\/99cubes.de\/wp-content\/uploads\/2024\/07\/Space-XL-MUTE-Farben-und-Material-Auswahl-1.jpg'><img loading=\"lazy\" decoding=\"async\" width=\"450\" height=\"411\" src=\"https:\/\/99cubes.de\/wp-content\/uploads\/2024\/07\/Space-XL-MUTE-Farben-und-Material-Auswahl-1-450x411.jpg\" class=\"attachment-medium size-medium\" alt=\"\" aria-describedby=\"gallery-1-1282\" srcset=\"https:\/\/99cubes.de\/wp-content\/uploads\/2024\/07\/Space-XL-MUTE-Farben-und-Material-Auswahl-1-450x411.jpg 450w, https:\/\/99cubes.de\/wp-content\/uploads\/2024\/07\/Space-XL-MUTE-Farben-und-Material-Auswahl-1-768x701.jpg 768w, https:\/\/99cubes.de\/wp-content\/uploads\/2024\/07\/Space-XL-MUTE-Farben-und-Material-Auswahl-1-920x840.jpg 920w, https:\/\/99cubes.de\/wp-content\/uploads\/2024\/07\/Space-XL-MUTE-Farben-und-Material-Auswahl-1-575x525.jpg 575w, https:\/\/99cubes.de\/wp-content\/uploads\/2024\/07\/Space-XL-MUTE-Farben-und-Material-Auswahl-1-380x347.jpg 380w, https:\/\/99cubes.de\/wp-content\/uploads\/2024\/07\/Space-XL-MUTE-Farben-und-Material-Auswahl-1-800x730.jpg 800w, https:\/\/99cubes.de\/wp-content\/uploads\/2024\/07\/Space-XL-MUTE-Farben-und-Material-Auswahl-1.jpg 931w\" sizes=\"auto, (max-width: 450px) 100vw, 450px\" \/><\/a>\n\t\t\t<\/div>\n\t\t\t\t<figcaption class='wp-caption-text gallery-caption' id='gallery-1-1282'>\n\t\t\t\tPeintures pour murs et toits\n\t\t\t\t<\/figcaption><\/figure><figure class='gallery-item'>\n\t\t\t<div class='gallery-icon landscape'>\n\t\t\t\t<a href='https:\/\/99cubes.de\/wp-content\/uploads\/2024\/07\/Space-XL-MUTE-Farben-und-Material-Auswahl-2.jpg'><img loading=\"lazy\" decoding=\"async\" width=\"450\" height=\"374\" src=\"https:\/\/99cubes.de\/wp-content\/uploads\/2024\/07\/Space-XL-MUTE-Farben-und-Material-Auswahl-2-450x374.jpg\" class=\"attachment-medium size-medium\" alt=\"\" aria-describedby=\"gallery-1-1283\" srcset=\"https:\/\/99cubes.de\/wp-content\/uploads\/2024\/07\/Space-XL-MUTE-Farben-und-Material-Auswahl-2-450x374.jpg 450w, https:\/\/99cubes.de\/wp-content\/uploads\/2024\/07\/Space-XL-MUTE-Farben-und-Material-Auswahl-2-768x638.jpg 768w, https:\/\/99cubes.de\/wp-content\/uploads\/2024\/07\/Space-XL-MUTE-Farben-und-Material-Auswahl-2-920x764.jpg 920w, https:\/\/99cubes.de\/wp-content\/uploads\/2024\/07\/Space-XL-MUTE-Farben-und-Material-Auswahl-2-575x477.jpg 575w, https:\/\/99cubes.de\/wp-content\/uploads\/2024\/07\/Space-XL-MUTE-Farben-und-Material-Auswahl-2-380x316.jpg 380w, https:\/\/99cubes.de\/wp-content\/uploads\/2024\/07\/Space-XL-MUTE-Farben-und-Material-Auswahl-2-800x664.jpg 800w, https:\/\/99cubes.de\/wp-content\/uploads\/2024\/07\/Space-XL-MUTE-Farben-und-Material-Auswahl-2.jpg 943w\" sizes=\"auto, (max-width: 450px) 100vw, 450px\" \/><\/a>\n\t\t\t<\/div>\n\t\t\t\t<figcaption class='wp-caption-text gallery-caption' id='gallery-1-1283'>\n\t\t\t\tCadre de porte\n\t\t\t\t<\/figcaption><\/figure><figure class='gallery-item'>\n\t\t\t<div class='gallery-icon landscape'>\n\t\t\t\t<a href='https:\/\/99cubes.de\/wp-content\/uploads\/2024\/07\/Space-XL-MUTE-Farben-und-Material-Auswahl-3.jpg'><img loading=\"lazy\" decoding=\"async\" width=\"450\" height=\"388\" src=\"https:\/\/99cubes.de\/wp-content\/uploads\/2024\/07\/Space-XL-MUTE-Farben-und-Material-Auswahl-3-450x388.jpg\" class=\"attachment-medium size-medium\" alt=\"\" aria-describedby=\"gallery-1-1284\" srcset=\"https:\/\/99cubes.de\/wp-content\/uploads\/2024\/07\/Space-XL-MUTE-Farben-und-Material-Auswahl-3-450x388.jpg 450w, https:\/\/99cubes.de\/wp-content\/uploads\/2024\/07\/Space-XL-MUTE-Farben-und-Material-Auswahl-3-768x663.jpg 768w, https:\/\/99cubes.de\/wp-content\/uploads\/2024\/07\/Space-XL-MUTE-Farben-und-Material-Auswahl-3-920x794.jpg 920w, https:\/\/99cubes.de\/wp-content\/uploads\/2024\/07\/Space-XL-MUTE-Farben-und-Material-Auswahl-3-575x496.jpg 575w, https:\/\/99cubes.de\/wp-content\/uploads\/2024\/07\/Space-XL-MUTE-Farben-und-Material-Auswahl-3-380x328.jpg 380w, https:\/\/99cubes.de\/wp-content\/uploads\/2024\/07\/Space-XL-MUTE-Farben-und-Material-Auswahl-3-800x691.jpg 800w, https:\/\/99cubes.de\/wp-content\/uploads\/2024\/07\/Space-XL-MUTE-Farben-und-Material-Auswahl-3.jpg 936w\" sizes=\"auto, (max-width: 450px) 100vw, 450px\" \/><\/a>\n\t\t\t<\/div>\n\t\t\t\t<figcaption class='wp-caption-text gallery-caption' id='gallery-1-1284'>\n\t\t\t\tPlateau de table\n\t\t\t\t<\/figcaption><\/figure><figure class='gallery-item'>\n\t\t\t<div class='gallery-icon landscape'>\n\t\t\t\t<a href='https:\/\/99cubes.de\/wp-content\/uploads\/2024\/07\/Space-XL-MUTE-Farben-und-Material-Auswahl-4.jpg'><img loading=\"lazy\" decoding=\"async\" width=\"450\" height=\"218\" src=\"https:\/\/99cubes.de\/wp-content\/uploads\/2024\/07\/Space-XL-MUTE-Farben-und-Material-Auswahl-4-450x218.jpg\" class=\"attachment-medium size-medium\" alt=\"\" aria-describedby=\"gallery-1-1285\" srcset=\"https:\/\/99cubes.de\/wp-content\/uploads\/2024\/07\/Space-XL-MUTE-Farben-und-Material-Auswahl-4-450x218.jpg 450w, https:\/\/99cubes.de\/wp-content\/uploads\/2024\/07\/Space-XL-MUTE-Farben-und-Material-Auswahl-4-768x371.jpg 768w, https:\/\/99cubes.de\/wp-content\/uploads\/2024\/07\/Space-XL-MUTE-Farben-und-Material-Auswahl-4-920x445.jpg 920w, https:\/\/99cubes.de\/wp-content\/uploads\/2024\/07\/Space-XL-MUTE-Farben-und-Material-Auswahl-4-575x278.jpg 575w, https:\/\/99cubes.de\/wp-content\/uploads\/2024\/07\/Space-XL-MUTE-Farben-und-Material-Auswahl-4-380x184.jpg 380w, https:\/\/99cubes.de\/wp-content\/uploads\/2024\/07\/Space-XL-MUTE-Farben-und-Material-Auswahl-4-800x387.jpg 800w, https:\/\/99cubes.de\/wp-content\/uploads\/2024\/07\/Space-XL-MUTE-Farben-und-Material-Auswahl-4.jpg 964w\" sizes=\"auto, (max-width: 450px) 100vw, 450px\" \/><\/a>\n\t\t\t<\/div>\n\t\t\t\t<figcaption class='wp-caption-text gallery-caption' id='gallery-1-1285'>\n\t\t\t\tRev\u00eatement mural\n\t\t\t\t<\/figcaption><\/figure>\n\t\t<\/div>\n\n<\/div><\/div>\n<div class=\"su-spoiler su-spoiler-style-default su-spoiler-icon-plus su-spoiler-closed\" data-scroll-offset=\"0\" data-anchor-in-url=\"no\"><div class=\"su-spoiler-title\" tabindex=\"0\" role=\"button\"><span class=\"su-spoiler-icon\"><\/span><strong>Dimensions et poids :<\/strong><\/div><div class=\"su-spoiler-content su-u-clearfix su-u-trim\">\n<ul>\n<li>Largeur (ext\u00e9rieur \/ int\u00e9rieur) : 2450 mm \/ 2255 mm<\/li>\n<li>Profondeur (ext\u00e9rieur \/ int\u00e9rieur) : 2800 mm \/ 2695 mm + 900 mm avec la porte ouverte<\/li>\n<li>Hauteur (ext\u00e9rieur \/ int\u00e9rieur) : 2247 mm \/ 2140 mm<\/li>\n<li class=\"tech-specs__field\">Poids : 1160 kg (table comprise), 1050 kg (non meubl\u00e9)<\/li>\n<\/ul>\n<div id='gallery-2' class='gallery galleryid-1268 gallery-columns-2 gallery-size-full'><figure class='gallery-item'>\n\t\t\t<div class='gallery-icon landscape'>\n\t\t\t\t<a href='https:\/\/99cubes.de\/wp-content\/uploads\/2024\/07\/Abmessungen-Space-XL-Meetingbox-MUTE-Conference.jpg'><img loading=\"lazy\" decoding=\"async\" width=\"1596\" height=\"469\" src=\"https:\/\/99cubes.de\/wp-content\/uploads\/2024\/07\/Abmessungen-Space-XL-Meetingbox-MUTE-Conference.jpg\" class=\"attachment-full size-full\" alt=\"\" aria-describedby=\"gallery-2-1269\" srcset=\"https:\/\/99cubes.de\/wp-content\/uploads\/2024\/07\/Abmessungen-Space-XL-Meetingbox-MUTE-Conference.jpg 1596w, https:\/\/99cubes.de\/wp-content\/uploads\/2024\/07\/Abmessungen-Space-XL-Meetingbox-MUTE-Conference-450x132.jpg 450w, https:\/\/99cubes.de\/wp-content\/uploads\/2024\/07\/Abmessungen-Space-XL-Meetingbox-MUTE-Conference-1200x353.jpg 1200w, https:\/\/99cubes.de\/wp-content\/uploads\/2024\/07\/Abmessungen-Space-XL-Meetingbox-MUTE-Conference-768x226.jpg 768w, https:\/\/99cubes.de\/wp-content\/uploads\/2024\/07\/Abmessungen-Space-XL-Meetingbox-MUTE-Conference-1536x451.jpg 1536w, https:\/\/99cubes.de\/wp-content\/uploads\/2024\/07\/Abmessungen-Space-XL-Meetingbox-MUTE-Conference-1140x335.jpg 1140w, https:\/\/99cubes.de\/wp-content\/uploads\/2024\/07\/Abmessungen-Space-XL-Meetingbox-MUTE-Conference-920x270.jpg 920w, https:\/\/99cubes.de\/wp-content\/uploads\/2024\/07\/Abmessungen-Space-XL-Meetingbox-MUTE-Conference-575x169.jpg 575w, https:\/\/99cubes.de\/wp-content\/uploads\/2024\/07\/Abmessungen-Space-XL-Meetingbox-MUTE-Conference-380x112.jpg 380w, https:\/\/99cubes.de\/wp-content\/uploads\/2024\/07\/Abmessungen-Space-XL-Meetingbox-MUTE-Conference-800x235.jpg 800w\" sizes=\"auto, (max-width: 1596px) 100vw, 1596px\" \/><\/a>\n\t\t\t<\/div>\n\t\t\t\t<figcaption class='wp-caption-text gallery-caption' id='gallery-2-1269'>\n\t\t\t\tSpace XL - Conf\u00e9rence\n\t\t\t\t<\/figcaption><\/figure><figure class='gallery-item'>\n\t\t\t<div class='gallery-icon landscape'>\n\t\t\t\t<a href='https:\/\/99cubes.de\/wp-content\/uploads\/2024\/07\/Abmessungen-Space-XL-Meetingbox-MUTE-unmoebliert.jpg'><img loading=\"lazy\" decoding=\"async\" width=\"1585\" height=\"486\" src=\"https:\/\/99cubes.de\/wp-content\/uploads\/2024\/07\/Abmessungen-Space-XL-Meetingbox-MUTE-unmoebliert.jpg\" class=\"attachment-full size-full\" alt=\"\" aria-describedby=\"gallery-2-1270\" srcset=\"https:\/\/99cubes.de\/wp-content\/uploads\/2024\/07\/Abmessungen-Space-XL-Meetingbox-MUTE-unmoebliert.jpg 1585w, https:\/\/99cubes.de\/wp-content\/uploads\/2024\/07\/Abmessungen-Space-XL-Meetingbox-MUTE-unmoebliert-450x138.jpg 450w, https:\/\/99cubes.de\/wp-content\/uploads\/2024\/07\/Abmessungen-Space-XL-Meetingbox-MUTE-unmoebliert-1200x368.jpg 1200w, https:\/\/99cubes.de\/wp-content\/uploads\/2024\/07\/Abmessungen-Space-XL-Meetingbox-MUTE-unmoebliert-768x235.jpg 768w, https:\/\/99cubes.de\/wp-content\/uploads\/2024\/07\/Abmessungen-Space-XL-Meetingbox-MUTE-unmoebliert-1536x471.jpg 1536w, https:\/\/99cubes.de\/wp-content\/uploads\/2024\/07\/Abmessungen-Space-XL-Meetingbox-MUTE-unmoebliert-1140x350.jpg 1140w, https:\/\/99cubes.de\/wp-content\/uploads\/2024\/07\/Abmessungen-Space-XL-Meetingbox-MUTE-unmoebliert-920x282.jpg 920w, https:\/\/99cubes.de\/wp-content\/uploads\/2024\/07\/Abmessungen-Space-XL-Meetingbox-MUTE-unmoebliert-575x176.jpg 575w, https:\/\/99cubes.de\/wp-content\/uploads\/2024\/07\/Abmessungen-Space-XL-Meetingbox-MUTE-unmoebliert-380x117.jpg 380w, https:\/\/99cubes.de\/wp-content\/uploads\/2024\/07\/Abmessungen-Space-XL-Meetingbox-MUTE-unmoebliert-800x245.jpg 800w\" sizes=\"auto, (max-width: 1585px) 100vw, 1585px\" \/><\/a>\n\t\t\t<\/div>\n\t\t\t\t<figcaption class='wp-caption-text gallery-caption' id='gallery-2-1270'>\n\t\t\t\tSpace XL non meubl\u00e9\n\t\t\t\t<\/figcaption><\/figure>\n\t\t<\/div>\n\n<\/div><\/div>\n<div class=\"su-spoiler su-spoiler-style-default su-spoiler-icon-plus su-spoiler-closed\" data-scroll-offset=\"0\" data-anchor-in-url=\"no\"><div class=\"su-spoiler-title\" tabindex=\"0\" role=\"button\"><span class=\"su-spoiler-icon\"><\/span><strong>Donn\u00e9es acoustiques et ventilation :<\/strong><\/div><div class=\"su-spoiler-content su-u-clearfix su-u-trim\">\n<ul>\n<li>Insonorisation : isolation acoustique entre 28 dB (sons graves) et 48 dB (sons aigus)<\/li>\n<li>Att\u00e9nuation de la parole : classe A selon ISO 23351<\/li>\n<li>RT20 int\u00e9rieur : &lt;0,5 s selon ISO 354:2000<\/li>\n<li>D\u00e9bit d'air du syst\u00e8me : 311 m\u00b3\/h (E<\/li>\n<li>Bruit de ventilation ext\u00e9rieur \/ int\u00e9rieur : \u226439 dB \/33-40 dB<\/li>\n<\/ul>\n<\/div><\/div>\n<div class=\"su-spoiler su-spoiler-style-default su-spoiler-icon-plus su-spoiler-closed\" data-scroll-offset=\"0\" data-anchor-in-url=\"no\"><div class=\"su-spoiler-title\" tabindex=\"0\" role=\"button\"><span class=\"su-spoiler-icon\"><\/span><strong>Alimentation et consommation \u00e9lectrique :<\/strong><\/div><div class=\"su-spoiler-content su-u-clearfix su-u-trim\">\n<ul>\n<li>En fonctionnement (LED et ventilation) : 47 watts<\/li>\n<li>Prises de courant : 3 dans le mur (non meubl\u00e9) ou 4 dans la table (\u00e9quipement Conference)<\/li>\n<li>prises de charge USB en option : TUF A+C 25 W, 5 V DC<\/li>\n<li>Types de prises disponibles : DE | FR | DK | IT<\/li>\n<\/ul>\n<\/div><\/div>\n<\/div>","protected":false},"excerpt":{"rendered":"<p>La bo\u00eete de r\u00e9union Space XL fait partie de la ligne de produits Space du sp\u00e9cialiste de l'acoustique et fabricant haut de gamme MUTE. Con\u00e7ue comme un produit haut de gamme, la Space XL r\u00e9pond \u00e0 de nombreuses exigences diff\u00e9rentes gr\u00e2ce \u00e0 son isolation acoustique extr\u00eamement bonne. Dans les environnements tr\u00e8s bruyants, il offre un refuge insonoris\u00e9, tandis que dans les environnements plus calmes, il permet aux conversations priv\u00e9es de rester priv\u00e9es. Que ce soit dans un a\u00e9roport, un bureau paysager ou un mus\u00e9e, la Meetingbox Space XL fait partout bonne figure !<\/p>\n<p>La Meetingbox Space XL a une surface de base de 2,45 m x 2,80 m et est disponible dans de nombreuses variantes de couleurs et de tissus. Elle peut \u00eatre configur\u00e9e individuellement et \u00e9quip\u00e9e d'options suppl\u00e9mentaires qui ne laissent pratiquement rien \u00e0 d\u00e9sirer. Les variantes de mod\u00e8les comprennent les options d'\u00e9quipement suivantes :<\/p>\n<ul>\n<li>Space XL vide : variante sans mobilier<\/li>\n<li>Space XL Conference : variante avec table de conf\u00e9rence int\u00e9gr\u00e9e Table encastr\u00e9e (si\u00e8ges disponibles s\u00e9par\u00e9ment)<\/li>\n<\/ul>\n<p>Parmi les points forts de l'\u00e9quipement, on peut citer l'option tableau blanc (murs ext\u00e9rieurs en stratifi\u00e9 pour tableau blanc) et un panneau de commande intuitif permettant de r\u00e9gler manuellement la luminosit\u00e9 et l'intensit\u00e9 de la ventilation ou de passer outre la r\u00e9gulation automatique de la ventilation. Dans la variante Conference, de nombreuses caract\u00e9ristiques techniques viennent s'ajouter, comme par exemple une connexion LAN, une connexion HDMI, une connexion USB pour une webcam et des prises de recharge USB de type A+C.<\/p>\n<p>Nous te conseillons volontiers sur les options qui te concernent !<\/p>","protected":false},"featured_media":1271,"comment_status":"open","ping_status":"closed","template":"","meta":{"content-type":"","_uag_custom_page_level_css":""},"product_brand":[],"product_cat":[60],"product_tag":[],"class_list":{"0":"post-1268","1":"product","2":"type-product","3":"status-publish","4":"has-post-thumbnail","6":"product_cat-meetingboxen","7":"pa_anzahl-personen-6-personen","8":"pa_anzahl-personen-8-personen","9":"pa_belueftungssteuerung-individuell-steuerbar","10":"pa_belueftungssteuerung-vollautomatisch","11":"pa_breite-245-m","12":"pa_buchungstool-display-goconut-ready","13":"pa_einsatz-szenarien-buero","14":"pa_einsatz-szenarien-einzelhandel","15":"pa_einsatz-szenarien-flughafen-bahnhof","16":"pa_einsatz-szenarien-hotel","17":"pa_einsatz-szenarien-logistik","18":"pa_einsatz-szenarien-produktion","19":"pa_farbe-konfigurierbar","20":"pa_farbe-schwarz","21":"pa_farbe-weiss","22":"pa_flex-miete-verfuegbar-auf-anfrage","23":"pa_gewicht-1-160-kg","24":"pa_hoehe-225-m","25":"pa_lan-lan-anschluss-im-standard","26":"pa_lieferzeit-4-bis-6-wochen-lieferzeit","27":"pa_luftaustausch-311-m-h-systemluftstrom","28":"pa_marke-mute","29":"pa_mobilitaet-keine","30":"pa_monitorhalterung-monitorhalterung-als-sonderausstattung","31":"pa_monitorhalterung-ohne-monitorhalterung","32":"pa_preissegment-vier","33":"pa_schalldaemmung-vier-sterne","34":"pa_sitzen-oder-stehen-im-sitzen-hoch-mit-hocker","35":"pa_sitzen-oder-stehen-im-sitzen-niedrig-mit-stuhl-oder-bank","36":"pa_sitzen-oder-stehen-im-stehen","37":"pa_spezial-features-white-board-option","38":"pa_tiefe-280-m","39":"pa_verfuegbare-tisch-optionen-fixe-tischhoehe-sitzen","40":"pa_verfuegbare-tisch-optionen-ohne-tisch","41":"pa_verwendung-konzentriertes-arbeiten","42":"pa_verwendung-meeting","43":"pa_verwendung-telefonieren","44":"pa_verwendung-video-call","45":"pa_verwendung-zusammenarbeiten","47":"first","48":"instock","49":"taxable","50":"shipping-taxable","51":"purchasable","52":"product-type-simple"},"uagb_featured_image_src":{"full":["https:\/\/99cubes.de\/wp-content\/uploads\/2024\/07\/MUTE_Space-XL-Conference-Front-with-additional-chairs-and-TV-arm.jpg",1500,1200,false],"thumbnail":["https:\/\/99cubes.de\/wp-content\/uploads\/2024\/07\/MUTE_Space-XL-Conference-Front-with-additional-chairs-and-TV-arm-200x200.jpg",200,200,true],"medium":["https:\/\/99cubes.de\/wp-content\/uploads\/2024\/07\/MUTE_Space-XL-Conference-Front-with-additional-chairs-and-TV-arm-450x360.jpg",450,360,true],"medium_large":["https:\/\/99cubes.de\/wp-content\/uploads\/2024\/07\/MUTE_Space-XL-Conference-Front-with-additional-chairs-and-TV-arm-768x614.jpg",768,614,true],"large":["https:\/\/99cubes.de\/wp-content\/uploads\/2024\/07\/MUTE_Space-XL-Conference-Front-with-additional-chairs-and-TV-arm-1200x960.jpg",1140,912,true],"1536x1536":["https:\/\/99cubes.de\/wp-content\/uploads\/2024\/07\/MUTE_Space-XL-Conference-Front-with-additional-chairs-and-TV-arm-1536x1229.jpg",1500,1200,true],"2048x2048":["https:\/\/99cubes.de\/wp-content\/uploads\/2024\/07\/MUTE_Space-XL-Conference-Front-with-additional-chairs-and-TV-arm-2048x1638.jpg",1500,1200,true],"trp-custom-language-flag":["https:\/\/99cubes.de\/wp-content\/uploads\/2024\/07\/MUTE_Space-XL-Conference-Front-with-additional-chairs-and-TV-arm.jpg",15,12,false],"botiga-extra-large":["https:\/\/99cubes.de\/wp-content\/uploads\/2024\/07\/MUTE_Space-XL-Conference-Front-with-additional-chairs-and-TV-arm-1140x912.jpg",1140,912,true],"botiga-large":["https:\/\/99cubes.de\/wp-content\/uploads\/2024\/07\/MUTE_Space-XL-Conference-Front-with-additional-chairs-and-TV-arm-920x736.jpg",920,736,true],"botiga-big":["https:\/\/99cubes.de\/wp-content\/uploads\/2024\/07\/MUTE_Space-XL-Conference-Front-with-additional-chairs-and-TV-arm-575x460.jpg",575,460,true],"botiga-medium":["https:\/\/99cubes.de\/wp-content\/uploads\/2024\/07\/MUTE_Space-XL-Conference-Front-with-additional-chairs-and-TV-arm-380x304.jpg",380,304,true],"botiga-header-icons":["https:\/\/99cubes.de\/wp-content\/uploads\/2024\/07\/MUTE_Space-XL-Conference-Front-with-additional-chairs-and-TV-arm-50x50.jpg",50,50,true],"botiga-product-swatch-image":["https:\/\/99cubes.de\/wp-content\/uploads\/2024\/07\/MUTE_Space-XL-Conference-Front-with-additional-chairs-and-TV-arm-26x26.jpg",26,26,true],"woocommerce_thumbnail":["https:\/\/99cubes.de\/wp-content\/uploads\/2024\/07\/MUTE_Space-XL-Conference-Front-with-additional-chairs-and-TV-arm-420x420.jpg",420,420,true],"woocommerce_single":["https:\/\/99cubes.de\/wp-content\/uploads\/2024\/07\/MUTE_Space-XL-Conference-Front-with-additional-chairs-and-TV-arm-800x640.jpg",800,640,true],"woocommerce_gallery_thumbnail":["https:\/\/99cubes.de\/wp-content\/uploads\/2024\/07\/MUTE_Space-XL-Conference-Front-with-additional-chairs-and-TV-arm-100x100.jpg",100,100,true],"wpvr_mobile":["https:\/\/99cubes.de\/wp-content\/uploads\/2024\/07\/MUTE_Space-XL-Conference-Front-with-additional-chairs-and-TV-arm-2560x2048.jpg",1500,1200,true]},"uagb_author_info":{"display_name":"frank","author_link":"https:\/\/99cubes.de\/fr\/author\/"},"uagb_comment_info":0,"uagb_excerpt":"Die Meetingbox Space XL ist Teil der Space-Produktlinie des Akustik-Spezialisten und Premium-Herstellers MUTE. Als Produkt im High-End-Bereich konzipiert, kommt die Space XL auf Grund der extrem guten Schalld\u00e4mmung mit vielen unterschiedlichen Anforderungen klar. In sehr lauten Umgebungen sorgt sie f\u00fcr eine schallgesch\u00fctzte R\u00fcckzugsm\u00f6glichkeit, in eher leisen Umgebungen sorgt sie daf\u00fcr, dass private Gespr\u00e4che auch privat\u2026","_links":{"self":[{"href":"https:\/\/99cubes.de\/fr\/wp-json\/wp\/v2\/product\/1268","targetHints":{"allow":["GET"]}}],"collection":[{"href":"https:\/\/99cubes.de\/fr\/wp-json\/wp\/v2\/product"}],"about":[{"href":"https:\/\/99cubes.de\/fr\/wp-json\/wp\/v2\/types\/product"}],"replies":[{"embeddable":true,"href":"https:\/\/99cubes.de\/fr\/wp-json\/wp\/v2\/comments?post=1268"}],"wp:featuredmedia":[{"embeddable":true,"href":"https:\/\/99cubes.de\/fr\/wp-json\/wp\/v2\/media\/1271"}],"wp:attachment":[{"href":"https:\/\/99cubes.de\/fr\/wp-json\/wp\/v2\/media?parent=1268"}],"wp:term":[{"taxonomy":"product_brand","embeddable":true,"href":"https:\/\/99cubes.de\/fr\/wp-json\/wp\/v2\/product_brand?post=1268"},{"taxonomy":"product_cat","embeddable":true,"href":"https:\/\/99cubes.de\/fr\/wp-json\/wp\/v2\/product_cat?post=1268"},{"taxonomy":"product_tag","embeddable":true,"href":"https:\/\/99cubes.de\/fr\/wp-json\/wp\/v2\/product_tag?post=1268"}],"curies":[{"name":"wp","href":"https:\/\/api.w.org\/{rel}","templated":true}]}}