{"id":1824,"date":"2024-07-23T17:46:08","date_gmt":"2024-07-23T15:46:08","guid":{"rendered":"https:\/\/99cubes.de\/?post_type=product&#038;p=1824"},"modified":"2025-07-10T11:13:00","modified_gmt":"2025-07-10T09:13:00","slug":"tableau-blanc-pour-jetson-pods-mute","status":"publish","type":"product","link":"https:\/\/99cubes.de\/fr\/produkt\/whiteboard-fuer-jetson-pods-mute\/","title":{"rendered":"Tableau blanc pour Jetson Pods | MUTE"},"content":{"rendered":"<div class=\"su-accordion su-u-trim\">\n<div class=\"su-spoiler su-spoiler-style-default su-spoiler-icon-plus\" data-scroll-offset=\"0\" data-anchor-in-url=\"no\"><div class=\"su-spoiler-title\" tabindex=\"0\" role=\"button\"><span class=\"su-spoiler-icon\"><\/span><strong>Infos sur le tableau blanc pour les bo\u00eetes Jetson<\/strong><\/div><div class=\"su-spoiler-content su-u-clearfix su-u-trim\">\n<p>Le tableau blanc Jetson est disponible en deux largeurs diff\u00e9rentes - assorties aux bo\u00eetiers t\u00e9l\u00e9phoniques et de r\u00e9union respectifs de la s\u00e9rie Jetson. Le tableau blanc est disponible en version blanche (assortie aux mod\u00e8les Jetson blancs) et en version noire. La diff\u00e9rence de couleur ne concerne pas le tableau magn\u00e9tique inscriptible (\u201eun tableau blanc reste un tableau blanc\u201c), mais uniquement la version assortie des aimants et le crochet mural suppl\u00e9mentaire.<\/p>\n<p>Sont \u00e9galement inclus dans la livraison<\/p>\n<ul>\n<li>tableau blanc magn\u00e9tique : hauteur 103,7 cm, largeur 83,8 cm (convient pour S1, M1, L2) ou 110,7 cm (convient pour L4)<\/li>\n<li>trois aimants (noirs ou blancs)<\/li>\n<li>un crochet mural suppl\u00e9mentaire (noir ou blanc)<\/li>\n<li>Gomme \/ \u00e9ponge \u00e0 tableau<\/li>\n<li>Un stylo marqueur<\/li>\n<\/ul>\n<\/div><\/div>\n<\/div>","protected":false},"excerpt":{"rendered":"<p>Un tableau blanc assorti aux boxes t\u00e9l\u00e9phoniques et de r\u00e9union de la s\u00e9rie Jetson de MUTE est disponible comme accessoire. Celui-ci peut \u00eatre accroch\u00e9 \u00e0 diff\u00e9rentes hauteurs dans le mur ext\u00e9rieur. Une fonctionnalit\u00e9 tr\u00e8s pratique !<\/p>","protected":false},"featured_media":2214,"comment_status":"open","ping_status":"closed","template":"","meta":{"content-type":"","_uag_custom_page_level_css":""},"product_brand":[],"product_cat":[67],"product_tag":[],"class_list":{"0":"post-1824","1":"product","2":"type-product","3":"status-publish","4":"has-post-thumbnail","6":"product_cat-zubehoer","7":"pa_farbe-schwarz","8":"pa_farbe-weiss","9":"pa_marke-mute","10":"pa_spezial-features-white-board-option","12":"first","13":"instock","14":"taxable","15":"shipping-taxable","16":"purchasable","17":"product-type-simple"},"uagb_featured_image_src":{"full":["https:\/\/99cubes.de\/wp-content\/uploads\/2024\/07\/Jetson-Addon-Whiteboard-ambiente.jpg",1679,1048,false],"thumbnail":["https:\/\/99cubes.de\/wp-content\/uploads\/2024\/07\/Jetson-Addon-Whiteboard-ambiente-200x200.jpg",200,200,true],"medium":["https:\/\/99cubes.de\/wp-content\/uploads\/2024\/07\/Jetson-Addon-Whiteboard-ambiente-450x281.jpg",450,281,true],"medium_large":["https:\/\/99cubes.de\/wp-content\/uploads\/2024\/07\/Jetson-Addon-Whiteboard-ambiente-768x479.jpg",768,479,true],"large":["https:\/\/99cubes.de\/wp-content\/uploads\/2024\/07\/Jetson-Addon-Whiteboard-ambiente-1200x749.jpg",1140,712,true],"1536x1536":["https:\/\/99cubes.de\/wp-content\/uploads\/2024\/07\/Jetson-Addon-Whiteboard-ambiente-1536x959.jpg",1536,959,true],"2048x2048":["https:\/\/99cubes.de\/wp-content\/uploads\/2024\/07\/Jetson-Addon-Whiteboard-ambiente.jpg",1679,1048,false],"trp-custom-language-flag":["https:\/\/99cubes.de\/wp-content\/uploads\/2024\/07\/Jetson-Addon-Whiteboard-ambiente.jpg",18,12,false],"botiga-extra-large":["https:\/\/99cubes.de\/wp-content\/uploads\/2024\/07\/Jetson-Addon-Whiteboard-ambiente-1140x712.jpg",1140,712,true],"botiga-large":["https:\/\/99cubes.de\/wp-content\/uploads\/2024\/07\/Jetson-Addon-Whiteboard-ambiente-920x574.jpg",920,574,true],"botiga-big":["https:\/\/99cubes.de\/wp-content\/uploads\/2024\/07\/Jetson-Addon-Whiteboard-ambiente-575x359.jpg",575,359,true],"botiga-medium":["https:\/\/99cubes.de\/wp-content\/uploads\/2024\/07\/Jetson-Addon-Whiteboard-ambiente-380x237.jpg",380,237,true],"botiga-header-icons":["https:\/\/99cubes.de\/wp-content\/uploads\/2024\/07\/Jetson-Addon-Whiteboard-ambiente-50x50.jpg",50,50,true],"botiga-product-swatch-image":["https:\/\/99cubes.de\/wp-content\/uploads\/2024\/07\/Jetson-Addon-Whiteboard-ambiente-26x26.jpg",26,26,true],"woocommerce_thumbnail":["https:\/\/99cubes.de\/wp-content\/uploads\/2024\/07\/Jetson-Addon-Whiteboard-ambiente-420x420.jpg",420,420,true],"woocommerce_single":["https:\/\/99cubes.de\/wp-content\/uploads\/2024\/07\/Jetson-Addon-Whiteboard-ambiente-800x499.jpg",800,499,true],"woocommerce_gallery_thumbnail":["https:\/\/99cubes.de\/wp-content\/uploads\/2024\/07\/Jetson-Addon-Whiteboard-ambiente-100x100.jpg",100,100,true],"wpvr_mobile":["https:\/\/99cubes.de\/wp-content\/uploads\/2024\/07\/Jetson-Addon-Whiteboard-ambiente.jpg",1679,1048,false]},"uagb_author_info":{"display_name":"frank","author_link":"https:\/\/99cubes.de\/fr\/author\/"},"uagb_comment_info":0,"uagb_excerpt":"Zu den Telefon- und Meetingboxen aus der Jetson-Serie von MUTE ist als Zubeh\u00f6r ein passendes Whiteboard erh\u00e4ltlich. Dieses kann auf unterschiedlichen H\u00f6hen in die Au\u00dfenwand eingeh\u00e4ngt werden. Ein sehr praktisches Feature!","_links":{"self":[{"href":"https:\/\/99cubes.de\/fr\/wp-json\/wp\/v2\/product\/1824","targetHints":{"allow":["GET"]}}],"collection":[{"href":"https:\/\/99cubes.de\/fr\/wp-json\/wp\/v2\/product"}],"about":[{"href":"https:\/\/99cubes.de\/fr\/wp-json\/wp\/v2\/types\/product"}],"replies":[{"embeddable":true,"href":"https:\/\/99cubes.de\/fr\/wp-json\/wp\/v2\/comments?post=1824"}],"wp:featuredmedia":[{"embeddable":true,"href":"https:\/\/99cubes.de\/fr\/wp-json\/wp\/v2\/media\/2214"}],"wp:attachment":[{"href":"https:\/\/99cubes.de\/fr\/wp-json\/wp\/v2\/media?parent=1824"}],"wp:term":[{"taxonomy":"product_brand","embeddable":true,"href":"https:\/\/99cubes.de\/fr\/wp-json\/wp\/v2\/product_brand?post=1824"},{"taxonomy":"product_cat","embeddable":true,"href":"https:\/\/99cubes.de\/fr\/wp-json\/wp\/v2\/product_cat?post=1824"},{"taxonomy":"product_tag","embeddable":true,"href":"https:\/\/99cubes.de\/fr\/wp-json\/wp\/v2\/product_tag?post=1824"}],"curies":[{"name":"wp","href":"https:\/\/api.w.org\/{rel}","templated":true}]}}