{"id":2207,"date":"2024-08-12T15:41:43","date_gmt":"2024-08-12T13:41:43","guid":{"rendered":"https:\/\/99cubes.de\/?post_type=product&#038;p=2207"},"modified":"2025-07-10T11:12:54","modified_gmt":"2025-07-10T09:12:54","slug":"set-detageres-pour-jetson-pods-mute","status":"publish","type":"product","link":"https:\/\/99cubes.de\/fr\/produkt\/buecherregal-set-fuer-jetson-pods-mute\/","title":{"rendered":"Set de biblioth\u00e8que pour Jetson Pods | MUTE"},"content":{"rendered":"<div class=\"su-accordion su-u-trim\">\n<div class=\"su-spoiler su-spoiler-style-default su-spoiler-icon-plus su-spoiler-closed\" data-scroll-offset=\"0\" data-anchor-in-url=\"no\"><div class=\"su-spoiler-title\" tabindex=\"0\" role=\"button\"><span class=\"su-spoiler-icon\"><\/span><strong>Infos sur le set de biblioth\u00e8que pour les bo\u00eetes Jetson<\/strong><\/div><div class=\"su-spoiler-content su-u-clearfix su-u-trim\">\n<p>Le set de biblioth\u00e8ques Jetson existe en deux largeurs diff\u00e9rentes - assorties aux bo\u00eetes de t\u00e9l\u00e9phone et de r\u00e9union respectives de la s\u00e9rie Jetson. Le set de biblioth\u00e8ques est disponible en version blanche (assortie aux mod\u00e8les Jetson blancs) et en version noire. Il est compos\u00e9 de m\u00e9tal peint par poudrage en noir ou en blanc et d'\u00e9tag\u00e8res recouvertes de m\u00e9lamine imitation bois.<\/p>\n<p>Sont \u00e9galement inclus dans la livraison<\/p>\n<ul>\n<li>1 \u00e9tag\u00e8re profonde (22 cm de profondeur)<\/li>\n<li>2 serre-livres en m\u00e9tal<\/li>\n<li>1 \u00e9tag\u00e8re \u00e9troite (10 cm de profondeur)<\/li>\n<li>1 rail de suspension (double fonction : maintien des brochures + magn\u00e9tique)<\/li>\n<li>2 aimants<\/li>\n<li>1 crochet mural<\/li>\n<\/ul>\n<p>La largeur du set de livres est de 83,8 cm (convient pour S1, M1, L2) ou de 110,7 cm (convient pour L4).<\/p>\n<\/div><\/div>\n<\/div>","protected":false},"excerpt":{"rendered":"<p>Un kit de biblioth\u00e8que est disponible comme accessoire pour les bo\u00eetes de t\u00e9l\u00e9phone et de r\u00e9union de la s\u00e9rie Jetson de MUTE. Celui-ci peut \u00eatre accroch\u00e9 \u00e0 diff\u00e9rentes hauteurs dans le mur ext\u00e9rieur (ou le cas \u00e9ch\u00e9ant int\u00e9rieur) et donne aux bo\u00eetes Jetson une touche particuli\u00e8rement conviviale.<\/p>","protected":false},"featured_media":2211,"comment_status":"open","ping_status":"closed","template":"","meta":{"content-type":"","_uag_custom_page_level_css":""},"product_brand":[],"product_cat":[67],"product_tag":[],"class_list":{"0":"post-2207","1":"product","2":"type-product","3":"status-publish","4":"has-post-thumbnail","6":"product_cat-zubehoer","7":"pa_farbe-schwarz","8":"pa_farbe-weiss","9":"pa_marke-mute","10":"pa_spezial-features-buecherregal-option","12":"first","13":"instock","14":"taxable","15":"shipping-taxable","16":"purchasable","17":"product-type-simple"},"uagb_featured_image_src":{"full":["https:\/\/99cubes.de\/wp-content\/uploads\/2024\/08\/Jetson_Addons.jpg",1200,1200,false],"thumbnail":["https:\/\/99cubes.de\/wp-content\/uploads\/2024\/08\/Jetson_Addons-200x200.jpg",200,200,true],"medium":["https:\/\/99cubes.de\/wp-content\/uploads\/2024\/08\/Jetson_Addons-450x450.jpg",450,450,true],"medium_large":["https:\/\/99cubes.de\/wp-content\/uploads\/2024\/08\/Jetson_Addons-768x768.jpg",768,768,true],"large":["https:\/\/99cubes.de\/wp-content\/uploads\/2024\/08\/Jetson_Addons-1200x1200.jpg",1140,1140,true],"1536x1536":["https:\/\/99cubes.de\/wp-content\/uploads\/2024\/08\/Jetson_Addons-1536x1536.jpg",1200,1200,true],"2048x2048":["https:\/\/99cubes.de\/wp-content\/uploads\/2024\/08\/Jetson_Addons.jpg",1200,1200,false],"trp-custom-language-flag":["https:\/\/99cubes.de\/wp-content\/uploads\/2024\/08\/Jetson_Addons.jpg",12,12,false],"botiga-extra-large":["https:\/\/99cubes.de\/wp-content\/uploads\/2024\/08\/Jetson_Addons-1140x1140.jpg",1140,1140,true],"botiga-large":["https:\/\/99cubes.de\/wp-content\/uploads\/2024\/08\/Jetson_Addons-920x920.jpg",920,920,true],"botiga-big":["https:\/\/99cubes.de\/wp-content\/uploads\/2024\/08\/Jetson_Addons-575x575.jpg",575,575,true],"botiga-medium":["https:\/\/99cubes.de\/wp-content\/uploads\/2024\/08\/Jetson_Addons-380x380.jpg",380,380,true],"botiga-header-icons":["https:\/\/99cubes.de\/wp-content\/uploads\/2024\/08\/Jetson_Addons-50x50.jpg",50,50,true],"botiga-product-swatch-image":["https:\/\/99cubes.de\/wp-content\/uploads\/2024\/08\/Jetson_Addons-26x26.jpg",26,26,true],"woocommerce_thumbnail":["https:\/\/99cubes.de\/wp-content\/uploads\/2024\/08\/Jetson_Addons-420x420.jpg",420,420,true],"woocommerce_single":["https:\/\/99cubes.de\/wp-content\/uploads\/2024\/08\/Jetson_Addons-800x800.jpg",800,800,true],"woocommerce_gallery_thumbnail":["https:\/\/99cubes.de\/wp-content\/uploads\/2024\/08\/Jetson_Addons-100x100.jpg",100,100,true],"wpvr_mobile":["https:\/\/99cubes.de\/wp-content\/uploads\/2024\/08\/Jetson_Addons.jpg",1200,1200,false]},"uagb_author_info":{"display_name":"frank","author_link":"https:\/\/99cubes.de\/fr\/author\/"},"uagb_comment_info":0,"uagb_excerpt":"Zu den Telefon- und Meetingboxen aus der Jetson-Serie von MUTE ist als Zubeh\u00f6r ein B\u00fccherregal-Set erh\u00e4ltlich. Dieses kann auf unterschiedlichen H\u00f6hen in die Au\u00dfenwand (oder ggf. Innenwand) eingeh\u00e4ngt werden und gibt den Jetson-Boxen einen besonders wohnlichen Touch.","_links":{"self":[{"href":"https:\/\/99cubes.de\/fr\/wp-json\/wp\/v2\/product\/2207","targetHints":{"allow":["GET"]}}],"collection":[{"href":"https:\/\/99cubes.de\/fr\/wp-json\/wp\/v2\/product"}],"about":[{"href":"https:\/\/99cubes.de\/fr\/wp-json\/wp\/v2\/types\/product"}],"replies":[{"embeddable":true,"href":"https:\/\/99cubes.de\/fr\/wp-json\/wp\/v2\/comments?post=2207"}],"wp:featuredmedia":[{"embeddable":true,"href":"https:\/\/99cubes.de\/fr\/wp-json\/wp\/v2\/media\/2211"}],"wp:attachment":[{"href":"https:\/\/99cubes.de\/fr\/wp-json\/wp\/v2\/media?parent=2207"}],"wp:term":[{"taxonomy":"product_brand","embeddable":true,"href":"https:\/\/99cubes.de\/fr\/wp-json\/wp\/v2\/product_brand?post=2207"},{"taxonomy":"product_cat","embeddable":true,"href":"https:\/\/99cubes.de\/fr\/wp-json\/wp\/v2\/product_cat?post=2207"},{"taxonomy":"product_tag","embeddable":true,"href":"https:\/\/99cubes.de\/fr\/wp-json\/wp\/v2\/product_tag?post=2207"}],"curies":[{"name":"wp","href":"https:\/\/api.w.org\/{rel}","templated":true}]}}